{"id":3706,"date":"2022-11-16T11:30:47","date_gmt":"2022-11-16T09:30:47","guid":{"rendered":"https:\/\/blogi.eoppimispalvelut.fi\/latu\/?page_id=3706"},"modified":"2022-11-16T12:17:18","modified_gmt":"2022-11-16T10:17:18","slug":"ai-en-kirjalista-booklist","status":"publish","type":"page","link":"https:\/\/blogi.eoppimispalvelut.fi\/latu\/ai-en-kirjalista-booklist\/","title":{"rendered":"AI, EN &#8211; Kirjalista, booklist"},"content":{"rendered":"<p>[et_pb_section fb_built=&#8221;1&#8243; _builder_version=&#8221;4.16&#8243; _module_preset=&#8221;default&#8221; custom_margin=&#8221;2px|30px|2px|30px|true|true&#8221; global_colors_info=&#8221;{}&#8221;][et_pb_row _builder_version=&#8221;4.16&#8243; _module_preset=&#8221;default&#8221; global_colors_info=&#8221;{}&#8221;][et_pb_column type=&#8221;4_4&#8243; _builder_version=&#8221;4.16&#8243; _module_preset=&#8221;default&#8221; global_colors_info=&#8221;{}&#8221;][et_pb_text _builder_version=&#8221;4.18.0&#8243; _module_preset=&#8221;default&#8221; global_colors_info=&#8221;{}&#8221;]<\/p>\n<p><a href=\"https:\/\/blogi.eoppimispalvelut.fi\/latu\/tulevaisuustaajuus-englanti-ja-aidinkieli\/\">&lt; Takaisin Tulevaisuustaajuus\/Futures frequency sivulle<\/a><\/p>\n<p>[\/et_pb_text][\/et_pb_column][\/et_pb_row][\/et_pb_section][et_pb_section fb_built=&#8221;1&#8243; admin_label=&#8221;2. Tiivistelma&#8221; module_id=&#8221;tiivistelma&#8221; _builder_version=&#8221;4.16&#8243; _module_preset=&#8221;default&#8221; custom_margin=&#8221;-5px|30px|-5px|30px|true|true&#8221; box_shadow_style=&#8221;preset1&#8243; global_colors_info=&#8221;{}&#8221;][et_pb_row custom_padding_last_edited=&#8221;on|phone&#8221; _builder_version=&#8221;4.16&#8243; _module_preset=&#8221;default&#8221; custom_margin=&#8221;||||false|false&#8221; custom_padding=&#8221;|300px|||false|false&#8221; custom_padding_tablet=&#8221;|0px|||false|false&#8221; custom_padding_phone=&#8221;&#8221; global_colors_info=&#8221;{}&#8221;][et_pb_column type=&#8221;4_4&#8243; _builder_version=&#8221;4.16&#8243; _module_preset=&#8221;default&#8221; global_colors_info=&#8221;{}&#8221;][et_pb_text admin_label=&#8221;otsikko&#8221; _builder_version=&#8221;4.18.0&#8243; _module_preset=&#8221;default&#8221; global_colors_info=&#8221;{}&#8221;]<\/p>\n<h2><strong>Kirjalista \/ Booklist <\/strong><\/h2>\n<p>&nbsp;<\/p>\n<p>[\/et_pb_text][et_pb_divider color=&#8221;#e20d18&#8243; divider_weight=&#8221;6px&#8221; admin_label=&#8221;Otsikon alusviiva&#8221; _builder_version=&#8221;4.18.0&#8243; _module_preset=&#8221;default&#8221; width=&#8221;40px&#8221; module_alignment=&#8221;left&#8221; custom_margin=&#8221;-25px|0px||0px|false|false&#8221; custom_padding=&#8221;0px|||0px|false|false&#8221; global_module=&#8221;662&#8243; saved_tabs=&#8221;all&#8221; global_colors_info=&#8221;{}&#8221;][\/et_pb_divider][et_pb_text _builder_version=&#8221;4.18.0&#8243; _module_preset=&#8221;default&#8221; ol_font=&#8221;|700|||||||&#8221; ol_font_size=&#8221;18px&#8221; global_colors_info=&#8221;{}&#8221;]<\/p>\n<p>&nbsp;<\/p>\n<p>KLASSIKKODYSTOPIOITA:<\/p>\n<p>Ray Bradburyn romaanissa Fahrenheit 451 (1953) elet\u00e4\u00e4n ydinsodan aikaa. Ihmiset tylsistytet\u00e4\u00e4n roskaviihteen avulla. Kirjoja ei sallita, vaan ne poltetaan.<\/p>\n<p>Adolf Huxleyn romaanissa Uljas uusi maailma \/ Brave New World (1932) ihmisten tuotteistaminen\u00a0 \u00a0 \u00a0 on viety huippuunsa ja taide ja kulttuuri on tuhottu.<\/p>\n<p>George Orwellin romaanissa Vuonna 1984 \/ Nineteen Eighty-Four (1944 &#8211; 45) ihmiset on jaettu kasteihin ja ajattelua rajoitetaan vallanpit\u00e4jien toimesta.<\/p>\n<p>Burgess Anthony: Kellopeliappelsiini \/ A Clockwork Orange (1926) by Anthony Burgess depicts a near-future society of decaying cities, extremely violent adolescents and nightmarish technologies of punishment and crime.<\/p>\n<p>K\u00e4rp\u00e4sten herra \/ Lord of the Flies (1954) by William Golding is a story about a group of boys stranded on a desert island who develop a mini-society with devastating consequences.<\/p>\n<p>Teurastamo 5 eli Lasten ristiretki \/ Slaughterhouse Five, or the Children\u2019s Crusade (1969) is an anti-war novel by Kurt Vonnegut. The novel explores the questions of morality and materialism and raises the question of the importance of dealing with the past for progress in the future.<\/p>\n<p>Aikakone \/ The Time Machine (1895) by H. G. Wells is a sci-fi novella that tells a story about a Victorian scientist traveling by his time machine to a far-off future where he discovers a world inhabited by carefree and childlike people. It is a commentary on the increasing inequality and class divisions in society.<\/p>\n<p>&nbsp;<\/p>\n<p>NYKYDYSTOPIOITA:<\/p>\n<p>Mikko-Pekka Heikkisen Terveiset Kutturasta (2012) edustaa harvinaisempaa humoristista dystopiaa. Pohjois- ja Etel\u00e4-Suomi ovat ajautuneet sis\u00e4llissotaan.<\/p>\n<p>Anu Holopaisen nuortenromaanissa Ihon alaiset (2015) ulkon\u00e4\u00f6n muokkaamisesta kauneusleikkausten avulla on tullut \u201cuusi normaali\u201d. Kaikki eiv\u00e4t kuitenkaan t\u00e4h\u00e4n suostu.<\/p>\n<p>Emmi It\u00e4rannan romaanissa Kudottujen kujien kaupunki \/ The City of Woven Streets (2015) p\u00e4\u00e4henkil\u00f6 on nuori nainen, joka on puhekyvyt\u00f6n. H\u00e4n el\u00e4\u00e4 saarella, jolla alkaa levit\u00e4 salaper\u00e4inen sairaus.<\/p>\n<p>Cormac McCarthyn romaanissa Tie \/ The Road (2006) is\u00e4 ja poika vaeltavat l\u00e4pi romahtaneen yhteiskunnan m\u00e4\u00e4r\u00e4np\u00e4\u00e4n\u00e4\u00e4n rannikko. Matka on t\u00e4ynn\u00e4 vaaroja, sill\u00e4 monet ihmiset ovat menett\u00e4neet inhimillisyytens\u00e4 ja yritt\u00e4v\u00e4t selviyty\u00e4 keinolla mill\u00e4 hyv\u00e4ns\u00e4. <br \/>&#8211; Elina Airion romaanissa Mets\u00e4ss\u00e4 juoksee nainen (2022) dystooppinen tulevaisuuskuva liittyy ty\u00f6el\u00e4m\u00e4\u00e4n ja sosiaalialaan. N\u00e4k\u00f6kulma on erityisesti naisten ja \u00e4itien. Yhteiskunnallisesti kantaa ottava teos on kirjoitettu l\u00e4hes runollisella kielell\u00e4.<\/p>\n<p>N\u00e4lk\u00e4peli \/ The Hunger Games (2008) by Suzanne Collins is set in a future world where each year two young tributes from every district are expected to fight to death with only one of them surviving. The novel depicts a twisted, hierarchical society that enslaves citizens as workers and controls them through hunger.<\/p>\n<p>Ole luonani aina \/ Never Let Me Go (2005) by Ishiguro Kazuo is set in an alternate reality of England in the 1990s in which human cloning is authorized. It criticizes the morality of fast developing medical technology, human arrogance and how the vulnerable and different are treated in our society.<\/p>\n<p>Asema 11 \/ Station Eleven (2014) by Emily St. John Mandel depicts a post-apocalyptic future in which a super flu pandemic has wiped out most of civilization. The novel explores the meaning of humanity, art and faith that provide purpose and community in the face of peril and struggles.<\/p>\n<p>&nbsp;<\/p>\n<p>ILMASTOFIKTIOTA, EKODYSTOPIOITA:<\/p>\n<p>Risto Isom\u00e4en j\u00e4nnitysromaanissa Sarasvatin hiekkaa \/ The Sands of Sarasvati (2005) kauhukuvat tsunameista ovat tulleet todeksi. Romaani sijoittuu vuoden 2020 paikkeille. Teoksesta on tehty my\u00f6s sarjakuvaversio.<\/p>\n<p>Emmi It\u00e4rannan esikoisomaanissa Teemestarin kirja \/ Memory of Water (2012) puhdas vesi on melkein loppunut maailmasta. Valta on niill\u00e4, joilla on p\u00e4\u00e4sy siihen.<\/p>\n<p>Tiina Laitila K\u00e4lvemarkin romaani Seitsem\u00e4s kev\u00e4t (2017) kuvaa Pohjolaa ilmastonmuutoksen j\u00e4lkeen. Kes\u00e4\u00e4 odotetaan jo kuudetta vuotta.<\/p>\n<p>Maja Linden romaani Mehil\u00e4isten historia \/ The History of Bees (2015) aloittaa neliosaisen sarjan. Millainen on vuoden 2098 maailma, josta mehil\u00e4iset ovat kadonneet?<\/p>\n<p>Tiina Raevaaran romaani Polaaripy\u00f6rre (2021) k\u00e4sittelee ilmastonmuutoksen seurauksia trillerin keinoin. Huippuvuorten sulava j\u00e4\u00e4 aiheuttaa maanvy\u00f6ryn, ja esiin nousee tuntematon uhka.<\/p>\n<p>Uponnut maailma \/ The Drowned World (1962) by J. G. Ballard is set in a post-apocalyptic future in which global warming floods cities, mutates animals into beasts and turns most of the Earth uninhabitable. The story follows a group of scientists researching environmental developments in the now-wild world. Published in 1962, the novel is one of the first works of climate fiction.<\/p>\n<p>Viides vuodenaika \/ The Fifth Season (2015) by N. K. Jemisin is set on a planet with a supercontinent called the Stillness that goes through \u201ca Fifth Season\u201d, a catastrophic climate change, every few centuries. This has led to the evolution of orogenes, ie. people that have the power to sense and change energy to start or stop natural disasters. They are heavily oppressed and controlled by governing forces and live their lives hiding.<\/p>\n<p>&nbsp;<\/p>\n<p>TEKNODYSTOPIOITA, KYBERPUNKIA, AVARUUSSCIFI\u00c4:\u00a0<\/p>\n<p>Emmi It\u00e4rannan romaani Kuunp\u00e4iv\u00e4n kirjeet \/ The Moonday Letters (2015) sijoittuu avaruussiirtokuntiin.<\/p>\n<p>Esa M\u00e4kisen romaanissa Totuuskuutio (2015) elet\u00e4\u00e4n monin tavoin muuttuneessa tulevaisuuden yhteiskunnassa, jossa kaikki tieto on s\u00e4hk\u00f6isess\u00e4 muodossa ja sit\u00e4 hallitaan vallan ja rahan avulla.<\/p>\n<p>Hannu Rajaniemen romaani Kvanttivaras \/ Quantum Thief (2010) kertoo aurinkokuntamme kaukaisesta tulevaisuudesta. P\u00e4\u00e4henkil\u00f6 on mestarivaras, joka on joutunut virheen tehty\u00e4\u00e4n \u201cdilemmavankilaan\u201d, jossa pelaa kuolettavia pelej\u00e4 samassa tilanteessa olevia vastaan. Kvanttivarkaan tarina jatkuu trilogiana.<\/p>\n<p>Ready Player One (2011) by Ernest Cline follows teenager Wade Watts on his Easter egg hunt in a worldwide virtual reality game. The winner will inherit the company and fortunes of the game creator. As the game goes on, the virtual fights become very real as players fight to win. The novel explores escapism into virtual worlds, economic collapse and exhaustion of natural resources.<\/p>\n<p>Neuromancer (1984) by William Gibson is one of the best-known works in the cyberpunk genre. It follows Case, a hacker who is contacted by a mysterious employer called Armitage. With Molly, a mercenary cyborg, and an illusionist called Peter Riviera, Case sets off to steal data for their employer.<\/p>\n<p>&nbsp;<\/p>\n<p>FEMINISTISI\u00c4 DYSTOPIOITA:<\/p>\n<p>Naomi Aldermanin dystopiatrilleri Voima \/ The Power (2019) kertoo yhteiskunnasta, jossa valta on siirtynyt naisten k\u00e4siin. Mik\u00e4 on miesten asema nyt?<\/p>\n<p>Margaret Atwoodin romaani Orjattaresi \/ The Handmaid\u2019s Tale (1985) k\u00e4sittelee autorit\u00e4\u00e4rist\u00e4, miesten johtamaa yhteiskuntaa, jossa naisilta on viety kaikki valta ja osa heist\u00e4 on alistettu synnytyskoneiksi. Teoksen jatko-osa Testamentit \/ Testaments (2019) jatkaa tarinaa.<\/p>\n<p>Johanna Sinisalo kuvaa romaanissaan Auringon ydin \/ The Core of the Sun (2013) vaihtoehtoista 2010-luvun Suomea, suljettua kontrolliyhteiskuntaa, jossa nautintoaineet ovat kiellettyj\u00e4 ja terveysfasismi hallitsee. Hyyt\u00e4v\u00e4ss\u00e4 dystopiassa naiset on jalostettu miellytt\u00e4m\u00e4\u00e4n miehi\u00e4.<\/p>\n<p>Le Guin Ursula K: Pimeyden vasen k\u00e4si \/ The Left Hand of Darkness (1969) is a story about a lone human ambassador sent to the alien world of Winter whose inhabitants can choose and change their gender. His mission is to help Winter become a part of the growing intergalactic civilization. To do so he needs to gulf between his own views and those of the completely different culture he encounters.<\/p>\n<p>&nbsp;<\/p>\n<p>DYSTOPIOITA AUTORIT\u00c4\u00c4RISESTI JOHDETUISTA TAI TOTALITARISTISISTA YHTEIS\u00d6IST\u00c4:<\/p>\n<p>Agustina Bazterrican romaanissa Rotukarja \/ Tender is the Flesh (2019) osa ihmisist\u00e4 on joutunut tuotantoel\u00e4imiksi, koska virus on tappanut el\u00e4imet mutta ihmisten lihanhimo on s\u00e4ilynyt. Kannibalistinen dystopia kuvaa julman autorit\u00e4\u00e4rist\u00e4 yhteiskuntaa.<\/p>\n<p>Arabimaailman scifikirjallisuuden t\u00e4hden Ahmad Khalid Tawfiqin Utopia \/ Utopia (2013) on dystopia vuoden 2023 Egyptist\u00e4, miss\u00e4 pieni v\u00e4hemmist\u00f6 nauttii uuden super\u00f6ljyn mahdollistamasta vauraudesta. Rikkaiden harrastuksiin kuuluu esimerkiksi ihmisenmets\u00e4stys.<\/p>\n<p>Piia Leinon romaani Taivas (2018) kertoo Helsingist\u00e4 vuonna 2058. Vallassa on \u00e4\u00e4rioikeisto. Rajat on suljettu, ihmiset ovat lamaantuneita. Toivoa tuo virtuaalitodellisuus Taivas.<\/p>\n<p>Orwell George: El\u00e4inten vallankumous \/ Animal Farm (1945) was written as a satirical fable and an allegory of Stalinist Russia. It is a story of farm animals who rebel against their human farmer in the hopes of creating a society of progress, justice and equality in which the animals can live free and happy. Eventually, the rebellion is unsuccessful, and the animals end up under the dictatorship of a pig called Napoleon.<\/p>\n<p>&nbsp;<\/p>\n<p>KLASSIKKOUTOPIOITA:<\/p>\n<p>Francis Baconin utopiassa Uusi Atlantis \/ The New Atlantis (1627) onnellista ja harmonista saarivaltiota johtavat tiedemiehet.<\/p>\n<p>Sir Thomas Moren teos Utopia \/ Utopia (1516) kritisoi utopian keinoin aikansa yhteiskuntaa. Moren utopistisessa ihannevaltiossa vallitsee suvaitsevainen ideologia. Ristiriidoilta v\u00e4ltyt\u00e4\u00e4n, koska kaikki ajattelevat samalla tavalla.<\/p>\n<p>Charlotte Perkins Gilmanin romaanissa Herland (1915) tutkimusmatkailijat l\u00f6yt\u00e4v\u00e4t syrj\u00e4isen yhteiskunnan, jossa elet\u00e4\u00e4n sopusoinnussa luonnon kanssa. Yhteis\u00f6 koostuu naisista, ja miehet ovat kuolleet sukupuuttoon.<\/p>\n<p>Antiikin filosofi Platon luo dialogille rakentuvassa teoksessaan Valtio \/ The Republic kuvan totalit\u00e4\u00e4risest\u00e4 mutta oikeudenmukaisesta ihannevaltiosta.<\/p>\n<p>Osattomien planeetta \/ The Dispossessed: An Ambiguous Utopia (1974) by Ursula K. Le Guin follows physicist Shevak from the anarchic planet of Anerres to the capitalist planet of Uras, in the attempt to reunite the two after centuries of distrust. The novel explores themes such as anarchism, revolutionary societies, individualism and collectivism.<\/p>\n<p>&nbsp;<\/p>\n<p>NYKYUTOPIOITA:<\/p>\n<p>Siiri Enorannan nuortenromaanissa Maailmantytt\u00e4ret (2022) nykyp\u00e4iv\u00e4n ongelmat on ratkaistu ja elet\u00e4\u00e4n Maailmankodissa, jossa kaikki ovat tasavertaisia, luonto voi paremmin ja kapitalistisesta el\u00e4m\u00e4ntavasta on luovuttu. Teos palauttaa uhkakuvilla latautuneeseen nykyhetkeen mahdollisuuden unelmointiin tulevaisuudesta.<\/p>\n<p>Jani Saxellin romaani Uuden ihmisen kaupunki (2023) kertoo vuoden 2047 Helsingist\u00e4. Vihre\u00e4n teknologian avulla on saavutettu hyvinvointi, mutta tasapainoa uhkaavat valtaa tavoittelevat \u201cvanhauskoiset\u201d. Teos liikkuu useammalla aikatasolla ja h\u00e4ilyy utopian ja dystopian rajalla. Teos on itsen\u00e4inen jatko-osa romaanille Helsinki Underground (2020).<\/p>\n<p>Piia Leinon romaani Aarteidesi aikakirjat (2022) sijoittuu 2100-luvun tulevaisuuteen. Ihmiskunta on selvinnyt kest\u00e4m\u00e4tt\u00f6m\u00e4n el\u00e4m\u00e4ntapansa aiheuttamasta luonnon romahduksesta ja luonut yhteis\u00f6llisyyteen ja uudenlaisiin palveluihin perustuvan yhteiskuntarakenteen, jota leimaavat eettisyys, yst\u00e4v\u00e4llisyys ja hyv\u00e4 teknologia. Kahden eri aikakauden yhteiskuntakuvauksen lis\u00e4ksi kirja k\u00e4sittelee muun muassa kehollisuutta, muistojen subjektiivisuutta ja ihmisi\u00e4 valvovaa teknologiaa.<\/p>\n<p>&nbsp;<\/p>\n<ul><\/ul>\n<p>[\/et_pb_text][\/et_pb_column][\/et_pb_row][\/et_pb_section][et_pb_section fb_built=&#8221;1&#8243; _builder_version=&#8221;4.16&#8243; _module_preset=&#8221;default&#8221; custom_margin=&#8221;2px|30px|2px|30px|true|true&#8221; global_colors_info=&#8221;{}&#8221;][et_pb_row _builder_version=&#8221;4.16&#8243; _module_preset=&#8221;default&#8221; global_colors_info=&#8221;{}&#8221;][et_pb_column type=&#8221;4_4&#8243; _builder_version=&#8221;4.16&#8243; _module_preset=&#8221;default&#8221; global_colors_info=&#8221;{}&#8221;][et_pb_text _builder_version=&#8221;4.18.0&#8243; _module_preset=&#8221;default&#8221; global_colors_info=&#8221;{}&#8221;]<\/p>\n<p><a href=\"https:\/\/blogi.eoppimispalvelut.fi\/latu\/tulevaisuustaajuus-englanti-ja-aidinkieli\/\">&lt; Takaisin Tulevaisuustaajuus\/Futures frequency sivulle<\/a><\/p>\n<p>[\/et_pb_text][\/et_pb_column][\/et_pb_row][\/et_pb_section]<\/p>\n","protected":false},"excerpt":{"rendered":"<p>&lt; Takaisin Tulevaisuustaajuus\/Futures frequency sivulleKirjalista \/ Booklist &nbsp;&nbsp; KLASSIKKODYSTOPIOITA: Ray Bradburyn romaanissa Fahrenheit 451 (1953) elet\u00e4\u00e4n ydinsodan aikaa. Ihmiset tylsistytet\u00e4\u00e4n roskaviihteen avulla. Kirjoja ei sallita, vaan ne poltetaan. Adolf Huxleyn romaanissa Uljas uusi maailma \/ Brave New World (1932) ihmisten tuotteistaminen\u00a0 \u00a0 \u00a0 on viety huippuunsa ja taide ja kulttuuri on tuhottu. George Orwellin romaanissa [&hellip;]<\/p>\n","protected":false},"author":7199,"featured_media":0,"parent":0,"menu_order":0,"comment_status":"closed","ping_status":"closed","template":"","meta":{"_et_pb_use_builder":"on","_et_pb_old_content":"","_et_gb_content_width":"","footnotes":""},"class_list":["post-3706","page","type-page","status-publish","hentry"],"_links":{"self":[{"href":"https:\/\/blogi.eoppimispalvelut.fi\/latu\/wp-json\/wp\/v2\/pages\/3706","targetHints":{"allow":["GET"]}}],"collection":[{"href":"https:\/\/blogi.eoppimispalvelut.fi\/latu\/wp-json\/wp\/v2\/pages"}],"about":[{"href":"https:\/\/blogi.eoppimispalvelut.fi\/latu\/wp-json\/wp\/v2\/types\/page"}],"author":[{"embeddable":true,"href":"https:\/\/blogi.eoppimispalvelut.fi\/latu\/wp-json\/wp\/v2\/users\/7199"}],"replies":[{"embeddable":true,"href":"https:\/\/blogi.eoppimispalvelut.fi\/latu\/wp-json\/wp\/v2\/comments?post=3706"}],"version-history":[{"count":15,"href":"https:\/\/blogi.eoppimispalvelut.fi\/latu\/wp-json\/wp\/v2\/pages\/3706\/revisions"}],"predecessor-version":[{"id":3734,"href":"https:\/\/blogi.eoppimispalvelut.fi\/latu\/wp-json\/wp\/v2\/pages\/3706\/revisions\/3734"}],"wp:attachment":[{"href":"https:\/\/blogi.eoppimispalvelut.fi\/latu\/wp-json\/wp\/v2\/media?parent=3706"}],"curies":[{"name":"wp","href":"https:\/\/api.w.org\/{rel}","templated":true}]}}