{"id":3766,"date":"2022-11-16T13:29:06","date_gmt":"2022-11-16T11:29:06","guid":{"rendered":"https:\/\/blogi.eoppimispalvelut.fi\/latu\/?page_id=3766"},"modified":"2022-11-16T13:37:40","modified_gmt":"2022-11-16T11:37:40","slug":"ai-kohti-toivottavaa-paikallista-tulevaisuutta","status":"publish","type":"page","link":"https:\/\/blogi.eoppimispalvelut.fi\/latu\/ai-kohti-toivottavaa-paikallista-tulevaisuutta\/","title":{"rendered":"AI &#8211; Kohti toivottavaa paikallista tulevaisuutta"},"content":{"rendered":"<p>[et_pb_section fb_built=&#8221;1&#8243; _builder_version=&#8221;4.16&#8243; _module_preset=&#8221;default&#8221; custom_margin=&#8221;2px|30px|2px|30px|true|true&#8221; global_colors_info=&#8221;{}&#8221;][et_pb_row _builder_version=&#8221;4.16&#8243; _module_preset=&#8221;default&#8221; global_colors_info=&#8221;{}&#8221;][et_pb_column type=&#8221;4_4&#8243; _builder_version=&#8221;4.16&#8243; _module_preset=&#8221;default&#8221; global_colors_info=&#8221;{}&#8221;][et_pb_text _builder_version=&#8221;4.18.0&#8243; _module_preset=&#8221;default&#8221; global_colors_info=&#8221;{}&#8221;]<\/p>\n<p><a href=\"https:\/\/blogi.eoppimispalvelut.fi\/latu\/tulevaisuustaajuus-englanti-ja-aidinkieli\/\">&lt; Takaisin Tulevaisuustaajuus\/Futures frequency sivulle<\/a><\/p>\n<p>[\/et_pb_text][\/et_pb_column][\/et_pb_row][\/et_pb_section][et_pb_section fb_built=&#8221;1&#8243; admin_label=&#8221;2. Tiivistelma&#8221; module_id=&#8221;tiivistelma&#8221; _builder_version=&#8221;4.16&#8243; _module_preset=&#8221;default&#8221; custom_margin=&#8221;-5px|30px|-5px|30px|true|true&#8221; box_shadow_style=&#8221;preset1&#8243; global_colors_info=&#8221;{}&#8221;][et_pb_row custom_padding_last_edited=&#8221;on|phone&#8221; _builder_version=&#8221;4.16&#8243; _module_preset=&#8221;default&#8221; custom_margin=&#8221;||||false|false&#8221; custom_padding=&#8221;|300px|||false|false&#8221; custom_padding_tablet=&#8221;|0px|||false|false&#8221; custom_padding_phone=&#8221;&#8221; global_colors_info=&#8221;{}&#8221;][et_pb_column type=&#8221;4_4&#8243; _builder_version=&#8221;4.16&#8243; _module_preset=&#8221;default&#8221; global_colors_info=&#8221;{}&#8221;][et_pb_text admin_label=&#8221;otsikko&#8221; _builder_version=&#8221;4.18.0&#8243; _module_preset=&#8221;default&#8221; global_colors_info=&#8221;{}&#8221;]<\/p>\n<h2><strong><b>Kohti toivottavaa paikallista tulevaisuutta<\/b><\/strong><\/h2>\n<p>&nbsp;<\/p>\n<p>[\/et_pb_text][et_pb_divider color=&#8221;#e20d18&#8243; divider_weight=&#8221;6px&#8221; admin_label=&#8221;Otsikon alusviiva&#8221; _builder_version=&#8221;4.18.0&#8243; _module_preset=&#8221;default&#8221; width=&#8221;40px&#8221; module_alignment=&#8221;left&#8221; custom_margin=&#8221;-25px|0px||0px|false|false&#8221; custom_padding=&#8221;0px|||0px|false|false&#8221; global_module=&#8221;662&#8243; saved_tabs=&#8221;all&#8221; global_colors_info=&#8221;{}&#8221;][\/et_pb_divider][et_pb_text _builder_version=&#8221;4.18.0&#8243; _module_preset=&#8221;default&#8221; ol_font=&#8221;|700|||||||&#8221; ol_font_size=&#8221;18px&#8221; custom_padding=&#8221;||0px|||&#8221; global_colors_info=&#8221;{}&#8221;]<\/p>\n<p><em>\u201cDystopioiden suosio on siis kuin kanarialintu kaivoksessa: niin kauan kun nautimme kauheista tulevaisuuskuvauksista, ei toivo ole viel\u00e4 menetetty.\u201d<\/em> (Anni Hyypi\u00f6)<\/p>\n<p>&nbsp;<\/p>\n<p>A) <a href=\"https:\/\/quizlet.com\/743243562\/dystopia-utopia-and-preferred-future-flash-cards\/\">Quizlet-teht\u00e4v\u00e4ss\u00e4<\/a> kuvittelette yhteiskuntaa ja sen eri osa-alueita dystopian, utopian ja toivottavan, saavutettavissa olevan tulevaisuuden n\u00e4k\u00f6kulmasta. Vastatkaa korteissa esitettyihin kysymyksiin n\u00e4ist\u00e4 kolmesta perspektiivist\u00e4. Teht\u00e4v\u00e4ss\u00e4 voi hy\u00f6dynt\u00e4\u00e4 <a href=\"https:\/\/www.sitra.fi\/tulevaisuussanasto\/\">Tulevaisuussanastoa<\/a>.<\/p>\n<p>B) Paikallinen Toivottava tulevaisuus -polku<\/p>\n<p>1. Ota kuva kolmesta itsellesi ja yhteis\u00f6llesi t\u00e4rke\u00e4st\u00e4 kohteesta l\u00e4hiymp\u00e4rist\u00f6ss\u00e4si. Perustele, miksi ne ovat t\u00e4rkeit\u00e4 ja mit\u00e4 ne merkitsev\u00e4t yhteis\u00f6lle.<\/p>\n<p>2. Kuvittele nyt n\u00e4m\u00e4 kolme paikkaa dystopian ja utopian n\u00e4k\u00f6kulmasta (vuonna 2050): Millaisia paikat ovat? Mitk\u00e4 tekij\u00e4t ovat johtaneet tilanteeseen? Mit\u00e4 paikka nyt merkitsee yksil\u00f6lle ja yhteis\u00f6lle?<\/p>\n<p>3. Miten voisi toimia, jottei dystooppinen visio toteutuisi? Ent\u00e4 miten voisi toimia, jotta utopistinen vaihtoehto voisi joiltakin osin toteutua? Mieti t\u00e4m\u00e4n hetken tulevaisuustekoja, jotka voisivat vaikuttaa:<\/p>\n<p>a) yhteis\u00f6si j\u00e4senten jokap\u00e4iv\u00e4iseen toimintaan<\/p>\n<p>b) yhteis\u00f6n ja yhteiskunnan rakenteisiin (koulutus- ja muut palvelut, teknologia, media)<\/p>\n<p>c) ajattelumalleihin (suhde tulevaisuuteen, arvot, sukupuoliroolit, ymp\u00e4rist\u00f6n merkitys).<\/p>\n<p><em><\/em><\/p>\n<p>[\/et_pb_text][\/et_pb_column][\/et_pb_row][\/et_pb_section][et_pb_section fb_built=&#8221;1&#8243; _builder_version=&#8221;4.16&#8243; _module_preset=&#8221;default&#8221; custom_margin=&#8221;2px|30px|2px|30px|true|true&#8221; global_colors_info=&#8221;{}&#8221;][et_pb_row _builder_version=&#8221;4.16&#8243; _module_preset=&#8221;default&#8221; global_colors_info=&#8221;{}&#8221;][et_pb_column type=&#8221;4_4&#8243; _builder_version=&#8221;4.16&#8243; _module_preset=&#8221;default&#8221; global_colors_info=&#8221;{}&#8221;][et_pb_text _builder_version=&#8221;4.18.0&#8243; _module_preset=&#8221;default&#8221; global_colors_info=&#8221;{}&#8221;]<\/p>\n<p><a href=\"https:\/\/blogi.eoppimispalvelut.fi\/latu\/tulevaisuustaajuus-englanti-ja-aidinkieli\/\">&lt; Takaisin Tulevaisuustaajuus\/Futures frequency sivulle<\/a><\/p>\n<p>[\/et_pb_text][\/et_pb_column][\/et_pb_row][\/et_pb_section]<\/p>\n","protected":false},"excerpt":{"rendered":"<p>&lt; Takaisin Tulevaisuustaajuus\/Futures frequency sivulleKohti toivottavaa paikallista tulevaisuutta &nbsp;\u201cDystopioiden suosio on siis kuin kanarialintu kaivoksessa: niin kauan kun nautimme kauheista tulevaisuuskuvauksista, ei toivo ole viel\u00e4 menetetty.\u201d (Anni Hyypi\u00f6) &nbsp; A) Quizlet-teht\u00e4v\u00e4ss\u00e4 kuvittelette yhteiskuntaa ja sen eri osa-alueita dystopian, utopian ja toivottavan, saavutettavissa olevan tulevaisuuden n\u00e4k\u00f6kulmasta. Vastatkaa korteissa esitettyihin kysymyksiin n\u00e4ist\u00e4 kolmesta perspektiivist\u00e4. Teht\u00e4v\u00e4ss\u00e4 voi hy\u00f6dynt\u00e4\u00e4 [&hellip;]<\/p>\n","protected":false},"author":7199,"featured_media":0,"parent":0,"menu_order":0,"comment_status":"closed","ping_status":"closed","template":"","meta":{"_et_pb_use_builder":"on","_et_pb_old_content":"","_et_gb_content_width":"","footnotes":""},"class_list":["post-3766","page","type-page","status-publish","hentry"],"_links":{"self":[{"href":"https:\/\/blogi.eoppimispalvelut.fi\/latu\/wp-json\/wp\/v2\/pages\/3766","targetHints":{"allow":["GET"]}}],"collection":[{"href":"https:\/\/blogi.eoppimispalvelut.fi\/latu\/wp-json\/wp\/v2\/pages"}],"about":[{"href":"https:\/\/blogi.eoppimispalvelut.fi\/latu\/wp-json\/wp\/v2\/types\/page"}],"author":[{"embeddable":true,"href":"https:\/\/blogi.eoppimispalvelut.fi\/latu\/wp-json\/wp\/v2\/users\/7199"}],"replies":[{"embeddable":true,"href":"https:\/\/blogi.eoppimispalvelut.fi\/latu\/wp-json\/wp\/v2\/comments?post=3766"}],"version-history":[{"count":9,"href":"https:\/\/blogi.eoppimispalvelut.fi\/latu\/wp-json\/wp\/v2\/pages\/3766\/revisions"}],"predecessor-version":[{"id":3780,"href":"https:\/\/blogi.eoppimispalvelut.fi\/latu\/wp-json\/wp\/v2\/pages\/3766\/revisions\/3780"}],"wp:attachment":[{"href":"https:\/\/blogi.eoppimispalvelut.fi\/latu\/wp-json\/wp\/v2\/media?parent=3766"}],"curies":[{"name":"wp","href":"https:\/\/api.w.org\/{rel}","templated":true}]}}