{"id":3800,"date":"2022-11-16T13:51:15","date_gmt":"2022-11-16T11:51:15","guid":{"rendered":"https:\/\/blogi.eoppimispalvelut.fi\/latu\/?page_id=3800"},"modified":"2022-11-16T14:00:20","modified_gmt":"2022-11-16T12:00:20","slug":"ai-en-lahdeluettelo","status":"publish","type":"page","link":"https:\/\/blogi.eoppimispalvelut.fi\/latu\/ai-en-lahdeluettelo\/","title":{"rendered":"AI\/EN l\u00e4hdeluettelo"},"content":{"rendered":"<p>[et_pb_section fb_built=&#8221;1&#8243; _builder_version=&#8221;4.16&#8243; _module_preset=&#8221;default&#8221; custom_margin=&#8221;2px|30px|2px|30px|true|true&#8221; global_colors_info=&#8221;{}&#8221;][et_pb_row _builder_version=&#8221;4.16&#8243; _module_preset=&#8221;default&#8221; global_colors_info=&#8221;{}&#8221;][et_pb_column type=&#8221;4_4&#8243; _builder_version=&#8221;4.16&#8243; _module_preset=&#8221;default&#8221; global_colors_info=&#8221;{}&#8221;][et_pb_text _builder_version=&#8221;4.18.0&#8243; _module_preset=&#8221;default&#8221; global_colors_info=&#8221;{}&#8221;]<\/p>\n<p><a href=\"https:\/\/blogi.eoppimispalvelut.fi\/latu\/tulevaisuustaajuus-englanti-ja-aidinkieli\/\">&lt; Takaisin Tulevaisuustaajuus\/Futures frequency sivulle<\/a><\/p>\n<p>[\/et_pb_text][\/et_pb_column][\/et_pb_row][\/et_pb_section][et_pb_section fb_built=&#8221;1&#8243; admin_label=&#8221;2. Tiivistelma&#8221; module_id=&#8221;tiivistelma&#8221; _builder_version=&#8221;4.16&#8243; _module_preset=&#8221;default&#8221; custom_margin=&#8221;-5px|30px|-5px|30px|true|true&#8221; box_shadow_style=&#8221;preset1&#8243; global_colors_info=&#8221;{}&#8221;][et_pb_row custom_padding_last_edited=&#8221;on|phone&#8221; _builder_version=&#8221;4.16&#8243; _module_preset=&#8221;default&#8221; custom_margin=&#8221;||||false|false&#8221; custom_padding=&#8221;|300px|||false|false&#8221; custom_padding_tablet=&#8221;|0px|||false|false&#8221; custom_padding_phone=&#8221;&#8221; global_colors_info=&#8221;{}&#8221;][et_pb_column type=&#8221;4_4&#8243; _builder_version=&#8221;4.16&#8243; _module_preset=&#8221;default&#8221; global_colors_info=&#8221;{}&#8221;][et_pb_text admin_label=&#8221;otsikko&#8221; _builder_version=&#8221;4.18.0&#8243; _module_preset=&#8221;default&#8221; global_colors_info=&#8221;{}&#8221;]<\/p>\n<h2><strong><b>L\u00c4HDELUETTELO\u00a0<\/b><\/strong><\/h2>\n<p>&nbsp;<\/p>\n<p>[\/et_pb_text][et_pb_divider color=&#8221;#e20d18&#8243; divider_weight=&#8221;6px&#8221; admin_label=&#8221;Otsikon alusviiva&#8221; _builder_version=&#8221;4.18.0&#8243; _module_preset=&#8221;default&#8221; width=&#8221;40px&#8221; module_alignment=&#8221;left&#8221; custom_margin=&#8221;-25px|0px||0px|false|false&#8221; custom_padding=&#8221;0px|||0px|false|false&#8221; global_module=&#8221;662&#8243; saved_tabs=&#8221;all&#8221; global_colors_info=&#8221;{}&#8221;][\/et_pb_divider][et_pb_text _builder_version=&#8221;4.18.0&#8243; _module_preset=&#8221;default&#8221; ol_font=&#8221;|700|||||||&#8221; ol_font_size=&#8221;18px&#8221; custom_padding=&#8221;||0px|||&#8221; global_colors_info=&#8221;{}&#8221;]<\/p>\n<p>&nbsp;<\/p>\n<p><strong>Suomenkieliset l\u00e4hteet:<\/strong><\/p>\n<p>Hanna Hyv\u00e4risen artikkeli Kirja kiteytt\u00e4\u00e4 aikamme pelot &#8211; &#8211; , Tampereen yliopiston tiede- ja kulttuurilehti Aikalainen (24.3. 2017)<\/p>\n<p>Anni Hyypi\u00f6n artikkeli Kauheiden kuvitelmien maailma &#8211; &#8211; osoitteessa https:\/\/www.oulunylioppilaslehti.fi\/kauheiden-kuvitelmien-maailma-kauhistuttavat-dystopiat-viihdyttavat-mutta-ne-myos-varoittavat-siita-mita-meilla-voi-olla-edessa\/ (26.2.2019)<\/p>\n<p>Kielitoimiston sanakirja, osoitteessa https:\/\/www.kielitoimistonsanakirja.fi\/#\/<\/p>\n<p>Lukion opetussuunnitelma 2021, osoitteessa https:\/\/www.oph.fi\/sites\/default\/files\/documents\/lukion_opetussuunnitelman_perusteet_2019.pdf<\/p>\n<p>Helena M\u00e4ntyniemen artikkeli Dystopia maalaa synkki\u00e4 tulevaisuudenkuvia, mutta tarjoaa my\u00f6s toivoa osoitteessa https:\/\/www.tuni.fi\/alustalehti\/2019\/12\/16\/dystopia-maalaa-synkkia-tulevaisuudenkuvia-mutta-tarjoaa-myos-toivoa\/ (16.12.2019)<\/p>\n<p>Uula Neitolan artikkeli Empaattinen mielikuvitus vie tulevaisuuteen osoitteessa https:\/\/kulttuuriperintokasvatus.fi (14.9.2022)<\/p>\n<p>Anita Rubinin oppimateriaaliteksti Utopia-ajattelu, tulevaisuuden tutkimuskeskus, Turun kauppakorkeakoulu, Turun yliopisto, osoitteessa https:\/\/tulevaisuus.fi (2022)<\/p>\n<p>Tieteen termipankki, osoitteessa https:\/\/tieteentermipankki.fi\/wiki\/Termipankki:Etusivu <br \/>Anna Tuluston artikkeli Vedenpaisumuksessa on eeppinen laajuus &#8211; &#8211; osoitteessa https:\/\/yle.fi\/aihe\/artikkeli\/2017\/11\/22\/vedenpaisumuksessa-on-eeppinen-laajuus-moraalinen-tuomio-kauhu-ja-aikojen-loppu (22.11.2017)<\/p>\n<p><strong>References:<\/strong><\/p>\n<p>2077, Cyberpunk. Cyberpunk 2077 \u2014 Official Trailer \u2014 The Gig. YouTube, 25 June 2020, https:\/\/www.youtube.com\/watch?v=ixl31324UxE.<\/p>\n<p>\u201cAugmented Humanity: The Future of Health and Performance | Grayline Group.\u201d Grayline Group, 3 Mar. 2018, https:\/\/graylinegroup.com\/augmented-humanity-future-health-performance\/.<\/p>\n<p>\u201cDictionary &#8211; Sitra.\u201d Sitra, https:\/\/www.sitra.fi\/en\/dictionary\/.<\/p>\n<p>\u201cDystopias &#8211; Dystopias &amp; Utopias &#8211; LibGuides at Miami Dade College Learning Resources.\u201d Home &#8211; LibGuides at Miami Dade College Learning Resources, https:\/\/libraryguides.mdc.edu\/c.php?g=957851&amp;p=6914808.<\/p>\n<p>Entertainment, Channel 4. Viktoria Modesta &#8211; Prototype. YouTube, 12 Dec. 2014, https:\/\/www.youtube.com\/watch?v=jA8inmHhx8c.<\/p>\n<p>\u201cImagining the Future: Why Society Needs Science Fiction.\u201d The Star Garden, The Star Garden, 3 Apr. 2012, http:\/\/www.thestargarden.co.uk\/Why-society-needs-science-fiction.html.<\/p>\n<p>Lepore, Jill. \u201cA Golden Age for Dystopian Fiction | The New Yorker.\u201d The New Yorker, The New Yorker, 28 May 2017, https:\/\/www.newyorker.com\/magazine\/2017\/06\/05\/a-golden-age-for-dystopian-fiction.<\/p>\n<p>Masci, David. \u201cHuman Enhancement: Scientific and Ethical Dimensions of Genetic Engineering, Brain Chips and Synthetic Blood | Pew Research Center.\u201d Pew Research Center Science &amp; Society, https:\/\/www.facebook.com\/pewresearch, 26 July 2016, https:\/\/www.pewresearch.org\/science\/2016\/07\/26\/human-enhancement-the-scientific-and-ethical-dimensions-of-striving-for-perfection\/.<\/p>\n<p>N\u0117j\u0117, Julija. \u201cWorld\u2019s First Amputee Pop Star And Model Shows Off Her Badass Prosthetics In Music Video | Bored Panda.\u201d Bored Panda, Bored Panda, 22 Dec. 2014, https:\/\/www.boredpanda.com\/prototype-leg-prosthetics-viktoria-modesta\/?utm_source=google&amp;utm_medium=organic&amp;utm_campaign=organic.<\/p>\n<p>News, Guardian. Syria: Drone Footage Shows Devastation in Aleppo, Deir Ez-Zor and Rural Damacus. YouTube, 28 Nov. 2019, https:\/\/www.youtube.com\/watch?v=n9cDP-UdP3E.<\/p>\n<p>\u201c\u2018Nostalgia for the Future\u2019: Projecting a Post-Disability Image through Retro-Futuristic Aesthetics in Viktoria Modesta\u2019s \u2018Prototype\u2019 \u2013 the Polyphony.\u201d The Polyphony, 31 July 2020, https:\/\/thepolyphony.org\/2020\/07\/31\/nostalgia-for-the-future-projecting-a-post-disability-image-through-retro-futuristic-aesthetics-in-viktoria-modestas-prototype\/.<\/p>\n<p>Pictures, Warner Bros. BLADE RUNNER 2049 &#8211; Official Trailer. YouTube, 8 May 2017, https:\/\/www.youtube.com\/watch?v=gCcx85zbxz4.<\/p>\n<p>Robertson, Adi. \u201cA.Human Is a Sci-Fi Fashion Show about Changing Your Body Instead of Your Clothes &#8211; The Verge.\u201d The Verge, The Verge, 13 Sept. 2018, https:\/\/www.theverge.com\/2018\/9\/13\/17847312\/human-fashion-show-installation-body-modification-sci-fi-transdermal-implants.<\/p>\n<p>Spencer, John. Writing Prompt: Create a Utopian Society (That Becomes a Dystopia). YouTube, 28 Oct. 2020, https:\/\/www.youtube.com\/watch?v=2Xk5iyqAQPo.<\/p>\n<p>\u201cThe Night Is Dark and Full of Neons (Lesson Plan for +18) | That Is Evil!\u201d That Is Evil!, https:\/\/www.facebook.com\/WordPresscom, 18 June 2019, https:\/\/thatisevil.wordpress.com\/2019\/06\/18\/the-night-is-dark-and-full-of-neons-lesson-plan-for-18\/.<\/p>\n<p>The New Yorker. The Day the San Francisco Sky Turned Orange | The New Yorker. YouTube, 20 Apr. 2021, https:\/\/www.youtube.com\/watch?v=xGSpTE5zhhY.<\/p>\n<p>Trailers, Rotten Tomatoes. Tomorrowland Official Trailer #1 (2015) &#8211; George Clooney, Britt Robertson Movie HD. YouTube, 9 Mar. 2015, https:\/\/www.youtube.com\/watch?v=lWZ7O-RrATY.<\/p>\n<p>Trailers, Rotten Tomatoes Classic. Blade Runner (1982) Official Trailer &#8211; Ridley Scott, Harrison Ford Movie. YouTube, 28 Jan. 2014, https:\/\/www.youtube.com\/watch?v=eogpIG53Cis.<\/p>\n<p>&#8212;. Metropolis (1927) Trailer #1 | Movieclips Classic Trailers. YouTube, 11 Dec. 2017, https:\/\/www.youtube.com\/watch?v=gdtZv3XROnc.<\/p>\n<p>&#8212;. Pleasantville (1998) Official Trailer &#8211; Tobey Maguire, Reese Witherspoon Comedy Movie HD. YouTube, 9 July 2014, https:\/\/www.youtube.com\/watch?v=dSDm62Hmbf4.<\/p>\n<p>\u201cUtopias and Dystopias.\u201d Encyclop\u00e6dia Britannica, Encyclop\u00e6dia Britannica, https:\/\/www.britannica.com\/art\/science-fiction\/Utopias-and-dystopias.<\/p>\n<p>\u201cWhat Is Dystopian Fiction? Definition and Characteristics.\u201d StudioBinder, http:\/\/facebook.com\/studiobinderapp, 14 Feb. 2021, https:\/\/www.studiobinder.com\/blog\/what-is-dystopian-fiction-definition-characteristics\/.<\/p>\n<p>Writers Write. A Complete Glossary of Terms for Science Fiction Writers. <br \/>https:\/\/www.writerswrite.co.za\/a-complete-glossary-of-terms-for-science-fiction-writers\/#<\/p>\n<p><em><\/em><\/p>\n<p>[\/et_pb_text][\/et_pb_column][\/et_pb_row][\/et_pb_section][et_pb_section fb_built=&#8221;1&#8243; _builder_version=&#8221;4.16&#8243; _module_preset=&#8221;default&#8221; custom_margin=&#8221;2px|30px|2px|30px|true|true&#8221; global_colors_info=&#8221;{}&#8221;][et_pb_row _builder_version=&#8221;4.16&#8243; _module_preset=&#8221;default&#8221; global_colors_info=&#8221;{}&#8221;][et_pb_column type=&#8221;4_4&#8243; _builder_version=&#8221;4.16&#8243; _module_preset=&#8221;default&#8221; global_colors_info=&#8221;{}&#8221;][et_pb_text _builder_version=&#8221;4.18.0&#8243; _module_preset=&#8221;default&#8221; global_colors_info=&#8221;{}&#8221;]<\/p>\n<p><a href=\"https:\/\/blogi.eoppimispalvelut.fi\/latu\/tulevaisuustaajuus-englanti-ja-aidinkieli\/\">&lt; Takaisin Tulevaisuustaajuus\/Futures frequency sivulle<\/a><\/p>\n<p>[\/et_pb_text][\/et_pb_column][\/et_pb_row][\/et_pb_section]<\/p>\n","protected":false},"excerpt":{"rendered":"<p>&lt; Takaisin Tulevaisuustaajuus\/Futures frequency sivulleL\u00c4HDELUETTELO\u00a0 &nbsp;&nbsp; Suomenkieliset l\u00e4hteet: Hanna Hyv\u00e4risen artikkeli Kirja kiteytt\u00e4\u00e4 aikamme pelot &#8211; &#8211; , Tampereen yliopiston tiede- ja kulttuurilehti Aikalainen (24.3. 2017) Anni Hyypi\u00f6n artikkeli Kauheiden kuvitelmien maailma &#8211; &#8211; osoitteessa https:\/\/www.oulunylioppilaslehti.fi\/kauheiden-kuvitelmien-maailma-kauhistuttavat-dystopiat-viihdyttavat-mutta-ne-myos-varoittavat-siita-mita-meilla-voi-olla-edessa\/ (26.2.2019) Kielitoimiston sanakirja, osoitteessa https:\/\/www.kielitoimistonsanakirja.fi\/#\/ Lukion opetussuunnitelma 2021, osoitteessa https:\/\/www.oph.fi\/sites\/default\/files\/documents\/lukion_opetussuunnitelman_perusteet_2019.pdf Helena M\u00e4ntyniemen artikkeli Dystopia maalaa synkki\u00e4 tulevaisuudenkuvia, mutta tarjoaa [&hellip;]<\/p>\n","protected":false},"author":7199,"featured_media":0,"parent":0,"menu_order":0,"comment_status":"closed","ping_status":"closed","template":"","meta":{"_et_pb_use_builder":"on","_et_pb_old_content":"","_et_gb_content_width":"","footnotes":""},"class_list":["post-3800","page","type-page","status-publish","hentry"],"_links":{"self":[{"href":"https:\/\/blogi.eoppimispalvelut.fi\/latu\/wp-json\/wp\/v2\/pages\/3800","targetHints":{"allow":["GET"]}}],"collection":[{"href":"https:\/\/blogi.eoppimispalvelut.fi\/latu\/wp-json\/wp\/v2\/pages"}],"about":[{"href":"https:\/\/blogi.eoppimispalvelut.fi\/latu\/wp-json\/wp\/v2\/types\/page"}],"author":[{"embeddable":true,"href":"https:\/\/blogi.eoppimispalvelut.fi\/latu\/wp-json\/wp\/v2\/users\/7199"}],"replies":[{"embeddable":true,"href":"https:\/\/blogi.eoppimispalvelut.fi\/latu\/wp-json\/wp\/v2\/comments?post=3800"}],"version-history":[{"count":4,"href":"https:\/\/blogi.eoppimispalvelut.fi\/latu\/wp-json\/wp\/v2\/pages\/3800\/revisions"}],"predecessor-version":[{"id":3806,"href":"https:\/\/blogi.eoppimispalvelut.fi\/latu\/wp-json\/wp\/v2\/pages\/3800\/revisions\/3806"}],"wp:attachment":[{"href":"https:\/\/blogi.eoppimispalvelut.fi\/latu\/wp-json\/wp\/v2\/media?parent=3800"}],"curies":[{"name":"wp","href":"https:\/\/api.w.org\/{rel}","templated":true}]}}