{"id":3808,"date":"2022-11-17T08:38:46","date_gmt":"2022-11-17T06:38:46","guid":{"rendered":"https:\/\/blogi.eoppimispalvelut.fi\/latu\/?page_id=3808"},"modified":"2022-11-17T09:08:49","modified_gmt":"2022-11-17T07:08:49","slug":"ai-kirjallisuuskeskustelu","status":"publish","type":"page","link":"https:\/\/blogi.eoppimispalvelut.fi\/latu\/ai-kirjallisuuskeskustelu\/","title":{"rendered":"AI &#8211; Kirjallisuuskeskustelu"},"content":{"rendered":"<p>[et_pb_section fb_built=&#8221;1&#8243; _builder_version=&#8221;4.16&#8243; _module_preset=&#8221;default&#8221; custom_margin=&#8221;2px|30px|2px|30px|true|true&#8221; global_colors_info=&#8221;{}&#8221;][et_pb_row _builder_version=&#8221;4.16&#8243; _module_preset=&#8221;default&#8221; global_colors_info=&#8221;{}&#8221;][et_pb_column type=&#8221;4_4&#8243; _builder_version=&#8221;4.16&#8243; _module_preset=&#8221;default&#8221; global_colors_info=&#8221;{}&#8221;][et_pb_text _builder_version=&#8221;4.18.0&#8243; _module_preset=&#8221;default&#8221; global_colors_info=&#8221;{}&#8221;]<\/p>\n<p><a href=\"https:\/\/blogi.eoppimispalvelut.fi\/latu\/tulevaisuustaajuus-englanti-ja-aidinkieli\/\">&lt; Takaisin Tulevaisuustaajuus\/Futures frequency sivulle<\/a><\/p>\n<p>[\/et_pb_text][\/et_pb_column][\/et_pb_row][\/et_pb_section][et_pb_section fb_built=&#8221;1&#8243; admin_label=&#8221;2. Tiivistelma&#8221; module_id=&#8221;tiivistelma&#8221; _builder_version=&#8221;4.16&#8243; _module_preset=&#8221;default&#8221; custom_margin=&#8221;-5px|30px|-5px|30px|true|true&#8221; box_shadow_style=&#8221;preset1&#8243; global_colors_info=&#8221;{}&#8221;][et_pb_row custom_padding_last_edited=&#8221;on|phone&#8221; _builder_version=&#8221;4.16&#8243; _module_preset=&#8221;default&#8221; custom_margin=&#8221;||||false|false&#8221; custom_padding=&#8221;|300px|||false|false&#8221; custom_padding_tablet=&#8221;|0px|||false|false&#8221; custom_padding_phone=&#8221;&#8221; global_colors_info=&#8221;{}&#8221;][et_pb_column type=&#8221;4_4&#8243; _builder_version=&#8221;4.16&#8243; _module_preset=&#8221;default&#8221; global_colors_info=&#8221;{}&#8221;][et_pb_text admin_label=&#8221;otsikko&#8221; _builder_version=&#8221;4.18.0&#8243; _module_preset=&#8221;default&#8221; global_colors_info=&#8221;{}&#8221;]<\/p>\n<h2><strong><b>Tulevaisuustaajuus: kirjallisuuskeskustelu v\u00e4lineen\u00e4 analysoida ja tulkita kirjallisuuden keinoja tulevaisuusvisioiden luomisessa<\/b><\/strong><\/h2>\n<p>&nbsp;<\/p>\n<p>[\/et_pb_text][et_pb_divider color=&#8221;#e20d18&#8243; divider_weight=&#8221;6px&#8221; admin_label=&#8221;Otsikon alusviiva&#8221; _builder_version=&#8221;4.18.0&#8243; _module_preset=&#8221;default&#8221; width=&#8221;40px&#8221; module_alignment=&#8221;left&#8221; custom_margin=&#8221;-25px|0px||0px|false|false&#8221; custom_padding=&#8221;0px|||0px|false|false&#8221; global_module=&#8221;662&#8243; saved_tabs=&#8221;all&#8221; global_colors_info=&#8221;{}&#8221;][\/et_pb_divider][et_pb_text _builder_version=&#8221;4.18.0&#8243; _module_preset=&#8221;default&#8221; ol_font=&#8221;|700|||||||&#8221; ol_font_size=&#8221;18px&#8221; custom_padding=&#8221;||0px|||&#8221; global_colors_info=&#8221;{}&#8221;]<\/p>\n<p><em>\u201cMonissa dystopioissa k\u00e4sitell\u00e4\u00e4n my\u00f6s sit\u00e4, miten mediaa voidaan k\u00e4ytt\u00e4\u00e4 ihmisten orjuuttamiseen.\u201d<\/em> (Anni Hyypi\u00f6)<\/p>\n<p><em>\u201cllmastofiktiota on kutsuttu my\u00f6s varoituskirjallisuudeksi. Keskeinen elementti kirjoissa on usein vedenpaisumus.\u201d<\/em> (Anna Tulusto)<\/p>\n<p>&nbsp;<\/p>\n<p><strong>Opettajalle:<\/strong> Materiaalin kysymykset liittyv\u00e4t tulevaisuusteemaan. Kohdissa A ja B opiskelija valmistautuu keskusteluun ja kohdassa C keskustelee sek\u00e4 reflektoi opittua yhdess\u00e4. Teht\u00e4v\u00e4 harjoittaa kaunokirjallisuuden analyysin ja tulkinnan taitoja, fiktioon el\u00e4ytymist\u00e4, tulevaisuussanaston soveltamista, temaattisen pohdinnan taitoja ja vuorovaikutustaitoja.<\/p>\n<p>T\u00e4ss\u00e4 vaiheessa opintojaksoa opiskelijan voi olettaa omaksuneen tulevaisuusajattelun l\u00e4ht\u00f6kohtia ja osaavan analysoida itsen\u00e4isesti lukemaansa tulevaisuusn\u00e4k\u00f6kulmasta. Koska teht\u00e4v\u00e4 sijoittuu opintojakson loppupuolelle, se toimii my\u00f6s opittua kokoavana ja syvent\u00e4v\u00e4n\u00e4 teht\u00e4v\u00e4n\u00e4 ennen viimeist\u00e4 vaihetta eli oman ajattelun haastamista.<\/p>\n<p>Kuten opintojakson elokuvateht\u00e4v\u00e4 my\u00f6s t\u00e4m\u00e4 teht\u00e4v\u00e4 osoittaa fiktion mahdollisuudet ja laajemmin luovan ajattelun merkityksen tulevaisuusajattelussa ja my\u00f6s toivottavaa tulevaisuutta kohti pyrkimisess\u00e4.<\/p>\n<p>A) Tutustu <a href=\"https:\/\/www.sitra.fi\/tulevaisuussanasto\/\">Tulevaisuussanastoon<\/a> Sitran sivuilla. Sanasto on laaja ja monialainen. Etsi sanastosta sopivia sanoja oman kirjasi kuvaaman tulevaisuuden k\u00e4sittelyyn. Suunnittele, miten voisit hy\u00f6dynt\u00e4\u00e4 niit\u00e4 keskustelussa. Pyri soveltamaan v\u00e4hint\u00e4\u00e4n kolmea uutta k\u00e4sitett\u00e4.<\/p>\n<p>B) Valmistaudu keskusteluun kokoamalla vastaukset seuraaviin kysymyksiin. Hy\u00f6dynn\u00e4 nyt kohdan A k\u00e4sitteit\u00e4 (ja mahdollista lukup\u00e4iv\u00e4kirjaa). Kirjoita vastaukset yl\u00f6s. Tarvitset muistiinpanot keskustelun tueksi.<\/p>\n<p><strong>1. Millainen tulevaisuusvisio teoksessa on?<\/strong><\/p>\n<p>&#8211; Mihin aikaan ja paikkaan teos sijoittuu? Millainen on sen kuvaama sosiaalinen milj\u00f6\u00f6? Lue my\u00f6s teoksesta \u00e4\u00e4neen lyhyt katkelma, jossa teoksen milj\u00f6\u00f6 tulee hyvin esille.<\/p>\n<p>&#8211; Mik\u00e4 muutos tai k\u00e4\u00e4nne teoksen maailmassa on tapahtunut? Mitk\u00e4 syyt ovat johtuneet siihen? Millaiseksi k\u00e4\u00e4nne on muuttanut maailman ja yhteiskunnan?<\/p>\n<p>&#8211; Mik\u00e4 yhteys teoksessa kuvatulla todellisuudella mahdollisesti on nykyhetkeen? Onko esimerkiksi jokin nykyhetkess\u00e4kin l\u00e4sn\u00e4 oleva ilmi\u00f6 tai asia k\u00e4rjistynyt teoksen kuvaamassa tulevaisuudessa?<\/p>\n<p><strong>2. Millainen on teoksen henkil\u00f6iden suhde ymp\u00e4r\u00f6iv\u00e4\u00e4n todellisuuteen?<\/strong><\/p>\n<p>&#8211; Kuka on teoksen p\u00e4\u00e4henkil\u00f6? Miss\u00e4 asemassa h\u00e4n on tai mit\u00e4 rooleja h\u00e4nell\u00e4 el\u00e4m\u00e4ss\u00e4\u00e4n on? <br \/>Miten vallitseva todellisuus vaikuttaa p\u00e4\u00e4henkil\u00f6n el\u00e4m\u00e4\u00e4n? Miten h\u00e4n suhtautuu todellisuuteen? Alistuuko h\u00e4n, kapinoiko h\u00e4n, yritt\u00e4\u00e4k\u00f6 h\u00e4n muuttaa todellisuutta tai hyv\u00e4ksyyk\u00f6 h\u00e4n sen?<\/p>\n<p>&#8211; Mit\u00e4 muita suhtautumistapoja henkil\u00f6ill\u00e4 on ymp\u00e4r\u00f6iv\u00e4\u00e4n todellisuuteen. Poimi muutama esimerkki. <br \/>Kuvittele itsesi teoksen maailmaan: miten sin\u00e4 suhtautuisit sen kuvaamaan todellisuuteen? Miksi?<\/p>\n<p><strong>3. Millainen ideologia eli arvomaailma teoksen maailmassa vallitsee?<\/strong><\/p>\n<p>&#8211; Mik\u00e4 tai mitk\u00e4 asiat ohjavat ihmisten toimintaa teoksessa? Miksi he tekev\u00e4t asioita, joita tekev\u00e4t?<\/p>\n<p>&#8211; Kenell\u00e4 teoksessa on valta ja miksi?<\/p>\n<p>&#8211; Miten valta vaikuttaa teoksen p\u00e4\u00e4henkil\u00f6n el\u00e4m\u00e4\u00e4n?<\/p>\n<p>&#8211; Mitk\u00e4 arvot korostuvat teoksen ihmisten maailmassa?<\/p>\n<p>&#8211; Mitk\u00e4 arvot ovat t\u00e4rkeit\u00e4 p\u00e4\u00e4henkil\u00f6lle? Mist\u00e4 sen huomaa?<\/p>\n<p>&#8211; Vertaa omia arvojasi teoksen p\u00e4\u00e4henkil\u00f6n arvoihin. Mit\u00e4 eroja tai yht\u00e4l\u00e4isyyksi\u00e4 huomaat? <br \/>Jos el\u00e4isit teoksen kuvaamassa maailmassa, voisitko el\u00e4\u00e4 siell\u00e4 omien arvojesi mukaista el\u00e4m\u00e4\u00e4? Miksi voisit tai miksi et voisi?<\/p>\n<p><strong>C) Nyt on vuorossa keskustelu.<\/strong><\/p>\n<p>1. Aloittakaa lyhyell\u00e4 <strong>teosesittelyll\u00e4<\/strong> ja tuokaa esiin teoksen tulevaisuusvisio (positiivinen vai negatiivinen).<\/p>\n<p>2. Edetk\u00e4\u00e4 kohdan B kysymysten avulla. Pyrkik\u00e4\u00e4 vertailemaan teostenne tulevaisuusvisioita: osoittakaa eroja, yht\u00e4l\u00e4isyyksi\u00e4 ja niiden syit\u00e4.<\/p>\n<p>3. Miettik\u00e4\u00e4 keskustelun lopuksi, mit\u00e4 olette oppineet tulevaisuusteemasta. Pohtikaa, miten tulevaisuusajattelunne on muuttunut opintojakson aikana.<\/p>\n<p>&#8211; Poimikaa lukemastanne kirjasta sen mielest\u00e4nne kiinnostavin tulevaisuutta koskeva ajatus.<br \/>&#8211; Miten kirja muutti (vai muuttiko) omaa k\u00e4sityst\u00e4nne mahdollisesta tulevaisuudesta?<br \/>&#8211; Miten oma tulevaisuusajattelunne on mahdollisesti muuttunut opintojakson aikana?<br \/>&#8211; Millainen on toivottava yhteinen tulevaisuus 30 vuoden p\u00e4\u00e4st\u00e4? Kootkaa kolme sit\u00e4 kuvaavaa adjektiivia.<br \/>&#8211; Mitk\u00e4 arvot ovat t\u00e4rkeit\u00e4 tulevaisuusvisiossanne? <br \/>&#8211; Mill\u00e4 keinoilla voitte edist\u00e4\u00e4 tulevaisuusvisiotanne? <br \/>&#8211; Pohtikaa viel\u00e4, mik\u00e4 merkitys vuorovaikutustaidoillanne (esimerkiksi keskustelu- ja neuvottelutaidoilla) on tulevaisuuteenne vaikuttamisen kannalta. Valitkaa nelj\u00e4 tulevaisuuteen vaikuttamisen kannalta t\u00e4rkeint\u00e4 vuorovaikutukseen liittyv\u00e4\u00e4 taitoa ja perustelkaa valintanne.<\/p>\n<p><strong>HUOM.!: Keskustelkaa niin, ett\u00e4<\/strong><\/p>\n<p>&#8211; syvennytte nimenomaan tulevaisuusaihepiiriin lukemissanne teoksissa <br \/>&#8211; keskitytte vain keskusteluun <br \/>&#8211; osoitatte kuuntelua verbaalisesti ja nonverbaalisesti<br \/>&#8211; reagoitte toistenne puheenvuoroihin esimerkiksi kommenteilla tai tarkentavilla kysymyksill\u00e4<br \/>&#8211; annatte kaikille tilaa keskustelussa ja <br \/>&#8211; toimitte kannustavasti.<\/p>\n<p><em>\u201cViisi kuukautta aiemmin Pohjois-Suomi oli saanut tarpeekseen Etel\u00e4-Suomesta ja julistautunut itsen\u00e4iseksi valtioksi.\u201d<\/em> (Mikko Pekka Heikkinen: Terveiset Kutturasta, 2012)<\/p>\n<p><em>\u201cKukaan ei saa kutsua teurastettavia ihmisiksi, koska silloin ne voisi n\u00e4hd\u00e4 yksil\u00f6in\u00e4, sen sijaan ne ovat tuote, lihaa ja ravintoa. Tosin h\u00e4n toivoo, ettei h\u00e4nen tarvitsisi kutsua niit\u00e4 mill\u00e4\u00e4n nimell\u00e4.\u201d<\/em> (Agustina Bazterrica: Rotukarja, 2019)<\/p>\n<p><em>\u201cMuut tyt\u00f6t olivat selitt\u00e4neet mulle siit\u00e4: ne v\u00e4itti, ett\u00e4 kaikille Hourumantereen asukkaille jaettiin joka vuoden alussa maapallon kantokyvyn mukaan laskettu kiinti\u00f6m\u00e4\u00e4r\u00e4 rahaa. \u201c<\/em> (Siiri Enoranta: Maailmantytt\u00e4ret 2022)<\/p>\n<p><em><\/em><\/p>\n<p>[\/et_pb_text][\/et_pb_column][\/et_pb_row][\/et_pb_section][et_pb_section fb_built=&#8221;1&#8243; _builder_version=&#8221;4.16&#8243; _module_preset=&#8221;default&#8221; custom_margin=&#8221;2px|30px|2px|30px|true|true&#8221; global_colors_info=&#8221;{}&#8221;][et_pb_row _builder_version=&#8221;4.16&#8243; _module_preset=&#8221;default&#8221; global_colors_info=&#8221;{}&#8221;][et_pb_column type=&#8221;4_4&#8243; _builder_version=&#8221;4.16&#8243; _module_preset=&#8221;default&#8221; global_colors_info=&#8221;{}&#8221;][et_pb_text _builder_version=&#8221;4.18.0&#8243; _module_preset=&#8221;default&#8221; global_colors_info=&#8221;{}&#8221;]<\/p>\n<p><a href=\"https:\/\/blogi.eoppimispalvelut.fi\/latu\/tulevaisuustaajuus-englanti-ja-aidinkieli\/\">&lt; Takaisin Tulevaisuustaajuus\/Futures frequency sivulle<\/a><\/p>\n<p>[\/et_pb_text][\/et_pb_column][\/et_pb_row][\/et_pb_section]<\/p>\n","protected":false},"excerpt":{"rendered":"<p>&lt; Takaisin Tulevaisuustaajuus\/Futures frequency sivulleTulevaisuustaajuus: kirjallisuuskeskustelu v\u00e4lineen\u00e4 analysoida ja tulkita kirjallisuuden keinoja tulevaisuusvisioiden luomisessa &nbsp;\u201cMonissa dystopioissa k\u00e4sitell\u00e4\u00e4n my\u00f6s sit\u00e4, miten mediaa voidaan k\u00e4ytt\u00e4\u00e4 ihmisten orjuuttamiseen.\u201d (Anni Hyypi\u00f6) \u201cllmastofiktiota on kutsuttu my\u00f6s varoituskirjallisuudeksi. Keskeinen elementti kirjoissa on usein vedenpaisumus.\u201d (Anna Tulusto) &nbsp; Opettajalle: Materiaalin kysymykset liittyv\u00e4t tulevaisuusteemaan. Kohdissa A ja B opiskelija valmistautuu keskusteluun ja kohdassa [&hellip;]<\/p>\n","protected":false},"author":7199,"featured_media":0,"parent":0,"menu_order":0,"comment_status":"closed","ping_status":"closed","template":"","meta":{"_et_pb_use_builder":"on","_et_pb_old_content":"","_et_gb_content_width":"","footnotes":""},"class_list":["post-3808","page","type-page","status-publish","hentry"],"_links":{"self":[{"href":"https:\/\/blogi.eoppimispalvelut.fi\/latu\/wp-json\/wp\/v2\/pages\/3808","targetHints":{"allow":["GET"]}}],"collection":[{"href":"https:\/\/blogi.eoppimispalvelut.fi\/latu\/wp-json\/wp\/v2\/pages"}],"about":[{"href":"https:\/\/blogi.eoppimispalvelut.fi\/latu\/wp-json\/wp\/v2\/types\/page"}],"author":[{"embeddable":true,"href":"https:\/\/blogi.eoppimispalvelut.fi\/latu\/wp-json\/wp\/v2\/users\/7199"}],"replies":[{"embeddable":true,"href":"https:\/\/blogi.eoppimispalvelut.fi\/latu\/wp-json\/wp\/v2\/comments?post=3808"}],"version-history":[{"count":13,"href":"https:\/\/blogi.eoppimispalvelut.fi\/latu\/wp-json\/wp\/v2\/pages\/3808\/revisions"}],"predecessor-version":[{"id":3826,"href":"https:\/\/blogi.eoppimispalvelut.fi\/latu\/wp-json\/wp\/v2\/pages\/3808\/revisions\/3826"}],"wp:attachment":[{"href":"https:\/\/blogi.eoppimispalvelut.fi\/latu\/wp-json\/wp\/v2\/media?parent=3808"}],"curies":[{"name":"wp","href":"https:\/\/api.w.org\/{rel}","templated":true}]}}