{"id":3829,"date":"2022-11-17T09:22:20","date_gmt":"2022-11-17T07:22:20","guid":{"rendered":"https:\/\/blogi.eoppimispalvelut.fi\/latu\/?page_id=3829"},"modified":"2022-12-12T12:35:27","modified_gmt":"2022-12-12T10:35:27","slug":"tulevaisuustaajuus-lukiossa-etusivu","status":"publish","type":"page","link":"https:\/\/blogi.eoppimispalvelut.fi\/latu\/tulevaisuustaajuus-lukiossa-etusivu\/","title":{"rendered":"Tulevaisuustaajuus lukiossa etusivu"},"content":{"rendered":"<p>[et_pb_section fb_built=&#8221;1&#8243; fullwidth=&#8221;on&#8221; _builder_version=&#8221;4.16&#8243; _module_preset=&#8221;default&#8221; global_colors_info=&#8221;{}&#8221;][et_pb_fullwidth_header title=&#8221;LUKIO TULEVAISUUSTAAJUUDELLA&#8221; button_one_url=&#8221;https:\/\/blogi.eoppimispalvelut.fi\/latu\/oppimateriaalit\/&#8221; button_two_url=&#8221;https:\/\/blogi.eoppimispalvelut.fi\/latu\/korkeakoulu-ja-tyoelamayhteistyo\/&#8221; background_overlay_color=&#8221;rgba(255,255,255,0.75)&#8221; admin_label=&#8221;Fullwidth Header&#8221; _builder_version=&#8221;4.18.0&#8243; _module_preset=&#8221;default&#8221; title_font=&#8221;|800|||||||&#8221; title_font_size=&#8221;60px&#8221; background_image=&#8221;https:\/\/blogi.eoppimispalvelut.fi\/latu\/files\/2021\/06\/IMG_2521-scaled.jpg&#8221; parallax=&#8221;on&#8221; custom_button_one=&#8221;on&#8221; button_one_bg_color=&#8221;#e20d18&#8243; button_one_border_color=&#8221;#e20d18&#8243; button_one_font=&#8221;|700|||||||&#8221; button_one_on_hover=&#8221;off&#8221; custom_button_two=&#8221;on&#8221; button_two_bg_color=&#8221;#e20d18&#8243; button_two_border_color=&#8221;#e20d18&#8243; button_two_font=&#8221;|700|||||||&#8221; button_two_on_hover=&#8221;off&#8221; background_layout=&#8221;light&#8221; title_font_size_tablet=&#8221;&#8221; title_font_size_phone=&#8221;34px&#8221; title_font_size_last_edited=&#8221;on|phone&#8221; global_colors_info=&#8221;{}&#8221;][\/et_pb_fullwidth_header][\/et_pb_section][et_pb_section fb_built=&#8221;1&#8243; _builder_version=&#8221;4.16&#8243; background_color=&#8221;rgba(0,0,0,0.01)&#8221; custom_margin=&#8221;1px|||||&#8221; custom_padding=&#8221;||0px|||&#8221; top_divider_style=&#8221;wave2&#8243; top_divider_color=&#8221;RGBA(0,0,0,0)&#8221; top_divider_height=&#8221;0px&#8221; top_divider_height_last_edited=&#8221;off|desktop&#8221; animation_style=&#8221;slide&#8221; animation_direction=&#8221;left&#8221; animation_intensity_slide=&#8221;1%&#8221; global_colors_info=&#8221;{}&#8221;][et_pb_row column_structure=&#8221;1_2,1_2&#8243; _builder_version=&#8221;4.16&#8243; background_size=&#8221;initial&#8221; background_position=&#8221;top_left&#8221; background_repeat=&#8221;repeat&#8221; custom_margin=&#8221;18px|auto||auto||&#8221; custom_padding=&#8221;0px||0px|||&#8221; global_colors_info=&#8221;{}&#8221;][et_pb_column type=&#8221;1_2&#8243; _builder_version=&#8221;4.16&#8243; custom_padding=&#8221;|||&#8221; global_colors_info=&#8221;{}&#8221; custom_padding__hover=&#8221;|||&#8221;][et_pb_text _builder_version=&#8221;4.16&#8243; background_size=&#8221;initial&#8221; background_position=&#8221;top_left&#8221; background_repeat=&#8221;repeat&#8221; width=&#8221;100%&#8221; custom_margin=&#8221;||2px|||&#8221; custom_padding=&#8221;|3px||||&#8221; global_colors_info=&#8221;{}&#8221;]<\/p>\n<h1><b>Tulevaisuustaajuus eri oppiaineissa<\/b><\/h1>\n<p><b><\/b><\/p>\n<p><b><\/b><\/p>\n<p>[\/et_pb_text][et_pb_divider color=&#8221;#e20d18&#8243; divider_weight=&#8221;6px&#8221; admin_label=&#8221;Otsikon alusviiva&#8221; _builder_version=&#8221;4.18.0&#8243; _module_preset=&#8221;default&#8221; width=&#8221;40px&#8221; module_alignment=&#8221;left&#8221; custom_margin=&#8221;-25px|0px||0px|false|false&#8221; custom_padding=&#8221;0px|||0px|false|false&#8221; global_module=&#8221;662&#8243; saved_tabs=&#8221;all&#8221; global_colors_info=&#8221;{}&#8221;][\/et_pb_divider][\/et_pb_column][et_pb_column type=&#8221;1_2&#8243; _builder_version=&#8221;4.16&#8243; custom_padding=&#8221;|||&#8221; global_colors_info=&#8221;{}&#8221; custom_padding__hover=&#8221;|||&#8221;][\/et_pb_column][\/et_pb_row][et_pb_row column_structure=&#8221;1_2,1_2&#8243; _builder_version=&#8221;4.16&#8243; background_size=&#8221;initial&#8221; background_position=&#8221;top_left&#8221; background_repeat=&#8221;repeat&#8221; custom_margin=&#8221;0px|auto||auto||&#8221; custom_padding=&#8221;0px||30px|||&#8221; global_colors_info=&#8221;{}&#8221;][et_pb_column type=&#8221;1_2&#8243; _builder_version=&#8221;4.16&#8243; custom_padding=&#8221;|||&#8221; global_colors_info=&#8221;{}&#8221; custom_padding__hover=&#8221;|||&#8221;][et_pb_text _builder_version=&#8221;4.16&#8243; background_size=&#8221;initial&#8221; background_position=&#8221;top_left&#8221; background_repeat=&#8221;repeat&#8221; custom_margin=&#8221;||2px|||&#8221; global_colors_info=&#8221;{}&#8221;]<\/p>\n<h2><strong><\/strong><\/h2>\n<h2><strong><\/strong><\/h2>\n<h2><a href=\"https:\/\/blogi.eoppimispalvelut.fi\/latu\/historia-tulevaisuustaajuus\/\"><strong>Historia<\/strong><\/a><\/h2>\n<h2><a href=\"https:\/\/blogi.eoppimispalvelut.fi\/latu\/filosofia-tulevaisuustaajuus\/\"><strong>Filosofia<\/strong><\/a><\/h2>\n<h2><a href=\"https:\/\/blogi.eoppimispalvelut.fi\/latu\/yhteiskuntaoppi-tulevaisuustaajuus\/\"><strong>Yhteiskuntaoppi<\/strong><\/a><\/h2>\n<h2><a href=\"https:\/\/blogi.eoppimispalvelut.fi\/latu\/opo-tulevaisuustaajuus\/\"><strong>Opinto-ohjaus<\/strong><\/a><\/h2>\n<h1><\/h1>\n<p style=\"text-align: center\">\n<p>[\/et_pb_text][\/et_pb_column][et_pb_column type=&#8221;1_2&#8243; _builder_version=&#8221;4.16&#8243; custom_padding=&#8221;|||&#8221; global_colors_info=&#8221;{}&#8221; custom_padding__hover=&#8221;|||&#8221;][et_pb_text _builder_version=&#8221;4.16&#8243; background_size=&#8221;initial&#8221; background_position=&#8221;top_left&#8221; background_repeat=&#8221;repeat&#8221; custom_margin=&#8221;||2px|||&#8221; global_colors_info=&#8221;{}&#8221;]<\/p>\n<h2><strong><\/strong><\/h2>\n<h2><strong><\/strong><\/h2>\n<h2><a href=\"https:\/\/blogi.eoppimispalvelut.fi\/latu\/kemia-tulevaisuustaajuus\/\"><strong>Kemia<\/strong><\/a><\/h2>\n<h2><a href=\"https:\/\/blogi.eoppimispalvelut.fi\/latu\/talousmatematiikka-tulevaisuustaajuus\/\"><strong>Matematiikka<\/strong><\/a><\/h2>\n<h2><a href=\"https:\/\/blogi.eoppimispalvelut.fi\/latu\/tulevaisuustaajuus-englanti-ja-aidinkieli\/\"><strong>\u00c4idinkieli<\/strong><\/a><\/h2>\n<h2><a href=\"https:\/\/blogi.eoppimispalvelut.fi\/latu\/tulevaisuustaajuus-englanti-ja-aidinkieli\/\"><strong>Englanti<\/strong><\/a><\/h2>\n<h1><b><\/b><\/h1>\n<h1><\/h1>\n<p style=\"text-align: center\">\n<p>[\/et_pb_text][\/et_pb_column][\/et_pb_row][\/et_pb_section][et_pb_section fb_built=&#8221;1&#8243; _builder_version=&#8221;4.16&#8243; background_color=&#8221;rgba(0,0,0,0.01)&#8221; custom_margin=&#8221;1px|||||&#8221; custom_padding=&#8221;||0px|||&#8221; top_divider_style=&#8221;wave2&#8243; top_divider_color=&#8221;RGBA(0,0,0,0)&#8221; top_divider_height=&#8221;0px&#8221; top_divider_height_last_edited=&#8221;off|desktop&#8221; animation_style=&#8221;slide&#8221; animation_direction=&#8221;left&#8221; animation_intensity_slide=&#8221;1%&#8221; global_colors_info=&#8221;{}&#8221;][et_pb_row column_structure=&#8221;1_2,1_2&#8243; _builder_version=&#8221;4.16&#8243; background_size=&#8221;initial&#8221; background_position=&#8221;top_left&#8221; background_repeat=&#8221;repeat&#8221; custom_margin=&#8221;18px|auto||auto||&#8221; custom_padding=&#8221;0px||0px|||&#8221; global_colors_info=&#8221;{}&#8221;][et_pb_column type=&#8221;1_2&#8243; _builder_version=&#8221;4.16&#8243; custom_padding=&#8221;|||&#8221; global_colors_info=&#8221;{}&#8221; custom_padding__hover=&#8221;|||&#8221;][et_pb_text _builder_version=&#8221;4.16&#8243; background_size=&#8221;initial&#8221; background_position=&#8221;top_left&#8221; background_repeat=&#8221;repeat&#8221; custom_margin=&#8221;||2px|||&#8221; global_colors_info=&#8221;{}&#8221;]<\/p>\n<h1><b>Sitran tulevaisuustaajuus lukiossa\u00a0<\/b><\/h1>\n<p><b><\/b><\/p>\n<p><b><\/b><\/p>\n<p>[\/et_pb_text][et_pb_divider color=&#8221;#e20d18&#8243; divider_weight=&#8221;6px&#8221; admin_label=&#8221;Otsikon alusviiva&#8221; _builder_version=&#8221;4.18.0&#8243; _module_preset=&#8221;default&#8221; width=&#8221;40px&#8221; module_alignment=&#8221;left&#8221; custom_margin=&#8221;-25px|0px||0px|false|false&#8221; custom_padding=&#8221;0px|||0px|false|false&#8221; global_module=&#8221;662&#8243; saved_tabs=&#8221;all&#8221; global_colors_info=&#8221;{}&#8221;][\/et_pb_divider][\/et_pb_column][et_pb_column type=&#8221;1_2&#8243; _builder_version=&#8221;4.16&#8243; custom_padding=&#8221;|||&#8221; global_colors_info=&#8221;{}&#8221; custom_padding__hover=&#8221;|||&#8221;][\/et_pb_column][\/et_pb_row][et_pb_row column_structure=&#8221;1_2,1_2&#8243; _builder_version=&#8221;4.16&#8243; background_size=&#8221;initial&#8221; background_position=&#8221;top_left&#8221; background_repeat=&#8221;repeat&#8221; custom_margin=&#8221;0px|auto||auto||&#8221; custom_padding=&#8221;0px||30px|||&#8221; global_colors_info=&#8221;{}&#8221;][et_pb_column type=&#8221;1_2&#8243; _builder_version=&#8221;4.16&#8243; custom_padding=&#8221;|||&#8221; global_colors_info=&#8221;{}&#8221; custom_padding__hover=&#8221;|||&#8221;][et_pb_text _builder_version=&#8221;4.16&#8243; background_size=&#8221;initial&#8221; background_position=&#8221;top_left&#8221; background_repeat=&#8221;repeat&#8221; custom_margin=&#8221;||2px|||&#8221; global_colors_info=&#8221;{}&#8221;]<\/p>\n<p>Rovaniemen kaupungin Lyseonpuiston ja Ounasvaaran lukiot ovat olleet vuonna 2022 mukana Sitran <a href=\"https:\/\/www.sitra.fi\/uutiset\/tulevaisuustaajuus-kumppanuusohjelman-tiimit-valittu\/\">Tulevaisuustaajuus -kumppanuusohjelmassa.<\/a> Ohjelman aikana on tuotettu Sitran <a href=\"https:\/\/www.sitra.fi\/hankkeet\/tulevaisuustaajuus\/\">Tulevaisuustaajuus<\/a> -ty\u00f6pajasta sovellutuksia, joita voidaan k\u00e4yd\u00e4\u00e4n eri oppiaineiden opetuksessa.\u00a0<\/p>\n<p>Valmistunut oppimateriaali sis\u00e4lt\u00e4\u00e4 teht\u00e4vi\u00e4, videoita, kuunnelmia sek\u00e4 oppiaineisiin kytkeytyv\u00e4\u00e4 sis\u00e4lt\u00f6\u00e4. Kuunnelmat ja historian sitaattivideon on toteuttanut tuottaja\/taiteilija Timo Mets\u00e4joki.<\/p>\n<p style=\"text-align: center\">\n<p>[\/et_pb_text][\/et_pb_column][et_pb_column type=&#8221;1_2&#8243; _builder_version=&#8221;4.16&#8243; custom_padding=&#8221;|||&#8221; global_colors_info=&#8221;{}&#8221; custom_padding__hover=&#8221;|||&#8221;][et_pb_text _builder_version=&#8221;4.16&#8243; background_size=&#8221;initial&#8221; background_position=&#8221;top_left&#8221; background_repeat=&#8221;repeat&#8221; custom_margin=&#8221;||2px|||&#8221; global_colors_info=&#8221;{}&#8221;]<\/p>\n<p>Oppimateriaalia ovat tuottaneet lukion opettajat Salomo Juupaluoma, Jutta Kemppainen-Nousiainen, Ulla Lauhava, Maarit Lepist\u00f6, Elina Pehkonen, Adela Ratiu, Anu Turunen ja Virpi Vahtola.<\/p>\n<p>Filosofian materiaali tehtiin yhteisty\u00f6ss\u00e4 Lapin yliopiston professori Leena-Maija Rossin kanssa ja kemian materiaalin sparraajina toimivat Lapin AMK :n Sanna Tyni ja Heli Pesola. Materiaalin tuottajana ja hankekoordinaattorina toimi Katri Kykyri. Hanketta rahoitti Sitra.<\/p>\n<p>&nbsp;<\/p>\n<p style=\"text-align: center\">\n<p>[\/et_pb_text][\/et_pb_column][\/et_pb_row][\/et_pb_section][et_pb_section fb_built=&#8221;1&#8243; inner_shadow=&#8221;on&#8221; _builder_version=&#8221;4.16&#8243; _module_preset=&#8221;default&#8221; width=&#8221;100%&#8221; max_width=&#8221;100%&#8221; module_alignment=&#8221;center&#8221; custom_margin=&#8221;36px|30px|0px|30px|false|true&#8221; custom_padding=&#8221;0px||2px|||&#8221; animation_style=&#8221;slide&#8221; animation_direction=&#8221;right&#8221; animation_intensity_slide=&#8221;1%&#8221; global_colors_info=&#8221;{}&#8221;][et_pb_row _builder_version=&#8221;4.16&#8243; _module_preset=&#8221;default&#8221; custom_padding=&#8221;||0px|||&#8221; global_colors_info=&#8221;{}&#8221;][et_pb_column type=&#8221;4_4&#8243; _builder_version=&#8221;4.16&#8243; _module_preset=&#8221;default&#8221; global_colors_info=&#8221;{}&#8221;][et_pb_text _builder_version=&#8221;4.16&#8243; _module_preset=&#8221;default&#8221; global_colors_info=&#8221;{}&#8221;]<\/p>\n<h2><strong>Yhteisty\u00f6ss\u00e4<\/strong><\/h2>\n<p>[\/et_pb_text][et_pb_divider color=&#8221;#e20d18&#8243; divider_weight=&#8221;6px&#8221; admin_label=&#8221;Otsikon alusviiva&#8221; _builder_version=&#8221;4.18.0&#8243; _module_preset=&#8221;default&#8221; width=&#8221;40px&#8221; module_alignment=&#8221;left&#8221; custom_margin=&#8221;-25px|0px||0px|false|false&#8221; custom_padding=&#8221;0px|||0px|false|false&#8221; global_module=&#8221;662&#8243; saved_tabs=&#8221;all&#8221; global_colors_info=&#8221;{}&#8221;][\/et_pb_divider][\/et_pb_column][\/et_pb_row][et_pb_row column_structure=&#8221;1_2,1_2&#8243; _builder_version=&#8221;4.16&#8243; _module_preset=&#8221;default&#8221; module_alignment=&#8221;center&#8221; custom_margin=&#8221;|auto||411px||&#8221; global_colors_info=&#8221;{}&#8221;][et_pb_column type=&#8221;1_2&#8243; _builder_version=&#8221;4.16&#8243; _module_preset=&#8221;default&#8221; global_colors_info=&#8221;{}&#8221;][et_pb_image src=&#8221;https:\/\/blogi.eoppimispalvelut.fi\/latu\/files\/2022\/08\/small_SITRA_BLACK.jpg&#8221; alt=&#8221;Lapin ammattikorkeakoulu -logo&#8221; title_text=&#8221;small_SITRA_BLACK&#8221; align=&#8221;center&#8221; _builder_version=&#8221;4.18.0&#8243; _module_preset=&#8221;default&#8221; max_height=&#8221;110px&#8221; global_colors_info=&#8221;{}&#8221;][\/et_pb_image][\/et_pb_column][et_pb_column type=&#8221;1_2&#8243; _builder_version=&#8221;4.16&#8243; _module_preset=&#8221;default&#8221; global_colors_info=&#8221;{}&#8221;][\/et_pb_column][\/et_pb_row][et_pb_row column_structure=&#8221;1_2,1_2&#8243; _builder_version=&#8221;4.16&#8243; _module_preset=&#8221;default&#8221; module_alignment=&#8221;center&#8221; custom_margin=&#8221;|auto||411px||&#8221; global_colors_info=&#8221;{}&#8221;][et_pb_column type=&#8221;1_2&#8243; _builder_version=&#8221;4.16&#8243; _module_preset=&#8221;default&#8221; global_colors_info=&#8221;{}&#8221;][\/et_pb_column][et_pb_column type=&#8221;1_2&#8243; _builder_version=&#8221;4.16&#8243; _module_preset=&#8221;default&#8221; global_colors_info=&#8221;{}&#8221;][\/et_pb_column][\/et_pb_row][\/et_pb_section]<\/p>\n","protected":false},"excerpt":{"rendered":"<p>Tulevaisuustaajuus eri oppiaineissa Historia Filosofia Yhteiskuntaoppi Opinto-ohjaus Kemia Matematiikka \u00c4idinkieli Englanti Sitran tulevaisuustaajuus lukiossa\u00a0 Rovaniemen kaupungin Lyseonpuiston ja Ounasvaaran lukiot ovat olleet vuonna 2022 mukana Sitran Tulevaisuustaajuus -kumppanuusohjelmassa. Ohjelman aikana on tuotettu Sitran Tulevaisuustaajuus -ty\u00f6pajasta sovellutuksia, joita voidaan k\u00e4yd\u00e4\u00e4n eri oppiaineiden opetuksessa.\u00a0 Valmistunut oppimateriaali sis\u00e4lt\u00e4\u00e4 teht\u00e4vi\u00e4, videoita, kuunnelmia sek\u00e4 oppiaineisiin kytkeytyv\u00e4\u00e4 sis\u00e4lt\u00f6\u00e4. Kuunnelmat ja historian [&hellip;]<\/p>\n","protected":false},"author":7199,"featured_media":0,"parent":0,"menu_order":0,"comment_status":"closed","ping_status":"closed","template":"","meta":{"_et_pb_use_builder":"on","_et_pb_old_content":"","_et_gb_content_width":"","footnotes":""},"class_list":["post-3829","page","type-page","status-publish","hentry"],"_links":{"self":[{"href":"https:\/\/blogi.eoppimispalvelut.fi\/latu\/wp-json\/wp\/v2\/pages\/3829","targetHints":{"allow":["GET"]}}],"collection":[{"href":"https:\/\/blogi.eoppimispalvelut.fi\/latu\/wp-json\/wp\/v2\/pages"}],"about":[{"href":"https:\/\/blogi.eoppimispalvelut.fi\/latu\/wp-json\/wp\/v2\/types\/page"}],"author":[{"embeddable":true,"href":"https:\/\/blogi.eoppimispalvelut.fi\/latu\/wp-json\/wp\/v2\/users\/7199"}],"replies":[{"embeddable":true,"href":"https:\/\/blogi.eoppimispalvelut.fi\/latu\/wp-json\/wp\/v2\/comments?post=3829"}],"version-history":[{"count":32,"href":"https:\/\/blogi.eoppimispalvelut.fi\/latu\/wp-json\/wp\/v2\/pages\/3829\/revisions"}],"predecessor-version":[{"id":3965,"href":"https:\/\/blogi.eoppimispalvelut.fi\/latu\/wp-json\/wp\/v2\/pages\/3829\/revisions\/3965"}],"wp:attachment":[{"href":"https:\/\/blogi.eoppimispalvelut.fi\/latu\/wp-json\/wp\/v2\/media?parent=3829"}],"curies":[{"name":"wp","href":"https:\/\/api.w.org\/{rel}","templated":true}]}}