{"id":454,"date":"2021-06-08T08:51:02","date_gmt":"2021-06-08T05:51:02","guid":{"rendered":"https:\/\/blogi.eoppimispalvelut.fi\/latu\/?page_id=454"},"modified":"2022-02-15T14:51:30","modified_gmt":"2022-02-15T12:51:30","slug":"puu-mittaus","status":"publish","type":"page","link":"https:\/\/blogi.eoppimispalvelut.fi\/latu\/puu-mittaus\/","title":{"rendered":"Puun mittaus"},"content":{"rendered":"<p>[et_pb_section fb_built=&#8221;1&#8243; admin_label=&#8221;Johdanto osio&#8221; _builder_version=&#8221;4.8.2&#8243; _module_preset=&#8221;default&#8221;][et_pb_row admin_label=&#8221;Row&#8221; _builder_version=&#8221;4.8.2&#8243; _module_preset=&#8221;default&#8221;][et_pb_column type=&#8221;4_4&#8243; _builder_version=&#8221;4.8.2&#8243; _module_preset=&#8221;default&#8221;][et_pb_text admin_label=&#8221;Johdanto materiaaliin otsikko&#8221; _builder_version=&#8221;4.8.2&#8243; _module_preset=&#8221;default&#8221; custom_padding=&#8221;||0px|||&#8221;]<\/p>\n<h1><strong>Puun mittaus<\/strong><\/h1>\n<p>[\/et_pb_text][et_pb_divider color=&#8221;#e20d18&#8243; divider_weight=&#8221;6px&#8221; admin_label=&#8221;Otsikon alusviiva&#8221; _builder_version=&#8221;4.8.2&#8243; _module_preset=&#8221;default&#8221; width=&#8221;40px&#8221; module_alignment=&#8221;left&#8221; custom_margin=&#8221;-25px|0px||0px|false|false&#8221; custom_padding=&#8221;0px|||0px|false|false&#8221; global_module=&#8221;662&#8243; saved_tabs=&#8221;all&#8221;][\/et_pb_divider][et_pb_text admin_label=&#8221;Johdanto materiaaliin teksti&#8221; _builder_version=&#8221;4.8.2&#8243; _module_preset=&#8221;default&#8221; custom_padding=&#8221;||0px|||&#8221;]<\/p>\n<p><strong style=\"font-size: 14px\">Kuvaus:<\/strong><span style=\"font-size: 14px\"> T\u00e4ss\u00e4 lukiolaisille suunnatussa teht\u00e4v\u00e4sarjassa tehd\u00e4\u00e4n mittauksia suorittaen arvioita puun pituudesta, rinnan korkeuden l\u00e4vist\u00e4j\u00e4st\u00e4 sek\u00e4 tilavuudesta. Materiaali koostuu H5P-materiaalista.<\/span><\/p>\n<p><strong>Oppimistavoitteet:<\/strong> Mittaamisen taidot, ympyr\u00e4n ominaisuudet, kolmion ominaisuudet, taulukon lukeminen sek\u00e4 tilavuuslaskenta.<\/p>\n<p><strong>Aika:<\/strong> Yksi oppitunti (70 min).<\/p>\n<p>&nbsp;<\/p>\n<p>[\/et_pb_text][\/et_pb_column][\/et_pb_row][\/et_pb_section][et_pb_section fb_built=&#8221;1&#8243; disabled_on=&#8221;on|on|on&#8221; admin_label=&#8221;Sis\u00e4llys osio&#8221; _builder_version=&#8221;4.8.2&#8243; _module_preset=&#8221;default&#8221; box_shadow_style=&#8221;preset1&#8243; disabled=&#8221;on&#8221;][et_pb_row admin_label=&#8221;Row&#8221; _builder_version=&#8221;4.8.2&#8243; _module_preset=&#8221;default&#8221;][et_pb_column type=&#8221;4_4&#8243; _builder_version=&#8221;4.8.2&#8243; _module_preset=&#8221;default&#8221;][et_pb_text admin_label=&#8221;Sis\u00e4llysluettelo otsikko&#8221; _builder_version=&#8221;4.8.2&#8243; _module_preset=&#8221;default&#8221;]<\/p>\n<h1><strong>Teht\u00e4v\u00e4t:<\/strong><\/h1>\n<p>[\/et_pb_text][et_pb_divider color=&#8221;#e20d18&#8243; divider_weight=&#8221;6px&#8221; admin_label=&#8221;Otsikon alusviiva&#8221; _builder_version=&#8221;4.8.2&#8243; _module_preset=&#8221;default&#8221; width=&#8221;40px&#8221; module_alignment=&#8221;left&#8221; custom_margin=&#8221;-25px|0px||0px|false|false&#8221; custom_padding=&#8221;0px|||0px|false|false&#8221; global_module=&#8221;662&#8243; saved_tabs=&#8221;all&#8221;][\/et_pb_divider][et_pb_text admin_label=&#8221;Sis\u00e4llysluettelo teksti&#8221; _builder_version=&#8221;4.8.2&#8243; _module_preset=&#8221;default&#8221;]<\/p>\n<h4 style=\"padding-left: 10px\"><strong><a title=\"Siirry Puu-mittaus -materiaaliin\" href=\"#Puu-mittaus 1\">\ud83d\udd17 MAB: Puu-mittaus <\/a><\/strong><\/h4>\n<h4 style=\"padding-left: 10px\"><strong><a title=\"Siirry Puu hiilen sitojana -materiaaliin\" href=\"#Puu-mittaus 2\">\ud83d\udd17 Puu hiilen sitojana <\/a><\/strong><\/h4>\n<h4 style=\"padding-left: 10px\"><strong><a title=\"Siirry Puu ja raha -materiaaliin\" href=\"#Puu-mittaus 3\">\ud83d\udd17 Puu ja raha <\/a><\/strong><\/h4>\n<p>[\/et_pb_text][\/et_pb_column][\/et_pb_row][\/et_pb_section][et_pb_section fb_built=&#8221;1&#8243; admin_label=&#8221;Puu-mittaus -osio&#8221; _builder_version=&#8221;4.8.2&#8243; _module_preset=&#8221;default&#8221; box_shadow_style=&#8221;preset1&#8243;][et_pb_row _builder_version=&#8221;4.8.2&#8243; _module_preset=&#8221;default&#8221;][et_pb_column type=&#8221;4_4&#8243; _builder_version=&#8221;4.8.2&#8243; _module_preset=&#8221;default&#8221;][et_pb_text admin_label=&#8221;Otsikko&#8221; _builder_version=&#8221;4.8.2&#8243; _module_preset=&#8221;default&#8221;]<\/p>\n<h1><strong>Puu-mittaus &#8211; <\/strong><strong>pituus, l\u00e4pimitta ja tilavuusarvioi<\/strong><\/h1>\n<p>[\/et_pb_text][et_pb_divider color=&#8221;#e20d18&#8243; divider_weight=&#8221;6px&#8221; admin_label=&#8221;Otsikon alusviiva&#8221; _builder_version=&#8221;4.8.2&#8243; _module_preset=&#8221;default&#8221; width=&#8221;40px&#8221; module_alignment=&#8221;left&#8221; custom_margin=&#8221;-25px|0px||0px|false|false&#8221; custom_padding=&#8221;0px|||0px|false|false&#8221; global_module=&#8221;662&#8243; saved_tabs=&#8221;all&#8221;][\/et_pb_divider][et_pb_text admin_label=&#8221;h5p&#8221; _builder_version=&#8221;4.8.2&#8243; _module_preset=&#8221;default&#8221;]<a id=\"Puu-mittaus 1\"><div class=\"h5p-iframe-wrapper\"><iframe id=\"h5p-iframe-9\" class=\"h5p-iframe\" data-content-id=\"9\" style=\"height:1px\" src=\"about:blank\" frameBorder=\"0\" scrolling=\"no\" title=\"MAB: Puu-mittaus\"><\/iframe><\/div><\/a>[\/et_pb_text][\/et_pb_column][\/et_pb_row][\/et_pb_section][et_pb_section fb_built=&#8221;1&#8243; disabled_on=&#8221;on|on|on&#8221; admin_label=&#8221;Teht\u00e4v\u00e4 2 -osio&#8221; _builder_version=&#8221;4.8.2&#8243; _module_preset=&#8221;default&#8221; box_shadow_style=&#8221;preset1&#8243; disabled=&#8221;on&#8221;][et_pb_row _builder_version=&#8221;4.8.2&#8243; _module_preset=&#8221;default&#8221;][et_pb_column type=&#8221;4_4&#8243; _builder_version=&#8221;4.8.2&#8243; _module_preset=&#8221;default&#8221;][et_pb_text admin_label=&#8221;Otsikko&#8221; _builder_version=&#8221;4.8.2&#8243; _module_preset=&#8221;default&#8221;]<\/p>\n<h1><strong>Puu hiilen sitojana<\/strong><\/h1>\n<p>[\/et_pb_text][et_pb_divider color=&#8221;#e20d18&#8243; divider_weight=&#8221;6px&#8221; admin_label=&#8221;Otsikon alusviiva&#8221; _builder_version=&#8221;4.8.2&#8243; _module_preset=&#8221;default&#8221; width=&#8221;40px&#8221; module_alignment=&#8221;left&#8221; custom_margin=&#8221;-25px|0px||0px|false|false&#8221; custom_padding=&#8221;0px|||0px|false|false&#8221; global_module=&#8221;662&#8243; saved_tabs=&#8221;all&#8221;][\/et_pb_divider][et_pb_text admin_label=&#8221;h5p&#8221; _builder_version=&#8221;4.8.2&#8243; _module_preset=&#8221;default&#8221;]<a id=\"Puu-mittaus 2\"><\/a><br \/>\n<div class=\"h5p-iframe-wrapper\"><iframe id=\"h5p-iframe-54\" class=\"h5p-iframe\" data-content-id=\"54\" style=\"height:1px\" src=\"about:blank\" frameBorder=\"0\" scrolling=\"no\" title=\"Sis\u00e4lt\u00f6 tulossa\"><\/iframe><\/div>[\/et_pb_text][\/et_pb_column][\/et_pb_row][\/et_pb_section][et_pb_section fb_built=&#8221;1&#8243; disabled_on=&#8221;on|on|on&#8221; admin_label=&#8221;Teht\u00e4v\u00e4 3 -osio&#8221; _builder_version=&#8221;4.8.2&#8243; _module_preset=&#8221;default&#8221; box_shadow_style=&#8221;preset1&#8243; disabled=&#8221;on&#8221;][et_pb_row _builder_version=&#8221;4.8.2&#8243; _module_preset=&#8221;default&#8221;][et_pb_column type=&#8221;4_4&#8243; _builder_version=&#8221;4.8.2&#8243; _module_preset=&#8221;default&#8221;][et_pb_text admin_label=&#8221;Otsikko&#8221; _builder_version=&#8221;4.8.2&#8243; _module_preset=&#8221;default&#8221;]<\/p>\n<h1><strong>Puun tukki ja raha<\/strong><\/h1>\n<p>[\/et_pb_text][et_pb_divider color=&#8221;#e20d18&#8243; divider_weight=&#8221;6px&#8221; admin_label=&#8221;Otsikon alusviiva&#8221; _builder_version=&#8221;4.8.2&#8243; _module_preset=&#8221;default&#8221; width=&#8221;40px&#8221; module_alignment=&#8221;left&#8221; custom_margin=&#8221;-25px|0px||0px|false|false&#8221; custom_padding=&#8221;0px|||0px|false|false&#8221; global_module=&#8221;662&#8243; saved_tabs=&#8221;all&#8221;][\/et_pb_divider][et_pb_text admin_label=&#8221;h5p&#8221; _builder_version=&#8221;4.8.2&#8243; _module_preset=&#8221;default&#8221;]<a id=\"Puu-mittaus 3\"><div class=\"h5p-iframe-wrapper\"><iframe id=\"h5p-iframe-54\" class=\"h5p-iframe\" data-content-id=\"54\" style=\"height:1px\" src=\"about:blank\" frameBorder=\"0\" scrolling=\"no\" title=\"Sis\u00e4lt\u00f6 tulossa\"><\/iframe><\/div><\/a>[\/et_pb_text][\/et_pb_column][\/et_pb_row][\/et_pb_section]<\/p>\n","protected":false},"excerpt":{"rendered":"<p>Puun mittausKuvaus: T\u00e4ss\u00e4 lukiolaisille suunnatussa teht\u00e4v\u00e4sarjassa tehd\u00e4\u00e4n mittauksia suorittaen arvioita puun pituudesta, rinnan korkeuden l\u00e4vist\u00e4j\u00e4st\u00e4 sek\u00e4 tilavuudesta. Materiaali koostuu H5P-materiaalista. Oppimistavoitteet: Mittaamisen taidot, ympyr\u00e4n ominaisuudet, kolmion ominaisuudet, taulukon lukeminen sek\u00e4 tilavuuslaskenta. Aika: Yksi oppitunti (70 min). &nbsp;Teht\u00e4v\u00e4t:\ud83d\udd17 MAB: Puu-mittaus \ud83d\udd17 Puu hiilen sitojana \ud83d\udd17 Puu ja raha Puu-mittaus &#8211; pituus, l\u00e4pimitta ja tilavuusarvioi<div class=\"h5p-iframe-wrapper\"><iframe id=\"h5p-iframe-9\" class=\"h5p-iframe\" data-content-id=\"9\" style=\"height:1px\" src=\"about:blank\" frameBorder=\"0\" scrolling=\"no\" title=\"MAB: Puu-mittaus\"><\/iframe><\/div>Puu hiilen [&hellip;]<\/p>\n","protected":false},"author":7367,"featured_media":0,"parent":0,"menu_order":0,"comment_status":"closed","ping_status":"closed","template":"","meta":{"_et_pb_use_builder":"on","_et_pb_old_content":"","_et_gb_content_width":"","footnotes":""},"class_list":["post-454","page","type-page","status-publish","hentry"],"_links":{"self":[{"href":"https:\/\/blogi.eoppimispalvelut.fi\/latu\/wp-json\/wp\/v2\/pages\/454","targetHints":{"allow":["GET"]}}],"collection":[{"href":"https:\/\/blogi.eoppimispalvelut.fi\/latu\/wp-json\/wp\/v2\/pages"}],"about":[{"href":"https:\/\/blogi.eoppimispalvelut.fi\/latu\/wp-json\/wp\/v2\/types\/page"}],"author":[{"embeddable":true,"href":"https:\/\/blogi.eoppimispalvelut.fi\/latu\/wp-json\/wp\/v2\/users\/7367"}],"replies":[{"embeddable":true,"href":"https:\/\/blogi.eoppimispalvelut.fi\/latu\/wp-json\/wp\/v2\/comments?post=454"}],"version-history":[{"count":42,"href":"https:\/\/blogi.eoppimispalvelut.fi\/latu\/wp-json\/wp\/v2\/pages\/454\/revisions"}],"predecessor-version":[{"id":2470,"href":"https:\/\/blogi.eoppimispalvelut.fi\/latu\/wp-json\/wp\/v2\/pages\/454\/revisions\/2470"}],"wp:attachment":[{"href":"https:\/\/blogi.eoppimispalvelut.fi\/latu\/wp-json\/wp\/v2\/media?parent=454"}],"curies":[{"name":"wp","href":"https:\/\/api.w.org\/{rel}","templated":true}]}}