{"id":4865,"date":"2023-06-09T12:47:08","date_gmt":"2023-06-09T09:47:08","guid":{"rendered":"https:\/\/blogi.eoppimispalvelut.fi\/latu\/?page_id=4865"},"modified":"2024-01-15T18:41:33","modified_gmt":"2024-01-15T16:41:33","slug":"polkuja-korkeakouluihin","status":"publish","type":"page","link":"https:\/\/blogi.eoppimispalvelut.fi\/latu\/polkuja-korkeakouluihin\/","title":{"rendered":"Polkuja korkeakouluihin"},"content":{"rendered":"<p>[et_pb_section fb_built=&#8221;1&#8243; admin_label=&#8221;Opetuskokonaisuus&#8221; module_id=&#8221;tiivistelma&#8221; _builder_version=&#8221;4.20.4&#8243; _module_preset=&#8221;default&#8221; min_height=&#8221;491.2px&#8221; custom_margin=&#8221;-30px|30px|-30px|30px|true|true&#8221; custom_padding=&#8221;||0px|||&#8221; global_colors_info=&#8221;{}&#8221;][et_pb_row _builder_version=&#8221;4.18.0&#8243; _module_preset=&#8221;default&#8221; custom_margin=&#8221;10px|auto||auto||&#8221; global_colors_info=&#8221;{}&#8221;][et_pb_column type=&#8221;4_4&#8243; _builder_version=&#8221;4.18.0&#8243; _module_preset=&#8221;default&#8221; global_colors_info=&#8221;{}&#8221;][et_pb_text _builder_version=&#8221;4.20.4&#8243; _module_preset=&#8221;default&#8221; global_colors_info=&#8221;{}&#8221;]<\/p>\n<h1><strong>Polkuja korkeakouluihin<\/strong><strong><\/strong><\/h1>\n<p><strong><\/strong><\/p>\n<p>[\/et_pb_text][et_pb_divider color=&#8221;#e20d18&#8243; divider_weight=&#8221;6px&#8221; admin_label=&#8221;Otsikon alusviiva&#8221; _builder_version=&#8221;4.18.0&#8243; _module_preset=&#8221;default&#8221; width=&#8221;40px&#8221; module_alignment=&#8221;left&#8221; custom_margin=&#8221;-25px|0px||0px|false|false&#8221; custom_padding=&#8221;0px|||0px|false|false&#8221; global_module=&#8221;662&#8243; saved_tabs=&#8221;all&#8221; global_colors_info=&#8221;{}&#8221;][\/et_pb_divider][et_pb_text _builder_version=&#8221;4.20.4&#8243; _module_preset=&#8221;default&#8221; global_colors_info=&#8221;{}&#8221;]<\/p>\n<p><strong><\/strong><\/p>\n<p><span style=\"font-size: large\"><strong>T\u00e4lt\u00e4 sivulta l\u00f6yd\u00e4t tietoa ja tarinoita erilaisista v\u00e4ylist\u00e4 korkeakouluopintoihin.<\/strong><\/span><\/p>\n<p><span style=\"font-size: large\"><strong>Laatikon otsikkoa klikkaamalla p\u00e4\u00e4set tutustumaan polkuun tarkemmin.<\/strong><\/span><\/p>\n<p><strong><\/strong><\/p>\n<p><strong><\/strong><\/p>\n<p><strong><\/strong><\/p>\n<p>[\/et_pb_text][\/et_pb_column][\/et_pb_row][et_pb_row column_structure=&#8221;1_4,1_4,1_4,1_4&#8243; admin_label=&#8221;valikko&#8221; _builder_version=&#8221;4.18.0&#8243; _module_preset=&#8221;default&#8221; global_colors_info=&#8221;{}&#8221;][et_pb_column type=&#8221;1_4&#8243; _builder_version=&#8221;4.18.0&#8243; _module_preset=&#8221;default&#8221; global_colors_info=&#8221;{}&#8221;][et_pb_text admin_label=&#8221;Avoimen vayla&#8221; _builder_version=&#8221;4.20.4&#8243; _module_preset=&#8221;default&#8221; text_font=&#8221;|700|||||||&#8221; background_color=&#8221;#bf58d3&#8243; text_orientation=&#8221;center&#8221; width=&#8221;100%&#8221; max_width=&#8221;100%&#8221; min_height=&#8221;144px&#8221; height=&#8221;144px&#8221; max_height=&#8221;144px&#8221; custom_margin=&#8221;||||false|false&#8221; custom_padding=&#8221;60px||||false|false&#8221; link_option_url=&#8221;#avoimen&#8221; global_colors_info=&#8221;{}&#8221;]<\/p>\n<h2><a href=\"#avoimen\" title=\"Siirry Avoimen\"><strong>Avoimen v\u00e4yl\u00e4<\/strong><\/a><\/h2>\n<p>[\/et_pb_text][\/et_pb_column][et_pb_column type=&#8221;1_4&#8243; _builder_version=&#8221;4.18.0&#8243; _module_preset=&#8221;default&#8221; global_colors_info=&#8221;{}&#8221;][et_pb_text admin_label=&#8221;Tarinat&#8221; _builder_version=&#8221;4.20.4&#8243; _module_preset=&#8221;default&#8221; text_font=&#8221;|700|||||||&#8221; background_color=&#8221;#A0EB00&#8243; text_orientation=&#8221;center&#8221; width=&#8221;100%&#8221; max_width=&#8221;100%&#8221; min_height=&#8221;144px&#8221; height=&#8221;144px&#8221; max_height=&#8221;144px&#8221; custom_margin=&#8221;||||false|false&#8221; custom_padding=&#8221;60px||||false|false&#8221; link_option_url=&#8221;#tarinat&#8221; global_colors_info=&#8221;{}&#8221;]<\/p>\n<h2><a href=\"#tarinat\" title=\"Siirry Tarinat\"><strong>Tarinat<\/strong><\/a><\/h2>\n<p>[\/et_pb_text][\/et_pb_column][et_pb_column type=&#8221;1_4&#8243; _builder_version=&#8221;4.18.0&#8243; _module_preset=&#8221;default&#8221; global_colors_info=&#8221;{}&#8221;][et_pb_text admin_label=&#8221;Todistusvalinta&#8221; _builder_version=&#8221;4.20.4&#8243; _module_preset=&#8221;default&#8221; text_font=&#8221;|700|||||||&#8221; background_color=&#8221;#ed3881&#8243; text_orientation=&#8221;center&#8221; width=&#8221;100%&#8221; max_width=&#8221;100%&#8221; min_height=&#8221;144px&#8221; height=&#8221;144px&#8221; max_height=&#8221;144px&#8221; custom_margin=&#8221;||||false|false&#8221; custom_padding=&#8221;60px||||false|false&#8221; link_option_url=&#8221;#todistusvalinta&#8221; global_colors_info=&#8221;{}&#8221;]<\/p>\n<h2 style=\"text-align: center\"><a href=\"#todistusvalinta\" title=\"Siirry Todistusvalinta\"><strong>Todistusvalinta<\/strong><\/a><\/h2>\n<p>[\/et_pb_text][\/et_pb_column][et_pb_column type=&#8221;1_4&#8243; _builder_version=&#8221;4.18.0&#8243; _module_preset=&#8221;default&#8221; global_colors_info=&#8221;{}&#8221;][et_pb_text admin_label=&#8221;Valintakokeet&#8221; _builder_version=&#8221;4.20.4&#8243; _module_preset=&#8221;default&#8221; text_font=&#8221;|700|||||||&#8221; background_color=&#8221;#FF7857&#8243; text_orientation=&#8221;center&#8221; width=&#8221;100%&#8221; max_width=&#8221;100%&#8221; min_height=&#8221;144px&#8221; height=&#8221;144px&#8221; max_height=&#8221;144px&#8221; custom_margin=&#8221;||||false|false&#8221; custom_padding=&#8221;60px||||false|false&#8221; link_option_url=&#8221;#valintakokeet&#8221; global_colors_info=&#8221;{}&#8221;]<\/p>\n<h2><a href=\"#valintakokeet\" title=\"Siirry Valintakokeet\"><strong>Valintakokeet<\/strong><\/a><\/h2>\n<p>[\/et_pb_text][\/et_pb_column][\/et_pb_row][\/et_pb_section][et_pb_section fb_built=&#8221;1&#8243; admin_label=&#8221;Opetuskokonaisuus&#8221; module_id=&#8221;tiivistelma&#8221; _builder_version=&#8221;4.20.4&#8243; _module_preset=&#8221;default&#8221; custom_margin=&#8221;86px|30px|86px|30px|true|true&#8221; custom_padding=&#8221;||||false|false&#8221; box_shadow_style=&#8221;preset1&#8243; global_colors_info=&#8221;{}&#8221;][et_pb_row custom_padding_last_edited=&#8221;on|phone&#8221; admin_label=&#8221;TULEVAISUUSTY\u00d6PAJA -toteutus&#8221; _builder_version=&#8221;4.20.4&#8243; _module_preset=&#8221;default&#8221; custom_margin=&#8221;45px||||false|false&#8221; custom_padding=&#8221;||||false|false&#8221; custom_padding_tablet=&#8221;|0px|||false|false&#8221; custom_padding_phone=&#8221;&#8221; global_colors_info=&#8221;{}&#8221;][et_pb_column type=&#8221;4_4&#8243; _builder_version=&#8221;4.18.0&#8243; _module_preset=&#8221;default&#8221; global_colors_info=&#8221;{}&#8221;][et_pb_text admin_label=&#8221;avoimen vayla&#8221; _builder_version=&#8221;4.20.4&#8243; _module_preset=&#8221;default&#8221; global_colors_info=&#8221;{}&#8221;]<\/p>\n<h2 id=\"avoimen\"><strong>Avoimen v\u00e4yl\u00e4<\/strong><\/h2>\n<p><strong><\/strong><\/p>\n<p><span style=\"font-weight: 400\">Avoimen v\u00e4yl\u00e4ll\u00e4 tarkoitetaan avoimia korkekouluopintoja, jotka suorittamalla voit saada opiskelupaikan korkeakoulusta. Avoimessa yliopistossa\/ammattikorkeakoulussa voit opiskella yliopisto\/ammattikorkeakoulun tutkintoihin liittyvi\u00e4 opintoja pohjakoulutuksesta tai i\u00e4st\u00e4 riippumatta.<\/span><\/p>\n<p><span style=\"font-weight: 400\">L\u00e4hes kaikki yliopistot\/ammattikorkeakoulut j\u00e4rjest\u00e4v\u00e4t avointa korkeakouluopetusta. My\u00f6s kansanopistojen, kansalaisopistojen tai kes\u00e4yliopistojen kautta on mahdollista opiskella avoimia yliopisto-opintoja. Avoimet korkeakouluopinnot ovat korkeakoulun opetussuunnitelman mukaisia, joten suoritukset voi hyv\u00e4ksy\u00e4 osaksi tutkinto-opintoja. <\/span><span style=\"font-weight: 400\">Koko tutkintoa ei voi suorittaa avoimessa korkeakoulussa, mutta avoimen korkakouluopintojen suorittamisen j\u00e4lkeen voit hakea tutkinto-opiskelijaksi korkeakouluun. Hakijoilta vaadittavat opinnot ja niiden m\u00e4\u00e4r\u00e4 vaihtelee yliopistoittain\/ammattikorkeakouluttain, tiedekunnittain ja p\u00e4\u00e4aineittain, joten tarkista tiedot ja hakuohjeet aina suoraan korkeakoulusta.<\/span><\/p>\n<p><span style=\"font-weight: 400\">Lis\u00e4\u00e4 avoimen yliopiston opinnoista: <\/span><a href=\"https:\/\/opintopolku.fi\/konfo\/fi\/sivu\/avoin-yliopisto\"><span style=\"font-weight: 400\">https:\/\/opintopolku.fi\/konfo\/fi\/sivu\/avoin-yliopisto<\/span><\/a><span style=\"font-weight: 400\">\u00a0<\/span><\/p>\n<p><span style=\"font-weight: 400\">Lis\u00e4\u00e4 avoimen ammattikorkeakoulun opinnoista: <\/span><a href=\"https:\/\/opintopolku.fi\/konfo\/fi\/sivu\/avoin-ammattikorkeakoulu\"><span style=\"font-weight: 400\">https:\/\/opintopolku.fi\/konfo\/fi\/sivu\/avoin-ammattikorkeakoulu<\/span><\/a><\/p>\n<p>[\/et_pb_text][\/et_pb_column][\/et_pb_row][\/et_pb_section][et_pb_section fb_built=&#8221;1&#8243; admin_label=&#8221;Opetuskokonaisuus&#8221; module_id=&#8221;tiivistelma&#8221; _builder_version=&#8221;4.20.4&#8243; _module_preset=&#8221;default&#8221; custom_margin=&#8221;86px|30px|86px|30px|true|true&#8221; custom_padding=&#8221;||||false|false&#8221; box_shadow_style=&#8221;preset1&#8243; global_colors_info=&#8221;{}&#8221;][et_pb_row custom_padding_last_edited=&#8221;on|phone&#8221; admin_label=&#8221;TULEVAISUUSTY\u00d6PAJA -toteutus&#8221; _builder_version=&#8221;4.20.4&#8243; _module_preset=&#8221;default&#8221; custom_margin=&#8221;45px||||false|false&#8221; custom_padding=&#8221;||||false|false&#8221; custom_padding_tablet=&#8221;|0px|||false|false&#8221; custom_padding_phone=&#8221;&#8221; global_colors_info=&#8221;{}&#8221;][et_pb_column type=&#8221;4_4&#8243; _builder_version=&#8221;4.18.0&#8243; _module_preset=&#8221;default&#8221; global_colors_info=&#8221;{}&#8221;][et_pb_text admin_label=&#8221;tarinat&#8221; _builder_version=&#8221;4.20.4&#8243; _module_preset=&#8221;default&#8221; global_colors_info=&#8221;{}&#8221;]<\/p>\n<h2 id=\"tarinat\"><strong>Tarinat<\/strong><\/h2>\n<p>[\/et_pb_text][\/et_pb_column][\/et_pb_row][et_pb_row admin_label=&#8221;\u00c4\u00e4nitys ja teksti&#8221; _builder_version=&#8221;4.20.4&#8243; _module_preset=&#8221;default&#8221; positioning=&#8221;none&#8221; custom_margin=&#8221;||8px||false|false&#8221; custom_padding=&#8221;30px|||||&#8221; border_width_all=&#8221;15px&#8221; border_color_all=&#8221;#26224E&#8221; collapsed=&#8221;off&#8221; global_colors_info=&#8221;{}&#8221;][et_pb_column type=&#8221;4_4&#8243; _builder_version=&#8221;4.16&#8243; _module_preset=&#8221;default&#8221; global_colors_info=&#8221;{}&#8221;][et_pb_text _builder_version=&#8221;4.20.4&#8243; _module_preset=&#8221;default&#8221; text_font=&#8221;||||||||&#8221; header_font=&#8221;|||on|||||&#8221; custom_margin=&#8221;|||8px|false|false&#8221; custom_padding=&#8221;||||false|false&#8221; hover_enabled=&#8221;0&#8243; global_colors_info=&#8221;{}&#8221; sticky_enabled=&#8221;0&#8243;]<\/p>\n<h3><strong>Ilonan tarina (6:42)<\/strong><\/h3>\n<p>[\/et_pb_text][et_pb_video src=&#8221;https:\/\/youtu.be\/S9VdjfADRE4&#8243; _builder_version=&#8221;4.20.4&#8243; _module_preset=&#8221;default&#8221; global_colors_info=&#8221;{}&#8221;][\/et_pb_video][et_pb_text _builder_version=&#8221;4.20.4&#8243; _module_preset=&#8221;default&#8221; custom_margin=&#8221;|||8px|false|false&#8221; hover_enabled=&#8221;0&#8243; global_colors_info=&#8221;{}&#8221; sticky_enabled=&#8221;0&#8243;]Ilona on suorittanut kolmoistutkinnon. H\u00e4n on valmistunut ravintola- ja catering-alan perustutkinnosta kokiksi ja suorittanut samalla lukion oppim\u00e4\u00e4r\u00e4n sek\u00e4 ylioppilastutkinnon. Ty\u00f6el\u00e4m\u00e4\u00e4n p\u00e4\u00e4sty\u00e4\u00e4n Ilona halusi keskitty\u00e4 ty\u00f6ntekoon ja ajatteli, ettei opiskelisi en\u00e4\u00e4 koskaan. Muutaman vuoden kuluttua mieli kuitenkin muuttui. T\u00e4ll\u00e4 hetkell\u00e4 Ilona opiskelee Lapin ammattikorkeakoulussa liiketaloutta ja valmistuu tradenomiksi. Katso Ilonan koko tarina ja mit\u00e4 terveisi\u00e4 h\u00e4n l\u00e4hett\u00e4\u00e4 nuorille![\/et_pb_text][\/et_pb_column][\/et_pb_row][et_pb_row admin_label=&#8221;\u00c4\u00e4nitys ja teksti&#8221; _builder_version=&#8221;4.20.4&#8243; _module_preset=&#8221;default&#8221; positioning=&#8221;none&#8221; custom_margin=&#8221;8px||8px||false|false&#8221; custom_padding=&#8221;30px|||||&#8221; border_width_all=&#8221;15px&#8221; border_color_all=&#8221;#26224E&#8221; collapsed=&#8221;off&#8221; global_colors_info=&#8221;{}&#8221;][et_pb_column type=&#8221;4_4&#8243; _builder_version=&#8221;4.16&#8243; _module_preset=&#8221;default&#8221; global_colors_info=&#8221;{}&#8221;][et_pb_text _builder_version=&#8221;4.20.4&#8243; _module_preset=&#8221;default&#8221; text_font=&#8221;||||||||&#8221; header_font=&#8221;|||on|||||&#8221; custom_margin=&#8221;|||8px|false|false&#8221; custom_padding=&#8221;||||false|false&#8221; global_colors_info=&#8221;{}&#8221;]<\/p>\n<h3><strong>Terhi tarina (4:55)<\/strong><\/h3>\n<p>[\/et_pb_text][et_pb_video src=&#8221;https:\/\/youtu.be\/GlqK5EDMwfk&#8221; _builder_version=&#8221;4.20.4&#8243; _module_preset=&#8221;default&#8221; global_colors_info=&#8221;{}&#8221;][\/et_pb_video][et_pb_text _builder_version=&#8221;4.20.4&#8243; _module_preset=&#8221;default&#8221; custom_margin=&#8221;|||8px|false|false&#8221; hover_enabled=&#8221;0&#8243; global_colors_info=&#8221;{}&#8221; sticky_enabled=&#8221;0&#8243;]Terhi on alun perin suorittanut liiketalouden perustutkinnon ja valmistunut merkonomiksi. Oltuaan ty\u00f6el\u00e4m\u00e4ss\u00e4 muutaman vuoden Terhi kiinnostui psykologiasta ja hakeutui avoimeen yliopistoon psykologian perusopintoihin. H\u00e4n on k\u00e4ynyt l\u00e4pi psykologian p\u00e4\u00e4sykokeet, opiskellut lis\u00e4\u00e4 kansanopistossa ja lopulta saanut opiskelupaikan avoimen v\u00e4yl\u00e4n kautta. Terhi on valmistunut Lapin yliopistosta hallintotieteiden maisteriksi johtamisen psykologia p\u00e4\u00e4aineena. Katso Terhin koko tarina ja mit\u00e4 terveisi\u00e4 h\u00e4n l\u00e4hett\u00e4\u00e4 nuorille![\/et_pb_text][\/et_pb_column][\/et_pb_row][et_pb_row admin_label=&#8221;\u00c4\u00e4nitys ja teksti&#8221; _builder_version=&#8221;4.20.4&#8243; _module_preset=&#8221;default&#8221; positioning=&#8221;none&#8221; custom_margin=&#8221;8px||8px||false|false&#8221; custom_padding=&#8221;30px|||||&#8221; border_width_all=&#8221;15px&#8221; border_color_all=&#8221;#26224E&#8221; collapsed=&#8221;off&#8221; global_colors_info=&#8221;{}&#8221;][et_pb_column type=&#8221;4_4&#8243; _builder_version=&#8221;4.16&#8243; _module_preset=&#8221;default&#8221; global_colors_info=&#8221;{}&#8221;][et_pb_text _builder_version=&#8221;4.20.4&#8243; _module_preset=&#8221;default&#8221; text_font=&#8221;||||||||&#8221; header_font=&#8221;|||on|||||&#8221; custom_margin=&#8221;|||8px|false|false&#8221; custom_padding=&#8221;||||false|false&#8221; hover_enabled=&#8221;0&#8243; global_colors_info=&#8221;{}&#8221; sticky_enabled=&#8221;0&#8243;]<\/p>\n<h3><strong>Kristan tarina (9:46)<\/strong><\/h3>\n<p>[\/et_pb_text][et_pb_video src=&#8221;https:\/\/youtu.be\/JnKW7WvivNA&#8221; _builder_version=&#8221;4.20.4&#8243; _module_preset=&#8221;default&#8221; global_colors_info=&#8221;{}&#8221;][\/et_pb_video][et_pb_text _builder_version=&#8221;4.20.4&#8243; _module_preset=&#8221;default&#8221; custom_margin=&#8221;|||8px|false|false&#8221; hover_enabled=&#8221;0&#8243; global_colors_info=&#8221;{}&#8221; sticky_enabled=&#8221;0&#8243;]<\/p>\n<p><span>Krista on valmistunut ravintola- ja catering-alan perustutkinnosta tarjoilijaksi. Matkalle on mahtunut keskeytyneet lukio-opinnot, monenlaisia t\u00f6it\u00e4 ja opiskelua kohtaan syttynyt kipin\u00e4. Innostus uuden oppimiseen vei Kristan avoimeen yliopistoon hallintotieteiden opintojen pariin. Muutamien p\u00e4\u00e4sykokeiden kautta opiskelupaikka avautui politiikkatieteiden ja sosiologian tutkinto-ohjelmasta. Krista on valmistunut yhteiskuntatieteiden maisteriksi Lapin yliopistosta. Katso Kristan koko tarina ja mit\u00e4 terveisi\u00e4 h\u00e4n l\u00e4hett\u00e4\u00e4 nuorille!<\/span><\/p>\n<p>[\/et_pb_text][\/et_pb_column][\/et_pb_row][\/et_pb_section][et_pb_section fb_built=&#8221;1&#8243; admin_label=&#8221;Opetuskokonaisuus&#8221; module_id=&#8221;tiivistelma&#8221; _builder_version=&#8221;4.20.4&#8243; _module_preset=&#8221;default&#8221; custom_margin=&#8221;86px|30px|86px|30px|true|true&#8221; custom_padding=&#8221;||||false|false&#8221; box_shadow_style=&#8221;preset1&#8243; global_colors_info=&#8221;{}&#8221;][et_pb_row custom_padding_last_edited=&#8221;on|phone&#8221; admin_label=&#8221;TULEVAISUUSTY\u00d6PAJA -toteutus&#8221; _builder_version=&#8221;4.20.4&#8243; _module_preset=&#8221;default&#8221; custom_margin=&#8221;45px||||false|false&#8221; custom_padding=&#8221;5px|157px||1px|false|false&#8221; custom_padding_tablet=&#8221;|0px|||false|false&#8221; custom_padding_phone=&#8221;&#8221; global_colors_info=&#8221;{}&#8221;][et_pb_column type=&#8221;4_4&#8243; _builder_version=&#8221;4.18.0&#8243; _module_preset=&#8221;default&#8221; global_colors_info=&#8221;{}&#8221;][et_pb_text admin_label=&#8221;todistusvalinta&#8221; _builder_version=&#8221;4.20.4&#8243; _module_preset=&#8221;default&#8221; global_colors_info=&#8221;{}&#8221;]<\/p>\n<h2 id=\"todistusvalinta\"><strong>Todistusvalinta<\/strong><\/h2>\n<p><strong><\/strong><\/p>\n<p><span style=\"font-weight: 400\">Ammattikorkeakoulussa todistusvalinta perustuu ammatillisen perustutkinnon tai ylioppilastutkinnon arvosanojen pisteytt\u00e4miseen. Kaksoistutkinnon suorittanut on mukana sek\u00e4 ylioppilastutkinnon ett\u00e4 ammatillisen perustutkinnon perusteella teht\u00e4v\u00e4ss\u00e4 todistusvalinnassa. <\/span><span style=\"font-weight: 400\">Ammattikorkeakoulujen todistusvalinnan pisteytysmallit ovat k\u00e4yt\u00f6ss\u00e4 kaikissa ammattikorkeakouluissa ja kaikilla koulutusaloilla lukuun ottamatta kulttuurialaa ja tulkin koulutusta.\u00a0<\/span><\/p>\n<p><span style=\"font-weight: 400\">Lis\u00e4tietoa ammattikorkeakoulujen todistusvalinnasta: <\/span><a href=\"https:\/\/www.ammattikorkeakouluun.fi\/hakijalle\/valintatavat\/todistusvalinta\/#yo-pisteytys\"><span style=\"font-weight: 400\">https:\/\/www.ammattikorkeakouluun.fi\/hakijalle\/valintatavat\/todistusvalinta\/#yo-pisteytys<\/span><\/a><span style=\"font-weight: 400\">\u00a0<\/span><\/p>\n<p><span style=\"font-weight: 400\">Valtaosa opiskelijoista yliopistoon valitaan ylioppilastutkintotodistuksen perusteella. Hakijoiden ylioppilastodistukset pisteytet\u00e4\u00e4n ja opiskelemaan p\u00e4\u00e4sev\u00e4t parhaat todistuspisteet saaneet hakijat. Ylioppilastodistuksen perusteella teht\u00e4v\u00e4ss\u00e4 suora valinnassa kaikki tietyn ylioppilasarvosanan tai tietyt ylioppilasarvosanat saaneet hakijat saavat opiskelupaikan.\u00a0<\/span><\/p>\n<p><span style=\"font-weight: 400\">Lis\u00e4\u00e4 yliopistojen todistusvalinnasta: <\/span><span style=\"font-weight: 400\"><a href=\"https:\/\/yliopistovalinnat.fi\/todistusvalinta\">https:\/\/yliopistovalinnat.fi\/todistusvalinta<\/a><a href=\"https:\/\/yliopistovalinnat.fi\/todistusvalinta\"><\/a><\/span><span style=\"font-weight: 400\"><\/span><\/p>\n<p>[\/et_pb_text][\/et_pb_column][\/et_pb_row][\/et_pb_section][et_pb_section fb_built=&#8221;1&#8243; admin_label=&#8221;Opetuskokonaisuus&#8221; module_id=&#8221;tiivistelma&#8221; _builder_version=&#8221;4.20.4&#8243; _module_preset=&#8221;default&#8221; custom_margin=&#8221;86px|30px|86px|30px|true|true&#8221; custom_padding=&#8221;||||false|false&#8221; box_shadow_style=&#8221;preset1&#8243; global_colors_info=&#8221;{}&#8221;][et_pb_row custom_padding_last_edited=&#8221;on|phone&#8221; admin_label=&#8221;TULEVAISUUSTY\u00d6PAJA -toteutus&#8221; _builder_version=&#8221;4.20.4&#8243; _module_preset=&#8221;default&#8221; custom_margin=&#8221;45px||||false|false&#8221; custom_padding=&#8221;5px|157px||1px|false|false&#8221; custom_padding_tablet=&#8221;|0px|||false|false&#8221; custom_padding_phone=&#8221;&#8221; global_colors_info=&#8221;{}&#8221;][et_pb_column type=&#8221;4_4&#8243; _builder_version=&#8221;4.18.0&#8243; _module_preset=&#8221;default&#8221; global_colors_info=&#8221;{}&#8221;][et_pb_text admin_label=&#8221;valintakokeet&#8221; _builder_version=&#8221;4.20.4&#8243; _module_preset=&#8221;default&#8221; global_colors_info=&#8221;{}&#8221;]<\/p>\n<h2 id=\"valintakokeet\"><strong>Valintakokeet<\/strong><\/h2>\n<p><strong><\/strong><\/p>\n<p><span style=\"font-weight: 400\">AMK-valintakoe on ammattikorkeakoulujen yhteinen digitaalinen valintakoe, joka tehd\u00e4\u00e4n omalla kannettavalla tietokoneella. AMK-valintakokeessa arvioidaan hakijan valmiuksia ammattikorkeakouluopintoihin. Valintakokeeseen ei liity ennakkomateriaalia tai -teht\u00e4vi\u00e4. Jos olet saanut opiskelupaikan ammattikorkeakoulusta todistusvalinnassa, sinun ei tarvitse osallistua valintakokeeseen. Jos sinut on hyv\u00e4ksytty alempaan hakutoiveeseen todistusvalinnassa, voit tavoitella ylemm\u00e4n toiveen opiskelupaikkaa valintakokeen kautta.\u00a0<\/span><\/p>\n<p><span style=\"font-weight: 400\">Lis\u00e4\u00e4 AMK-valintakokeesta: <\/span><a href=\"https:\/\/www.ammattikorkeakouluun.fi\/hakijalle\/valintatavat\/amk-valintakoe\/\"><span style=\"font-weight: 400\">https:\/\/www.ammattikorkeakouluun.fi\/hakijalle\/valintatavat\/amk-valintakoe\/<\/span><\/a><span style=\"font-weight: 400\">\u00a0<\/span><\/p>\n<p><span style=\"font-weight: 400\">Yliopiston valintakokeella (eli p\u00e4\u00e4sykokeella) valitaan noin puolet uusista opiskelijoista kanditason opintoihin. P\u00e4\u00e4sykoe voi olla k\u00e4yt\u00f6ss\u00e4 my\u00f6s maisteritason valinnoissa. Valintakoe testaa alan opinnoissa menestymisen kannalta keskeisi\u00e4 ennakkotietoja ja -taitoja sek\u00e4 yleisi\u00e4 valmiuksia korkeakouluopiskeluun. Tyypillisesti yliopiston p\u00e4\u00e4sykoe on kirjallinen koe. Soveltuvuuskoe voi sis\u00e4lt\u00e4\u00e4 kirjallisen kokeen lis\u00e4ksi haastattelun. Taidealojen valintakokeessa voi kirjallisen kokeen lis\u00e4ksi olla suullisia yksil\u00f6- ja ryhm\u00e4teht\u00e4vi\u00e4. Koe voidaan j\u00e4rjest\u00e4\u00e4 joko digitaalisena tai paperisena.\u00a0<\/span><\/p>\n<p><span style=\"font-weight: 400\">Lis\u00e4\u00e4 yliopistojen valintakokeista: <\/span><span style=\"font-weight: 400\"><a href=\"https:\/\/yliopistovalinnat.fi\/valintakokeet\">https:\/\/yliopistovalinnat.fi\/valintakokeet<\/a><a href=\"https:\/\/yliopistovalinnat.fi\/valintakokeet\"><\/a><\/span><\/p>\n<p>[\/et_pb_text][\/et_pb_column][\/et_pb_row][\/et_pb_section][et_pb_section fb_built=&#8221;1&#8243; _builder_version=&#8221;4.16&#8243; _module_preset=&#8221;default&#8221; custom_margin=&#8221;0px|30px|0px|30px|true|true&#8221; custom_padding=&#8221;||3px|||&#8221; global_colors_info=&#8221;{}&#8221;][et_pb_row _builder_version=&#8221;4.16&#8243; _module_preset=&#8221;default&#8221; global_colors_info=&#8221;{}&#8221;][et_pb_column type=&#8221;4_4&#8243; _builder_version=&#8221;4.16&#8243; _module_preset=&#8221;default&#8221; global_colors_info=&#8221;{}&#8221;][et_pb_text admin_label=&#8221;Teksti&#8221; _builder_version=&#8221;4.18.0&#8243; _module_preset=&#8221;default&#8221; global_colors_info=&#8221;{}&#8221;]<\/p>\n<h2><strong>Yhteisty\u00f6ss\u00e4<\/strong><\/h2>\n<p>[\/et_pb_text][et_pb_divider color=&#8221;#e20d18&#8243; divider_weight=&#8221;6px&#8221; admin_label=&#8221;Otsikon alusviiva&#8221; _builder_version=&#8221;4.18.0&#8243; _module_preset=&#8221;default&#8221; width=&#8221;40px&#8221; module_alignment=&#8221;left&#8221; custom_margin=&#8221;-25px|0px||0px|false|false&#8221; custom_padding=&#8221;0px|||0px|false|false&#8221; global_module=&#8221;662&#8243; saved_tabs=&#8221;all&#8221; global_colors_info=&#8221;{}&#8221;][\/et_pb_divider][\/et_pb_column][\/et_pb_row][\/et_pb_section][et_pb_section fb_built=&#8221;1&#8243; _builder_version=&#8221;4.16&#8243; _module_preset=&#8221;default&#8221; custom_margin=&#8221;2px|30px|2px|30px|true|true&#8221; global_colors_info=&#8221;{}&#8221;][et_pb_row column_structure=&#8221;1_3,1_3,1_3&#8243; _builder_version=&#8221;4.16&#8243; _module_preset=&#8221;default&#8221; global_colors_info=&#8221;{}&#8221;][et_pb_column type=&#8221;1_3&#8243; _builder_version=&#8221;4.16&#8243; _module_preset=&#8221;default&#8221; global_colors_info=&#8221;{}&#8221;][et_pb_image src=&#8221;https:\/\/blogi.eoppimispalvelut.fi\/latu\/files\/2021\/04\/OPH_rahoittaa_rgb.png&#8221; alt=&#8221;Opetushallitus rahoittaa hanketta -logo, teksti &#8221;Opetushallitus rahoittaa hanketta&#8221;.&#8221; title_text=&#8221;Opetushallitus rahoittaa hanketta -logo&#8221; align=&#8221;center&#8221; _builder_version=&#8221;4.18.0&#8243; _module_preset=&#8221;default&#8221; global_colors_info=&#8221;{}&#8221;][\/et_pb_image][\/et_pb_column][et_pb_column type=&#8221;1_3&#8243; _builder_version=&#8221;4.16&#8243; _module_preset=&#8221;default&#8221; global_colors_info=&#8221;{}&#8221;][\/et_pb_column][et_pb_column type=&#8221;1_3&#8243; _builder_version=&#8221;4.16&#8243; _module_preset=&#8221;default&#8221; global_colors_info=&#8221;{}&#8221;][\/et_pb_column][\/et_pb_row][\/et_pb_section]<\/p>\n","protected":false},"excerpt":{"rendered":"<p>Polkuja korkeakouluihin T\u00e4lt\u00e4 sivulta l\u00f6yd\u00e4t tietoa ja tarinoita erilaisista v\u00e4ylist\u00e4 korkeakouluopintoihin. Laatikon otsikkoa klikkaamalla p\u00e4\u00e4set tutustumaan polkuun tarkemmin. Avoimen v\u00e4yl\u00e4TarinatTodistusvalintaValintakokeetAvoimen v\u00e4yl\u00e4 Avoimen v\u00e4yl\u00e4ll\u00e4 tarkoitetaan avoimia korkekouluopintoja, jotka suorittamalla voit saada opiskelupaikan korkeakoulusta. Avoimessa yliopistossa\/ammattikorkeakoulussa voit opiskella yliopisto\/ammattikorkeakoulun tutkintoihin liittyvi\u00e4 opintoja pohjakoulutuksesta tai i\u00e4st\u00e4 riippumatta. L\u00e4hes kaikki yliopistot\/ammattikorkeakoulut j\u00e4rjest\u00e4v\u00e4t avointa korkeakouluopetusta. My\u00f6s kansanopistojen, kansalaisopistojen tai kes\u00e4yliopistojen [&hellip;]<\/p>\n","protected":false},"author":20029,"featured_media":0,"parent":0,"menu_order":0,"comment_status":"closed","ping_status":"closed","template":"","meta":{"_et_pb_use_builder":"on","_et_pb_old_content":"","_et_gb_content_width":"","footnotes":""},"class_list":["post-4865","page","type-page","status-publish","hentry"],"_links":{"self":[{"href":"https:\/\/blogi.eoppimispalvelut.fi\/latu\/wp-json\/wp\/v2\/pages\/4865","targetHints":{"allow":["GET"]}}],"collection":[{"href":"https:\/\/blogi.eoppimispalvelut.fi\/latu\/wp-json\/wp\/v2\/pages"}],"about":[{"href":"https:\/\/blogi.eoppimispalvelut.fi\/latu\/wp-json\/wp\/v2\/types\/page"}],"author":[{"embeddable":true,"href":"https:\/\/blogi.eoppimispalvelut.fi\/latu\/wp-json\/wp\/v2\/users\/20029"}],"replies":[{"embeddable":true,"href":"https:\/\/blogi.eoppimispalvelut.fi\/latu\/wp-json\/wp\/v2\/comments?post=4865"}],"version-history":[{"count":31,"href":"https:\/\/blogi.eoppimispalvelut.fi\/latu\/wp-json\/wp\/v2\/pages\/4865\/revisions"}],"predecessor-version":[{"id":5118,"href":"https:\/\/blogi.eoppimispalvelut.fi\/latu\/wp-json\/wp\/v2\/pages\/4865\/revisions\/5118"}],"wp:attachment":[{"href":"https:\/\/blogi.eoppimispalvelut.fi\/latu\/wp-json\/wp\/v2\/media?parent=4865"}],"curies":[{"name":"wp","href":"https:\/\/api.w.org\/{rel}","templated":true}]}}