{"id":54,"date":"2021-04-27T10:30:20","date_gmt":"2021-04-27T07:30:20","guid":{"rendered":"https:\/\/blogi.eoppimispalvelut.fi\/latu\/?page_id=54"},"modified":"2022-02-20T21:37:12","modified_gmt":"2022-02-20T19:37:12","slug":"oppimateriaalit","status":"publish","type":"page","link":"https:\/\/blogi.eoppimispalvelut.fi\/latu\/oppimateriaalit\/","title":{"rendered":"Oppimateriaalit"},"content":{"rendered":"<p>[et_pb_section fb_built=&#8221;1&#8243; fullwidth=&#8221;on&#8221; admin_label=&#8221;Section&#8221; _builder_version=&#8221;4.8.2&#8243; _module_preset=&#8221;default&#8221; saved_tabs=&#8221;all&#8221;][et_pb_fullwidth_header title=&#8221;Oppimateriaalit lukio-opetukseen&#8221; button_one_url=&#8221;https:\/\/blogi.eoppimispalvelut.fi\/latu\/oppimateriaalit\/&#8221; button_two_url=&#8221;https:\/\/blogi.eoppimispalvelut.fi\/latu\/korkeakoulu-ja-tyoelamayhteistyo\/&#8221; background_overlay_color=&#8221;rgba(255,255,255,0.75)&#8221; _builder_version=&#8221;4.8.2&#8243; _module_preset=&#8221;default&#8221; title_font=&#8221;|800|||||||&#8221; title_font_size=&#8221;60px&#8221; background_image=&#8221;https:\/\/blogi.eoppimispalvelut.fi\/latu\/files\/2021\/06\/IMG_2521-scaled.jpg&#8221; parallax=&#8221;on&#8221; custom_button_one=&#8221;on&#8221; button_one_text_color=&#8221;#26224E&#8221; button_one_border_color=&#8221;#26224E&#8221; custom_button_two=&#8221;on&#8221; button_two_text_color=&#8221;#26224E&#8221; button_two_bg_color=&#8221;RGBA(0,0,0,0)&#8221; button_two_border_color=&#8221;#26224E&#8221; background_layout=&#8221;light&#8221; title_font_size_tablet=&#8221;&#8221; title_font_size_phone=&#8221;40px&#8221; title_font_size_last_edited=&#8221;on|phone&#8221;][\/et_pb_fullwidth_header][\/et_pb_section][et_pb_section fb_built=&#8221;1&#8243; admin_label=&#8221;Latu-hankkeessa tuotetut oppimateriaalit ja opettajan ty\u00f6kalut&#8221; _builder_version=&#8221;4.8.2&#8243; _module_preset=&#8221;default&#8221; custom_margin=&#8221;36px|30px|36px|30px|true|true&#8221; custom_padding=&#8221;0px||0px|||&#8221; global_module=&#8221;2521&#8243; saved_tabs=&#8221;all&#8221;][et_pb_row _builder_version=&#8221;4.8.2&#8243; _module_preset=&#8221;default&#8221; custom_margin=&#8221;|auto|-1px|auto||&#8221; custom_padding=&#8221;||1px|||&#8221;][et_pb_column type=&#8221;4_4&#8243; _builder_version=&#8221;4.8.2&#8243; _module_preset=&#8221;default&#8221;][et_pb_text _builder_version=&#8221;4.8.2&#8243; _module_preset=&#8221;default&#8221;]<\/p>\n<h1><strong>Materiaalit lukio-opetukseen<\/strong><\/h1>\n<p>[\/et_pb_text][et_pb_divider color=&#8221;#e20d18&#8243; divider_weight=&#8221;6px&#8221; admin_label=&#8221;Otsikon alusviiva&#8221; _builder_version=&#8221;4.8.2&#8243; _module_preset=&#8221;default&#8221; width=&#8221;40px&#8221; module_alignment=&#8221;left&#8221; custom_margin=&#8221;-25px|0px||0px|false|false&#8221; custom_padding=&#8221;0px|||0px|false|false&#8221;][\/et_pb_divider][\/et_pb_column][\/et_pb_row][et_pb_row column_structure=&#8221;1_3,1_3,1_3&#8243; _builder_version=&#8221;4.8.2&#8243; _module_preset=&#8221;default&#8221;][et_pb_column type=&#8221;1_3&#8243; _builder_version=&#8221;4.8.2&#8243; _module_preset=&#8221;default&#8221; custom_padding=&#8221;|0px||0px|false|false&#8221;][et_pb_text _builder_version=&#8221;4.8.2&#8243; _module_preset=&#8221;default&#8221; text_font=&#8221;|700|||||||&#8221; background_color=&#8221;rgba(38,34,78,0.25)&#8221; text_orientation=&#8221;center&#8221; width=&#8221;100%&#8221; max_width=&#8221;100%&#8221; min_height=&#8221;144px&#8221; height=&#8221;144px&#8221; max_height=&#8221;144px&#8221; custom_margin=&#8221;||||false|false&#8221; custom_padding=&#8221;60px||||false|false&#8221; link_option_url=&#8221;https:\/\/blogi.eoppimispalvelut.fi\/latu\/historia\/&#8221;]<\/p>\n<h2 style=\"text-align: center\"><a href=\"https:\/\/blogi.eoppimispalvelut.fi\/latu\/historia\/\" title=\"Siirry Historia -materiaaleihin\"><strong>Historia<\/strong><\/a><\/h2>\n<p>[\/et_pb_text][et_pb_text _builder_version=&#8221;4.8.2&#8243; _module_preset=&#8221;default&#8221; text_font=&#8221;|700|||||||&#8221; background_color=&#8221;rgba(38,34,78,0.25)&#8221; text_orientation=&#8221;center&#8221; width=&#8221;100%&#8221; max_width=&#8221;100%&#8221; min_height=&#8221;144px&#8221; height=&#8221;144px&#8221; max_height=&#8221;144px&#8221; custom_padding=&#8221;60px||||false|false&#8221; link_option_url=&#8221;https:\/\/blogi.eoppimispalvelut.fi\/latu\/yrittajyyden-jaljilla\/&#8221;]<\/p>\n<h2 style=\"text-align: center\"><a href=\"https:\/\/blogi.eoppimispalvelut.fi\/latu\/yrittajyyden-jaljilla\/\" title=\"Siirry Yritt\u00e4jyyden j\u00e4ljill\u00e4 -materiaaleihin\"><strong>Yritt\u00e4jyyden j\u00e4ljill\u00e4<\/strong><\/a><\/h2>\n<p>[\/et_pb_text][et_pb_text _builder_version=&#8221;4.8.2&#8243; _module_preset=&#8221;default&#8221; text_font=&#8221;|700|||||||&#8221; background_color=&#8221;rgba(38,34,78,0.25)&#8221; text_orientation=&#8221;center&#8221; width=&#8221;100%&#8221; max_width=&#8221;100%&#8221; min_height=&#8221;144px&#8221; height=&#8221;144px&#8221; max_height=&#8221;144px&#8221; custom_padding=&#8221;60px||||false|false&#8221; link_option_url=&#8221;https:\/\/blogi.eoppimispalvelut.fi\/latu\/valmennusoppi\/&#8221; link_option_url_new_window=&#8221;on&#8221;]<\/p>\n<h2 style=\"text-align: center\"><a href=\"https:\/\/blogi.eoppimispalvelut.fi\/latu\/valmennusoppi\/\" title=\"Siirry Valmennusoppi -materiaaleihin\"><strong>Valmennusoppi<\/strong><\/a><\/h2>\n<p>[\/et_pb_text][\/et_pb_column][et_pb_column type=&#8221;1_3&#8243; _builder_version=&#8221;4.8.2&#8243; _module_preset=&#8221;default&#8221;][et_pb_text _builder_version=&#8221;4.8.2&#8243; _module_preset=&#8221;default&#8221; text_font=&#8221;|700|||||||&#8221; background_color=&#8221;rgba(38,34,78,0.25)&#8221; text_orientation=&#8221;center&#8221; width=&#8221;100%&#8221; max_width=&#8221;100%&#8221; min_height=&#8221;144px&#8221; height=&#8221;144px&#8221; max_height=&#8221;144px&#8221; custom_padding=&#8221;60px||||false|false&#8221; link_option_url=&#8221;https:\/\/blogi.eoppimispalvelut.fi\/latu\/biologia\/&#8221; link_option_url_new_window=&#8221;on&#8221;]<\/p>\n<h2 style=\"text-align: center\"><a href=\"https:\/\/blogi.eoppimispalvelut.fi\/latu\/biologia\/\" title=\"Siirry Biologia -materiaaleihin\"><strong>Biologia<\/strong><\/a><\/h2>\n<p>[\/et_pb_text][et_pb_text _builder_version=&#8221;4.8.2&#8243; _module_preset=&#8221;default&#8221; text_font=&#8221;|700|||||||&#8221; background_color=&#8221;rgba(38,34,78,0.25)&#8221; text_orientation=&#8221;center&#8221; width=&#8221;100%&#8221; max_width=&#8221;100%&#8221; min_height=&#8221;144px&#8221; height=&#8221;144px&#8221; max_height=&#8221;144px&#8221; custom_padding=&#8221;60px||||false|false&#8221; link_option_url=&#8221;https:\/\/blogi.eoppimispalvelut.fi\/latu\/aidinkieli-ja-kirjallisuus\/&#8221;]<\/p>\n<h2 style=\"text-align: center\"><a href=\"https:\/\/blogi.eoppimispalvelut.fi\/latu\/aidinkieli-ja-kirjallisuus\/\" title=\"Siirry \u00c4idinkieli ja kirjallisuus -materiaaleihin\"><strong>\u00c4idinkieli ja kirjallisuus<\/strong><\/a><\/h2>\n<p>[\/et_pb_text][et_pb_text _builder_version=&#8221;4.8.2&#8243; _module_preset=&#8221;default&#8221; text_font=&#8221;|700|||||||&#8221; background_color=&#8221;rgba(38,34,78,0.25)&#8221; text_orientation=&#8221;center&#8221; width=&#8221;100%&#8221; max_width=&#8221;100%&#8221; min_height=&#8221;144px&#8221; height=&#8221;144px&#8221; max_height=&#8221;144px&#8221; custom_padding=&#8221;60px||||false|false&#8221; link_option_url=&#8221;https:\/\/blogi.eoppimispalvelut.fi\/latu\/psykologinen-joustavuus\/&#8221;]<\/p>\n<h2 style=\"text-align: center\"><a href=\"https:\/\/blogi.eoppimispalvelut.fi\/latu\/psykologinen-joustavuus\/\" title=\"Siirry Psykologinen joustavuus -materiaaleihin\"><strong>Psykologinen joustavuus<\/strong><\/a><\/h2>\n<p>[\/et_pb_text][\/et_pb_column][et_pb_column type=&#8221;1_3&#8243; _builder_version=&#8221;4.8.2&#8243; _module_preset=&#8221;default&#8221;][et_pb_text _builder_version=&#8221;4.8.2&#8243; _module_preset=&#8221;default&#8221; text_font=&#8221;|700|||||||&#8221; background_color=&#8221;rgba(38,34,78,0.25)&#8221; text_orientation=&#8221;center&#8221; width=&#8221;100%&#8221; max_width=&#8221;100%&#8221; min_height=&#8221;144px&#8221; height=&#8221;144px&#8221; max_height=&#8221;144px&#8221; custom_padding=&#8221;60px||||false|false&#8221; link_option_url=&#8221;https:\/\/blogi.eoppimispalvelut.fi\/latu\/matematiikka\/&#8221;]<\/p>\n<h2 style=\"text-align: center\"><a href=\"https:\/\/blogi.eoppimispalvelut.fi\/latu\/matematiikka\/\" title=\"Siirry Matematiikka -materiaaleihin\"><strong>Matematiikka<\/strong><\/a><\/h2>\n<p>[\/et_pb_text][et_pb_text _builder_version=&#8221;4.8.2&#8243; _module_preset=&#8221;default&#8221; text_font=&#8221;|700|||||||&#8221; background_color=&#8221;rgba(38,34,78,0.25)&#8221; text_orientation=&#8221;center&#8221; width=&#8221;100%&#8221; max_width=&#8221;100%&#8221; min_height=&#8221;144px&#8221; height=&#8221;144px&#8221; max_height=&#8221;144px&#8221; custom_padding=&#8221;60px||||false|false&#8221; link_option_url=&#8221;https:\/\/blogi.eoppimispalvelut.fi\/latu\/suomi-toisena-kielena\/&#8221;]<\/p>\n<h2 style=\"text-align: center\"><a href=\"https:\/\/blogi.eoppimispalvelut.fi\/latu\/suomi-toisena-kielena\/\" title=\"Siirry Suomi toisena kielen\u00e4 -materiaaleihin\"><strong>Suomi toisena kielen\u00e4<\/strong><\/a><\/h2>\n<p>[\/et_pb_text][et_pb_text _builder_version=&#8221;4.8.2&#8243; _module_preset=&#8221;default&#8221; text_font=&#8221;|700|||||||&#8221; background_color=&#8221;rgba(38,34,78,0.25)&#8221; text_orientation=&#8221;center&#8221; width=&#8221;100%&#8221; max_width=&#8221;100%&#8221; min_height=&#8221;144px&#8221; height=&#8221;144px&#8221; max_height=&#8221;144px&#8221; custom_padding=&#8221;60px||||false|false&#8221; link_option_url=&#8221;https:\/\/blogi.eoppimispalvelut.fi\/latu\/tyoelama-terveiset\/&#8221;]<\/p>\n<h2 style=\"text-align: center\"><a href=\"https:\/\/blogi.eoppimispalvelut.fi\/latu\/tyoelamaterveiset\/\" title=\"Siirry Ty\u00f6el\u00e4m\u00e4 terveiset -materiaaleihin\"><strong>Ty\u00f6el\u00e4m\u00e4 terveiset<\/strong><\/a><\/h2>\n<p>[\/et_pb_text][\/et_pb_column][\/et_pb_row][\/et_pb_section]<\/p>\n","protected":false},"excerpt":{"rendered":"<p>Materiaalit lukio-opetukseenHistoriaYritt\u00e4jyyden j\u00e4ljill\u00e4ValmennusoppiBiologia\u00c4idinkieli ja kirjallisuusPsykologinen joustavuusMatematiikkaSuomi toisena kielen\u00e4Ty\u00f6el\u00e4m\u00e4 terveiset<\/p>\n","protected":false},"author":7367,"featured_media":0,"parent":0,"menu_order":0,"comment_status":"closed","ping_status":"closed","template":"","meta":{"_et_pb_use_builder":"on","_et_pb_old_content":"<h3>Oppimateriaalia on valmisteilla oppiaineisiin:<\/h3><ol><li>Biologia (evoluutio ja ekologia) \u2013 Kuukkeli, paikkauskollisuus ja ihmisen toiminnan vaikutukset<\/li><li>Matematiikka \u2013 Kolmiolaskenta maanmittausinsin\u00f6\u00f6rin ty\u00f6ss\u00e4.<\/li><li>Yhteiskuntaoppi \u2013 Kuvien k\u00e4ytt\u00f6oikeudet ja sosiaalinen media lakitiedon n\u00e4k\u00f6kulmasta<\/li><li>Kemia \u2013 Kiertotalous<\/li><li>Fysiikka \u2013 L\u00e4mp\u00f6oppi, Lumen rakenne ja lumirakentaminen<\/li><li>Valmennusoppi ja terveystieto \u2013 Urheilijan itsetuntemus ja psykologisen joustavuuden vahvistaminen<\/li><li>Suomi toisena kielen\u00e4 \u2013 teht\u00e4v\u00e4pankki \u00e4idinkielen integraation syvent\u00e4miseen, tukimateriaalia muiden aineiden opiskeluun ja mahdollisesti materiaalia kurssille 9<\/li><\/ol><p>\u00a0<\/p>","_et_gb_content_width":"","footnotes":""},"class_list":["post-54","page","type-page","status-publish","hentry"],"_links":{"self":[{"href":"https:\/\/blogi.eoppimispalvelut.fi\/latu\/wp-json\/wp\/v2\/pages\/54","targetHints":{"allow":["GET"]}}],"collection":[{"href":"https:\/\/blogi.eoppimispalvelut.fi\/latu\/wp-json\/wp\/v2\/pages"}],"about":[{"href":"https:\/\/blogi.eoppimispalvelut.fi\/latu\/wp-json\/wp\/v2\/types\/page"}],"author":[{"embeddable":true,"href":"https:\/\/blogi.eoppimispalvelut.fi\/latu\/wp-json\/wp\/v2\/users\/7367"}],"replies":[{"embeddable":true,"href":"https:\/\/blogi.eoppimispalvelut.fi\/latu\/wp-json\/wp\/v2\/comments?post=54"}],"version-history":[{"count":29,"href":"https:\/\/blogi.eoppimispalvelut.fi\/latu\/wp-json\/wp\/v2\/pages\/54\/revisions"}],"predecessor-version":[{"id":2526,"href":"https:\/\/blogi.eoppimispalvelut.fi\/latu\/wp-json\/wp\/v2\/pages\/54\/revisions\/2526"}],"wp:attachment":[{"href":"https:\/\/blogi.eoppimispalvelut.fi\/latu\/wp-json\/wp\/v2\/media?parent=54"}],"curies":[{"name":"wp","href":"https:\/\/api.w.org\/{rel}","templated":true}]}}