{"id":29,"date":"2020-03-06T22:59:22","date_gmt":"2020-03-06T20:59:22","guid":{"rendered":"https:\/\/blogi.eoppimispalvelut.fi\/lauranaasko\/?page_id=29"},"modified":"2020-03-25T11:51:03","modified_gmt":"2020-03-25T09:51:03","slug":"kuinka-loytaa-taydellinen-kumppani","status":"publish","type":"page","link":"https:\/\/blogi.eoppimispalvelut.fi\/lauranaasko\/kuinka-loytaa-taydellinen-kumppani\/","title":{"rendered":"5 johtajatyyppi\u00e4"},"content":{"rendered":"<p>T\u00e4ydellisen kumppanin l\u00f6yt\u00e4minen voi olla haastavaa. T\u00e4rke\u00e4\u00e4 on saada toimiva yritys ja toimiva yhteiskumppanuus. Fuusioituminen kannatta alottaa siit\u00e4 ett\u00e4 ottaa selv\u00e4\u00e4 mink\u00e4lainen johtaja itse on, sek\u00e4 mink\u00e4lainen johtaja toisessa yrityksess\u00e4 on.<\/p>\n<p>Toisen maailmansodan aikana nousi paljon erilaisia diktaattoreita valtaan, jotka onnistuivat saamaan suuren m\u00e4\u00e4r\u00e4n ihmisi\u00e4 uskomaan heihin huolimatta siit\u00e4 olivat he oikeassa tai v\u00e4\u00e4r\u00e4ss\u00e4. T\u00e4m\u00e4 ajanjakso todisti, ett\u00e4 jotta uusi johtaja voisi nousta esiin, tulee jossain olla melkein aina tyhj\u00e4 valta tai ainakin ep\u00e4ilys sen hetken johtoa koskien. Alkujaan johtajuus on l\u00e4ht\u00f6isin sotilaallisesta ja poliittisesta hierarkiasta. Kuitenkin nykyp\u00e4iv\u00e4n\u00e4 se on laajentunut my\u00f6s muualle, kuten koulutukseen, urheiluun ja liiketoimintaan. Johtajuus on nyky\u00e4\u00e4n yleisesti merkitt\u00e4v\u00e4 asia. Listaan alle viisi erilaista johtajatyyppi\u00e4.<\/p>\n<p><strong>1. Delegoiva johtaminen (laissez-faire)<\/strong><\/p>\n<p>Delegoiva johtaja on n\u00e4kym\u00e4t\u00f6n johtaja, sellainen joka antaa teht\u00e4v\u00e4t muiden hoidettavaksi. He ovat tavallaan managereita joiden teht\u00e4v\u00e4 on jakaa teht\u00e4v\u00e4t. T\u00e4m\u00e4 johtaja tyyppi on tehokas sellaisissa ryhmiss\u00e4 joissa on koulutettuja sek\u00e4 motivoituneita henkil\u00f6it\u00e4 jotka vain odottavat ohjausta oikeaan suuntaan.<\/p>\n<p>T\u00e4m\u00e4n johtamistyypin vaarana on, ett\u00e4 tilanteissa joissa heit\u00e4 vaaditaan, he eiv\u00e4t puutu asiaan. N\u00e4iss\u00e4 tilanteissa on kyseess\u00e4 johtaja joka tekee synti\u00e4 laiminly\u00f6m\u00e4ll\u00e4 eik\u00e4 liikaa tekem\u00e4ll\u00e4. Yritys jossa on delegoiva johtaja on riskialtis sille ett\u00e4 yksi horjuttava tekij\u00e4 saa kaiken hajoamaan.<\/p>\n<p><strong>2. Itsevaltainen johtajaminen<\/strong><\/p>\n<p>T\u00e4llainen johtaja on l\u00e4hes vastakohta edelt\u00e4v\u00e4\u00e4n johtajaan, v\u00e4liintuleva johtaja. Itsevaltainen johtaja harvoin kuuntelee johtamiaan ihmisi\u00e4 koska heid\u00e4n tie kulkee vain yhteen suuntaan. Vaarana on ett\u00e4 t\u00e4m\u00e4 johtaja voi olla eritt\u00e4in lannistava. Itsevaltainen johtaja on my\u00f6s usein taipuvainen ylemmyydetuntoon johtamiaan ihmisi\u00e4 kohtaan. N\u00e4m\u00e4 tilanteet tekev\u00e4t edelt\u00e4v\u00e4n varoituksen viel\u00e4kin vaarallisemmaksi.<\/p>\n<p><strong>3. Demokraattinen johtaminen<\/strong><\/p>\n<p>T\u00e4llainen johtaminen on ihanteellinen johtamistapa meille l\u00e4nsimaisille. He johtavat unohtamatta sit\u00e4 kuinka t\u00e4rke\u00e4\u00e4 palaute on. Ryhm\u00e4lle jotka ovat valmistautuneet tekem\u00e4\u00e4n t\u00f6it\u00e4 mutta heilt\u00e4 puuttuu motivaatio, on demokraattinen johtaja paras vaihtoehto. Ryhm\u00e4lle ratkaiseva tekij\u00e4 voi olla tunne ett\u00e4 heit\u00e4 kuunnellaan.<\/p>\n<p><strong>4. Kaupallinen johtajaminen<\/strong><\/p>\n<p>T\u00e4m\u00e4n tyylinen johtaja keskittyy l\u00e4hinn\u00e4 tavoitteisiin, h\u00e4n valvoo ryhm\u00e4n motivaatiota. He antavat sek\u00e4 palkkioita ett\u00e4 rangaistuksia, riippuen ty\u00f6ryhm\u00e4n suorituksista. T\u00e4llainen johtaja on hyv\u00e4 etenkin pitkiss\u00e4 ja hankalissa prosesseissa joissa on vaarana ett\u00e4 ty\u00f6ryhm\u00e4n pysyv\u00e4 motivaatio horjuu. Palkkioilla ja sangtioilla on kuitenkin riski ajaa ryhm\u00e4 kilpailuhenkiseksi, joka voi olla piilev\u00e4 vaara t\u00e4m\u00e4n johtajatyylin ryhm\u00e4lle.<\/p>\n<p><strong>5. Muutosjohtaminen<\/strong><\/p>\n<p>T\u00e4llainen johtaja keskittyy ryhm\u00e4n motivoimiseen teht\u00e4v\u00e4st\u00e4 itsest\u00e4\u00e4n katsottuna. T\u00e4m\u00e4n tyylinen johtaja on erityisen hyv\u00e4 johtaja ryhm\u00e4lle jolla ei ole korkeaa osaamista tai motivaatiota.<\/p>\n<figure id=\"attachment_39\" aria-describedby=\"caption-attachment-39\" style=\"width: 900px\" class=\"wp-caption alignnone\"><img loading=\"lazy\" decoding=\"async\" class=\"wp-image-39 size-medium\" src=\"https:\/\/blogi.eoppimispalvelut.fi\/lauranaasko\/files\/2020\/03\/austin-distel-wD1LRb9OeEo-unsplash-900x675.jpg\" alt=\"\" width=\"900\" height=\"675\" srcset=\"https:\/\/blogi.eoppimispalvelut.fi\/lauranaasko\/files\/2020\/03\/austin-distel-wD1LRb9OeEo-unsplash-900x675.jpg 900w, https:\/\/blogi.eoppimispalvelut.fi\/lauranaasko\/files\/2020\/03\/austin-distel-wD1LRb9OeEo-unsplash-1280x960.jpg 1280w, https:\/\/blogi.eoppimispalvelut.fi\/lauranaasko\/files\/2020\/03\/austin-distel-wD1LRb9OeEo-unsplash-768x576.jpg 768w, https:\/\/blogi.eoppimispalvelut.fi\/lauranaasko\/files\/2020\/03\/austin-distel-wD1LRb9OeEo-unsplash-1536x1152.jpg 1536w, https:\/\/blogi.eoppimispalvelut.fi\/lauranaasko\/files\/2020\/03\/austin-distel-wD1LRb9OeEo-unsplash-2048x1536.jpg 2048w\" sizes=\"auto, (max-width: 767px) 89vw, (max-width: 1000px) 54vw, (max-width: 1071px) 543px, 580px\" \/><figcaption id=\"caption-attachment-39\" class=\"wp-caption-text\">Johtaminen voi olla monimuotoista \/ Photo by Austin Distel on Unsplash<\/figcaption><\/figure>\n<p>N\u00e4m\u00e4 viis johtaja tapaa on eritt\u00e4in tarkkoja. Yleens\u00e4 kuitenkin johtaja saattaa olla jopa jokaisen viiden johtajatyypin johtaja, asiasta riippuen. Monimuotoisuus on yleisesti tavallisempaa ent\u00e4 se ett\u00e4 johtaja on juuri tietyn johtajatyylin johtaja.<\/p>\n<p>Kirjoitin t\u00e4m\u00e4n postauksen mielenihmeet.fi sivuston tekem\u00e4n julkaisun pohjalta. T\u00e4ss\u00e4 viel\u00e4 linkki siihen:<\/p>\n<p>https:\/\/mielenihmeet.fi\/5-johtajatyyppia\/<\/p>\n<p>Seuraa meid\u00e4n projektia fuusoitumisesta ja siit\u00e4 miten l\u00f6yt\u00e4\u00e4 itselle t\u00e4ydellinen kumppani<\/p>\n<p>Instagramissa sek\u00e4 facebookissa @sodu.projekti<\/p>\n","protected":false},"excerpt":{"rendered":"<p>T\u00e4ydellisen kumppanin l\u00f6yt\u00e4minen voi olla haastavaa. T\u00e4rke\u00e4\u00e4 on saada toimiva yritys ja toimiva yhteiskumppanuus. Fuusioituminen kannatta alottaa siit\u00e4 ett\u00e4 ottaa selv\u00e4\u00e4 mink\u00e4lainen johtaja itse on, sek\u00e4 mink\u00e4lainen johtaja toisessa yrityksess\u00e4 on. Toisen maailmansodan aikana nousi paljon erilaisia diktaattoreita valtaan, jotka onnistuivat saamaan suuren m\u00e4\u00e4r\u00e4n ihmisi\u00e4 uskomaan heihin huolimatta siit\u00e4 olivat he oikeassa tai v\u00e4\u00e4r\u00e4ss\u00e4. T\u00e4m\u00e4 &hellip; <\/p>\n<p class=\"link-more\"><a href=\"https:\/\/blogi.eoppimispalvelut.fi\/lauranaasko\/kuinka-loytaa-taydellinen-kumppani\/\" class=\"more-link\">Jatka lukemista<span class=\"screen-reader-text\"> &#8220;5 johtajatyyppi\u00e4&#8221;<\/span><\/a><\/p>\n","protected":false},"author":3271,"featured_media":0,"parent":0,"menu_order":0,"comment_status":"closed","ping_status":"closed","template":"","meta":{"_bbp_topic_count":0,"_bbp_reply_count":0,"_bbp_total_topic_count":0,"_bbp_total_reply_count":0,"_bbp_voice_count":0,"_bbp_anonymous_reply_count":0,"_bbp_topic_count_hidden":0,"_bbp_reply_count_hidden":0,"_bbp_forum_subforum_count":0,"footnotes":""},"class_list":["post-29","page","type-page","status-publish","hentry"],"_links":{"self":[{"href":"https:\/\/blogi.eoppimispalvelut.fi\/lauranaasko\/wp-json\/wp\/v2\/pages\/29","targetHints":{"allow":["GET"]}}],"collection":[{"href":"https:\/\/blogi.eoppimispalvelut.fi\/lauranaasko\/wp-json\/wp\/v2\/pages"}],"about":[{"href":"https:\/\/blogi.eoppimispalvelut.fi\/lauranaasko\/wp-json\/wp\/v2\/types\/page"}],"author":[{"embeddable":true,"href":"https:\/\/blogi.eoppimispalvelut.fi\/lauranaasko\/wp-json\/wp\/v2\/users\/3271"}],"replies":[{"embeddable":true,"href":"https:\/\/blogi.eoppimispalvelut.fi\/lauranaasko\/wp-json\/wp\/v2\/comments?post=29"}],"version-history":[{"count":8,"href":"https:\/\/blogi.eoppimispalvelut.fi\/lauranaasko\/wp-json\/wp\/v2\/pages\/29\/revisions"}],"predecessor-version":[{"id":50,"href":"https:\/\/blogi.eoppimispalvelut.fi\/lauranaasko\/wp-json\/wp\/v2\/pages\/29\/revisions\/50"}],"wp:attachment":[{"href":"https:\/\/blogi.eoppimispalvelut.fi\/lauranaasko\/wp-json\/wp\/v2\/media?parent=29"}],"curies":[{"name":"wp","href":"https:\/\/api.w.org\/{rel}","templated":true}]}}