{"id":48,"date":"2020-03-25T12:25:45","date_gmt":"2020-03-25T10:25:45","guid":{"rendered":"https:\/\/blogi.eoppimispalvelut.fi\/lauranaasko\/?page_id=48"},"modified":"2020-03-25T12:27:16","modified_gmt":"2020-03-25T10:27:16","slug":"projektin-ulkoinen-viestinta","status":"publish","type":"page","link":"https:\/\/blogi.eoppimispalvelut.fi\/lauranaasko\/kuinka-loytaa-taydellinen-kumppani\/projektin-ulkoinen-viestinta\/","title":{"rendered":"Projektin ulkoinen viestint\u00e4"},"content":{"rendered":"<h2><strong>Ulkoinen viestint\u00e4<\/strong><\/h2>\n<p>Mit\u00e4 ulkoinen viestint\u00e4 tarkoittaa? Ulkoinen viestint\u00e4 on viestint\u00e4\u00e4, joka on suunnattu muille projektin j\u00e4senille, kohderyhmille. Ulkoisen viestinn\u00e4n tavoitteena on jakaa tietoisuutta projektin vaiheista ja aiheesta. Mied\u00e4n SODU-projektin tavoitteena on lis\u00e4t\u00e4kohderyhmien tietoisuutta yritysten fuusioitumisesta ja etenkin siit\u00e4 &#8220;kuinka l\u00f6yt\u00e4\u00e4 t\u00e4ydellinen kumppani?&#8221;.<\/p>\n<p>T\u00e4rke\u00e4\u00e4 on pit\u00e4\u00e4 kohderyhm\u00e4t ajantasalla ja etenkin kiinnostuneina projektin aiheesta. Siisp\u00e4 tasainen ja riitt\u00e4v\u00e4n usein tapahtuva viestint\u00e4 on kaiken a ja o. Kohderyhmist\u00e4 riippuen on t\u00e4rke\u00e4\u00e4 valita kaikista osuvimmat viestint\u00e4kanavat. Koska kohderyhmien ik\u00e4jakauma sek\u00e4 maailmassa vallitseva tilanne on oleellisesti vakuttava asia, olemme valinneet viestint\u00e4kanavaksi t\u00e4ll\u00e4 hetkell\u00e4 instagramin sek\u00e4 facebookin.<\/p>\n<p>Ulkoisessa viestinn\u00e4ss\u00e4 voi yksinkertaisella tavalla aktivoida kuulijoita ja aiheesta kiinnostuneita. Meid\u00e4n valitsemissa ulkoisissa viestint\u00e4kanavissa on helppo aktivoida kohderyhmi\u00e4 erilaisilla kyselyill\u00e4. On t\u00e4rke\u00e4\u00e4 muistaa ett\u00e4 monotoninen kertominen aiheesta voi k\u00e4yd\u00e4 pitemm\u00e4n p\u00e4\u00e4lle tyls\u00e4ksi, joten seuraajien aktivointi voi saada heid\u00e4t kiinnostumaan aiheesta uudelleen tai erill\u00e4 tavalla.<\/p>\n<p><em>T\u00e4ss\u00e4 osiossa k\u00e4ytin osittaisesti l\u00e4hteen\u00e4: https:\/\/www.tjs-opintokeskus.fi\/opas-yhdistyksille\/viestinta\/ulkoinen-viestinta<\/em><\/p>\n<p><img loading=\"lazy\" decoding=\"async\" class=\"alignnone size-medium wp-image-51\" src=\"https:\/\/blogi.eoppimispalvelut.fi\/lauranaasko\/files\/2020\/03\/bram-naus-n8Qb1ZAkK88-unsplash-900x583.jpg\" alt=\"\" width=\"900\" height=\"583\" srcset=\"https:\/\/blogi.eoppimispalvelut.fi\/lauranaasko\/files\/2020\/03\/bram-naus-n8Qb1ZAkK88-unsplash-900x583.jpg 900w, https:\/\/blogi.eoppimispalvelut.fi\/lauranaasko\/files\/2020\/03\/bram-naus-n8Qb1ZAkK88-unsplash-1280x829.jpg 1280w, https:\/\/blogi.eoppimispalvelut.fi\/lauranaasko\/files\/2020\/03\/bram-naus-n8Qb1ZAkK88-unsplash-768x497.jpg 768w, https:\/\/blogi.eoppimispalvelut.fi\/lauranaasko\/files\/2020\/03\/bram-naus-n8Qb1ZAkK88-unsplash-1536x995.jpg 1536w, https:\/\/blogi.eoppimispalvelut.fi\/lauranaasko\/files\/2020\/03\/bram-naus-n8Qb1ZAkK88-unsplash-2048x1327.jpg 2048w\" sizes=\"auto, (max-width: 767px) 89vw, (max-width: 1000px) 54vw, (max-width: 1071px) 543px, 580px\" \/><\/p>\n<h2><strong>Havaintoja projektin viestinn\u00e4st\u00e4<\/strong><\/h2>\n<p>Olen tehnyt havaintona sen ett\u00e4 omat kuvat ovat suositumpia kuin kuvapankista otetut kuvat. Eniten huomiota meid\u00e4n ulkoisessa viestinn\u00e4ss\u00e4 on saanut tiedote meist\u00e4 projektin j\u00e4senist\u00e4, kasvokuvien kera.<\/p>\n<p>Liian useasti tapahtuva viestint\u00e4 saa seuraajat ahdistumaan ja toisaalta liian harvoin tapahtuva viestint\u00e4 taas unohtamaan. Siisp\u00e4 seuraajien aktiivisuutta tulee seurata tarkoin ja etsi\u00e4 itselle sopiva julkaisuaikataulu.<\/p>\n<p>Edellisen kev\u00e4\u00e4n projekteista parhaiten oman huomion her\u00e4tt\u00e4nyt projekti oli &#8220;Who&#8217;s The Boss? -projekti&#8221;. He olivat ainoat jotka hakivat projektilleen seuraajia seuraamalla minua itse\u00e4ni instagramissa. Sek\u00e4 he jakoivat projektin sivulle laittamiaan julkaisujaan heid\u00e4n omissa sivuillaan.<\/p>\n<p><em>T\u00e4ss\u00e4 viel\u00e4 linkki heid\u00e4n profiiliin: https:\/\/instagram.com\/projektiwhostheboss?igshid=wi83s1il4fy2<\/em><\/p>\n<p>T\u00e4st\u00e4 oppineena otin itse huomioon projektin mainostamisessa nimenomaisesti kyseisen keinon. Kun perustimme projektillemme sivuston, aloimme seuraamaan sivustoja joita mahdollisesti kiinnostaisi fuusioituminen. N\u00e4in saimme aktiivisia seuraajia jotka ilmeisesti ovat kiinnostuneita aiheesta. Lis\u00e4ksi jaoimme j\u00e4senien omille sivuille mainoksia meid\u00e4n projektin sivustosta.<\/p>\n<p>T\u00e4rke\u00e4\u00e4 on siis mainostaa projektia, mahdollisimman laajalle ryhm\u00e4lle. T\u00e4ytyy kuitenkin muistaa ett\u00e4 liian aktiivinen ja tyrkytt\u00e4v\u00e4 mainostaminen voi ahdistaa ihmisi\u00e4.<\/p>\n<p><em>Vinkki ulkoiseen viestint\u00e4\u00e4n: Suunnittele itselle sopiva ulkoinen viestint\u00e4 tarkkailemalla omaa kohderyhm\u00e4\u00e4, heid\u00e4n kiinnostuksen kohdetta ja aktiivisuutta<\/em><\/p>\n","protected":false},"excerpt":{"rendered":"<p>Ulkoinen viestint\u00e4 Mit\u00e4 ulkoinen viestint\u00e4 tarkoittaa? Ulkoinen viestint\u00e4 on viestint\u00e4\u00e4, joka on suunnattu muille projektin j\u00e4senille, kohderyhmille. Ulkoisen viestinn\u00e4n tavoitteena on jakaa tietoisuutta projektin vaiheista ja aiheesta. Mied\u00e4n SODU-projektin tavoitteena on lis\u00e4t\u00e4kohderyhmien tietoisuutta yritysten fuusioitumisesta ja etenkin siit\u00e4 &#8220;kuinka l\u00f6yt\u00e4\u00e4 t\u00e4ydellinen kumppani?&#8221;. T\u00e4rke\u00e4\u00e4 on pit\u00e4\u00e4 kohderyhm\u00e4t ajantasalla ja etenkin kiinnostuneina projektin aiheesta. Siisp\u00e4 tasainen ja &hellip; <\/p>\n<p class=\"link-more\"><a href=\"https:\/\/blogi.eoppimispalvelut.fi\/lauranaasko\/kuinka-loytaa-taydellinen-kumppani\/projektin-ulkoinen-viestinta\/\" class=\"more-link\">Jatka lukemista<span class=\"screen-reader-text\"> &#8220;Projektin ulkoinen viestint\u00e4&#8221;<\/span><\/a><\/p>\n","protected":false},"author":3271,"featured_media":0,"parent":29,"menu_order":0,"comment_status":"closed","ping_status":"closed","template":"","meta":{"_bbp_topic_count":0,"_bbp_reply_count":0,"_bbp_total_topic_count":0,"_bbp_total_reply_count":0,"_bbp_voice_count":0,"_bbp_anonymous_reply_count":0,"_bbp_topic_count_hidden":0,"_bbp_reply_count_hidden":0,"_bbp_forum_subforum_count":0,"footnotes":""},"class_list":["post-48","page","type-page","status-publish","hentry"],"_links":{"self":[{"href":"https:\/\/blogi.eoppimispalvelut.fi\/lauranaasko\/wp-json\/wp\/v2\/pages\/48","targetHints":{"allow":["GET"]}}],"collection":[{"href":"https:\/\/blogi.eoppimispalvelut.fi\/lauranaasko\/wp-json\/wp\/v2\/pages"}],"about":[{"href":"https:\/\/blogi.eoppimispalvelut.fi\/lauranaasko\/wp-json\/wp\/v2\/types\/page"}],"author":[{"embeddable":true,"href":"https:\/\/blogi.eoppimispalvelut.fi\/lauranaasko\/wp-json\/wp\/v2\/users\/3271"}],"replies":[{"embeddable":true,"href":"https:\/\/blogi.eoppimispalvelut.fi\/lauranaasko\/wp-json\/wp\/v2\/comments?post=48"}],"version-history":[{"count":1,"href":"https:\/\/blogi.eoppimispalvelut.fi\/lauranaasko\/wp-json\/wp\/v2\/pages\/48\/revisions"}],"predecessor-version":[{"id":52,"href":"https:\/\/blogi.eoppimispalvelut.fi\/lauranaasko\/wp-json\/wp\/v2\/pages\/48\/revisions\/52"}],"up":[{"embeddable":true,"href":"https:\/\/blogi.eoppimispalvelut.fi\/lauranaasko\/wp-json\/wp\/v2\/pages\/29"}],"wp:attachment":[{"href":"https:\/\/blogi.eoppimispalvelut.fi\/lauranaasko\/wp-json\/wp\/v2\/media?parent=48"}],"curies":[{"name":"wp","href":"https:\/\/api.w.org\/{rel}","templated":true}]}}