{"id":129,"date":"2020-11-23T15:06:12","date_gmt":"2020-11-23T13:06:12","guid":{"rendered":"https:\/\/blogi.eoppimispalvelut.fi\/lcg1\/?page_id=129"},"modified":"2020-12-11T11:40:39","modified_gmt":"2020-12-11T09:40:39","slug":"siivouspaketit","status":"publish","type":"page","link":"https:\/\/blogi.eoppimispalvelut.fi\/lcg1\/siivouspaketit\/","title":{"rendered":"Siivouspalvelut"},"content":{"rendered":"<p><strong>Siivouspaketit 40-70m2<\/strong><\/p>\n<p>Sis\u00e4lt\u00e4\u00e4:<br \/>\n&#8211; Joka viikko 4x kuukaudessa!<br \/>\n&#8211; Toimitilan lattian imurointi &amp; pesu!<br \/>\n&#8211; Pintojen pyyhkiminen<br \/>\n&#8211; Roskien tyhjent\u00e4minen<br \/>\n&#8211; K\u00e4si- ja wc-paperien t\u00e4ydennys<br \/>\n&#8211; 4x 0,5l k\u00e4sidesifiointiaine<br \/>\n&#8211; Kasvomaskit 50x<\/p>\n<p><strong>Hinnat alkaen!<\/strong><\/p>\n<p><strong>40-49m2 315\u20ac\/kk alv.0%<\/strong><br \/>\n<strong>50-59m2 380\u20ac\/kk alv.0%<\/strong><br \/>\n<strong>60-69m2 450\u20ac\/kk alv.0%<br \/>\n70-79m2 472\u20ac\/kk alv.0%<br \/>\n80-89m2 495\u20ac\/kk alv.0%<br \/>\n90-100m2 518\u20ac\/kk alv.0%<\/strong><\/p>\n<p>&nbsp;<\/p>\n<p>Katso my\u00f6s aloituspakettimme<\/p>\n<p><a href=\"https:\/\/blogi.eoppimispalvelut.fi\/lcg1\/siivoustarvikkeet\/\"><img loading=\"lazy\" decoding=\"async\" class=\"alignnone wp-image-222\" src=\"https:\/\/blogi.eoppimispalvelut.fi\/lcg1\/files\/2020\/12\/aloituspaketti.jpg\" alt=\"\" width=\"229\" height=\"61\" \/><\/a><\/p>\n<p>&nbsp;<\/p>\n<p>&nbsp;<\/p>\n<p>&nbsp;<\/p>\n","protected":false},"excerpt":{"rendered":"<p>Siivouspaketit 40-70m2 Sis\u00e4lt\u00e4\u00e4: &#8211; Joka viikko 4x kuukaudessa! &#8211; Toimitilan lattian imurointi &amp; pesu! &#8211; Pintojen pyyhkiminen &#8211; Roskien tyhjent\u00e4minen &#8211; K\u00e4si- ja wc-paperien t\u00e4ydennys &#8211; 4x 0,5l k\u00e4sidesifiointiaine &#8211; Kasvomaskit 50x Hinnat alkaen! 40-49m2 315\u20ac\/kk alv.0% 50-59m2 380\u20ac\/kk alv.0% 60-69m2 450\u20ac\/kk alv.0% 70-79m2 472\u20ac\/kk alv.0% 80-89m2 495\u20ac\/kk alv.0% 90-100m2 518\u20ac\/kk alv.0% &nbsp; Katso my\u00f6s &hellip; <\/p>\n<p class=\"link-more\"><a href=\"https:\/\/blogi.eoppimispalvelut.fi\/lcg1\/siivouspaketit\/\" class=\"more-link\">Jatka lukemista<span class=\"screen-reader-text\"> &#8220;Siivouspalvelut&#8221;<\/span><\/a><\/p>\n","protected":false},"author":4910,"featured_media":0,"parent":0,"menu_order":0,"comment_status":"closed","ping_status":"closed","template":"","meta":{"footnotes":""},"class_list":["post-129","page","type-page","status-publish","hentry"],"_links":{"self":[{"href":"https:\/\/blogi.eoppimispalvelut.fi\/lcg1\/wp-json\/wp\/v2\/pages\/129","targetHints":{"allow":["GET"]}}],"collection":[{"href":"https:\/\/blogi.eoppimispalvelut.fi\/lcg1\/wp-json\/wp\/v2\/pages"}],"about":[{"href":"https:\/\/blogi.eoppimispalvelut.fi\/lcg1\/wp-json\/wp\/v2\/types\/page"}],"author":[{"embeddable":true,"href":"https:\/\/blogi.eoppimispalvelut.fi\/lcg1\/wp-json\/wp\/v2\/users\/4910"}],"replies":[{"embeddable":true,"href":"https:\/\/blogi.eoppimispalvelut.fi\/lcg1\/wp-json\/wp\/v2\/comments?post=129"}],"version-history":[{"count":9,"href":"https:\/\/blogi.eoppimispalvelut.fi\/lcg1\/wp-json\/wp\/v2\/pages\/129\/revisions"}],"predecessor-version":[{"id":234,"href":"https:\/\/blogi.eoppimispalvelut.fi\/lcg1\/wp-json\/wp\/v2\/pages\/129\/revisions\/234"}],"wp:attachment":[{"href":"https:\/\/blogi.eoppimispalvelut.fi\/lcg1\/wp-json\/wp\/v2\/media?parent=129"}],"curies":[{"name":"wp","href":"https:\/\/api.w.org\/{rel}","templated":true}]}}