{"id":2,"date":"2020-11-17T10:10:14","date_gmt":"2020-11-17T08:10:14","guid":{"rendered":"https:\/\/blogi.eoppimispalvelut.fi\/lcg1\/?page_id=2"},"modified":"2021-02-03T18:35:15","modified_gmt":"2021-02-03T16:35:15","slug":"esimerkkisivu","status":"publish","type":"page","link":"https:\/\/blogi.eoppimispalvelut.fi\/lcg1\/","title":{"rendered":"Etusivu"},"content":{"rendered":"\r\n<div>\r\n<p style=\"text-align: left\"><span style=\"color: #1c90c9\"><img loading=\"lazy\" decoding=\"async\" class=\"wp-image-78 alignleft\" src=\"https:\/\/blogi.eoppimispalvelut.fi\/lcg1\/files\/2020\/11\/Lapland-Cleanup-Group-logo-244x300.png\" alt=\"\" width=\"157\" height=\"193\" srcset=\"https:\/\/blogi.eoppimispalvelut.fi\/lcg1\/files\/2020\/11\/Lapland-Cleanup-Group-logo-244x300.png 244w, https:\/\/blogi.eoppimispalvelut.fi\/lcg1\/files\/2020\/11\/Lapland-Cleanup-Group-logo.png 389w\" sizes=\"auto, (max-width: 157px) 100vw, 157px\" \/>Lapland Cleanup Group on siivous-, kiinteist\u00f6- ja vaihtomattopalveluita tuottava yritys. Yrityksemme sijaitsee Napalaaksoss<span style=\"color: #3366ff\">a, <\/span><\/span><span style=\"color: #3366ff\">Piippolassa.<\/span><\/p>\r\n<\/div>\r\n<div style=\"text-align: left\">\r\n<p><span style=\"color: #1c90c9\">Toiminta-ajatuksemme on tarjota Napalaakson yritysasiakkaille helppoja ratkaisuja kiinteist\u00f6jen kunnossapitoon sek\u00e4 puhtaaseen ty\u00f6ymp\u00e4rist\u00f6\u00f6n, nykyaikaisella tavalla.<\/span><\/p>\r\n<\/div>\r\n<div>\r\n<p style=\"text-align: left\"><span style=\"color: #1c90c9\">Myymme kiinteist\u00f6nhoitoon, siivous- ja vaihtomattopalveluihin sek\u00e4 puhtaanapitoon tarvittavia tuotteita ja palveluita.\u00a0<\/span><\/p>\r\n<\/div>\r\n<p><a href=\"https:\/\/blogi.eoppimispalvelut.fi\/lcg1\/siivouspaketit\/\"><img loading=\"lazy\" decoding=\"async\" class=\"alignnone wp-image-172\" src=\"https:\/\/blogi.eoppimispalvelut.fi\/lcg1\/files\/2020\/11\/siivouspalvelut.jpg\" alt=\"\" width=\"463\" height=\"309\" \/><\/a><a href=\"https:\/\/blogi.eoppimispalvelut.fi\/lcg1\/kiinteistohuoltopaketit\/\"><img loading=\"lazy\" decoding=\"async\" class=\"alignnone wp-image-173\" src=\"https:\/\/blogi.eoppimispalvelut.fi\/lcg1\/files\/2020\/11\/kiinteistohuoltopalvelut.jpg\" alt=\"\" width=\"235\" height=\"150\" \/><\/a> \u00a0<a href=\"https:\/\/blogi.eoppimispalvelut.fi\/lcg1\/vaihtomattopalvelut\/\"><img loading=\"lazy\" decoding=\"async\" class=\"alignnone wp-image-174\" src=\"https:\/\/blogi.eoppimispalvelut.fi\/lcg1\/files\/2020\/11\/vaihtomattopalvelut.jpg\" alt=\"\" width=\"225\" height=\"150\" \/><\/a><a href=\"https:\/\/blogi.eoppimispalvelut.fi\/lcg1\/siivoustarvikkeet\/\"><img loading=\"lazy\" decoding=\"async\" class=\"alignnone wp-image-206\" src=\"https:\/\/blogi.eoppimispalvelut.fi\/lcg1\/files\/2020\/12\/tuotteet1.jpg\" alt=\"\" width=\"467\" height=\"313\" \/><\/a><\/p>\r\n<p>&nbsp;<\/p>\r\n<p>&nbsp;<\/p>\r\n<p>&nbsp;<\/p>\r\n<p>&nbsp;<\/p>\r\n","protected":false},"excerpt":{"rendered":"<p>Lapland Cleanup Group on siivous-, kiinteist\u00f6- ja vaihtomattopalveluita tuottava yritys. Yrityksemme sijaitsee Napalaaksossa, Piippolassa. Toiminta-ajatuksemme on tarjota Napalaakson yritysasiakkaille helppoja ratkaisuja kiinteist\u00f6jen kunnossapitoon sek\u00e4 puhtaaseen ty\u00f6ymp\u00e4rist\u00f6\u00f6n, nykyaikaisella tavalla. Myymme kiinteist\u00f6nhoitoon, siivous- ja vaihtomattopalveluihin sek\u00e4 puhtaanapitoon tarvittavia tuotteita ja palveluita.\u00a0 \u00a0 &nbsp; &nbsp; &nbsp; &nbsp;<\/p>\n","protected":false},"author":4910,"featured_media":0,"parent":0,"menu_order":0,"comment_status":"closed","ping_status":"open","template":"","meta":{"footnotes":""},"class_list":["post-2","page","type-page","status-publish","hentry"],"_links":{"self":[{"href":"https:\/\/blogi.eoppimispalvelut.fi\/lcg1\/wp-json\/wp\/v2\/pages\/2","targetHints":{"allow":["GET"]}}],"collection":[{"href":"https:\/\/blogi.eoppimispalvelut.fi\/lcg1\/wp-json\/wp\/v2\/pages"}],"about":[{"href":"https:\/\/blogi.eoppimispalvelut.fi\/lcg1\/wp-json\/wp\/v2\/types\/page"}],"author":[{"embeddable":true,"href":"https:\/\/blogi.eoppimispalvelut.fi\/lcg1\/wp-json\/wp\/v2\/users\/4910"}],"replies":[{"embeddable":true,"href":"https:\/\/blogi.eoppimispalvelut.fi\/lcg1\/wp-json\/wp\/v2\/comments?post=2"}],"version-history":[{"count":27,"href":"https:\/\/blogi.eoppimispalvelut.fi\/lcg1\/wp-json\/wp\/v2\/pages\/2\/revisions"}],"predecessor-version":[{"id":245,"href":"https:\/\/blogi.eoppimispalvelut.fi\/lcg1\/wp-json\/wp\/v2\/pages\/2\/revisions\/245"}],"wp:attachment":[{"href":"https:\/\/blogi.eoppimispalvelut.fi\/lcg1\/wp-json\/wp\/v2\/media?parent=2"}],"curies":[{"name":"wp","href":"https:\/\/api.w.org\/{rel}","templated":true}]}}