{"id":255,"date":"2021-02-04T08:54:20","date_gmt":"2021-02-04T06:54:20","guid":{"rendered":"https:\/\/blogi.eoppimispalvelut.fi\/lcg1\/?page_id=255"},"modified":"2021-02-04T08:55:41","modified_gmt":"2021-02-04T06:55:41","slug":"our-team","status":"publish","type":"page","link":"https:\/\/blogi.eoppimispalvelut.fi\/lcg1\/our-team\/","title":{"rendered":"Our team"},"content":{"rendered":"<p><span style=\"color: #3366ff\">CEO (chief executive officer)<\/span><br \/>\n<img loading=\"lazy\" decoding=\"async\" class=\"alignnone wp-image-176\" src=\"https:\/\/blogi.eoppimispalvelut.fi\/lcg1\/files\/2020\/11\/usericonwomen.jpg\" alt=\"\" width=\"99\" height=\"115\" \/><br \/>\n<span style=\"color: #3366ff\">Vera Ahola<\/span><\/p>\n<p><span style=\"color: #3366ff\">Sales and marketing<\/span><br \/>\n<img loading=\"lazy\" decoding=\"async\" class=\"alignnone wp-image-176\" src=\"https:\/\/blogi.eoppimispalvelut.fi\/lcg1\/files\/2020\/11\/usericonwomen.jpg\" alt=\"\" width=\"99\" height=\"115\" \/>\u00a0 \u00a0 \u00a0 \u00a0 \u00a0 \u00a0 \u00a0 \u00a0<img loading=\"lazy\" decoding=\"async\" class=\"alignnone wp-image-176\" src=\"https:\/\/blogi.eoppimispalvelut.fi\/lcg1\/files\/2020\/11\/usericonwomen.jpg\" alt=\"\" width=\"99\" height=\"115\" \/>\u00a0 \u00a0 \u00a0 \u00a0 \u00a0 \u00a0 \u00a0 \u00a0<img loading=\"lazy\" decoding=\"async\" class=\"alignnone wp-image-176\" src=\"https:\/\/blogi.eoppimispalvelut.fi\/lcg1\/files\/2020\/11\/usericonwomen.jpg\" alt=\"\" width=\"99\" height=\"115\" \/><br \/>\n<span style=\"color: #3366ff\">Vera Ahola\u00a0 \u00a0 \u00a0 \u00a0 \u00a0 \u00a0 \u00a0 \u00a0 \u00a0 \u00a0 Reeta Laine\u00a0 \u00a0 \u00a0 \u00a0 \u00a0 \u00a0 \u00a0 \u00a0 \u00a0 \u00a0 Iida Niska<\/span><\/p>\n<p>&nbsp;<\/p>\n<p><span style=\"color: #3366ff\">Purchase<\/span><br \/>\n<img loading=\"lazy\" decoding=\"async\" class=\"alignnone wp-image-175\" src=\"https:\/\/blogi.eoppimispalvelut.fi\/lcg1\/files\/2020\/11\/usericonmen.png\" alt=\"\" width=\"98\" height=\"102\" \/>\u00a0 \u00a0 \u00a0\u00a0 \u00a0 \u00a0 \u00a0 \u00a0 <img loading=\"lazy\" decoding=\"async\" class=\"alignnone wp-image-175\" src=\"https:\/\/blogi.eoppimispalvelut.fi\/lcg1\/files\/2020\/11\/usericonmen.png\" alt=\"\" width=\"99\" height=\"103\" \/>\u00a0 \u00a0 \u00a0 \u00a0 \u00a0 \u00a0 \u00a0 \u00a0<img loading=\"lazy\" decoding=\"async\" class=\"alignnone wp-image-176\" src=\"https:\/\/blogi.eoppimispalvelut.fi\/lcg1\/files\/2020\/11\/usericonwomen.jpg\" alt=\"\" width=\"99\" height=\"115\" \/><br \/>\n<span style=\"color: #3366ff\">Antti Arvola\u00a0 \u00a0 \u00a0 \u00a0 \u00a0 \u00a0 \u00a0 \u00a0 Teemu Poikela\u00a0 \u00a0 \u00a0 \u00a0 \u00a0 \u00a0 \u00a0 \u00a0Miia Rautio<\/span><\/p>\n<p><span style=\"color: #3366ff\">Finances<\/span><\/p>\n<p><img loading=\"lazy\" decoding=\"async\" class=\"alignnone wp-image-175\" src=\"https:\/\/blogi.eoppimispalvelut.fi\/lcg1\/files\/2020\/11\/usericonmen.png\" alt=\"\" width=\"98\" height=\"102\" \/>\u00a0 \u00a0 \u00a0 \u00a0 \u00a0 \u00a0 \u00a0 \u00a0<img loading=\"lazy\" decoding=\"async\" class=\"alignnone wp-image-175\" src=\"https:\/\/blogi.eoppimispalvelut.fi\/lcg1\/files\/2020\/11\/usericonmen.png\" alt=\"\" width=\"98\" height=\"102\" \/>\u00a0 \u00a0 \u00a0 \u00a0 \u00a0 \u00a0 \u00a0 \u00a0<img loading=\"lazy\" decoding=\"async\" class=\"alignnone wp-image-176\" src=\"https:\/\/blogi.eoppimispalvelut.fi\/lcg1\/files\/2020\/11\/usericonwomen.jpg\" alt=\"\" width=\"99\" height=\"115\" \/><br \/>\n<span style=\"color: #3366ff\">Aapo Kuivalainen\u00a0 \u00a0 \u00a0Janne Kinisj\u00e4rvi\u00a0 \u00a0 \u00a0 \u00a0 \u00a0Saaga V\u00e4\u00e4n\u00e4nen<\/span><\/p>\n<p><img loading=\"lazy\" decoding=\"async\" class=\"wp-image-78 alignleft\" src=\"https:\/\/blogi.eoppimispalvelut.fi\/lcg1\/files\/2020\/11\/Lapland-Cleanup-Group-logo-244x300.png\" alt=\"\" width=\"137\" height=\"168\" srcset=\"https:\/\/blogi.eoppimispalvelut.fi\/lcg1\/files\/2020\/11\/Lapland-Cleanup-Group-logo-244x300.png 244w, https:\/\/blogi.eoppimispalvelut.fi\/lcg1\/files\/2020\/11\/Lapland-Cleanup-Group-logo.png 389w\" sizes=\"auto, (max-width: 137px) 100vw, 137px\" \/><strong>Board of directors<\/strong><\/p>\n<p>Chairman<br \/>\nAntti Arvola<\/p>\n<p>Board members<br \/>\nVera Ahola, Teemu Poikela, Saaga V\u00e4\u00e4n\u00e4nen<\/p>\n<p>&nbsp;<\/p>\n","protected":false},"excerpt":{"rendered":"<p>CEO (chief executive officer) Vera Ahola Sales and marketing \u00a0 \u00a0 \u00a0 \u00a0 \u00a0 \u00a0 \u00a0 \u00a0\u00a0 \u00a0 \u00a0 \u00a0 \u00a0 \u00a0 \u00a0 \u00a0 Vera Ahola\u00a0 \u00a0 \u00a0 \u00a0 \u00a0 \u00a0 \u00a0 \u00a0 \u00a0 \u00a0 Reeta Laine\u00a0 \u00a0 \u00a0 \u00a0 \u00a0 \u00a0 \u00a0 \u00a0 \u00a0 \u00a0 Iida Niska &nbsp; Purchase \u00a0 \u00a0 \u00a0\u00a0 \u00a0 \u00a0 &hellip; <\/p>\n<p class=\"link-more\"><a href=\"https:\/\/blogi.eoppimispalvelut.fi\/lcg1\/our-team\/\" class=\"more-link\">Jatka lukemista<span class=\"screen-reader-text\"> &#8220;Our team&#8221;<\/span><\/a><\/p>\n","protected":false},"author":4910,"featured_media":0,"parent":0,"menu_order":0,"comment_status":"closed","ping_status":"closed","template":"","meta":{"footnotes":""},"class_list":["post-255","page","type-page","status-publish","hentry"],"_links":{"self":[{"href":"https:\/\/blogi.eoppimispalvelut.fi\/lcg1\/wp-json\/wp\/v2\/pages\/255","targetHints":{"allow":["GET"]}}],"collection":[{"href":"https:\/\/blogi.eoppimispalvelut.fi\/lcg1\/wp-json\/wp\/v2\/pages"}],"about":[{"href":"https:\/\/blogi.eoppimispalvelut.fi\/lcg1\/wp-json\/wp\/v2\/types\/page"}],"author":[{"embeddable":true,"href":"https:\/\/blogi.eoppimispalvelut.fi\/lcg1\/wp-json\/wp\/v2\/users\/4910"}],"replies":[{"embeddable":true,"href":"https:\/\/blogi.eoppimispalvelut.fi\/lcg1\/wp-json\/wp\/v2\/comments?post=255"}],"version-history":[{"count":2,"href":"https:\/\/blogi.eoppimispalvelut.fi\/lcg1\/wp-json\/wp\/v2\/pages\/255\/revisions"}],"predecessor-version":[{"id":259,"href":"https:\/\/blogi.eoppimispalvelut.fi\/lcg1\/wp-json\/wp\/v2\/pages\/255\/revisions\/259"}],"wp:attachment":[{"href":"https:\/\/blogi.eoppimispalvelut.fi\/lcg1\/wp-json\/wp\/v2\/media?parent=255"}],"curies":[{"name":"wp","href":"https:\/\/api.w.org\/{rel}","templated":true}]}}