{"id":45,"date":"2020-11-17T11:30:50","date_gmt":"2020-11-17T09:30:50","guid":{"rendered":"https:\/\/blogi.eoppimispalvelut.fi\/lcg1\/?page_id=45"},"modified":"2020-12-04T23:06:06","modified_gmt":"2020-12-04T21:06:06","slug":"paketit","status":"publish","type":"page","link":"https:\/\/blogi.eoppimispalvelut.fi\/lcg1\/paketit\/","title":{"rendered":"Tuotteet &amp; Palvelut"},"content":{"rendered":"<p style=\"text-align: left\"><span style=\"color: #2690c9\">Tarjoamme erilaisia siivous- kiinteist\u00f6- ja vaihtomattopalveluita.<\/span><\/p>\n<p style=\"text-align: left\"><span style=\"color: #2690c9\">Olemme suunnitelleet valmiita paketteja, mutta tarvittaessa pystymme my\u00f6s r\u00e4\u00e4t\u00e4l\u00f6im\u00e4\u00e4n juuri sellaisen paketin, kuin te tarvitsette.<\/span><\/p>\n<p><a href=\"https:\/\/blogi.eoppimispalvelut.fi\/lcg1\/siivouspaketit\/\"><img loading=\"lazy\" decoding=\"async\" class=\"alignnone wp-image-172\" src=\"https:\/\/blogi.eoppimispalvelut.fi\/lcg1\/files\/2020\/11\/siivouspalvelut.jpg\" alt=\"\" width=\"527\" height=\"351\" \/><\/a><a href=\"https:\/\/blogi.eoppimispalvelut.fi\/lcg1\/kiinteistohuoltopaketit\/\"><img loading=\"lazy\" decoding=\"async\" class=\"alignnone wp-image-173\" src=\"https:\/\/blogi.eoppimispalvelut.fi\/lcg1\/files\/2020\/11\/kiinteistohuoltopalvelut.jpg\" alt=\"\" width=\"265\" height=\"169\" \/><\/a>\u00a0 \u00a0<a href=\"https:\/\/blogi.eoppimispalvelut.fi\/lcg1\/vaihtomattopalvelut\/\"><img loading=\"lazy\" decoding=\"async\" class=\"alignnone wp-image-174\" src=\"https:\/\/blogi.eoppimispalvelut.fi\/lcg1\/files\/2020\/11\/vaihtomattopalvelut.jpg\" alt=\"\" width=\"254\" height=\"169\" \/><\/a><br \/>\n<a href=\"https:\/\/blogi.eoppimispalvelut.fi\/lcg1\/siivoustarvikkeet\/\"><img loading=\"lazy\" decoding=\"async\" class=\"alignnone wp-image-206\" src=\"https:\/\/blogi.eoppimispalvelut.fi\/lcg1\/files\/2020\/12\/tuotteet1.jpg\" alt=\"\" width=\"528\" height=\"353\" \/><\/a><\/p>\n","protected":false},"excerpt":{"rendered":"<p>Tarjoamme erilaisia siivous- kiinteist\u00f6- ja vaihtomattopalveluita. Olemme suunnitelleet valmiita paketteja, mutta tarvittaessa pystymme my\u00f6s r\u00e4\u00e4t\u00e4l\u00f6im\u00e4\u00e4n juuri sellaisen paketin, kuin te tarvitsette. \u00a0 \u00a0<\/p>\n","protected":false},"author":4910,"featured_media":0,"parent":0,"menu_order":0,"comment_status":"closed","ping_status":"closed","template":"","meta":{"footnotes":""},"class_list":["post-45","page","type-page","status-publish","hentry"],"_links":{"self":[{"href":"https:\/\/blogi.eoppimispalvelut.fi\/lcg1\/wp-json\/wp\/v2\/pages\/45","targetHints":{"allow":["GET"]}}],"collection":[{"href":"https:\/\/blogi.eoppimispalvelut.fi\/lcg1\/wp-json\/wp\/v2\/pages"}],"about":[{"href":"https:\/\/blogi.eoppimispalvelut.fi\/lcg1\/wp-json\/wp\/v2\/types\/page"}],"author":[{"embeddable":true,"href":"https:\/\/blogi.eoppimispalvelut.fi\/lcg1\/wp-json\/wp\/v2\/users\/4910"}],"replies":[{"embeddable":true,"href":"https:\/\/blogi.eoppimispalvelut.fi\/lcg1\/wp-json\/wp\/v2\/comments?post=45"}],"version-history":[{"count":18,"href":"https:\/\/blogi.eoppimispalvelut.fi\/lcg1\/wp-json\/wp\/v2\/pages\/45\/revisions"}],"predecessor-version":[{"id":209,"href":"https:\/\/blogi.eoppimispalvelut.fi\/lcg1\/wp-json\/wp\/v2\/pages\/45\/revisions\/209"}],"wp:attachment":[{"href":"https:\/\/blogi.eoppimispalvelut.fi\/lcg1\/wp-json\/wp\/v2\/media?parent=45"}],"curies":[{"name":"wp","href":"https:\/\/api.w.org\/{rel}","templated":true}]}}