{"id":136,"date":"2016-06-23T13:31:43","date_gmt":"2016-06-23T10:31:43","guid":{"rendered":"https:\/\/blogi.eoppimispalvelut.fi\/leto\/?page_id=136"},"modified":"2017-08-28T16:31:05","modified_gmt":"2017-08-28T13:31:05","slug":"project-groups","status":"publish","type":"page","link":"https:\/\/blogi.eoppimispalvelut.fi\/leto\/project-groups\/","title":{"rendered":"Project groups"},"content":{"rendered":"<p><strong>Steering Group<\/strong><\/p>\n<p>The purpose of the SG is to ensure the proper support of the project management and the adherence to the agreed project activities. The SG will meet 5 times throughout the project.<\/p>\n<p>o\u00a0\u00a0\u00a0Steering Group members are:<\/p>\n<ul>\n<li>Finland: Mr. Vehkaper\u00e4 Mikko<\/li>\n<li>Germany: Ms. Sepp\u00e4l\u00e4- Esser Raija<\/li>\n<li>The Netherlands: Ms. Roovers Lucette<\/li>\n<\/ul>\n<p><strong>Content Group<\/strong><\/p>\n<p>The Content Group will consist of researchers and members of the working life partnership of the project<\/p>\n<p>o\u00a0\u00a0\u00a0Content group\u2019s members are:<\/p>\n<ul>\n<li>Ms. Sepp\u00e4l\u00e4-Esser Raija<\/li>\n<li>Mr. Garc\u00eda-Rosell Jos\u00e9-Carlos<\/li>\n<li>Ms. Kangasniemi Ulla<\/li>\n<li>Ms. Kontiokoski P\u00e4ivi<\/li>\n<li>Mr. van der Sterren Jos<\/li>\n<li>Mr. Lintner Peter<\/li>\n<\/ul>\n<p><strong>Tourism observatory and innovation center working group<\/strong><\/p>\n<p>This group is set up in order to investigate and benefit from the participating educational organizations\u2019 and the working life partnership\u2019s structure, stakeholder cooperation practices and the utilization of their operational model. The goal of this working group is to formulate plans for transformation of information into innovative products and services as well as for improving the content of the curricula regarding international exchange activities and their benefit for the local tourism industry. Project partners are invited to call members to this group.<\/p>\n<p>Tourism observatory and innovation center working group\u2019s members are:<\/p>\n<p>o\u00a0\u00a0\u00a0Finland:<\/p>\n<ul>\n<li>Mr. Rauno Posio, Project Director &#8211;\u00a0Visit Arctic Europe<\/li>\n<li>Ms. Luiro Satu, Tourism Specialist\u00a0 &#8211; Regional Council of Lapland<\/li>\n<li>Ms. Heikkil\u00e4 Paula, Coordinator, International Relations &#8211;\u00a0Multidimensional Tourism Institute (MTI)<\/li>\n<li>Ms. Tiikkaja Marika, Tourism Specialist &#8211; Municipality of Ranua<\/li>\n<li>Ms. Kalliokoski Sisko, Tourism Coordinator &#8211; BothnianBusiness<\/li>\n<\/ul>\n","protected":false},"excerpt":{"rendered":"<p>Steering Group The purpose of the SG is to ensure the proper support of the project management and the adherence to the agreed project activities. The SG will meet 5 times throughout the project. o\u00a0\u00a0\u00a0Steering Group members are: Finland: Mr. Vehkaper\u00e4 Mikko Germany: Ms. Sepp\u00e4l\u00e4- Esser Raija The Netherlands: Ms. Roovers Lucette Content Group The [&hellip;]<\/p>\n","protected":false},"author":31,"featured_media":0,"parent":0,"menu_order":0,"comment_status":"closed","ping_status":"closed","template":"","meta":{"footnotes":""},"class_list":["post-136","page","type-page","status-publish","hentry"],"_links":{"self":[{"href":"https:\/\/blogi.eoppimispalvelut.fi\/leto\/wp-json\/wp\/v2\/pages\/136","targetHints":{"allow":["GET"]}}],"collection":[{"href":"https:\/\/blogi.eoppimispalvelut.fi\/leto\/wp-json\/wp\/v2\/pages"}],"about":[{"href":"https:\/\/blogi.eoppimispalvelut.fi\/leto\/wp-json\/wp\/v2\/types\/page"}],"author":[{"embeddable":true,"href":"https:\/\/blogi.eoppimispalvelut.fi\/leto\/wp-json\/wp\/v2\/users\/31"}],"replies":[{"embeddable":true,"href":"https:\/\/blogi.eoppimispalvelut.fi\/leto\/wp-json\/wp\/v2\/comments?post=136"}],"version-history":[{"count":5,"href":"https:\/\/blogi.eoppimispalvelut.fi\/leto\/wp-json\/wp\/v2\/pages\/136\/revisions"}],"predecessor-version":[{"id":266,"href":"https:\/\/blogi.eoppimispalvelut.fi\/leto\/wp-json\/wp\/v2\/pages\/136\/revisions\/266"}],"wp:attachment":[{"href":"https:\/\/blogi.eoppimispalvelut.fi\/leto\/wp-json\/wp\/v2\/media?parent=136"}],"curies":[{"name":"wp","href":"https:\/\/api.w.org\/{rel}","templated":true}]}}