{"id":21,"date":"2019-04-22T15:19:38","date_gmt":"2019-04-22T12:19:38","guid":{"rendered":"https:\/\/blogi.eoppimispalvelut.fi\/liisatuhkanen\/?page_id=21"},"modified":"2019-04-22T18:17:50","modified_gmt":"2019-04-22T15:17:50","slug":"about-me","status":"publish","type":"page","link":"https:\/\/blogi.eoppimispalvelut.fi\/liisatuhkanen\/about-me\/","title":{"rendered":"Min\u00e4"},"content":{"rendered":"<p>Hei,<br \/>\nolen ensimm\u00e4isen vuoden opiskelija Lapin ammattikorkeakoulusta, tietojenk\u00e4sittelyn koulutusohjelmasta.<br \/>\nAsun p\u00e4\u00e4kaupunkiseudulla ja ty\u00f6skentelen oppilaitoksessa taloushallinnon koulutusten parissa.<br \/>\nPerheeseeni kuuluu kolme poikaa, puoliso ja koira. Harrastan kaikenlaista, leipomista, lukemista, kutomista ja liikuntaa.<\/p>\n<p>&nbsp;<\/p>\n<p><img loading=\"lazy\" decoding=\"async\" class=\"wp-image-108 alignleft\" src=\"https:\/\/blogi.eoppimispalvelut.fi\/liisatuhkanen\/files\/2019\/04\/tuhkanen-liisa.jpg\" alt=\"\" width=\"196\" height=\"196\" srcset=\"https:\/\/blogi.eoppimispalvelut.fi\/liisatuhkanen\/files\/2019\/04\/tuhkanen-liisa.jpg 400w, https:\/\/blogi.eoppimispalvelut.fi\/liisatuhkanen\/files\/2019\/04\/tuhkanen-liisa-120x120.jpg 120w\" sizes=\"auto, (max-width: 196px) 100vw, 196px\" \/><\/p>\n<p><img loading=\"lazy\" decoding=\"async\" class=\" wp-image-109\" src=\"https:\/\/blogi.eoppimispalvelut.fi\/liisatuhkanen\/files\/2019\/04\/kakku-900x1200.jpg\" alt=\"\" width=\"145\" height=\"194\" srcset=\"https:\/\/blogi.eoppimispalvelut.fi\/liisatuhkanen\/files\/2019\/04\/kakku-900x1200.jpg 900w, https:\/\/blogi.eoppimispalvelut.fi\/liisatuhkanen\/files\/2019\/04\/kakku-768x1024.jpg 768w, https:\/\/blogi.eoppimispalvelut.fi\/liisatuhkanen\/files\/2019\/04\/kakku-1280x1707.jpg 1280w\" sizes=\"auto, (max-width: 145px) 100vw, 145px\" \/><\/p>\n","protected":false},"excerpt":{"rendered":"<p>Hei, olen ensimm\u00e4isen vuoden opiskelija Lapin ammattikorkeakoulusta, tietojenk\u00e4sittelyn koulutusohjelmasta. Asun p\u00e4\u00e4kaupunkiseudulla ja ty\u00f6skentelen oppilaitoksessa taloushallinnon koulutusten parissa. Perheeseeni kuuluu kolme poikaa, puoliso ja koira. Harrastan kaikenlaista, leipomista, lukemista, kutomista ja liikuntaa. &nbsp;<\/p>\n","protected":false},"author":3723,"featured_media":0,"parent":0,"menu_order":0,"comment_status":"closed","ping_status":"closed","template":"","meta":{"footnotes":""},"class_list":["post-21","page","type-page","status-publish","hentry"],"_links":{"self":[{"href":"https:\/\/blogi.eoppimispalvelut.fi\/liisatuhkanen\/wp-json\/wp\/v2\/pages\/21","targetHints":{"allow":["GET"]}}],"collection":[{"href":"https:\/\/blogi.eoppimispalvelut.fi\/liisatuhkanen\/wp-json\/wp\/v2\/pages"}],"about":[{"href":"https:\/\/blogi.eoppimispalvelut.fi\/liisatuhkanen\/wp-json\/wp\/v2\/types\/page"}],"author":[{"embeddable":true,"href":"https:\/\/blogi.eoppimispalvelut.fi\/liisatuhkanen\/wp-json\/wp\/v2\/users\/3723"}],"replies":[{"embeddable":true,"href":"https:\/\/blogi.eoppimispalvelut.fi\/liisatuhkanen\/wp-json\/wp\/v2\/comments?post=21"}],"version-history":[{"count":3,"href":"https:\/\/blogi.eoppimispalvelut.fi\/liisatuhkanen\/wp-json\/wp\/v2\/pages\/21\/revisions"}],"predecessor-version":[{"id":130,"href":"https:\/\/blogi.eoppimispalvelut.fi\/liisatuhkanen\/wp-json\/wp\/v2\/pages\/21\/revisions\/130"}],"wp:attachment":[{"href":"https:\/\/blogi.eoppimispalvelut.fi\/liisatuhkanen\/wp-json\/wp\/v2\/media?parent=21"}],"curies":[{"name":"wp","href":"https:\/\/api.w.org\/{rel}","templated":true}]}}