{"id":38,"date":"2019-04-22T15:42:59","date_gmt":"2019-04-22T12:42:59","guid":{"rendered":"https:\/\/blogi.eoppimispalvelut.fi\/liisatuhkanen\/?page_id=38"},"modified":"2019-04-22T17:54:37","modified_gmt":"2019-04-22T14:54:37","slug":"1-digitaalisuuden-tilanne-taloushallinnossa","status":"publish","type":"page","link":"https:\/\/blogi.eoppimispalvelut.fi\/liisatuhkanen\/1-digitaalisuuden-tilanne-taloushallinnossa\/","title":{"rendered":"1.\tDigitaalisuuden tilanne taloushallinnossa"},"content":{"rendered":"<p>S\u00e4hk\u00f6inen taloushallinto on ollut k\u00e4yt\u00f6ss\u00e4 Suomessa yli 20 vuotta (Kuva 1) . Lains\u00e4\u00e4d\u00e4nt\u00f6 mahdollisti siirtymisen paperisesta kirjanpidosta s\u00e4hk\u00f6iseen taloushallintoon vuonna 1997. T\u00e4n\u00e4 p\u00e4iv\u00e4n\u00e4 digitaalisuus onkin p\u00e4\u00e4osassa organisaatioiden taloushallinnossa. Suomi on kuitenkin menett\u00e4nyt edell\u00e4k\u00e4vij\u00e4maan aseman, j\u00e4rjestelm\u00e4markkinnat konsolidoituvat voimakkaasti ja keskittyv\u00e4t tulevaisuudessa muutamien kansainv\u00e4listen toimijoiden ja ekosysteemien haltuun.<\/p>\n<p>(Kaarlej\u00e4rvi &amp; Salminen 2018)<\/p>\n<p>Useat yrityksen taloushallinnon rajapinnat toimivat jo s\u00e4hk\u00f6isesti ja n\u00e4m\u00e4 toiminnot kehittyv\u00e4t jatkuvasti. T\u00e4llaisia palveluja ovat mm. ytj.fi ja vero.fi (OmaVero ja tulorekisteri). Taloushallinnon digitalisoituminen on siirtym\u00e4ss\u00e4 \u00e4lykk\u00e4\u00e4n taloushallinnon vaiheeseen. Taloushallinnon j\u00e4rjestelm\u00e4t, teknologiset alustat, edell\u00e4 mainitut rajapinnat helpottavat tiedonsiirtoa ja uudet teknologiat (ohjelmistorobotiikka ja teko\u00e4ly) lis\u00e4\u00e4v\u00e4t automaatiota ja tukevat \u00e4lykkyytt\u00e4 vaativia teht\u00e4vi\u00e4. Ohjelmistorobotiikka on kiihdytt\u00e4nyt alan kehityst\u00e4 ja automatisointia eniten.<\/p>\n<p>(Soro 2018)<\/p>\n<p>&nbsp;<\/p>\n<p><img loading=\"lazy\" decoding=\"async\" class=\"alignnone wp-image-116\" src=\"https:\/\/blogi.eoppimispalvelut.fi\/liisatuhkanen\/files\/2019\/04\/taloushallinnon-digitaloisutminen.png\" alt=\"\" width=\"506\" height=\"270\" \/><\/p>\n<p>Kuva 1 Kaarlej\u00e4rvi ja Salminen 2018<\/p>\n","protected":false},"excerpt":{"rendered":"<p>S\u00e4hk\u00f6inen taloushallinto on ollut k\u00e4yt\u00f6ss\u00e4 Suomessa yli 20 vuotta (Kuva 1) . Lains\u00e4\u00e4d\u00e4nt\u00f6 mahdollisti siirtymisen paperisesta kirjanpidosta s\u00e4hk\u00f6iseen taloushallintoon vuonna 1997. T\u00e4n\u00e4 p\u00e4iv\u00e4n\u00e4 digitaalisuus onkin p\u00e4\u00e4osassa organisaatioiden taloushallinnossa. Suomi on kuitenkin menett\u00e4nyt edell\u00e4k\u00e4vij\u00e4maan aseman, j\u00e4rjestelm\u00e4markkinnat konsolidoituvat voimakkaasti ja keskittyv\u00e4t tulevaisuudessa muutamien kansainv\u00e4listen toimijoiden ja ekosysteemien haltuun. (Kaarlej\u00e4rvi &amp; Salminen 2018) Useat yrityksen taloushallinnon rajapinnat toimivat [&hellip;]<\/p>\n","protected":false},"author":3723,"featured_media":0,"parent":0,"menu_order":0,"comment_status":"closed","ping_status":"closed","template":"","meta":{"footnotes":""},"class_list":["post-38","page","type-page","status-publish","hentry"],"_links":{"self":[{"href":"https:\/\/blogi.eoppimispalvelut.fi\/liisatuhkanen\/wp-json\/wp\/v2\/pages\/38","targetHints":{"allow":["GET"]}}],"collection":[{"href":"https:\/\/blogi.eoppimispalvelut.fi\/liisatuhkanen\/wp-json\/wp\/v2\/pages"}],"about":[{"href":"https:\/\/blogi.eoppimispalvelut.fi\/liisatuhkanen\/wp-json\/wp\/v2\/types\/page"}],"author":[{"embeddable":true,"href":"https:\/\/blogi.eoppimispalvelut.fi\/liisatuhkanen\/wp-json\/wp\/v2\/users\/3723"}],"replies":[{"embeddable":true,"href":"https:\/\/blogi.eoppimispalvelut.fi\/liisatuhkanen\/wp-json\/wp\/v2\/comments?post=38"}],"version-history":[{"count":7,"href":"https:\/\/blogi.eoppimispalvelut.fi\/liisatuhkanen\/wp-json\/wp\/v2\/pages\/38\/revisions"}],"predecessor-version":[{"id":118,"href":"https:\/\/blogi.eoppimispalvelut.fi\/liisatuhkanen\/wp-json\/wp\/v2\/pages\/38\/revisions\/118"}],"wp:attachment":[{"href":"https:\/\/blogi.eoppimispalvelut.fi\/liisatuhkanen\/wp-json\/wp\/v2\/media?parent=38"}],"curies":[{"name":"wp","href":"https:\/\/api.w.org\/{rel}","templated":true}]}}