{"id":40,"date":"2019-04-22T15:42:59","date_gmt":"2019-04-22T12:42:59","guid":{"rendered":"https:\/\/blogi.eoppimispalvelut.fi\/liisatuhkanen\/?page_id=40"},"modified":"2019-04-22T18:59:13","modified_gmt":"2019-04-22T15:59:13","slug":"3-digitalisaation-merkitys","status":"publish","type":"page","link":"https:\/\/blogi.eoppimispalvelut.fi\/liisatuhkanen\/3-digitalisaation-merkitys\/","title":{"rendered":"3.\tDigitalisaation merkitys"},"content":{"rendered":"<p>Automaation ja digitaalisuuden hy\u00f6dynt\u00e4minen taloushallinnossa on edellytys ajans\u00e4\u00e4st\u00f6jen l\u00f6yt\u00e4miseksi. Mihin tarvitaan lis\u00e4\u00e4 aikaa? Taloushallinnon yksikk\u00f6jen teht\u00e4v\u00e4n\u00e4 on korostunut sis\u00e4isen tai ulkoisen asiakkaan tilanteen analysointi ja liiketoiminnan kehitt\u00e4minen. Kun manuaalisista prosesseista luovutaan, voidaan keskitty\u00e4 auttamaan asiakasta kehitt\u00e4m\u00e4\u00e4n ja kasvattamaan liiketoimintoja ja tuotetaan sit\u00e4 kautta lis\u00e4arvoa. T\u00e4m\u00e4 edellytt\u00e4\u00e4 ty\u00f6n uusjakoa ihmisten ja j\u00e4rjestelmien v\u00e4lill\u00e4.<\/p>\n<p>Nopeat digitaaliset prosessit n\u00e4kyv\u00e4t kaikkialla, esimerkiksi p\u00e4\u00e4kirjanpidon t\u00e4sm\u00e4ytt\u00e4minen nopeuttaa kirjanpidon valmistumista ja raportointia johdolle. Taloushallinnon ammattilaisten ty\u00f6n mielekkyydell\u00e4 ja motivaatiolla on mahdollisuus kasvaa.<\/p>\n<p>Automatisoitu taloushallinto parantaa yleens\u00e4 toiminnan laatua, l\u00e4pin\u00e4kyvyytt\u00e4 ja v\u00e4hent\u00e4\u00e4 virheit\u00e4. Ty\u00f6t\u00e4 voi tehd\u00e4 pilvipalveluiden avulla ajasta ja paikasta riippumatta, esimerkiksi k\u00e4sitell\u00e4 ostolaskuja maailmalla tai selata automaation tuottamia raportteja.<\/p>\n<p>(Kaarlej\u00e4rvi &amp; Salminen, 2018)<\/p>\n<p>Pieniss\u00e4 tilitoimistoissa kannattavuutta voi olla hankala saavuttaa ilman toimintojen tehostamista ja rutiiniteht\u00e4vien automatisointi on vastaus t\u00e4h\u00e4n. Alkuinvestointi digitaaliselle ratkaisulle on suurempi kuin perinteisen ohjelmiston hintalappu. Digitaalinen ratkaisu kuitenkin s\u00e4\u00e4st\u00e4\u00e4 rahaa ajan my\u00f6t\u00e4 ty\u00f6n tehokuuden muodossa ja ohjelmistoja ja palvelimia ei tarvitse hankkia.<\/p>\n","protected":false},"excerpt":{"rendered":"<p>Automaation ja digitaalisuuden hy\u00f6dynt\u00e4minen taloushallinnossa on edellytys ajans\u00e4\u00e4st\u00f6jen l\u00f6yt\u00e4miseksi. Mihin tarvitaan lis\u00e4\u00e4 aikaa? Taloushallinnon yksikk\u00f6jen teht\u00e4v\u00e4n\u00e4 on korostunut sis\u00e4isen tai ulkoisen asiakkaan tilanteen analysointi ja liiketoiminnan kehitt\u00e4minen. Kun manuaalisista prosesseista luovutaan, voidaan keskitty\u00e4 auttamaan asiakasta kehitt\u00e4m\u00e4\u00e4n ja kasvattamaan liiketoimintoja ja tuotetaan sit\u00e4 kautta lis\u00e4arvoa. T\u00e4m\u00e4 edellytt\u00e4\u00e4 ty\u00f6n uusjakoa ihmisten ja j\u00e4rjestelmien v\u00e4lill\u00e4. Nopeat digitaaliset prosessit [&hellip;]<\/p>\n","protected":false},"author":3723,"featured_media":0,"parent":0,"menu_order":0,"comment_status":"closed","ping_status":"closed","template":"","meta":{"footnotes":""},"class_list":["post-40","page","type-page","status-publish","hentry"],"_links":{"self":[{"href":"https:\/\/blogi.eoppimispalvelut.fi\/liisatuhkanen\/wp-json\/wp\/v2\/pages\/40","targetHints":{"allow":["GET"]}}],"collection":[{"href":"https:\/\/blogi.eoppimispalvelut.fi\/liisatuhkanen\/wp-json\/wp\/v2\/pages"}],"about":[{"href":"https:\/\/blogi.eoppimispalvelut.fi\/liisatuhkanen\/wp-json\/wp\/v2\/types\/page"}],"author":[{"embeddable":true,"href":"https:\/\/blogi.eoppimispalvelut.fi\/liisatuhkanen\/wp-json\/wp\/v2\/users\/3723"}],"replies":[{"embeddable":true,"href":"https:\/\/blogi.eoppimispalvelut.fi\/liisatuhkanen\/wp-json\/wp\/v2\/comments?post=40"}],"version-history":[{"count":3,"href":"https:\/\/blogi.eoppimispalvelut.fi\/liisatuhkanen\/wp-json\/wp\/v2\/pages\/40\/revisions"}],"predecessor-version":[{"id":139,"href":"https:\/\/blogi.eoppimispalvelut.fi\/liisatuhkanen\/wp-json\/wp\/v2\/pages\/40\/revisions\/139"}],"wp:attachment":[{"href":"https:\/\/blogi.eoppimispalvelut.fi\/liisatuhkanen\/wp-json\/wp\/v2\/media?parent=40"}],"curies":[{"name":"wp","href":"https:\/\/api.w.org\/{rel}","templated":true}]}}