{"id":41,"date":"2019-04-22T15:42:59","date_gmt":"2019-04-22T12:42:59","guid":{"rendered":"https:\/\/blogi.eoppimispalvelut.fi\/liisatuhkanen\/?page_id=41"},"modified":"2019-04-22T19:02:41","modified_gmt":"2019-04-22T16:02:41","slug":"4-esimerkki-digitalisaatiosta-taloushallinnossa","status":"publish","type":"page","link":"https:\/\/blogi.eoppimispalvelut.fi\/liisatuhkanen\/4-esimerkki-digitalisaatiosta-taloushallinnossa\/","title":{"rendered":"4.\tEsimerkki digitalisaatiosta taloushallinnossa"},"content":{"rendered":"<p>Ostolaskujen k\u00e4sittely on yleens\u00e4 organisaation eniten resursseja viev\u00e4 taloushallinnon prosessi.<\/p>\n<p>Digitalisaatio on mahdollistanut s\u00e4\u00e4nt\u00f6pohjaisen automaation luomisen ostolaskuj\u00e4rjestelmiin, sen lis\u00e4ksi automaatiota on lis\u00e4tty ohjelmistorobotiikan ja koneoppimisen avulla. Digitaalisessa taloushallinnossa ostolaskuprosessi etenee seuraavasti: ostolasku vastaanotetaan verkkolaskuna, lasku kohdistetaan ostotilaukseen ja tili\u00f6id\u00e4\u00e4n automaattisesti, lasku hyv\u00e4ksytet\u00e4\u00e4n ja sen j\u00e4lkeen lasku kirjautuu automaattisesti ostoreskontraan ja kirjanpitoon.<\/p>\n<p>(Kaarlej\u00e4rvi &amp; Salminen, 2018)<\/p>\n","protected":false},"excerpt":{"rendered":"<p>Ostolaskujen k\u00e4sittely on yleens\u00e4 organisaation eniten resursseja viev\u00e4 taloushallinnon prosessi. Digitalisaatio on mahdollistanut s\u00e4\u00e4nt\u00f6pohjaisen automaation luomisen ostolaskuj\u00e4rjestelmiin, sen lis\u00e4ksi automaatiota on lis\u00e4tty ohjelmistorobotiikan ja koneoppimisen avulla. Digitaalisessa taloushallinnossa ostolaskuprosessi etenee seuraavasti: ostolasku vastaanotetaan verkkolaskuna, lasku kohdistetaan ostotilaukseen ja tili\u00f6id\u00e4\u00e4n automaattisesti, lasku hyv\u00e4ksytet\u00e4\u00e4n ja sen j\u00e4lkeen lasku kirjautuu automaattisesti ostoreskontraan ja kirjanpitoon. (Kaarlej\u00e4rvi &amp; Salminen, 2018)<\/p>\n","protected":false},"author":3723,"featured_media":0,"parent":0,"menu_order":0,"comment_status":"closed","ping_status":"closed","template":"","meta":{"footnotes":""},"class_list":["post-41","page","type-page","status-publish","hentry"],"_links":{"self":[{"href":"https:\/\/blogi.eoppimispalvelut.fi\/liisatuhkanen\/wp-json\/wp\/v2\/pages\/41","targetHints":{"allow":["GET"]}}],"collection":[{"href":"https:\/\/blogi.eoppimispalvelut.fi\/liisatuhkanen\/wp-json\/wp\/v2\/pages"}],"about":[{"href":"https:\/\/blogi.eoppimispalvelut.fi\/liisatuhkanen\/wp-json\/wp\/v2\/types\/page"}],"author":[{"embeddable":true,"href":"https:\/\/blogi.eoppimispalvelut.fi\/liisatuhkanen\/wp-json\/wp\/v2\/users\/3723"}],"replies":[{"embeddable":true,"href":"https:\/\/blogi.eoppimispalvelut.fi\/liisatuhkanen\/wp-json\/wp\/v2\/comments?post=41"}],"version-history":[{"count":3,"href":"https:\/\/blogi.eoppimispalvelut.fi\/liisatuhkanen\/wp-json\/wp\/v2\/pages\/41\/revisions"}],"predecessor-version":[{"id":140,"href":"https:\/\/blogi.eoppimispalvelut.fi\/liisatuhkanen\/wp-json\/wp\/v2\/pages\/41\/revisions\/140"}],"wp:attachment":[{"href":"https:\/\/blogi.eoppimispalvelut.fi\/liisatuhkanen\/wp-json\/wp\/v2\/media?parent=41"}],"curies":[{"name":"wp","href":"https:\/\/api.w.org\/{rel}","templated":true}]}}