{"id":42,"date":"2019-04-22T15:42:59","date_gmt":"2019-04-22T12:42:59","guid":{"rendered":"https:\/\/blogi.eoppimispalvelut.fi\/liisatuhkanen\/?page_id=42"},"modified":"2019-04-22T18:53:04","modified_gmt":"2019-04-22T15:53:04","slug":"5-lahteet","status":"publish","type":"page","link":"https:\/\/blogi.eoppimispalvelut.fi\/liisatuhkanen\/5-lahteet\/","title":{"rendered":"5. L\u00e4hteet"},"content":{"rendered":"<p>Kaarlej\u00e4rvi ja Salminen, Kohti digitaalista taloushallintoa 2008<\/p>\n<p>Kaarlej\u00e4rvi ja Salminen, \u00c4lyk\u00e4s taloushallinto 2018<\/p>\n<p>Lindb\u00e4ck 2019, https:\/\/www.youtube.com\/watch?v=gKYOvjfhGQA<\/p>\n<p>Soro, Tilisanomat 5\/2018<\/p>\n<p>Kuvat: Unsplash Photo by\u00a0<a href=\"https:\/\/unsplash.com\/photos\/t3DHojIo-08?utm_source=unsplash&amp;utm_medium=referral&amp;utm_content=creditCopyText\">OhTilly, Photo by\u00a0<\/a><a href=\"https:\/\/unsplash.com\/photos\/CjDuFaoVQD8?utm_source=unsplash&amp;utm_medium=referral&amp;utm_content=creditCopyText\">Juan Marin<\/a><a href=\"https:\/\/unsplash.com\/photos\/t3DHojIo-08?utm_source=unsplash&amp;utm_medium=referral&amp;utm_content=creditCopyText\">\u00a0<\/a><\/p>\n","protected":false},"excerpt":{"rendered":"<p>Kaarlej\u00e4rvi ja Salminen, Kohti digitaalista taloushallintoa 2008 Kaarlej\u00e4rvi ja Salminen, \u00c4lyk\u00e4s taloushallinto 2018 Lindb\u00e4ck 2019, https:\/\/www.youtube.com\/watch?v=gKYOvjfhGQA Soro, Tilisanomat 5\/2018 Kuvat: Unsplash Photo by\u00a0OhTilly, Photo by\u00a0Juan Marin\u00a0<\/p>\n","protected":false},"author":3723,"featured_media":0,"parent":0,"menu_order":0,"comment_status":"closed","ping_status":"closed","template":"","meta":{"footnotes":""},"class_list":["post-42","page","type-page","status-publish","hentry"],"_links":{"self":[{"href":"https:\/\/blogi.eoppimispalvelut.fi\/liisatuhkanen\/wp-json\/wp\/v2\/pages\/42","targetHints":{"allow":["GET"]}}],"collection":[{"href":"https:\/\/blogi.eoppimispalvelut.fi\/liisatuhkanen\/wp-json\/wp\/v2\/pages"}],"about":[{"href":"https:\/\/blogi.eoppimispalvelut.fi\/liisatuhkanen\/wp-json\/wp\/v2\/types\/page"}],"author":[{"embeddable":true,"href":"https:\/\/blogi.eoppimispalvelut.fi\/liisatuhkanen\/wp-json\/wp\/v2\/users\/3723"}],"replies":[{"embeddable":true,"href":"https:\/\/blogi.eoppimispalvelut.fi\/liisatuhkanen\/wp-json\/wp\/v2\/comments?post=42"}],"version-history":[{"count":5,"href":"https:\/\/blogi.eoppimispalvelut.fi\/liisatuhkanen\/wp-json\/wp\/v2\/pages\/42\/revisions"}],"predecessor-version":[{"id":138,"href":"https:\/\/blogi.eoppimispalvelut.fi\/liisatuhkanen\/wp-json\/wp\/v2\/pages\/42\/revisions\/138"}],"wp:attachment":[{"href":"https:\/\/blogi.eoppimispalvelut.fi\/liisatuhkanen\/wp-json\/wp\/v2\/media?parent=42"}],"curies":[{"name":"wp","href":"https:\/\/api.w.org\/{rel}","templated":true}]}}