{"id":23,"date":"2018-03-12T11:12:15","date_gmt":"2018-03-12T09:12:15","guid":{"rendered":"https:\/\/blogi.eoppimispalvelut.fi\/liitos\/?page_id=23"},"modified":"2018-03-12T19:21:03","modified_gmt":"2018-03-12T17:21:03","slug":"projektiryhma","status":"publish","type":"page","link":"https:\/\/blogi.eoppimispalvelut.fi\/liitos\/projektiryhma\/","title":{"rendered":"Projektiryhm\u00e4"},"content":{"rendered":"<p>T\u00e4ss\u00e4 blogissa kerromme pohdinnoistamme sek\u00e4 oivalluksista, joita matkan varrella saamme.<\/p>\n<p>Pauliina Koberg (projektip\u00e4\u00e4llikk\u00f6)<\/p>\n<p>Hanna-Mari Granat<\/p>\n<p>Juha Holster<\/p>\n<p>Mari Kuivalainen<\/p>\n<p>Katja Lampela<\/p>\n<p>Sanna Tepsa<\/p>\n<p><img loading=\"lazy\" decoding=\"async\" class=\"alignnone wp-image-43\" src=\"https:\/\/blogi.eoppimispalvelut.fi\/liitos\/files\/2018\/03\/patrick-perkins-350622-unsplash-900x600.jpg\" alt=\"\" width=\"409\" height=\"273\" srcset=\"https:\/\/blogi.eoppimispalvelut.fi\/liitos\/files\/2018\/03\/patrick-perkins-350622-unsplash-900x600.jpg 900w, https:\/\/blogi.eoppimispalvelut.fi\/liitos\/files\/2018\/03\/patrick-perkins-350622-unsplash-768x512.jpg 768w, https:\/\/blogi.eoppimispalvelut.fi\/liitos\/files\/2018\/03\/patrick-perkins-350622-unsplash-1280x853.jpg 1280w\" sizes=\"auto, (max-width: 409px) 100vw, 409px\" \/><\/p>\n","protected":false},"excerpt":{"rendered":"<p>T\u00e4ss\u00e4 blogissa kerromme pohdinnoistamme sek\u00e4 oivalluksista, joita matkan varrella saamme. Pauliina Koberg (projektip\u00e4\u00e4llikk\u00f6) Hanna-Mari Granat Juha Holster Mari Kuivalainen Katja Lampela Sanna Tepsa<\/p>\n","protected":false},"author":3006,"featured_media":0,"parent":0,"menu_order":0,"comment_status":"closed","ping_status":"closed","template":"","meta":{"footnotes":""},"class_list":["post-23","page","type-page","status-publish","hentry"],"_links":{"self":[{"href":"https:\/\/blogi.eoppimispalvelut.fi\/liitos\/wp-json\/wp\/v2\/pages\/23","targetHints":{"allow":["GET"]}}],"collection":[{"href":"https:\/\/blogi.eoppimispalvelut.fi\/liitos\/wp-json\/wp\/v2\/pages"}],"about":[{"href":"https:\/\/blogi.eoppimispalvelut.fi\/liitos\/wp-json\/wp\/v2\/types\/page"}],"author":[{"embeddable":true,"href":"https:\/\/blogi.eoppimispalvelut.fi\/liitos\/wp-json\/wp\/v2\/users\/3006"}],"replies":[{"embeddable":true,"href":"https:\/\/blogi.eoppimispalvelut.fi\/liitos\/wp-json\/wp\/v2\/comments?post=23"}],"version-history":[{"count":5,"href":"https:\/\/blogi.eoppimispalvelut.fi\/liitos\/wp-json\/wp\/v2\/pages\/23\/revisions"}],"predecessor-version":[{"id":54,"href":"https:\/\/blogi.eoppimispalvelut.fi\/liitos\/wp-json\/wp\/v2\/pages\/23\/revisions\/54"}],"wp:attachment":[{"href":"https:\/\/blogi.eoppimispalvelut.fi\/liitos\/wp-json\/wp\/v2\/media?parent=23"}],"curies":[{"name":"wp","href":"https:\/\/api.w.org\/{rel}","templated":true}]}}