{"id":45,"date":"2018-03-12T15:36:37","date_gmt":"2018-03-12T13:36:37","guid":{"rendered":"https:\/\/blogi.eoppimispalvelut.fi\/liitos\/?page_id=45"},"modified":"2018-05-02T21:44:22","modified_gmt":"2018-05-02T18:44:22","slug":"kirjallisuutta","status":"publish","type":"page","link":"https:\/\/blogi.eoppimispalvelut.fi\/liitos\/kirjallisuutta\/","title":{"rendered":"Kirjallisuutta"},"content":{"rendered":"<p>Kaija Erkkil\u00e4: Haltuunoton ja yhdist\u00e4misen haasteet &#8211; integraatio yrityskaupassa (WSOY 2001)<\/p>\n<p>Juha Arikoski: Vastarinnasta vastarannalle &#8211; johda muutos taitavasti (Otavan Kirjapaino Oy 2007)<\/p>\n<p>Kari Tuominen: Muutoksen johtaminen: itsearvioinnin ty\u00f6kirja: 34 hyv\u00e4\u00e4 kysymyst\u00e4 ja esimerkkiparia: mik\u00e4 erottaa menestyj\u00e4t keskinkertaisista? (Benchmarking 2004)<\/p>\n<p><a href=\"https:\/\/jyx.jyu.fi\/dspace\/bitstream\/handle\/123456789\/49635\/URN%3ANBN%3Afi%3Ajyu-201605042418.pdf?sequence=1\" target=\"_blank\" rel=\"noopener\">Hanna-Mari Partanen: ORGANISAATIO MUUTOKSESSA<\/a><br \/>\nTy\u00f6ntekij\u00f6iden, keskijohdon ja ylimm\u00e4n johdon<br \/>\nkokemuksia muutosprosessista (Jyv\u00e4skyl\u00e4n Yliopisto Pro Gradu-tutkielma 2016)<\/p>\n<p><a href=\"http:\/\/www.uta.fi\/jkk\/synergos\/tyohyvinvointi\/oppaat\/muutoskirja.pdf\" rel=\"noopener\" target=\"_blank\">Anne Luomala: Muutosjohtamisen ABC &#8211; Ajatuksia muutoksen johtamisesta ja ihmisten johtamisesta muutoksessa.<\/a> Tampereen Yliopiston kauppakorkeakoulu 2008.<\/p>\n<p><img loading=\"lazy\" decoding=\"async\" class=\"alignnone size-medium wp-image-67 alignleft\" src=\"https:\/\/blogi.eoppimispalvelut.fi\/liitos\/files\/2018\/03\/jade-stephens-485345-unsplash-900x600.jpg\" alt=\"\" width=\"900\" height=\"600\" srcset=\"https:\/\/blogi.eoppimispalvelut.fi\/liitos\/files\/2018\/03\/jade-stephens-485345-unsplash-900x600.jpg 900w, https:\/\/blogi.eoppimispalvelut.fi\/liitos\/files\/2018\/03\/jade-stephens-485345-unsplash-768x512.jpg 768w, https:\/\/blogi.eoppimispalvelut.fi\/liitos\/files\/2018\/03\/jade-stephens-485345-unsplash-1280x853.jpg 1280w\" sizes=\"auto, (max-width: 767px) 89vw, (max-width: 1000px) 54vw, (max-width: 1071px) 543px, 580px\" \/><\/p>\n","protected":false},"excerpt":{"rendered":"<p>Kaija Erkkil\u00e4: Haltuunoton ja yhdist\u00e4misen haasteet &#8211; integraatio yrityskaupassa (WSOY 2001) Juha Arikoski: Vastarinnasta vastarannalle &#8211; johda muutos taitavasti (Otavan Kirjapaino Oy 2007) Kari Tuominen: Muutoksen johtaminen: itsearvioinnin ty\u00f6kirja: 34 hyv\u00e4\u00e4 kysymyst\u00e4 ja esimerkkiparia: mik\u00e4 erottaa menestyj\u00e4t keskinkertaisista? (Benchmarking 2004) Hanna-Mari Partanen: ORGANISAATIO MUUTOKSESSA Ty\u00f6ntekij\u00f6iden, keskijohdon ja ylimm\u00e4n johdon kokemuksia muutosprosessista (Jyv\u00e4skyl\u00e4n Yliopisto Pro Gradu-tutkielma &hellip; <\/p>\n<p class=\"link-more\"><a href=\"https:\/\/blogi.eoppimispalvelut.fi\/liitos\/kirjallisuutta\/\" class=\"more-link\">Jatka lukemista<span class=\"screen-reader-text\"> &#8220;Kirjallisuutta&#8221;<\/span><\/a><\/p>\n","protected":false},"author":3006,"featured_media":0,"parent":0,"menu_order":0,"comment_status":"closed","ping_status":"closed","template":"","meta":{"footnotes":""},"class_list":["post-45","page","type-page","status-publish","hentry"],"_links":{"self":[{"href":"https:\/\/blogi.eoppimispalvelut.fi\/liitos\/wp-json\/wp\/v2\/pages\/45","targetHints":{"allow":["GET"]}}],"collection":[{"href":"https:\/\/blogi.eoppimispalvelut.fi\/liitos\/wp-json\/wp\/v2\/pages"}],"about":[{"href":"https:\/\/blogi.eoppimispalvelut.fi\/liitos\/wp-json\/wp\/v2\/types\/page"}],"author":[{"embeddable":true,"href":"https:\/\/blogi.eoppimispalvelut.fi\/liitos\/wp-json\/wp\/v2\/users\/3006"}],"replies":[{"embeddable":true,"href":"https:\/\/blogi.eoppimispalvelut.fi\/liitos\/wp-json\/wp\/v2\/comments?post=45"}],"version-history":[{"count":5,"href":"https:\/\/blogi.eoppimispalvelut.fi\/liitos\/wp-json\/wp\/v2\/pages\/45\/revisions"}],"predecessor-version":[{"id":104,"href":"https:\/\/blogi.eoppimispalvelut.fi\/liitos\/wp-json\/wp\/v2\/pages\/45\/revisions\/104"}],"wp:attachment":[{"href":"https:\/\/blogi.eoppimispalvelut.fi\/liitos\/wp-json\/wp\/v2\/media?parent=45"}],"curies":[{"name":"wp","href":"https:\/\/api.w.org\/{rel}","templated":true}]}}