{"id":55,"date":"2018-03-12T19:47:33","date_gmt":"2018-03-12T17:47:33","guid":{"rendered":"https:\/\/blogi.eoppimispalvelut.fi\/liitos\/?page_id=55"},"modified":"2018-05-02T22:07:15","modified_gmt":"2018-05-02T19:07:15","slug":"tietoja-minusta","status":"publish","type":"page","link":"https:\/\/blogi.eoppimispalvelut.fi\/liitos\/tietoja-minusta\/","title":{"rendered":"Tietoja minusta"},"content":{"rendered":"<p>Moiks!<\/p>\n<p>Olen Katja Rovaniemelt\u00e4 ja asustelen P\u00f6ykk\u00f6l\u00e4ss\u00e4 poikani Niilon 9-v. kanssa. Ty\u00f6paikalla otan roolia v\u00e4h\u00e4n kaikessa, mik\u00e4 on mukavaa ja ainakin ty\u00f6nkuvassa on vaihtelua, love it! Aloitin tradenomi-opinnot 2017 tammikuussa harrastuspohjalta itse\u00e4ni sivist\u00e4\u00e4kseni ja osaamista p\u00e4ivitt\u00e4\u00e4kseni. Saan t\u00e4st\u00e4 kyll\u00e4 aivan varmasti my\u00f6s apuja ja ideoita ty\u00f6h\u00f6nikin.<\/p>\n<p>Olen aivan hulluna puutarhahommiin ja kes\u00e4 on tietenkin sit\u00e4 parasta aikaa, tai oikeastaan ihan alkukes\u00e4 kun maa on viel\u00e4 musta ja saa kierrell\u00e4 kukkapenkkej\u00e4 kahvikupin kanssa josko sielt\u00e4 jotain jo nousisi. Toinen aivan ihana juttu on Lappi ja tuntureilla kiikkuminen, siihen ei kyll\u00e4sty koskaan. Lis\u00e4ksi intohimonani on hotelliaamiaiset ja niiden vastapainona sitten kuntosali ja liikkuminen ylip\u00e4\u00e4ns\u00e4. Urheilusta pid\u00e4n my\u00f6s ihan penkkiversiona, talviurheilulajien maailmancupit ja yleisurheilut sek\u00e4 formulat ovat aivan must tapauksia, jotka on pakko n\u00e4hd\u00e4.<\/p>\n<figure id=\"attachment_60\" aria-describedby=\"caption-attachment-60\" style=\"width: 900px\" class=\"wp-caption alignnone\"><img loading=\"lazy\" decoding=\"async\" class=\"size-medium wp-image-60\" src=\"https:\/\/blogi.eoppimispalvelut.fi\/liitos\/files\/2018\/03\/IMG_20170802_180826-900x675.jpg\" alt=\"\" width=\"900\" height=\"675\" srcset=\"https:\/\/blogi.eoppimispalvelut.fi\/liitos\/files\/2018\/03\/IMG_20170802_180826-900x675.jpg 900w, https:\/\/blogi.eoppimispalvelut.fi\/liitos\/files\/2018\/03\/IMG_20170802_180826-768x576.jpg 768w, https:\/\/blogi.eoppimispalvelut.fi\/liitos\/files\/2018\/03\/IMG_20170802_180826-1280x960.jpg 1280w\" sizes=\"auto, (max-width: 767px) 89vw, (max-width: 1000px) 54vw, (max-width: 1071px) 543px, 580px\" \/><figcaption id=\"caption-attachment-60\" class=\"wp-caption-text\">Tromssan puutarhaa&#8230;<\/figcaption><\/figure>\n<figure id=\"attachment_61\" aria-describedby=\"caption-attachment-61\" style=\"width: 900px\" class=\"wp-caption alignnone\"><img loading=\"lazy\" decoding=\"async\" class=\"size-medium wp-image-61\" src=\"https:\/\/blogi.eoppimispalvelut.fi\/liitos\/files\/2018\/03\/IMG_20170801_145920-900x546.jpg\" alt=\"\" width=\"900\" height=\"546\" srcset=\"https:\/\/blogi.eoppimispalvelut.fi\/liitos\/files\/2018\/03\/IMG_20170801_145920-900x546.jpg 900w, https:\/\/blogi.eoppimispalvelut.fi\/liitos\/files\/2018\/03\/IMG_20170801_145920-768x466.jpg 768w, https:\/\/blogi.eoppimispalvelut.fi\/liitos\/files\/2018\/03\/IMG_20170801_145920-1280x776.jpg 1280w\" sizes=\"auto, (max-width: 767px) 89vw, (max-width: 1000px) 54vw, (max-width: 1071px) 543px, 580px\" \/><figcaption id=\"caption-attachment-61\" class=\"wp-caption-text\">Lempparimaisemaa eli Kilpisj\u00e4rven satumets\u00e4\u00e4&#8230;<\/figcaption><\/figure>\n","protected":false},"excerpt":{"rendered":"<p>Moiks! Olen Katja Rovaniemelt\u00e4 ja asustelen P\u00f6ykk\u00f6l\u00e4ss\u00e4 poikani Niilon 9-v. kanssa. Ty\u00f6paikalla otan roolia v\u00e4h\u00e4n kaikessa, mik\u00e4 on mukavaa ja ainakin ty\u00f6nkuvassa on vaihtelua, love it! Aloitin tradenomi-opinnot 2017 tammikuussa harrastuspohjalta itse\u00e4ni sivist\u00e4\u00e4kseni ja osaamista p\u00e4ivitt\u00e4\u00e4kseni. Saan t\u00e4st\u00e4 kyll\u00e4 aivan varmasti my\u00f6s apuja ja ideoita ty\u00f6h\u00f6nikin. Olen aivan hulluna puutarhahommiin ja kes\u00e4 on tietenkin sit\u00e4 &hellip; <\/p>\n<p class=\"link-more\"><a href=\"https:\/\/blogi.eoppimispalvelut.fi\/liitos\/tietoja-minusta\/\" class=\"more-link\">Jatka lukemista<span class=\"screen-reader-text\"> &#8220;Tietoja minusta&#8221;<\/span><\/a><\/p>\n","protected":false},"author":3006,"featured_media":0,"parent":0,"menu_order":0,"comment_status":"closed","ping_status":"closed","template":"","meta":{"footnotes":""},"class_list":["post-55","page","type-page","status-publish","hentry"],"_links":{"self":[{"href":"https:\/\/blogi.eoppimispalvelut.fi\/liitos\/wp-json\/wp\/v2\/pages\/55","targetHints":{"allow":["GET"]}}],"collection":[{"href":"https:\/\/blogi.eoppimispalvelut.fi\/liitos\/wp-json\/wp\/v2\/pages"}],"about":[{"href":"https:\/\/blogi.eoppimispalvelut.fi\/liitos\/wp-json\/wp\/v2\/types\/page"}],"author":[{"embeddable":true,"href":"https:\/\/blogi.eoppimispalvelut.fi\/liitos\/wp-json\/wp\/v2\/users\/3006"}],"replies":[{"embeddable":true,"href":"https:\/\/blogi.eoppimispalvelut.fi\/liitos\/wp-json\/wp\/v2\/comments?post=55"}],"version-history":[{"count":3,"href":"https:\/\/blogi.eoppimispalvelut.fi\/liitos\/wp-json\/wp\/v2\/pages\/55\/revisions"}],"predecessor-version":[{"id":62,"href":"https:\/\/blogi.eoppimispalvelut.fi\/liitos\/wp-json\/wp\/v2\/pages\/55\/revisions\/62"}],"wp:attachment":[{"href":"https:\/\/blogi.eoppimispalvelut.fi\/liitos\/wp-json\/wp\/v2\/media?parent=55"}],"curies":[{"name":"wp","href":"https:\/\/api.w.org\/{rel}","templated":true}]}}