{"id":78,"date":"2018-04-02T19:34:35","date_gmt":"2018-04-02T16:34:35","guid":{"rendered":"https:\/\/blogi.eoppimispalvelut.fi\/liitos\/?page_id=78"},"modified":"2018-05-02T22:03:42","modified_gmt":"2018-05-02T19:03:42","slug":"animaatiosarja-yrityksen-integraatioprosessista-muutosjohtamisen-nakokulmasta","status":"publish","type":"page","link":"https:\/\/blogi.eoppimispalvelut.fi\/liitos\/animaatiosarja-yrityksen-integraatioprosessista-muutosjohtamisen-nakokulmasta\/","title":{"rendered":"Animaatiosarja"},"content":{"rendered":"<p>T\u00e4ll\u00e4 sivulla projektiryhm\u00e4mme tekem\u00e4 animaatiosarja yritykaupan integraatioprosessista muutosjohtamisen n\u00e4k\u00f6kulmasta. Animaation visuaalisesta toteutuksesta vastaa ryhm\u00e4mme j\u00e4sen Mari Kuivalainen.<\/p>\n<p>Animaatio 1. Yrityskaupan Intro<\/p>\n<p>https:\/\/www.facebook.com\/hannamari.granat.5\/videos\/151994042293925\/?t=51<\/p>\n<p>Animaatio 2. Henkil\u00f6st\u00f6 ja integraatio yrityskaupassa<\/p>\n<p>https:\/\/www.facebook.com\/hannamari.granat.5\/videos\/172092316950764\/<\/p>\n","protected":false},"excerpt":{"rendered":"<p>T\u00e4ll\u00e4 sivulla projektiryhm\u00e4mme tekem\u00e4 animaatiosarja yritykaupan integraatioprosessista muutosjohtamisen n\u00e4k\u00f6kulmasta. Animaation visuaalisesta toteutuksesta vastaa ryhm\u00e4mme j\u00e4sen Mari Kuivalainen. Animaatio 1. Yrityskaupan Intro https:\/\/www.facebook.com\/hannamari.granat.5\/videos\/151994042293925\/?t=51 Animaatio 2. Henkil\u00f6st\u00f6 ja integraatio yrityskaupassa https:\/\/www.facebook.com\/hannamari.granat.5\/videos\/172092316950764\/<\/p>\n","protected":false},"author":3006,"featured_media":0,"parent":0,"menu_order":0,"comment_status":"closed","ping_status":"closed","template":"","meta":{"footnotes":""},"class_list":["post-78","page","type-page","status-publish","hentry"],"_links":{"self":[{"href":"https:\/\/blogi.eoppimispalvelut.fi\/liitos\/wp-json\/wp\/v2\/pages\/78","targetHints":{"allow":["GET"]}}],"collection":[{"href":"https:\/\/blogi.eoppimispalvelut.fi\/liitos\/wp-json\/wp\/v2\/pages"}],"about":[{"href":"https:\/\/blogi.eoppimispalvelut.fi\/liitos\/wp-json\/wp\/v2\/types\/page"}],"author":[{"embeddable":true,"href":"https:\/\/blogi.eoppimispalvelut.fi\/liitos\/wp-json\/wp\/v2\/users\/3006"}],"replies":[{"embeddable":true,"href":"https:\/\/blogi.eoppimispalvelut.fi\/liitos\/wp-json\/wp\/v2\/comments?post=78"}],"version-history":[{"count":8,"href":"https:\/\/blogi.eoppimispalvelut.fi\/liitos\/wp-json\/wp\/v2\/pages\/78\/revisions"}],"predecessor-version":[{"id":106,"href":"https:\/\/blogi.eoppimispalvelut.fi\/liitos\/wp-json\/wp\/v2\/pages\/78\/revisions\/106"}],"wp:attachment":[{"href":"https:\/\/blogi.eoppimispalvelut.fi\/liitos\/wp-json\/wp\/v2\/media?parent=78"}],"curies":[{"name":"wp","href":"https:\/\/api.w.org\/{rel}","templated":true}]}}