{"id":14,"date":"2016-06-21T13:26:10","date_gmt":"2016-06-21T10:26:10","guid":{"rendered":"https:\/\/blogi.eoppimispalvelut.fi\/lovo\/?page_id=14"},"modified":"2017-11-28T15:48:24","modified_gmt":"2017-11-28T13:48:24","slug":"esittely","status":"publish","type":"page","link":"https:\/\/blogi.eoppimispalvelut.fi\/lovo\/esittely\/","title":{"rendered":"Hanke-esittely"},"content":{"rendered":"<p class=\"ProjectCardHeading\"><span class=\"Description\">LOVO-hankkeen tavoitteena on kehitt\u00e4\u00e4 ja ottaa k\u00e4ytt\u00f6\u00f6n osallistavia ja oppijal\u00e4ht\u00f6isi\u00e4 menetelmi\u00e4 verkko-oppimisymp\u00e4rist\u00f6iss\u00e4 sek\u00e4 tuottaa uusia digitaalisia oppimis-, ohjaus- ja arviointitapoja sek\u00e4 sis\u00e4lt\u00f6j\u00e4.<br \/>\n<\/span><\/p>\n<p class=\"ProjectCardHeading\">Hankkeessa teht\u00e4v\u00e4 kehitt\u00e4misty\u00f6 rakentuu kolmesta ty\u00f6paketista, joiden sis\u00e4lt\u00f6 rakentuu pienemmist\u00e4 piloteista.<br \/>\nTy\u00f6paketit ovat:<br \/>\n&#8211; Uudet oppimista ja osaamista tuottavat ratkaisut ja joustavammat opintopolut<br \/>\n&#8211; Osaamisen n\u00e4ytt\u00e4minen digitaalisia ty\u00f6v\u00e4lineit\u00e4 hy\u00f6dynt\u00e4en<br \/>\n&#8211; Palautteetn ja arvioinnin uudet muodot digitaalisissa ymp\u00e4rist\u00f6iss\u00e4<\/p>\n<p class=\"ProjectCardHeading\"><span class=\"Description\">Hankkeen tuloksena syntyy entist\u00e4 saavutettavampia, joustavampia ja oppijal\u00e4ht\u00f6isempi\u00e4 osaamisen kehitt\u00e4mismahdollisuuksia. Kehitysty\u00f6n tuloksena lappilaisen koulutuksen oppijal\u00e4ht\u00f6isyys lis\u00e4\u00e4ntyy k\u00e4ytt\u00f6\u00f6notettujen uusien menetelmien, ty\u00f6skentelytapojen ja digi-\/verkkoty\u00f6v\u00e4lineiden my\u00f6t\u00e4.<\/span><\/p>\n<p>LOVO on ESR-hanke ja jatkuu vuoden 2018 syyskuun loppuun saakka.<\/p>\n","protected":false},"excerpt":{"rendered":"<p>LOVO-hankkeen tavoitteena on kehitt\u00e4\u00e4 ja ottaa k\u00e4ytt\u00f6\u00f6n osallistavia ja oppijal\u00e4ht\u00f6isi\u00e4 menetelmi\u00e4 verkko-oppimisymp\u00e4rist\u00f6iss\u00e4 sek\u00e4 tuottaa uusia digitaalisia oppimis-, ohjaus- ja arviointitapoja sek\u00e4 sis\u00e4lt\u00f6j\u00e4. Hankkeessa teht\u00e4v\u00e4 kehitt\u00e4misty\u00f6 rakentuu kolmesta ty\u00f6paketista, joiden sis\u00e4lt\u00f6 rakentuu pienemmist\u00e4 piloteista. Ty\u00f6paketit ovat: &#8211; Uudet oppimista ja osaamista tuottavat ratkaisut ja joustavammat opintopolut &#8211; Osaamisen n\u00e4ytt\u00e4minen digitaalisia ty\u00f6v\u00e4lineit\u00e4 hy\u00f6dynt\u00e4en &#8211; Palautteetn ja arvioinnin [&hellip;]<\/p>\n","protected":false},"author":1329,"featured_media":0,"parent":0,"menu_order":0,"comment_status":"closed","ping_status":"closed","template":"","meta":{"footnotes":""},"class_list":["post-14","page","type-page","status-publish","hentry"],"_links":{"self":[{"href":"https:\/\/blogi.eoppimispalvelut.fi\/lovo\/wp-json\/wp\/v2\/pages\/14","targetHints":{"allow":["GET"]}}],"collection":[{"href":"https:\/\/blogi.eoppimispalvelut.fi\/lovo\/wp-json\/wp\/v2\/pages"}],"about":[{"href":"https:\/\/blogi.eoppimispalvelut.fi\/lovo\/wp-json\/wp\/v2\/types\/page"}],"author":[{"embeddable":true,"href":"https:\/\/blogi.eoppimispalvelut.fi\/lovo\/wp-json\/wp\/v2\/users\/1329"}],"replies":[{"embeddable":true,"href":"https:\/\/blogi.eoppimispalvelut.fi\/lovo\/wp-json\/wp\/v2\/comments?post=14"}],"version-history":[{"count":9,"href":"https:\/\/blogi.eoppimispalvelut.fi\/lovo\/wp-json\/wp\/v2\/pages\/14\/revisions"}],"predecessor-version":[{"id":424,"href":"https:\/\/blogi.eoppimispalvelut.fi\/lovo\/wp-json\/wp\/v2\/pages\/14\/revisions\/424"}],"wp:attachment":[{"href":"https:\/\/blogi.eoppimispalvelut.fi\/lovo\/wp-json\/wp\/v2\/media?parent=14"}],"curies":[{"name":"wp","href":"https:\/\/api.w.org\/{rel}","templated":true}]}}