{"id":201,"date":"2017-01-20T13:45:32","date_gmt":"2017-01-20T11:45:32","guid":{"rendered":"https:\/\/blogi.eoppimispalvelut.fi\/lovo\/?page_id=201"},"modified":"2018-05-25T12:46:01","modified_gmt":"2018-05-25T09:46:01","slug":"viestinta","status":"publish","type":"page","link":"https:\/\/blogi.eoppimispalvelut.fi\/lovo\/viestinta\/","title":{"rendered":"Tapahtumat ja viestint\u00e4"},"content":{"rendered":"<p><strong>WEBINAARIT<\/strong><\/p>\n<p>5.4.2018 <strong>Uusia ideoita opiskelijoiden osallistamiseen!<\/strong><\/p>\n<p>Webinaarissa esitell\u00e4\u00e4n kaksi opetuksen case-esimerkki\u00e4, joissa opiskelijoiden osallistaminen ja vastuu omasta oppimisesta ja ammatillisesta kasvusta on nostettu uudelle tasolle. Toteutuksissa tulokulmana k\u00e4\u00e4nteinen oppiminen.<br \/>\nWebinaarin asiantuntijat Anitra Arkko-Saukkonen ja Pirjo K\u00f6nni toimivat Lapin ammattikorkeakoulun kaupan ja kulttuurin osaamisalalla lehtoreina.<br \/>\nWebinaarin <a href=\"https:\/\/connect.eoppimispalvelut.fi\/p47am8roy5cq\/\">tallenne<\/a><\/p>\n<p><span id=\"DeltaPlaceHolderMain\"><span id=\"part1\">14.3.2018<strong> Osaamista ja oppimista tukeva arviointi verkko-opetuksessa <\/strong>Asiantuntijana Pekka Peura<br \/>\nWebinaarin <a href=\"https:\/\/connect.eoppimispalvelut.fi\/pxt7vwlqb8zl\/\">tallenne.<\/a><br \/>\n<a href=\"http:\/\/slides.com\/opetustv\/osaamista-ja-oppimista-tukeva-arviointi-verkko-opetuksessa#\/\">Esitysmateriaali<\/a><br \/>\n<\/span><\/span><\/p>\n<p>21.2.2018\u00a0<span style=\"color: #000000\"><strong> <span id=\"DeltaPlaceHolderMain\"><span id=\"part1\"><span style=\"color: #333333\">S\u00e4hk\u00f6iset ty\u00f6kalut oppimisen ja osaamisen arvioinnissa<\/span> <\/span><\/span><\/strong><\/span><span id=\"DeltaPlaceHolderMain\"><span id=\"part1\">Asiantuntijana Matleena Laakso <\/span><\/span><strong><span id=\"DeltaPlaceHolderMain\"><span id=\"part1\">(<a href=\"http:\/\/www.matleenalaakso.fi\">www.matleenalaakso.fi<\/a><\/span><\/span><\/strong><strong><span id=\"DeltaPlaceHolderMain\"><span id=\"part1\">)<br \/>\n<\/span><\/span><\/strong><span id=\"DeltaPlaceHolderMain\"><span id=\"part1\">Webinaarin <a href=\"https:\/\/connect.eoppimispalvelut.fi\/phgwu73mimak\/\">tallenne<\/a>.<\/span><\/span><span id=\"DeltaPlaceHolderMain\"><span id=\"part1\"><\/span><\/span><a href=\"https:\/\/www.slideshare.net\/MatleenaLaakso\/shkiset-tykalut-oppimisen-ja-osaamisen-arvioinnissa\"><span id=\"DeltaPlaceHolderMain\"><span id=\"part1\"> <\/span><\/span><span id=\"DeltaPlaceHolderMain\"><span id=\"part1\">Esitysdiat.<\/span><\/span><\/a><strong><span id=\"DeltaPlaceHolderMain\"><span id=\"part1\"><br \/>\n<\/span><\/span><\/strong><span id=\"DeltaPlaceHolderMain\"><span id=\"part1\"><\/span><\/span><\/p>\n<p>6.2.2018 <strong>Osaamisen osoittaminen digitaalisesti.\u00a0<\/strong>Anu Suopanki, Tiina V\u00e4yrynen, Maria Jaatinen ja Joanna Meller. Webinaarin <a href=\"https:\/\/connect.eoppimispalvelut.fi\/ptrpkci87qdj\/\">tallenne<\/a>.<\/p>\n<p>30.11.2017\u00a0 <strong>Verkkotentti oppijal\u00e4ht\u00f6isen\u00e4 arviointimenetelm\u00e4n\u00e4.<\/strong> Heidi Jaakola, Panu Huczkowski, Annette Sj\u00f6man ja Anja Mikkola. Tallennetta ei saatavilla.<\/p>\n<p>2.5.2017 klo 13-13.45 <strong>Eriaikainen \u00e4\u00e4nipalaute opettajan ty\u00f6kaluna<\/strong>. P\u00e4ivi Rasi ja Hanna Vuoj\u00e4rvi, Lapin yliopisto. Webinaarin <a href=\"https:\/\/sogsakk.adobeconnect.com\/ppfrcp4bpumo\/\">tallenne<\/a><\/p>\n<p><strong><br \/>\nVIDEOT<\/strong><\/p>\n<p><strong>Joonas Koivumaa<\/strong>, Lapin ammattikorkeakoulun kaupan ja kulttuurin osaamisalan pilotti. <a href=\"https:\/\/www.youtube.com\/watch?v=7PafLq_M3Gg\">Youtube-linkki<\/a><\/p>\n<p><strong>Outi K\u00e4hk\u00f6nen<\/strong>, MTI Lapin AMK<br \/>\nMoodlen arviointimatriisi: <a href=\"https:\/\/www.youtube.com\/watch?v=ftMc-lhviiE\">Youtube-linkki<\/a><\/p>\n<p><strong><br \/>\nJULKAISUT<br \/>\n<\/strong><\/p>\n<p><strong>Arkko-Saukkonen, A. &amp; Saloniemi, K. (2018).<\/strong> Innostusta verkkoty\u00f6skentelyyn. Lapin ammattikorkeakoulun julkaisuja. Sarja C. Oppimateriaalit 2\/2018.<br \/>\nJulkaisu: <a href=\"http:\/\/urn.fi\/URN:ISBN:978-952-316-214-3\">pdf-muodossa<\/a>, <a href=\"https:\/\/issuu.com\/lapinamk\/docs\/c_2_2018_arkko-saukkonen_saloniemi\">Issuu<\/a><\/p>\n<p><strong>Kantola, L., Pikkarainen, A. &amp; Pruikkonen, A. (2017).<\/strong> <a href=\"https:\/\/www.eoppimiskeskus.fi\/images\/stories\/SeOppi\/lehdet\/SeOppi_02-2017.pdf\">Developing distance learning in computer aided design<\/a>. <em>SeOppi 2\/2017.<\/em><\/p>\n<p><strong>Rasi, P. &amp; Vuoj\u00e4rvi, H.<\/strong> <strong>(2017)<\/strong>. <a href=\"http:\/\/onlinelibrary.wiley.com\/doi\/10.1111\/bjet.12587\/full\">Toward personal and emotional connectivity in mobile higher education through asynchronous formative audio feedback.<\/a> <em>British Journal of Educational Technology<\/em>.<\/p>\n<p><strong>Arkko-Saukkonen, A., Koivumaa, J. &amp; Rautiainen, T.<\/strong> <strong>(2017)<\/strong>. <a href=\"http:\/\/www.theseus.fi\/bitstream\/handle\/10024\/134077\/B%2013%202017%20Kangastie.pdf?sequence=1&amp;isAllowed=y\">Osallistaminen ja osallistuminen &#8211; Reaaliaikaiset verkkov\u00e4lineet k\u00e4yt\u00f6ss\u00e4.<\/a> <em>Teoksessa Kangastie, H. (toim.). TKI-hankkeista voimaa koulutuksen ja opetuksen kehitt\u00e4miseen.<\/em><\/p>\n<p><strong>Saloniemi, K. (2016).<\/strong> <a href=\"https:\/\/blogi.eoppimispalvelut.fi\/lumenlehti\/2016\/12\/02\/etaisyyksien-hallintaa-laadukkaan-lappilaisen-koulutuksen-avulla\/\">Et\u00e4isyyksien hallintaa laadukkaan lappilaisen koulutuksen avulla<\/a>. <em>Lapin ammattikorkeakoulun Lumen-verkkolehti 3\/2016.<\/em><\/p>\n<p><strong><br \/>\nESITYKSET<\/strong><\/p>\n<p><strong>Saloniemi, K. (2018).<\/strong> LOVO &#8211; Lappilaiset osallistavat verkko-oppimisratkaisut. Posteri-esitys Interaktiivinen tekniikka koulutuksessa (ITK) -konferenssi 11.-13.4.2018, H\u00e4meenlinna.<\/p>\n<p><strong>Arkko-Sakkonen, A. (2018).<\/strong> Tutkimusmatka yritt\u00e4jyyteen monimediaisin ja verkkov\u00e4litteisin keinoin yhteissuunnittelun kautta. Foorumi-esitys Interaktiivinen tekniikka koulutuksessa (ITK) -konferenssi 11.-13.4.2018, H\u00e4meenlinna.<\/p>\n<p><strong>Aho, H. &amp; Purtilo-Nieminen, S. (2017).<\/strong> Opiskelutaidot-verkkokurssin muodonmuutos. Kasvatustieen p\u00e4iv\u00e4t 31.11.-1.12.2017, Rovaniemi.<\/p>\n<p><strong>Mikkola, A. &amp; Sj\u00f6man, A. (2017).<\/strong> Participatory e-learning solutions in Lapland \u2013 LOVO. The 4<sup>th<\/sup> Forum for Nurse Educators 14.-15.11.2017, Tartto, Viro.<\/p>\n<p><strong>Kantola, L., Pikkarainen, A. &amp; Pruikkonen A. (2017).<\/strong> Developing Distance Learning in Computer Aided Design. International CDIO Conference 18.-22.6.2017, Calgary, Canada.<\/p>\n<p><strong>Rautiainen, T., K\u00e4hk\u00f6nen, O., Hanni, L. &amp; Vuoj\u00e4rvi, H.<\/strong> <strong>(2017).<\/strong> Lappilaiset tuulettaa pedagogiikka -teemaseminaari. Interaktiivinen tekniikka koulutuksessa (ITK) -konferenssi 5.-7.4.2017, H\u00e4meenlinna.<\/p>\n<p><strong>Rasi, P. &amp; Vuoj\u00e4rvi, H.<\/strong> <strong>(2016)<\/strong>. Oppimisprosessin aikaisen \u00e4\u00e4nipalautteen merkitys motivaatiolle ja oppimiselle: Tapaustutkimus yliopistojenv\u00e4lisest\u00e4 verkkokurssista. Kasvatustieteen p\u00e4iv\u00e4t 17.-18.11.2016, Turku.<\/p>\n<p>&nbsp;<\/p>\n<p>&nbsp;<\/p>\n<p>&#8212;&#8212;&#8212;&#8212;&#8212;&#8212;&#8212;&#8212;&#8212;<\/p>\n<p>Klikkaa kuvaa ja tutustu hankkeen viestint\u00e4suunnitelmaan:<\/p>\n<p><a href=\"https:\/\/blogi.eoppimispalvelut.fi\/lovo\/viestinta\/viestintasuunnitelma_lovo\/\" rel=\"attachment wp-att-265\"><img loading=\"lazy\" decoding=\"async\" class=\"alignnone wp-image-265\" src=\"https:\/\/blogi.eoppimispalvelut.fi\/lovo\/files\/2017\/01\/connections-2099068_640-300x296.png\" alt=\"\" width=\"166\" height=\"164\" srcset=\"https:\/\/blogi.eoppimispalvelut.fi\/lovo\/files\/2017\/01\/connections-2099068_640-300x296.png 300w, https:\/\/blogi.eoppimispalvelut.fi\/lovo\/files\/2017\/01\/connections-2099068_640-50x50.png 50w, https:\/\/blogi.eoppimispalvelut.fi\/lovo\/files\/2017\/01\/connections-2099068_640.png 640w\" sizes=\"auto, (max-width: 166px) 100vw, 166px\" \/><\/a><\/p>\n<p>&nbsp;<\/p>\n","protected":false},"excerpt":{"rendered":"<p>WEBINAARIT 5.4.2018 Uusia ideoita opiskelijoiden osallistamiseen! Webinaarissa esitell\u00e4\u00e4n kaksi opetuksen case-esimerkki\u00e4, joissa opiskelijoiden osallistaminen ja vastuu omasta oppimisesta ja ammatillisesta kasvusta on nostettu uudelle tasolle. Toteutuksissa tulokulmana k\u00e4\u00e4nteinen oppiminen. Webinaarin asiantuntijat Anitra Arkko-Saukkonen ja Pirjo K\u00f6nni toimivat Lapin ammattikorkeakoulun kaupan ja kulttuurin osaamisalalla lehtoreina. Webinaarin tallenne 14.3.2018 Osaamista ja oppimista tukeva arviointi verkko-opetuksessa Asiantuntijana Pekka [&hellip;]<\/p>\n","protected":false},"author":1231,"featured_media":0,"parent":0,"menu_order":0,"comment_status":"closed","ping_status":"closed","template":"","meta":{"footnotes":""},"class_list":["post-201","page","type-page","status-publish","hentry"],"_links":{"self":[{"href":"https:\/\/blogi.eoppimispalvelut.fi\/lovo\/wp-json\/wp\/v2\/pages\/201","targetHints":{"allow":["GET"]}}],"collection":[{"href":"https:\/\/blogi.eoppimispalvelut.fi\/lovo\/wp-json\/wp\/v2\/pages"}],"about":[{"href":"https:\/\/blogi.eoppimispalvelut.fi\/lovo\/wp-json\/wp\/v2\/types\/page"}],"author":[{"embeddable":true,"href":"https:\/\/blogi.eoppimispalvelut.fi\/lovo\/wp-json\/wp\/v2\/users\/1231"}],"replies":[{"embeddable":true,"href":"https:\/\/blogi.eoppimispalvelut.fi\/lovo\/wp-json\/wp\/v2\/comments?post=201"}],"version-history":[{"count":45,"href":"https:\/\/blogi.eoppimispalvelut.fi\/lovo\/wp-json\/wp\/v2\/pages\/201\/revisions"}],"predecessor-version":[{"id":553,"href":"https:\/\/blogi.eoppimispalvelut.fi\/lovo\/wp-json\/wp\/v2\/pages\/201\/revisions\/553"}],"wp:attachment":[{"href":"https:\/\/blogi.eoppimispalvelut.fi\/lovo\/wp-json\/wp\/v2\/media?parent=201"}],"curies":[{"name":"wp","href":"https:\/\/api.w.org\/{rel}","templated":true}]}}