{"id":17,"date":"2015-11-03T11:03:25","date_gmt":"2015-11-03T09:03:25","guid":{"rendered":"https:\/\/blogi.eoppimispalvelut.fi\/lumenlehti\/?page_id=17"},"modified":"2026-04-23T07:42:14","modified_gmt":"2026-04-23T04:42:14","slug":"lukijalle","status":"publish","type":"page","link":"https:\/\/blogi.eoppimispalvelut.fi\/lumenlehti\/lukijalle\/","title":{"rendered":"Lukijalle"},"content":{"rendered":"<p><em>Lumen<\/em> on Lapin ammattikorkeakoulun verkkolehti, jonka tarkoituksena on jakaa pohjoista tietoa ja levitt\u00e4\u00e4 arktista osaamista.<\/p>\n<p>Verkkolehti on julkaisufoorumi\u00a0pohjoisen asiantuntijoille, ja\u00a0se edist\u00e4\u00e4 omalta\u00a0osaltaan AMKin tutkimus- ja kehitt\u00e4mistoiminnan tulosten avointa saavutettavuutta. T\u00e4st\u00e4 ajatuksesta juontuu my\u00f6s lehden nimi Lumen, joka on paitsi lumi genetiiviss\u00e4 my\u00f6s valovirran yksikk\u00f6.<\/p>\n<p>Lehti ilmestyy kolme kertaa vuodessa ja kullekin numerolle on valittu p\u00e4\u00e4teemat. P\u00e4\u00e4toimittajuus on kiert\u00e4v\u00e4. Ensimm\u00e4isen numeron p\u00e4\u00e4toimitti rehtori Martti Lampela. Sen j\u00e4lkeen p\u00e4\u00e4toimittajina toimivat\u00a0<a href=\"http:\/\/www.lapinamk.fi\/fi\/Tyoelamalle\/Julkaisut\/Julkaisutyoryhma\">lehden toimituskunnan<\/a> j\u00e4senet. Teemap\u00e4\u00e4toimittajaksi voidaan kutsua my\u00f6s muita ammattikorkeakoulun akateemisesti meritoituneita asiantuntijoita.<\/p>\n<p>Voit selata aiemmin ilmestyneit\u00e4 numeroita <a href=\"https:\/\/blogi.eoppimispalvelut.fi\/lumenlehti\/\">etusivun Arkistossa<\/a> sivun oikeassa palstassa.<\/p>\n<ul>\n<li>Numero 1\/2015. Teemana <strong>Arktisuudesta elinvoimaa<\/strong>. P\u00e4\u00e4toimittaja rehtori Martti Lampela. Ilmestynyt 9.12.2015<\/li>\n<li>Numero 1\/2016. Teemana <strong>Luonnonvarojen \u00e4lykk\u00e4\u00e4n k\u00e4yt\u00f6n edist\u00e4minen<\/strong>. P\u00e4\u00e4toimittaja\u00a0 Seppo Saari. Ilmestynyt 28.4.2016<\/li>\n<li>Numero 2\/2016. Teemana <strong>Turvallisuusosaaminen<\/strong>. P\u00e4\u00e4toimittaja Merja Koikkalainen. Ilmestynyt 29.9.2016<\/li>\n<li>Numero 3\/2016. Teemana <strong>Et\u00e4isyyksien hallinta<\/strong>. P\u00e4\u00e4toimittaja Leena Viinam\u00e4ki. Ilmestynyt 8.12.2016<\/li>\n<li>Numero 1\/2017. Teemana <strong>Palveluliiketoiminta ja yritt\u00e4jyys<\/strong>. P\u00e4\u00e4toimittaja Marita Wahlroos. Ilmestynyt 27.4.2017<\/li>\n<li>Numero 2\/2017. Teemana <strong>Arktinen yhteisty\u00f6 ja pohjoinen rajaosaaminen<\/strong> (englanninkielinen). P\u00e4\u00e4toimittaja Esa Jauhola. Ilmestynyt 28.9.2017.<\/li>\n<li>Numero 3\/2017. Teemana <strong>Verkostojen voima<\/strong>. P\u00e4\u00e4toimittaja Seppo Saari. Ilmestynyt 13.12.<\/li>\n<li>Numero 1\/2018. Teemana <strong>Oppinen ja opiskelu TK- ja ty\u00f6el\u00e4m\u00e4rajapinnassa<\/strong>. P\u00e4\u00e4toimittaja Merja Koikkalainen. Ilmestynyt 26.4.2018.<\/li>\n<li>Numero 2\/2018. Teemana <strong>Tulevaisuuden ty\u00f6markkinoiden ja elinkeinoel\u00e4m\u00e4n osaamistarpeet<\/strong>. P\u00e4\u00e4toimittaja Leena Viinam\u00e4ki. Ilmestynyt 27.9.<\/li>\n<li>Numero 3\/2018. Teemana <strong>Lapin elinkeinoel\u00e4m\u00e4n uudet mahdollisuudet<\/strong>. P\u00e4\u00e4toimittaja Lahja Karjalainen. Ilmestynyt 5.12.2018<\/li>\n<li>Numero 1\/2019. Teemana <strong>Aito Arktinen<\/strong>. P\u00e4\u00e4toimittaja Merja Koikkalainen. Ilmestynyt 24.4.2018<\/li>\n<li>Numero 2\/2019. Teemana <strong>Kehittyv\u00e4t hyvinvointipalvelut<\/strong>. P\u00e4\u00e4toimittaja Leena Viinam\u00e4ki. Ilmestynyt 30.11.2019<\/li>\n<li>Numero 1\/2020. Teemana <strong>Vastuullisuus<\/strong>. P\u00e4\u00e4toimittaja Hannele Ker\u00e4nen. Ilmestynyt 4.2.2020<\/li>\n<li>Numero 2\/2020. Teemana <strong>Digitahdissa, mars!<\/strong> P\u00e4\u00e4toimittaja Maarit Tihinen. Ilmestynyt 15.4.2020<\/li>\n<li>Numero 3\/2020 Teemana <strong>Kest\u00e4v\u00e4 tuotanto<\/strong>. P\u00e4\u00e4toimittaja Jussi Soppela. Ilmestynyt 29.10.2020<\/li>\n<li>Numero 1\/2021 Teemana <strong>Yhteis\u00f6llisyys 2020-luvulla.<\/strong> P\u00e4\u00e4toimittaja Leena Viinam\u00e4ki. Ilmestynyt 2.2.2021<\/li>\n<li>Numero 2\/2021 Teemana <strong>Turvallisuus muutoksessa<\/strong>. P\u00e4\u00e4toimittaja Pekka Iivari. Ilmestynyt 14.4.2021<\/li>\n<li>Numero 3\/2021 Teemana <strong>Lappi maailmassa \/ Lapland in the world<\/strong>. P\u00e4\u00e4toimittaja KT Riitta Rissanen. Ilmestynyt 27.10.2021<\/li>\n<li>Numero 1\/2022: Teemana <strong>Pohjoinen oppii ja osaa<\/strong>. P\u00e4\u00e4toimittajat FT Eija Jumisko ja HT Anu Pruikkonen. Ilmestynyt 27.1.2022<\/li>\n<li>Numero 2\/2022: Teemana <strong>Kumppanin kanssa<\/strong>. P\u00e4\u00e4toimittaja FT Merja Koikkalainen. Ilmestynyt 28.4.2022<\/li>\n<li>Numero 3\/2022: Teemana <strong>Kest\u00e4v\u00e4 yhteiskunta, talous ja kasvu<\/strong>. P\u00e4\u00e4toimittaja YTT Leena Viinam\u00e4ki. Ilmestynyt 27.10.2022<\/li>\n<li>Numero 1\/2023. Teema: <strong>Voimavarojen viisas k\u00e4ytt\u00f6<\/strong>. P\u00e4\u00e4toimittaja FT Sanna Tyni. Ilmestynyt 8.2.2023<\/li>\n<li>Numero 2\/2023. Teema: <strong>Tulevaisuuskuvien Lappi &#8211; trendit ja aktiivinen ennakointi<\/strong>. Ilmestynyt 27.4.2023<\/li>\n<li>Numero 3\/2023. Teema:<strong> Uusi maailma? &#8211; Teko\u00e4lyn ja robotiikan mahdollisuudet.\u00a0<\/strong>P\u00e4\u00e4toimittaja Heli V\u00e4\u00e4t\u00e4j\u00e4.<\/li>\n<li>Numero 1\/2024. Teema: <strong>Ihminen, ty\u00f6 ja uudistava johtaminen<\/strong>. P\u00e4\u00e4toimittajat KT Tuulikki Keskitalo ja TtT Outi Mattila. Ilmestynyt 8.2.2024<\/li>\n<li>Numero 2\/2024. Teema: <strong>Oho! &#8211; kokeilukulttuurin helmi\u00e4<\/strong>. P\u00e4\u00e4toimittaja TtT Marika Kunnari. Ilmestynyt 25.4.2024.<\/li>\n<li>Numero 3\/2024. Teema: <strong>Kest\u00e4v\u00e4 maailma \u2013 vastuulliset valinnat<\/strong>. P\u00e4\u00e4toimittaja FT Mirva Juntti. Ilmestynyt 31.10.2024<\/li>\n<li>Numero 1\/2025. Teema: <strong>Joko-tai vai sek\u00e4-ett\u00e4?<\/strong> P\u00e4\u00e4toimittaja YTT Leena Viinam\u00e4ki. Ilmestynyt 6.2.2025<\/li>\n<li>Numero 2\/2025. Teema: <strong>Huominen on nyt<\/strong>. P\u00e4\u00e4toimittaja tutkimusp\u00e4\u00e4llikk\u00f6, KTT Anne-Mari J\u00e4rvelin. Ilmestynyt 24.4.2025.<\/li>\n<li>Numero 3\/2025. Teema: <strong>Luonto kaikessa<\/strong>. P\u00e4\u00e4toimittaja yliopettaja, FT Jussi Soppela. Ilmestynyt 30.10.2025.<\/li>\n<li>Numero 1\/2026. Teema: <strong>Teko\u00e4ly. Nyt.<\/strong> P\u00e4\u00e4toimittaja koulutusp\u00e4\u00e4llikk\u00f6, HTT Anu Pruikkonen. Ilmestynyt 5.2.2026.<\/li>\n<li>Numero 2\/2026. Teema: <strong>Palvelut 2.0<\/strong>. P\u00e4\u00e4toimittaja TKI-p\u00e4\u00e4llikk\u00f6, YTT Anu Harju-Myllyaho. Ilmestynyt 23.4.2026<\/li>\n<\/ul>\n<p>Tulevat numerot:<\/p>\n<ul>\n<li>Syysnumero 3\/2026. Englanninkielisen numeron teemana Building resilience in the Arctic. Ilmestyy 29.10 2026<\/li>\n<\/ul>\n<p>Teema-artikkelien lis\u00e4ksi lehdess\u00e4 voidaan julkaista muita ajankohtaisia asiantuntija-artikkeleita, puheenvuoroja ja esimerkiksi kirja-arvosteluja.<\/p>\n<p>Jokaisessa numerossa julkaistaan my\u00f6s teemaa k\u00e4sittelev\u00e4 kolumni, joiden kirjoittajiksi kutsutaan mielenkiintoisia vaikuttajia\u00a0ammattikorkeakoululle l\u00e4heisist\u00e4\u00a0sidosryhmist\u00e4.<\/p>\n<p>Lehden toimittaja on viestint\u00e4koordinaattori Heli Lohi.<\/p>\n<p><strong>Haluatko saada tiedon uuden numeron ilmestymisest\u00e4 s\u00e4hk\u00f6postiisi?<\/strong><br \/>\nSe onnistuu kun liityt <a href=\"http:\/\/www.lapinamk.fi\/fi\/Esittely\/Ajankohtaista\/Uutiskirje\" target=\"_blank\" rel=\"noopener noreferrer\">Lapin AMKin uutiskirjeen tilaajaksi<\/a>.<\/p>\n","protected":false},"excerpt":{"rendered":"<p>Lumen on Lapin ammattikorkeakoulun verkkolehti, jonka tarkoituksena on jakaa pohjoista tietoa ja levitt\u00e4\u00e4 arktista osaamista. Verkkolehti on julkaisufoorumi\u00a0pohjoisen asiantuntijoille, ja\u00a0se edist\u00e4\u00e4 omalta\u00a0osaltaan AMKin tutkimus- ja kehitt\u00e4mistoiminnan tulosten avointa saavutettavuutta. T\u00e4st\u00e4 ajatuksesta juontuu my\u00f6s lehden nimi Lumen, joka on paitsi lumi genetiiviss\u00e4 my\u00f6s valovirran yksikk\u00f6. Lehti ilmestyy kolme kertaa vuodessa ja kullekin numerolle on valittu p\u00e4\u00e4teemat. [&hellip;]<\/p>\n","protected":false},"author":1658,"featured_media":0,"parent":0,"menu_order":0,"comment_status":"closed","ping_status":"closed","template":"","meta":{"_monsterinsights_skip_tracking":false,"_monsterinsights_sitenote_active":false,"_monsterinsights_sitenote_note":"","_monsterinsights_sitenote_category":0,"jetpack_post_was_ever_published":false,"footnotes":""},"class_list":["post-17","page","type-page","status-publish","hentry"],"jetpack_sharing_enabled":true,"jetpack_shortlink":"https:\/\/wp.me\/P7X4tP-h","_links":{"self":[{"href":"https:\/\/blogi.eoppimispalvelut.fi\/lumenlehti\/wp-json\/wp\/v2\/pages\/17","targetHints":{"allow":["GET"]}}],"collection":[{"href":"https:\/\/blogi.eoppimispalvelut.fi\/lumenlehti\/wp-json\/wp\/v2\/pages"}],"about":[{"href":"https:\/\/blogi.eoppimispalvelut.fi\/lumenlehti\/wp-json\/wp\/v2\/types\/page"}],"author":[{"embeddable":true,"href":"https:\/\/blogi.eoppimispalvelut.fi\/lumenlehti\/wp-json\/wp\/v2\/users\/1658"}],"replies":[{"embeddable":true,"href":"https:\/\/blogi.eoppimispalvelut.fi\/lumenlehti\/wp-json\/wp\/v2\/comments?post=17"}],"version-history":[{"count":67,"href":"https:\/\/blogi.eoppimispalvelut.fi\/lumenlehti\/wp-json\/wp\/v2\/pages\/17\/revisions"}],"predecessor-version":[{"id":5658,"href":"https:\/\/blogi.eoppimispalvelut.fi\/lumenlehti\/wp-json\/wp\/v2\/pages\/17\/revisions\/5658"}],"wp:attachment":[{"href":"https:\/\/blogi.eoppimispalvelut.fi\/lumenlehti\/wp-json\/wp\/v2\/media?parent=17"}],"curies":[{"name":"wp","href":"https:\/\/api.w.org\/{rel}","templated":true}]}}