{"id":21,"date":"2015-11-03T11:08:16","date_gmt":"2015-11-03T09:08:16","guid":{"rendered":"https:\/\/blogi.eoppimispalvelut.fi\/lumenlehti\/?page_id=21"},"modified":"2026-02-05T07:34:23","modified_gmt":"2026-02-05T05:34:23","slug":"kirjoittajalle","status":"publish","type":"page","link":"https:\/\/blogi.eoppimispalvelut.fi\/lumenlehti\/kirjoittajalle\/","title":{"rendered":"Kirjoittajalle"},"content":{"rendered":"<p><em>Lumen-<\/em>verkkolehden tarkoituksena on levitt\u00e4\u00e4 pohjoista tutkimustietoa ja arktista osaamista. <em>\u00a0<\/em>Julkaisu edist\u00e4\u00e4 erityisesti Lapin ammattikorkeakoulun tutkimus- ja kehitt\u00e4mistoiminnan tulosten avointa saatavuutta.<\/p>\n<p>Julkaisu ilmestyy kolme kertaa vuodessa. Numeroille m\u00e4\u00e4ritell\u00e4\u00e4n p\u00e4\u00e4teemat. Teema-artikkelien ja muiden teemaan liittyvien kirjoitusten lis\u00e4ksi julkaistaan artikkeleita ja muuta ammattikorkeakoulun tutkimus- ja kehitt\u00e4mistoiminan ajankohtaista sis\u00e4lt\u00f6\u00e4.<\/p>\n<p>Lehden p\u00e4\u00e4asiallinen kieli on suomi. Tekstien laadinnassa noudatetaan tieteellisen kirjoittamisen periaatteita. Artikkeli voi olla my\u00f6s video- tai podcast-formaatissa toteutettu.<\/p>\n<p>Artikkeleissa v\u00e4hint\u00e4\u00e4n yhden tekij\u00e4n t\u00e4ytyy kuulua Lapin ammattikorkeakoulun henkil\u00f6kuntaan. Artikkeliehdotukset j\u00e4tt\u00e4\u00e4 toimituskunnalle em. henkil\u00f6. Kolumnin laatijat edustavat ammattikorkeakoululle l\u00e4heisi\u00e4 sidosryhmi\u00e4 ja heid\u00e4t kutsutaan erikseen. Artikkelien tai av-muotoisten sis\u00e4lt\u00f6jen sis\u00e4llytt\u00e4misest\u00e4 lehteen p\u00e4\u00e4tt\u00e4\u00e4 lehden toimituskunta p\u00e4\u00e4toimittajan esityksest\u00e4.<\/p>\n<h2>1. Avoimuusperiaate<\/h2>\n<p>Lumen on avoimesti kaikkien kiinnostuneiden luettavissa.<br \/>\n<a href=\"http:\/\/creativecommons.org\/licenses\/by\/4.0\/\" rel=\"license\"><img decoding=\"async\" style=\"border-width: 0\" src=\"https:\/\/i.creativecommons.org\/l\/by\/4.0\/88x31.png\" alt=\"Creative Commons -lisenssi\" \/><\/a><br \/>\nTeos on lisensoitu <a href=\"http:\/\/creativecommons.org\/licenses\/by\/4.0\/\" rel=\"license\">Creative Commons Nime\u00e4 4.0 Kansainv\u00e4linen -lisenssill\u00e4.<\/a>\u00a0Artikkelit rinnakkaistallennetaan <a href=\"https:\/\/www.theseus.fi\/handle\/10024\/69720\" target=\"_blank\" rel=\"noopener noreferrer\">Theseus.fi<\/a> -opinn\u00e4yte- ja julkaisutietokantaan. Teko\u00e4lyn hy\u00f6dynt\u00e4misest\u00e4 artikkeleissa kerrotaan.<\/p>\n<h2>2. Numeroiden teemat ja p\u00e4\u00e4toimittajat<\/h2>\n<p>P\u00e4\u00e4toimittajuus on kiert\u00e4v\u00e4 ja p\u00e4\u00e4toimittajina toimivat lehden toimituskunnan j\u00e4senet kukin vuorollaan. Teemap\u00e4\u00e4toimittajia voidaan my\u00f6s kutsua muista ammattikorkeakoulun akateemisesti ansioituneista asiantuntijoista.<\/p>\n<p>Tulevat numerot:<\/p>\n<ul>\n<li>Kev\u00e4tnumero 2\/2026: teemana Palvelut 2.0. Ilmestyy huhtikuussa 2026<\/li>\n<li>Syysnumero 3\/2026. Englanninkielisen numeron teemana arktisuus. Ilmestyy lokakuussa 2026<\/li>\n<\/ul>\n<p>Kirjoittajakutsut julkaistaan Lapin ammattikorkeakoulun henkil\u00f6kunnalle intrassa. Lehden toimittaa viestint\u00e4koordinaattori Heli Lohi.<\/p>\n<h2>3. Ohjeet kirjoitusten j\u00e4tt\u00e4miseksi<\/h2>\n<p>K\u00e4sikirjoitukset l\u00e4hetet\u00e4\u00e4n s\u00e4hk\u00f6postin liitetiedostoina toimituksen osoitteeseen lumenlehti(\u00e4t)lapinamk.fi.<\/p>\n<p>Kirjoitukset voivat olla luonteeltaan jotain seuraavista<\/p>\n<p><strong>Teema-artikkelit<\/strong><\/p>\n<ul>\n<li>Voivat olla joko yleistajuisia tai tieteellisi\u00e4 artikkeleita<\/li>\n<li>Tekstien j\u00e4tt\u00f6 talon sis\u00e4lt\u00e4 vapaa. My\u00f6s yhteisartikkelit, joissa v\u00e4hint\u00e4\u00e4n yksi kirjoittaja on Lapin AMKista, ovat mahdollisia.<\/li>\n<li>Ulkopuolisten kirjoituksia julkaistaan kutsusta<\/li>\n<\/ul>\n<p><strong>Puheenvuorot<\/strong><\/p>\n<ul>\n<li>Liittyv\u00e4t teemaan<\/li>\n<li>Tekstien sis\u00e4\u00e4nj\u00e4tt\u00f6 talon sis\u00e4lt\u00e4 vapaa<\/li>\n<\/ul>\n<p><strong>Muut artikkelit<\/strong><\/p>\n<ul>\n<li>Voivat olla joko yleistajuisia tai tieteellisi\u00e4 artikkeleita<\/li>\n<li>Tekstien j\u00e4tt\u00f6 talon sis\u00e4lt\u00e4 vapaa<\/li>\n<\/ul>\n<p><strong>Kirja-arvioinnit ja -esittelyt<\/strong><\/p>\n<ul>\n<li>Tekstien sis\u00e4\u00e4nj\u00e4tt\u00f6 talon sis\u00e4lt\u00e4 vapaa<\/li>\n<\/ul>\n<p>Huomaathan, ett\u00e4 lukijoilla on mahdollisuus kommentoida ja jakaa kirjoitustasi vapaasti. Saapuneista kommenteista saat ilmoituksen s\u00e4hk\u00f6postitse.<\/p>\n<p><strong>Tekniset ohjeet<\/strong><\/p>\n<p>Toimita teksti Word-tiedostona. Lehden oman artikkelimallin\u00a0k\u00e4ytt\u00f6\u00e4 suositellaan, sill\u00e4 se\u00a0helpottaa sek\u00e4 kirjoittajan ett\u00e4 toimituksen\u00a0ty\u00f6t\u00e4.<\/p>\n<p>Kirjoita teksti 1,5 riviv\u00e4lill\u00e4. Fontti Times New Roman. K\u00e4yt\u00e4 molempien reunojen tasausta Tekstiss\u00e4 fonttikoko on 12. Ensimm\u00e4isen tason alaotsikon pistekoko on 14 ja toisen tason alaotsikko kirjoitetaan vahvennettuna pistekokoon 12.<\/p>\n<p>Erota kappaleet toisistaan tyhj\u00e4ll\u00e4 rivill\u00e4. J\u00e4t\u00e4 otsikoiden edelle 2 tyhj\u00e4\u00e4 rivi\u00e4 ja j\u00e4lkeen yksi tyhj\u00e4 rivi.<\/p>\n<p>\u00c4l\u00e4 k\u00e4yt\u00e4 alaviitteit\u00e4.<\/p>\n<p>Numeroi taulukot ja kuvat juoksevasti. Toimita taulukot my\u00f6s erillisen\u00e4 Excel-tiedostona ja kuvat ja kuviot GIF, TIFF, JPEG tai PNG-tiedostoina. K\u00e4yt\u00e4 vain sellaisia kuvia ja videoita, joihin sinulla on tekij\u00e4noikeus tai tekij\u00e4noikeuksien haltijalta julkaisulupa.<\/p>\n<p>M\u00e4\u00e4rittele artikkelille asiasanat <a href=\"https:\/\/finto.fi\/yso\/fi\/\">YSO-sanastoa<\/a> hy\u00f6dynt\u00e4en.<\/p>\n<p>Kirjoittajana vastaat itse siit\u00e4 ettei tekij\u00e4noikeuksien loukkauksia tapahdu.<\/p>\n<p>Julkaisemisen edellytyksen\u00e4 on, ettei artikkelia ei ole julkaistu aikaisemmin tai ettei sit\u00e4 ole tarjottu toiseen julkaisuun.<\/p>\n<p>P\u00e4\u00e4toimittaja arvioi j\u00e4tetyt kirjoitukset ja tekee toimituskunnalle esityksen numeron sis\u00e4ll\u00f6st\u00e4. H\u00e4n my\u00f6s organisoi tarvittaessa vertaisarvioinnin ja pit\u00e4\u00e4 muutoinkin yhteytt\u00e4 kirjoittajiin.<\/p>\n<p>L\u00e4het\u00e4 artikkeliehdotuksesi lehden s\u00e4hk\u00f6postiosoitteeseen lumenlehti(\u00e4t)lapinamk.fi.<\/p>\n","protected":false},"excerpt":{"rendered":"<p>Lumen-verkkolehden tarkoituksena on levitt\u00e4\u00e4 pohjoista tutkimustietoa ja arktista osaamista. \u00a0Julkaisu edist\u00e4\u00e4 erityisesti Lapin ammattikorkeakoulun tutkimus- ja kehitt\u00e4mistoiminnan tulosten avointa saatavuutta. Julkaisu ilmestyy kolme kertaa vuodessa. Numeroille m\u00e4\u00e4ritell\u00e4\u00e4n p\u00e4\u00e4teemat. Teema-artikkelien ja muiden teemaan liittyvien kirjoitusten lis\u00e4ksi julkaistaan artikkeleita ja muuta ammattikorkeakoulun tutkimus- ja kehitt\u00e4mistoiminan ajankohtaista sis\u00e4lt\u00f6\u00e4. Lehden p\u00e4\u00e4asiallinen kieli on suomi. Tekstien laadinnassa noudatetaan tieteellisen kirjoittamisen [&hellip;]<\/p>\n","protected":false},"author":31,"featured_media":0,"parent":0,"menu_order":0,"comment_status":"closed","ping_status":"closed","template":"","meta":{"_monsterinsights_skip_tracking":false,"_monsterinsights_sitenote_active":false,"_monsterinsights_sitenote_note":"","_monsterinsights_sitenote_category":0,"jetpack_post_was_ever_published":false,"footnotes":""},"class_list":["post-21","page","type-page","status-publish","hentry"],"jetpack_sharing_enabled":true,"jetpack_shortlink":"https:\/\/wp.me\/P7X4tP-l","_links":{"self":[{"href":"https:\/\/blogi.eoppimispalvelut.fi\/lumenlehti\/wp-json\/wp\/v2\/pages\/21","targetHints":{"allow":["GET"]}}],"collection":[{"href":"https:\/\/blogi.eoppimispalvelut.fi\/lumenlehti\/wp-json\/wp\/v2\/pages"}],"about":[{"href":"https:\/\/blogi.eoppimispalvelut.fi\/lumenlehti\/wp-json\/wp\/v2\/types\/page"}],"author":[{"embeddable":true,"href":"https:\/\/blogi.eoppimispalvelut.fi\/lumenlehti\/wp-json\/wp\/v2\/users\/31"}],"replies":[{"embeddable":true,"href":"https:\/\/blogi.eoppimispalvelut.fi\/lumenlehti\/wp-json\/wp\/v2\/comments?post=21"}],"version-history":[{"count":57,"href":"https:\/\/blogi.eoppimispalvelut.fi\/lumenlehti\/wp-json\/wp\/v2\/pages\/21\/revisions"}],"predecessor-version":[{"id":5509,"href":"https:\/\/blogi.eoppimispalvelut.fi\/lumenlehti\/wp-json\/wp\/v2\/pages\/21\/revisions\/5509"}],"wp:attachment":[{"href":"https:\/\/blogi.eoppimispalvelut.fi\/lumenlehti\/wp-json\/wp\/v2\/media?parent=21"}],"curies":[{"name":"wp","href":"https:\/\/api.w.org\/{rel}","templated":true}]}}