{"id":152,"date":"2020-03-04T17:28:34","date_gmt":"2020-03-04T15:28:34","guid":{"rendered":"https:\/\/blogi.eoppimispalvelut.fi\/mahis\/?page_id=152"},"modified":"2020-03-06T19:02:59","modified_gmt":"2020-03-06T17:02:59","slug":"etusivu","status":"publish","type":"page","link":"https:\/\/blogi.eoppimispalvelut.fi\/mahis\/","title":{"rendered":"Etusivu"},"content":{"rendered":"<p>Tervehdys !<\/p>\n<p>Olemme perustaneet t\u00e4m\u00e4n blogi -sivuston osana Lapin ammattikorkeakoulun liiketalouden opintoja. Oppimisteht\u00e4v\u00e4n\u00e4 on liiketoiminnan laajentamisen projekti, jossa tarkastellaan yrityskaupan integraatioprosessia. Ja koska my\u00f6s viestinn\u00e4ll\u00e4 on teht\u00e4v\u00e4ss\u00e4 t\u00e4rke\u00e4 rooli, halusimme ottaa t\u00e4m\u00e4n blogin yhdeksi viestint\u00e4kanavaksi.<\/p>\n<p>Uskomme, ett\u00e4 henkil\u00f6st\u00f6siirto yrityskaupan yhteydess\u00e4 voi olla my\u00f6s hieno mahdollisuus uralla etenemiseen. Siksi haluammekin tutustua t\u00e4ss\u00e4 integraatiossa tarkemmin henkil\u00f6st\u00f6siirtoon. Mit\u00e4 mahdollisuuksia avautuu uuteen yritykseen siirtymisess\u00e4, ja miten ty\u00f6hyvinvointi saadaan onnistumaan parhaalla mahdollisella tavalla! T\u00e4m\u00e4n lis\u00e4ksi yksi teemamme on sivuta yrityskaupan perusteita.<\/p>\n<p><img loading=\"lazy\" decoding=\"async\" class=\"alignnone size-medium wp-image-268\" src=\"https:\/\/blogi.eoppimispalvelut.fi\/mahis\/files\/2020\/03\/thomas-allsop-ew2LepAojRI-unsplash-scaled-e1583420809104-900x202.jpg\" alt=\"\" width=\"900\" height=\"202\" srcset=\"https:\/\/blogi.eoppimispalvelut.fi\/mahis\/files\/2020\/03\/thomas-allsop-ew2LepAojRI-unsplash-scaled-e1583420809104-900x202.jpg 900w, https:\/\/blogi.eoppimispalvelut.fi\/mahis\/files\/2020\/03\/thomas-allsop-ew2LepAojRI-unsplash-scaled-e1583420809104-1280x287.jpg 1280w, https:\/\/blogi.eoppimispalvelut.fi\/mahis\/files\/2020\/03\/thomas-allsop-ew2LepAojRI-unsplash-scaled-e1583420809104-768x172.jpg 768w, https:\/\/blogi.eoppimispalvelut.fi\/mahis\/files\/2020\/03\/thomas-allsop-ew2LepAojRI-unsplash-scaled-e1583420809104-1536x345.jpg 1536w, https:\/\/blogi.eoppimispalvelut.fi\/mahis\/files\/2020\/03\/thomas-allsop-ew2LepAojRI-unsplash-scaled-e1583420809104-2048x460.jpg 2048w\" sizes=\"auto, (max-width: 900px) 100vw, 900px\" \/><br \/>\nKuva Thomas Allsop, Unplash<\/p>\n<p>&nbsp;<\/p>\n<p>Iloa p\u00e4iv\u00e4\u00e4si ja toivottavasti sin\u00e4, joka olet <strong>siirtyv\u00e4 ty\u00f6ntekij\u00e4<\/strong>, olet <strong>yritt\u00e4j\u00e4<\/strong> tai <strong>esimies<\/strong> uusille tekij\u00f6ille, tai olet <strong>opiskelija<\/strong>, l\u00f6yd\u00e4t viestint\u00e4mme ja saat julkaisuistamme positiivisia ajatuksia tulevaan.<\/p>\n<p>Pirjo ja Anu<\/p>\n<p>&nbsp;<\/p>\n","protected":false},"excerpt":{"rendered":"<p>Tervehdys ! Olemme perustaneet t\u00e4m\u00e4n blogi -sivuston osana Lapin ammattikorkeakoulun liiketalouden opintoja. Oppimisteht\u00e4v\u00e4n\u00e4 on liiketoiminnan laajentamisen projekti, jossa tarkastellaan yrityskaupan integraatioprosessia. Ja koska my\u00f6s viestinn\u00e4ll\u00e4 on teht\u00e4v\u00e4ss\u00e4 t\u00e4rke\u00e4 rooli, halusimme ottaa t\u00e4m\u00e4n blogin yhdeksi viestint\u00e4kanavaksi. Uskomme, ett\u00e4 henkil\u00f6st\u00f6siirto yrityskaupan yhteydess\u00e4 voi olla my\u00f6s hieno mahdollisuus uralla etenemiseen. Siksi haluammekin tutustua t\u00e4ss\u00e4 integraatiossa tarkemmin henkil\u00f6st\u00f6siirtoon. Mit\u00e4 [&hellip;]<\/p>\n","protected":false},"author":4216,"featured_media":137,"parent":0,"menu_order":-3,"comment_status":"open","ping_status":"open","template":"","meta":{"footnotes":""},"class_list":["post-152","page","type-page","status-publish","has-post-thumbnail","hentry"],"_links":{"self":[{"href":"https:\/\/blogi.eoppimispalvelut.fi\/mahis\/wp-json\/wp\/v2\/pages\/152","targetHints":{"allow":["GET"]}}],"collection":[{"href":"https:\/\/blogi.eoppimispalvelut.fi\/mahis\/wp-json\/wp\/v2\/pages"}],"about":[{"href":"https:\/\/blogi.eoppimispalvelut.fi\/mahis\/wp-json\/wp\/v2\/types\/page"}],"author":[{"embeddable":true,"href":"https:\/\/blogi.eoppimispalvelut.fi\/mahis\/wp-json\/wp\/v2\/users\/4216"}],"replies":[{"embeddable":true,"href":"https:\/\/blogi.eoppimispalvelut.fi\/mahis\/wp-json\/wp\/v2\/comments?post=152"}],"version-history":[{"count":14,"href":"https:\/\/blogi.eoppimispalvelut.fi\/mahis\/wp-json\/wp\/v2\/pages\/152\/revisions"}],"predecessor-version":[{"id":277,"href":"https:\/\/blogi.eoppimispalvelut.fi\/mahis\/wp-json\/wp\/v2\/pages\/152\/revisions\/277"}],"wp:featuredmedia":[{"embeddable":true,"href":"https:\/\/blogi.eoppimispalvelut.fi\/mahis\/wp-json\/wp\/v2\/media\/137"}],"wp:attachment":[{"href":"https:\/\/blogi.eoppimispalvelut.fi\/mahis\/wp-json\/wp\/v2\/media?parent=152"}],"curies":[{"name":"wp","href":"https:\/\/api.w.org\/{rel}","templated":true}]}}