{"id":4,"date":"2020-02-09T00:47:42","date_gmt":"2020-02-08T22:47:42","guid":{"rendered":"https:\/\/blogi.eoppimispalvelut.fi\/mahis\/?page_id=4"},"modified":"2020-03-05T16:46:21","modified_gmt":"2020-03-05T14:46:21","slug":"keita-me-olemme","status":"publish","type":"page","link":"https:\/\/blogi.eoppimispalvelut.fi\/mahis\/keita-me-olemme\/","title":{"rendered":"Keit\u00e4 me olemme"},"content":{"rendered":"<p>T\u00e4m\u00e4n blogin takana on kaksi monimuoto-opiskelijaa Lapin ammattikorkeakoulusta. Juuri opinnot aloittaneina aikuisopiskelijoina tavoittelemme uuden oppimista ja itsens\u00e4 kehitt\u00e4mist\u00e4 mm. parempien uran\u00e4kymien toivossa.<\/p>\n<p>Olemme<\/p>\n<ul>\n<li>taloushallinnon asiantuntijoita<\/li>\n<li>kirjanpit\u00e4ji\u00e4<\/li>\n<li>yhteens\u00e4 vuosikymmenten ty\u00f6kokemus yksityis-, kunta-, ja kaupunkisektorilta<\/li>\n<\/ul>\n<p>Tavoitteemme<\/p>\n<ul>\n<li>haastaa itse\u00e4mme<\/li>\n<li>v\u00e4litt\u00e4\u00e4 ja rakastaa<\/li>\n<li>el\u00e4\u00e4 pitk\u00e4 el\u00e4m\u00e4<\/li>\n<\/ul>\n<p><img loading=\"lazy\" decoding=\"async\" class=\"size-medium wp-image-263 alignleft\" src=\"https:\/\/blogi.eoppimispalvelut.fi\/mahis\/files\/2020\/03\/naiset-scaled-e1583419548727-900x389.jpg\" alt=\"\" width=\"900\" height=\"389\" srcset=\"https:\/\/blogi.eoppimispalvelut.fi\/mahis\/files\/2020\/03\/naiset-scaled-e1583419548727-900x389.jpg 900w, https:\/\/blogi.eoppimispalvelut.fi\/mahis\/files\/2020\/03\/naiset-scaled-e1583419548727-1280x553.jpg 1280w, https:\/\/blogi.eoppimispalvelut.fi\/mahis\/files\/2020\/03\/naiset-scaled-e1583419548727-768x332.jpg 768w, https:\/\/blogi.eoppimispalvelut.fi\/mahis\/files\/2020\/03\/naiset-scaled-e1583419548727-1536x664.jpg 1536w, https:\/\/blogi.eoppimispalvelut.fi\/mahis\/files\/2020\/03\/naiset-scaled-e1583419548727-2048x885.jpg 2048w\" sizes=\"auto, (max-width: 900px) 100vw, 900px\" \/><\/p>\n<p>&nbsp;<\/p>\n","protected":false},"excerpt":{"rendered":"<p>T\u00e4m\u00e4n blogin takana on kaksi monimuoto-opiskelijaa Lapin ammattikorkeakoulusta. Juuri opinnot aloittaneina aikuisopiskelijoina tavoittelemme uuden oppimista ja itsens\u00e4 kehitt\u00e4mist\u00e4 mm. parempien uran\u00e4kymien toivossa. Olemme taloushallinnon asiantuntijoita kirjanpit\u00e4ji\u00e4 yhteens\u00e4 vuosikymmenten ty\u00f6kokemus yksityis-, kunta-, ja kaupunkisektorilta Tavoitteemme haastaa itse\u00e4mme v\u00e4litt\u00e4\u00e4 ja rakastaa el\u00e4\u00e4 pitk\u00e4 el\u00e4m\u00e4 &nbsp;<\/p>\n","protected":false},"author":4214,"featured_media":137,"parent":0,"menu_order":0,"comment_status":"closed","ping_status":"closed","template":"","meta":{"footnotes":""},"class_list":["post-4","page","type-page","status-publish","has-post-thumbnail","hentry"],"_links":{"self":[{"href":"https:\/\/blogi.eoppimispalvelut.fi\/mahis\/wp-json\/wp\/v2\/pages\/4","targetHints":{"allow":["GET"]}}],"collection":[{"href":"https:\/\/blogi.eoppimispalvelut.fi\/mahis\/wp-json\/wp\/v2\/pages"}],"about":[{"href":"https:\/\/blogi.eoppimispalvelut.fi\/mahis\/wp-json\/wp\/v2\/types\/page"}],"author":[{"embeddable":true,"href":"https:\/\/blogi.eoppimispalvelut.fi\/mahis\/wp-json\/wp\/v2\/users\/4214"}],"replies":[{"embeddable":true,"href":"https:\/\/blogi.eoppimispalvelut.fi\/mahis\/wp-json\/wp\/v2\/comments?post=4"}],"version-history":[{"count":8,"href":"https:\/\/blogi.eoppimispalvelut.fi\/mahis\/wp-json\/wp\/v2\/pages\/4\/revisions"}],"predecessor-version":[{"id":258,"href":"https:\/\/blogi.eoppimispalvelut.fi\/mahis\/wp-json\/wp\/v2\/pages\/4\/revisions\/258"}],"wp:featuredmedia":[{"embeddable":true,"href":"https:\/\/blogi.eoppimispalvelut.fi\/mahis\/wp-json\/wp\/v2\/media\/137"}],"wp:attachment":[{"href":"https:\/\/blogi.eoppimispalvelut.fi\/mahis\/wp-json\/wp\/v2\/media?parent=4"}],"curies":[{"name":"wp","href":"https:\/\/api.w.org\/{rel}","templated":true}]}}