{"id":259,"date":"2022-06-03T11:04:06","date_gmt":"2022-06-03T08:04:06","guid":{"rendered":"https:\/\/blogi.eoppimispalvelut.fi\/majoituspalvelut\/?page_id=259"},"modified":"2022-06-06T11:05:21","modified_gmt":"2022-06-06T08:05:21","slug":"259-2","status":"publish","type":"page","link":"https:\/\/blogi.eoppimispalvelut.fi\/majoituspalvelut\/","title":{"rendered":""},"content":{"rendered":"<p>[et_pb_section fb_built=&#8221;1&#8243; fullwidth=&#8221;on&#8221; _builder_version=&#8221;4.8.2&#8243; _module_preset=&#8221;default&#8221;][et_pb_fullwidth_image src=&#8221;https:\/\/blogi.eoppimispalvelut.fi\/majoituspalvelut\/files\/2022\/06\/Na\u0308ytto\u0308kuva-2022-6-3-kello-11.00.05-1280&#215;623.png&#8221; title_text=&#8221;Na\u0308ytto\u0308kuva 2022-6-3 kello 11.00.05&#8243; _builder_version=&#8221;4.8.2&#8243; _module_preset=&#8221;default&#8221; hover_enabled=&#8221;0&#8243; url=&#8221;https:\/\/blogi.eoppimispalvelut.fi\/majoituspalvelut\/yrittaja-kertoo-video\/&#8221; sticky_enabled=&#8221;0&#8243;][\/et_pb_fullwidth_image][\/et_pb_section][et_pb_section fb_built=&#8221;1&#8243; admin_label=&#8221;section&#8221; _builder_version=&#8221;3.22&#8243; custom_margin=&#8221;||-3px|||&#8221;][et_pb_row _builder_version=&#8221;4.8.2&#8243; _module_preset=&#8221;default&#8221;][et_pb_column type=&#8221;4_4&#8243; _builder_version=&#8221;4.8.2&#8243; _module_preset=&#8221;default&#8221;][et_pb_text _builder_version=&#8221;4.8.2&#8243; _module_preset=&#8221;default&#8221; text_orientation=&#8221;center&#8221;]<\/p>\n<h1><a href=\"https:\/\/blogi.eoppimispalvelut.fi\/majoituspalvelut\/category\/yleinen\/majoituspalveluiden-turvallisuus\/\">MAJOITUSPALVELUIDEN TURVALLISUUS<\/a><\/h1>\n<p>[\/et_pb_text][\/et_pb_column][\/et_pb_row][et_pb_row column_structure=&#8221;1_3,1_3,1_3&#8243; admin_label=&#8221;row&#8221; _builder_version=&#8221;3.25&#8243; background_size=&#8221;initial&#8221; background_position=&#8221;top_left&#8221; background_repeat=&#8221;repeat&#8221; custom_padding=&#8221;||50px|||&#8221;][et_pb_column type=&#8221;1_3&#8243; _builder_version=&#8221;3.25&#8243; custom_padding=&#8221;|||&#8221; custom_padding__hover=&#8221;|||&#8221;][et_pb_image src=&#8221;https:\/\/blogi.eoppimispalvelut.fi\/majoituspalvelut\/files\/2014\/10\/majoituspalveluissa-luvat.jpg&#8221; title_text=&#8221;majoituspalveluissa lait ja luvat&#8221; url=&#8221;@ET-DC@eyJkeW5hbWljIjp0cnVlLCJjb250ZW50IjoicG9zdF9saW5rX3VybF9wb3N0Iiwic2V0dGluZ3MiOnsicG9zdF9pZCI6IjMxIn19@&#8221; _builder_version=&#8221;4.8.2&#8243; _dynamic_attributes=&#8221;url&#8221; _module_preset=&#8221;default&#8221;][\/et_pb_image][et_pb_text _builder_version=&#8221;4.8.2&#8243; _dynamic_attributes=&#8221;link_option_url&#8221; _module_preset=&#8221;default&#8221; link_option_url=&#8221;@ET-DC@eyJkeW5hbWljIjp0cnVlLCJjb250ZW50IjoicG9zdF9saW5rX3VybF9wb3N0Iiwic2V0dGluZ3MiOnsicG9zdF9pZCI6IjMxIn19@&#8221;]<\/p>\n<h3 class=\"entry-title\"><a href=\"https:\/\/blogi.eoppimispalvelut.fi\/majoituspalvelut\/luvat-ja-ilmoitukset\/\" title=\"Permalink to Majoituspalveluissa sovelletut lait, luvat ja ilmoitukset\" rel=\"bookmark\">Majoituspalveluissa sovelletut lait, luvat ja ilmoitukset<\/a><\/h3>\n<p>\u00a0T\u00e4st\u00e4 p\u00e4\u00e4set tutustumaan lakeihin ja niiden asettamiin vaatimuksiin, jotka s\u00e4\u00e4telev\u00e4t majoitustoimintaa.<\/p>\n<p>[\/et_pb_text][\/et_pb_column][et_pb_column type=&#8221;1_3&#8243; _builder_version=&#8221;3.25&#8243; custom_padding=&#8221;|||&#8221; custom_padding__hover=&#8221;|||&#8221;][et_pb_image src=&#8221;https:\/\/blogi.eoppimispalvelut.fi\/majoituspalvelut\/files\/2014\/10\/majoituspalvelut-virtuaaliesitys.jpg&#8221; title_text=&#8221;majoituspalvelut virtuaaliesitys&#8221; url=&#8221;@ET-DC@eyJkeW5hbWljIjp0cnVlLCJjb250ZW50IjoicG9zdF9saW5rX3VybF9wb3N0Iiwic2V0dGluZ3MiOnsicG9zdF9pZCI6IjIyIn19@&#8221; _builder_version=&#8221;4.8.2&#8243; _dynamic_attributes=&#8221;url&#8221; _module_preset=&#8221;default&#8221;][\/et_pb_image][et_pb_text _builder_version=&#8221;4.8.2&#8243; _dynamic_attributes=&#8221;link_option_url&#8221; _module_preset=&#8221;default&#8221; link_option_url=&#8221;@ET-DC@eyJkeW5hbWljIjp0cnVlLCJjb250ZW50IjoicG9zdF9saW5rX3VybF9wb3N0Iiwic2V0dGluZ3MiOnsicG9zdF9pZCI6IjIyIn19@&#8221;]<\/p>\n<h3 class=\"entry-title\"><a href=\"https:\/\/blogi.eoppimispalvelut.fi\/majoituspalvelut\/turvallisuuspanoraama\/\" title=\"Permalink to Turvallisuuspanoraama\" rel=\"bookmark\">Turvallisuuspanoraama<\/a><\/h3>\n<p>Majoitustilojen turvallisuuspanoraamaan on ker\u00e4tty majoittajan kannalta olennaisimpia turvallisuusseikkoja, joihin toiminnassa tulee kiinnitt\u00e4\u00e4 huomiota.<\/p>\n<p>[\/et_pb_text][\/et_pb_column][et_pb_column type=&#8221;1_3&#8243; _builder_version=&#8221;3.25&#8243; custom_padding=&#8221;|||&#8221; custom_padding__hover=&#8221;|||&#8221;][et_pb_image src=&#8221;https:\/\/blogi.eoppimispalvelut.fi\/majoituspalvelut\/files\/2014\/10\/majoituspalvelu-tyokalut1.jpg&#8221; title_text=&#8221;majoituspalvelu tyokalut&#8221; url=&#8221;@ET-DC@eyJkeW5hbWljIjp0cnVlLCJjb250ZW50IjoicG9zdF9saW5rX3VybF9wb3N0Iiwic2V0dGluZ3MiOnsicG9zdF9pZCI6IjIwIn19@&#8221; _builder_version=&#8221;4.8.2&#8243; _dynamic_attributes=&#8221;url&#8221; _module_preset=&#8221;default&#8221;][\/et_pb_image][et_pb_text _builder_version=&#8221;4.8.2&#8243; _dynamic_attributes=&#8221;link_option_url&#8221; _module_preset=&#8221;default&#8221; link_option_url=&#8221;@ET-DC@eyJkeW5hbWljIjp0cnVlLCJjb250ZW50IjoicG9zdF9saW5rX3VybF9wb3N0Iiwic2V0dGluZ3MiOnsicG9zdF9pZCI6IjIwIn19@&#8221;]<\/p>\n<h3 class=\"entry-title\"><a href=\"https:\/\/blogi.eoppimispalvelut.fi\/majoituspalvelut\/tyokalut\/\" title=\"Permalink to Ty\u00f6kalut\" rel=\"bookmark\">Ty\u00f6kalut<\/a><\/h3>\n<p>Riskienhallinta- ja omavalvontaty\u00f6kalun avulla voidaan kehitt\u00e4\u00e4 ja seurata palvelujen laatua. Tavoitteena on varmistaa henkil\u00f6kunnan ja asiakkaiden turvallisuus.<\/p>\n<p>[\/et_pb_text][\/et_pb_column][\/et_pb_row][et_pb_row _builder_version=&#8221;4.8.2&#8243; _module_preset=&#8221;default&#8221; custom_padding=&#8221;22px|||||&#8221; border_width_top=&#8221;1px&#8221;][et_pb_column type=&#8221;4_4&#8243; _builder_version=&#8221;4.8.2&#8243; _module_preset=&#8221;default&#8221;][et_pb_image src=&#8221;https:\/\/blogi.eoppimispalvelut.fi\/majoituspalvelut\/files\/2022\/06\/footer-asettelu.jpeg&#8221; title_text=&#8221;footer-asettelu&#8221; align=&#8221;center&#8221; _builder_version=&#8221;4.8.2&#8243; _module_preset=&#8221;default&#8221; custom_margin=&#8221;-22px|||||&#8221;][\/et_pb_image][\/et_pb_column][\/et_pb_row][\/et_pb_section]<\/p>\n","protected":false},"excerpt":{"rendered":"<p>MAJOITUSPALVELUIDEN TURVALLISUUSMajoituspalveluissa sovelletut lait, luvat ja ilmoitukset \u00a0T\u00e4st\u00e4 p\u00e4\u00e4set tutustumaan lakeihin ja niiden asettamiin vaatimuksiin, jotka s\u00e4\u00e4telev\u00e4t majoitustoimintaa.Turvallisuuspanoraama Majoitustilojen turvallisuuspanoraamaan on ker\u00e4tty majoittajan kannalta olennaisimpia turvallisuusseikkoja, joihin toiminnassa tulee kiinnitt\u00e4\u00e4 huomiota.Ty\u00f6kalut Riskienhallinta- ja omavalvontaty\u00f6kalun avulla voidaan kehitt\u00e4\u00e4 ja seurata palvelujen laatua. Tavoitteena on varmistaa henkil\u00f6kunnan ja asiakkaiden turvallisuus.<\/p>\n","protected":false},"author":31,"featured_media":0,"parent":0,"menu_order":0,"comment_status":"closed","ping_status":"closed","template":"","meta":{"_et_pb_use_builder":"on","_et_pb_old_content":"<!-- wp:paragraph -->\n<p> <\/p>\n<!-- \/wp:paragraph -->","_et_gb_content_width":"","jetpack_post_was_ever_published":false,"footnotes":""},"class_list":["post-259","page","type-page","status-publish","hentry"],"jetpack_sharing_enabled":true,"jetpack_shortlink":"https:\/\/wp.me\/P5SEeq-4b","_links":{"self":[{"href":"https:\/\/blogi.eoppimispalvelut.fi\/majoituspalvelut\/wp-json\/wp\/v2\/pages\/259","targetHints":{"allow":["GET"]}}],"collection":[{"href":"https:\/\/blogi.eoppimispalvelut.fi\/majoituspalvelut\/wp-json\/wp\/v2\/pages"}],"about":[{"href":"https:\/\/blogi.eoppimispalvelut.fi\/majoituspalvelut\/wp-json\/wp\/v2\/types\/page"}],"author":[{"embeddable":true,"href":"https:\/\/blogi.eoppimispalvelut.fi\/majoituspalvelut\/wp-json\/wp\/v2\/users\/31"}],"replies":[{"embeddable":true,"href":"https:\/\/blogi.eoppimispalvelut.fi\/majoituspalvelut\/wp-json\/wp\/v2\/comments?post=259"}],"version-history":[{"count":11,"href":"https:\/\/blogi.eoppimispalvelut.fi\/majoituspalvelut\/wp-json\/wp\/v2\/pages\/259\/revisions"}],"predecessor-version":[{"id":305,"href":"https:\/\/blogi.eoppimispalvelut.fi\/majoituspalvelut\/wp-json\/wp\/v2\/pages\/259\/revisions\/305"}],"wp:attachment":[{"href":"https:\/\/blogi.eoppimispalvelut.fi\/majoituspalvelut\/wp-json\/wp\/v2\/media?parent=259"}],"curies":[{"name":"wp","href":"https:\/\/api.w.org\/{rel}","templated":true}]}}