{"id":11,"date":"2020-03-03T22:40:23","date_gmt":"2020-03-03T20:40:23","guid":{"rendered":"https:\/\/blogi.eoppimispalvelut.fi\/mariakaisanblogi\/?page_id=11"},"modified":"2020-03-04T22:58:45","modified_gmt":"2020-03-04T20:58:45","slug":"minusta","status":"publish","type":"page","link":"https:\/\/blogi.eoppimispalvelut.fi\/mariakaisanblogi\/minusta\/","title":{"rendered":""},"content":{"rendered":"<p><img loading=\"lazy\" decoding=\"async\" class=\"size-medium wp-image-9 aligncenter\" src=\"https:\/\/blogi.eoppimispalvelut.fi\/mariakaisanblogi\/files\/2020\/03\/blogikuva-203x300.jpg\" alt=\"\" width=\"203\" height=\"300\" srcset=\"https:\/\/blogi.eoppimispalvelut.fi\/mariakaisanblogi\/files\/2020\/03\/blogikuva-203x300.jpg 203w, https:\/\/blogi.eoppimispalvelut.fi\/mariakaisanblogi\/files\/2020\/03\/blogikuva-692x1024.jpg 692w, https:\/\/blogi.eoppimispalvelut.fi\/mariakaisanblogi\/files\/2020\/03\/blogikuva-768x1137.jpg 768w, https:\/\/blogi.eoppimispalvelut.fi\/mariakaisanblogi\/files\/2020\/03\/blogikuva-1038x1536.jpg 1038w, https:\/\/blogi.eoppimispalvelut.fi\/mariakaisanblogi\/files\/2020\/03\/blogikuva-1384x2048.jpg 1384w, https:\/\/blogi.eoppimispalvelut.fi\/mariakaisanblogi\/files\/2020\/03\/blogikuva-1200x1776.jpg 1200w, https:\/\/blogi.eoppimispalvelut.fi\/mariakaisanblogi\/files\/2020\/03\/blogikuva-scaled.jpg 1729w\" sizes=\"auto, (max-width: 203px) 100vw, 203px\" \/><\/p>\n<p style=\"text-align: center\">Minun nimi on Maria-Kaisa Lauri ja o<span data-contrast=\"auto\">len aloittanut<\/span><span data-contrast=\"auto\">\u00a0liiketalouden<\/span><span data-contrast=\"auto\">\u00a0tradenomi<\/span><span data-contrast=\"auto\">\u00a0opinnot Lapin ammattikorkeakoulussa syksyll\u00e4\u00a0<\/span><span data-contrast=\"auto\">2018<\/span><span data-contrast=\"auto\">.\u00a0<\/span><span data-contrast=\"auto\">Aikaisempaa koulutustaustaa l\u00f6ytyy datanomiopinnoista ja ty\u00f6kokemusta<\/span><span data-contrast=\"auto\">\u00a0muovikortteja valmistavassa yrityksess\u00e4 postitusosastol<\/span><span data-contrast=\"auto\">ta<\/span><span data-contrast=\"auto\">, tallennusteht\u00e4vi<\/span><span data-contrast=\"auto\">st\u00e4<\/span><span data-contrast=\"auto\">\u00a0ja ope<\/span><span data-contrast=\"auto\">raattorina<\/span><span data-contrast=\"auto\">\u00a0ty\u00f6skentelyst\u00e4<\/span><span data-contrast=\"auto\">.<\/span><span data-contrast=\"auto\">\u00a0<\/span><span data-contrast=\"auto\">Ty\u00f6kokemusta l\u00f6ytyy my\u00f6s myynnin parist<\/span><span data-contrast=\"auto\">a<\/span><span data-contrast=\"auto\">. My\u00f6hemmin opiskelin l\u00e4hihoitajaksi<\/span><span data-contrast=\"auto\">\u00a0<\/span><span data-contrast=\"auto\">ja<\/span><span data-contrast=\"auto\">\u00a0ty\u00f6kokemusta<\/span><span data-contrast=\"auto\">\u00a0tuolta alalta<\/span><span data-contrast=\"auto\">\u00a0l\u00f6ytyy<\/span><span data-contrast=\"auto\">\u00a0mielenterveys<\/span><span data-contrast=\"auto\">puolelta<\/span><span data-contrast=\"auto\">\u00a0ja kotihoidos<\/span><span data-contrast=\"auto\">ta<\/span><span data-contrast=\"auto\">.\u00a0<\/span><\/p>\n<p style=\"text-align: center\">Olen kiinnostunut taloushallinnon alasta ja tarkoituksena olisi l\u00f6yt\u00e4\u00e4 ensi syksyksi hyv\u00e4 ty\u00f6harjoittelupaikka kyseiselt\u00e4 alalta ja jonka j\u00e4lkeen olisi mahdollisuus ty\u00f6llisty\u00e4 ko. yritykseen. Opinn\u00e4ytety\u00f6n aihetta en ole viel\u00e4 p\u00e4\u00e4tt\u00e4nyt ja olisikin hienoa, jos aiheen saisi toimeksiantona harjoittelupaikasta.<\/p>\n","protected":false},"excerpt":{"rendered":"<p>Minun nimi on Maria-Kaisa Lauri ja olen aloittanut\u00a0liiketalouden\u00a0tradenomi\u00a0opinnot Lapin ammattikorkeakoulussa syksyll\u00e4\u00a02018.\u00a0Aikaisempaa koulutustaustaa l\u00f6ytyy datanomiopinnoista ja ty\u00f6kokemusta\u00a0muovikortteja valmistavassa yrityksess\u00e4 postitusosastolta, tallennusteht\u00e4vist\u00e4\u00a0ja operaattorina\u00a0ty\u00f6skentelyst\u00e4.\u00a0Ty\u00f6kokemusta l\u00f6ytyy my\u00f6s myynnin parista. My\u00f6hemmin opiskelin l\u00e4hihoitajaksi\u00a0ja\u00a0ty\u00f6kokemusta\u00a0tuolta alalta\u00a0l\u00f6ytyy\u00a0mielenterveyspuolelta\u00a0ja kotihoidosta.\u00a0 Olen kiinnostunut taloushallinnon alasta ja tarkoituksena olisi l\u00f6yt\u00e4\u00e4 ensi syksyksi &hellip; <a href=\"https:\/\/blogi.eoppimispalvelut.fi\/mariakaisanblogi\/minusta\/\">Continue reading <span class=\"meta-nav\">&rarr;<\/span><\/a><\/p>\n","protected":false},"author":3513,"featured_media":0,"parent":0,"menu_order":0,"comment_status":"closed","ping_status":"closed","template":"","meta":{"footnotes":""},"class_list":["post-11","page","type-page","status-publish","hentry"],"_links":{"self":[{"href":"https:\/\/blogi.eoppimispalvelut.fi\/mariakaisanblogi\/wp-json\/wp\/v2\/pages\/11","targetHints":{"allow":["GET"]}}],"collection":[{"href":"https:\/\/blogi.eoppimispalvelut.fi\/mariakaisanblogi\/wp-json\/wp\/v2\/pages"}],"about":[{"href":"https:\/\/blogi.eoppimispalvelut.fi\/mariakaisanblogi\/wp-json\/wp\/v2\/types\/page"}],"author":[{"embeddable":true,"href":"https:\/\/blogi.eoppimispalvelut.fi\/mariakaisanblogi\/wp-json\/wp\/v2\/users\/3513"}],"replies":[{"embeddable":true,"href":"https:\/\/blogi.eoppimispalvelut.fi\/mariakaisanblogi\/wp-json\/wp\/v2\/comments?post=11"}],"version-history":[{"count":5,"href":"https:\/\/blogi.eoppimispalvelut.fi\/mariakaisanblogi\/wp-json\/wp\/v2\/pages\/11\/revisions"}],"predecessor-version":[{"id":56,"href":"https:\/\/blogi.eoppimispalvelut.fi\/mariakaisanblogi\/wp-json\/wp\/v2\/pages\/11\/revisions\/56"}],"wp:attachment":[{"href":"https:\/\/blogi.eoppimispalvelut.fi\/mariakaisanblogi\/wp-json\/wp\/v2\/media?parent=11"}],"curies":[{"name":"wp","href":"https:\/\/api.w.org\/{rel}","templated":true}]}}