{"id":13,"date":"2020-03-03T22:40:36","date_gmt":"2020-03-03T20:40:36","guid":{"rendered":"https:\/\/blogi.eoppimispalvelut.fi\/mariakaisanblogi\/?page_id=13"},"modified":"2020-04-20T23:13:44","modified_gmt":"2020-04-20T20:13:44","slug":"blogi","status":"publish","type":"page","link":"https:\/\/blogi.eoppimispalvelut.fi\/mariakaisanblogi\/","title":{"rendered":"Taustatietoa"},"content":{"rendered":"<p>Kirjoitan t\u00e4t\u00e4 blogia osana Lapin ammattikorkeakoulun yritysviestinn\u00e4n opintojaksoa, jossa k\u00e4sittelemme liiketoiminnan laajentamista yritysten fuusiotilanteissa.<br \/>\nOlemme kev\u00e4\u00e4n liiketoiminnan laajentaminen opintojaksolla aloittanut ryhm\u00e4ty\u00f6n, joka koskee henkil\u00f6st\u00f6n sopeuttamista fuusiotilanteissa. Meit\u00e4 on kuuden hengen opiskelijaryhm\u00e4 ja ved\u00e4mme J\u00e4\u00e4Hy-projektia (J\u00e4\u00e4t\u00e4v\u00e4n Hyv\u00e4\u00e4 henkil\u00f6st\u00f6johtamista). Projektissa olemme mukana sopeuttamassa henkil\u00f6st\u00f6\u00e4 muuttuvissa olosuhteissa yrityskauppa tilanteissa.<br \/>\nRyhm\u00e4mme blogia p\u00e4\u00e4set lukemaan <a href=\"https:\/\/blogi.eoppimispalvelut.fi\/jaahyprojekti\/\">t\u00e4st\u00e4<\/a> linkist\u00e4.<\/p>\n<p>T\u00e4m\u00e4n oman blogini kohderyhm\u00e4\u00e4 ovat toiset opiskelijat ja pienyritykset, jotka ovat yritysfuusion edess\u00e4 ja kiinnostuneita viestinn\u00e4st\u00e4.<\/p>\n<div id=\"attachment_37\" style=\"width: 610px\" class=\"wp-caption alignleft\"><img loading=\"lazy\" decoding=\"async\" aria-describedby=\"caption-attachment-37\" class=\"wp-image-37 size-medium\" src=\"https:\/\/blogi.eoppimispalvelut.fi\/mariakaisanblogi\/files\/2020\/03\/Photo-by-Sven-Read-on-Unsplash-600x450.jpg\" alt=\"\" width=\"600\" height=\"450\" srcset=\"https:\/\/blogi.eoppimispalvelut.fi\/mariakaisanblogi\/files\/2020\/03\/Photo-by-Sven-Read-on-Unsplash-600x450.jpg 600w, https:\/\/blogi.eoppimispalvelut.fi\/mariakaisanblogi\/files\/2020\/03\/Photo-by-Sven-Read-on-Unsplash-1280x960.jpg 1280w, https:\/\/blogi.eoppimispalvelut.fi\/mariakaisanblogi\/files\/2020\/03\/Photo-by-Sven-Read-on-Unsplash-768x576.jpg 768w, https:\/\/blogi.eoppimispalvelut.fi\/mariakaisanblogi\/files\/2020\/03\/Photo-by-Sven-Read-on-Unsplash-1536x1152.jpg 1536w, https:\/\/blogi.eoppimispalvelut.fi\/mariakaisanblogi\/files\/2020\/03\/Photo-by-Sven-Read-on-Unsplash-2048x1536.jpg 2048w, https:\/\/blogi.eoppimispalvelut.fi\/mariakaisanblogi\/files\/2020\/03\/Photo-by-Sven-Read-on-Unsplash-400x300.jpg 400w\" sizes=\"auto, (max-width: 600px) 100vw, 600px\" \/><p id=\"caption-attachment-37\" class=\"wp-caption-text\">Yrityksen fuusioituminen tarkoittaa v\u00e4hint\u00e4\u00e4n kahden yrityksen yhdistymist\u00e4 yhdeksi yritykseksi. Photo by Sven Read on Unsplash<\/p><\/div>\n<p>&nbsp;<\/p>\n","protected":false},"excerpt":{"rendered":"<p>Kirjoitan t\u00e4t\u00e4 blogia osana Lapin ammattikorkeakoulun yritysviestinn\u00e4n opintojaksoa, jossa k\u00e4sittelemme liiketoiminnan laajentamista yritysten fuusiotilanteissa. Olemme kev\u00e4\u00e4n liiketoiminnan laajentaminen opintojaksolla aloittanut ryhm\u00e4ty\u00f6n, joka koskee henkil\u00f6st\u00f6n sopeuttamista fuusiotilanteissa. Meit\u00e4 on kuuden hengen opiskelijaryhm\u00e4 ja ved\u00e4mme J\u00e4\u00e4Hy-projektia (J\u00e4\u00e4t\u00e4v\u00e4n Hyv\u00e4\u00e4 henkil\u00f6st\u00f6johtamista). Projektissa olemme mukana &hellip; <a href=\"https:\/\/blogi.eoppimispalvelut.fi\/mariakaisanblogi\/\">Continue reading <span class=\"meta-nav\">&rarr;<\/span><\/a><\/p>\n","protected":false},"author":3513,"featured_media":0,"parent":0,"menu_order":0,"comment_status":"closed","ping_status":"closed","template":"sidebar-page.php","meta":{"footnotes":""},"class_list":["post-13","page","type-page","status-publish","hentry"],"_links":{"self":[{"href":"https:\/\/blogi.eoppimispalvelut.fi\/mariakaisanblogi\/wp-json\/wp\/v2\/pages\/13","targetHints":{"allow":["GET"]}}],"collection":[{"href":"https:\/\/blogi.eoppimispalvelut.fi\/mariakaisanblogi\/wp-json\/wp\/v2\/pages"}],"about":[{"href":"https:\/\/blogi.eoppimispalvelut.fi\/mariakaisanblogi\/wp-json\/wp\/v2\/types\/page"}],"author":[{"embeddable":true,"href":"https:\/\/blogi.eoppimispalvelut.fi\/mariakaisanblogi\/wp-json\/wp\/v2\/users\/3513"}],"replies":[{"embeddable":true,"href":"https:\/\/blogi.eoppimispalvelut.fi\/mariakaisanblogi\/wp-json\/wp\/v2\/comments?post=13"}],"version-history":[{"count":10,"href":"https:\/\/blogi.eoppimispalvelut.fi\/mariakaisanblogi\/wp-json\/wp\/v2\/pages\/13\/revisions"}],"predecessor-version":[{"id":87,"href":"https:\/\/blogi.eoppimispalvelut.fi\/mariakaisanblogi\/wp-json\/wp\/v2\/pages\/13\/revisions\/87"}],"wp:attachment":[{"href":"https:\/\/blogi.eoppimispalvelut.fi\/mariakaisanblogi\/wp-json\/wp\/v2\/media?parent=13"}],"curies":[{"name":"wp","href":"https:\/\/api.w.org\/{rel}","templated":true}]}}