{"id":13,"date":"2020-02-14T11:39:06","date_gmt":"2020-02-14T09:39:06","guid":{"rendered":"https:\/\/blogi.eoppimispalvelut.fi\/marialat2\/?page_id=13"},"modified":"2020-02-28T11:23:38","modified_gmt":"2020-02-28T09:23:38","slug":"mina","status":"publish","type":"page","link":"https:\/\/blogi.eoppimispalvelut.fi\/marialat2\/mina\/","title":{"rendered":"Min\u00e4"},"content":{"rendered":"<p>Moikka! Mie olen Maria Alatalo, 34-vuotias kahden pojan \u00e4iti, vaimo, yst\u00e4v\u00e4, sisko, tyt\u00e4r, ja min\u00e4 ihan itse.<\/p>\n<p>T\u00e4ll\u00e4 hetkell\u00e4 opiskelen Digiassari -valmennuksessa Lapin ammattikorkeakoulussa ja etsin uusia haasteita el\u00e4m\u00e4\u00e4n, yksi niist\u00e4 haasteista on t\u00e4m\u00e4 blogi ja kykyni kirjoittaa.<\/p>\n<p>Vapaa-aikaani viet\u00e4n mieluiten kotona. Lempipuuhaani on erilaisten sarjojen, elokuvien ja Youtube-videoiden katselu, ja niiden lomassa usein teen k\u00e4sit\u00f6it\u00e4, palapelej\u00e4 tai ihan mit\u00e4 vaan.<\/p>\n<p>Haluaisin olla kauhean sosiaalinen ja muuta kivaa, mutta totuushan on se, ett\u00e4 parhaimmillani olen verkkareissa ja villasukissa, kuulokkeet korvilla, omassa ihanassa kuplassani. Tekeek\u00f6 se minusta sitten sellaisen introvertin? Viihdyn kuitenkin my\u00f6s ihmisten seurassa ja olen varsin empaattinen ihminen. Toisinaan v\u00e4h\u00e4n liiankin empaattinen, itku saattaa tirahtaa joskus pienimmist\u00e4kin asioista.<img loading=\"lazy\" decoding=\"async\" class=\"aligncenter wp-image-70 size-medium\" src=\"https:\/\/blogi.eoppimispalvelut.fi\/marialat2\/files\/2020\/02\/menneenjatulevant\u00e4hyilij\u00e4-300x300.jpg\" alt=\"\" width=\"300\" height=\"300\" srcset=\"https:\/\/blogi.eoppimispalvelut.fi\/marialat2\/files\/2020\/02\/menneenjatulevant\u00e4hyilij\u00e4-300x300.jpg 300w, https:\/\/blogi.eoppimispalvelut.fi\/marialat2\/files\/2020\/02\/menneenjatulevant\u00e4hyilij\u00e4-1024x1024.jpg 1024w, https:\/\/blogi.eoppimispalvelut.fi\/marialat2\/files\/2020\/02\/menneenjatulevant\u00e4hyilij\u00e4-150x150.jpg 150w, https:\/\/blogi.eoppimispalvelut.fi\/marialat2\/files\/2020\/02\/menneenjatulevant\u00e4hyilij\u00e4-768x768.jpg 768w, https:\/\/blogi.eoppimispalvelut.fi\/marialat2\/files\/2020\/02\/menneenjatulevant\u00e4hyilij\u00e4.jpg 1400w\" sizes=\"auto, (max-width: 300px) 85vw, 300px\" \/><\/p>\n<p>Mieheni silmiss\u00e4 olen menneen ja tulevan t\u00e4hyilij\u00e4. Uskomatonta, miten osuvasti minua kuvaili mies, joka ei ole tunnettu sanallisesta nokkeluudestaan, vaan ennemminkin suuresta, l\u00e4mpim\u00e4st\u00e4 syd\u00e4mest\u00e4\u00e4n.<br \/>\n<img loading=\"lazy\" decoding=\"async\" class=\"aligncenter wp-image-69 size-medium\" src=\"https:\/\/blogi.eoppimispalvelut.fi\/marialat2\/files\/2020\/02\/luotettavaauttaja-300x300.jpg\" alt=\"\" width=\"300\" height=\"300\" srcset=\"https:\/\/blogi.eoppimispalvelut.fi\/marialat2\/files\/2020\/02\/luotettavaauttaja-300x300.jpg 300w, https:\/\/blogi.eoppimispalvelut.fi\/marialat2\/files\/2020\/02\/luotettavaauttaja-1024x1024.jpg 1024w, https:\/\/blogi.eoppimispalvelut.fi\/marialat2\/files\/2020\/02\/luotettavaauttaja-150x150.jpg 150w, https:\/\/blogi.eoppimispalvelut.fi\/marialat2\/files\/2020\/02\/luotettavaauttaja-768x768.jpg 768w, https:\/\/blogi.eoppimispalvelut.fi\/marialat2\/files\/2020\/02\/luotettavaauttaja.jpg 1400w\" sizes=\"auto, (max-width: 300px) 85vw, 300px\" \/><\/p>\n<p>Perheeni silmiss\u00e4 olen luotettava auttaja. T\u00e4m\u00e4 oli ihanaa kuulla. Aina olen mielell\u00e4ni ollut avuksi, ja pyrkinyt kohtelemaan kaikkia, kuten itse\u00e4kin haluaisin kohdeltavan. T\u00e4m\u00e4 p\u00e4tee niin kotona kuin ty\u00f6el\u00e4m\u00e4ss\u00e4kin.<br \/>\n<img loading=\"lazy\" decoding=\"async\" class=\"aligncenter wp-image-68 size-medium\" src=\"https:\/\/blogi.eoppimispalvelut.fi\/marialat2\/files\/2020\/02\/el\u00e4m\u00e4niloinenlappilainen-300x300.jpg\" alt=\"\" width=\"300\" height=\"300\" srcset=\"https:\/\/blogi.eoppimispalvelut.fi\/marialat2\/files\/2020\/02\/el\u00e4m\u00e4niloinenlappilainen-300x300.jpg 300w, https:\/\/blogi.eoppimispalvelut.fi\/marialat2\/files\/2020\/02\/el\u00e4m\u00e4niloinenlappilainen-1024x1024.jpg 1024w, https:\/\/blogi.eoppimispalvelut.fi\/marialat2\/files\/2020\/02\/el\u00e4m\u00e4niloinenlappilainen-150x150.jpg 150w, https:\/\/blogi.eoppimispalvelut.fi\/marialat2\/files\/2020\/02\/el\u00e4m\u00e4niloinenlappilainen-768x768.jpg 768w, https:\/\/blogi.eoppimispalvelut.fi\/marialat2\/files\/2020\/02\/el\u00e4m\u00e4niloinenlappilainen.jpg 1400w\" sizes=\"auto, (max-width: 300px) 85vw, 300px\" \/><\/p>\n<p>Vanhin yst\u00e4v\u00e4ni kertoi t\u00e4m\u00e4n kuvan v\u00e4lityksell\u00e4 minun olevan el\u00e4m\u00e4niloinen lappilainen. T\u00e4st\u00e4 voimme p\u00e4\u00e4tell\u00e4, ett\u00e4 t\u00e4\u00e4ll\u00e4 Lapissa min\u00e4 olen syntynyt ja kasvanut, ja t\u00e4\u00e4ll\u00e4 on minun kotini.<\/p>\n<p><em>-Maria<\/em><\/p>\n","protected":false},"excerpt":{"rendered":"<p>Moikka! Mie olen Maria Alatalo, 34-vuotias kahden pojan \u00e4iti, vaimo, yst\u00e4v\u00e4, sisko, tyt\u00e4r, ja min\u00e4 ihan itse. T\u00e4ll\u00e4 hetkell\u00e4 opiskelen Digiassari -valmennuksessa Lapin ammattikorkeakoulussa ja etsin uusia haasteita el\u00e4m\u00e4\u00e4n, yksi niist\u00e4 haasteista on t\u00e4m\u00e4 blogi ja kykyni kirjoittaa. Vapaa-aikaani viet\u00e4n mieluiten kotona. Lempipuuhaani on erilaisten sarjojen, elokuvien ja Youtube-videoiden katselu, ja niiden lomassa usein teen &hellip; <a href=\"https:\/\/blogi.eoppimispalvelut.fi\/marialat2\/mina\/\" class=\"more-link\">Jatka lukemista<span class=\"screen-reader-text\"> &#8220;Min\u00e4&#8221;<\/span><\/a><\/p>\n","protected":false},"author":4223,"featured_media":0,"parent":0,"menu_order":0,"comment_status":"closed","ping_status":"closed","template":"","meta":{"footnotes":""},"class_list":["post-13","page","type-page","status-publish","hentry"],"_links":{"self":[{"href":"https:\/\/blogi.eoppimispalvelut.fi\/marialat2\/wp-json\/wp\/v2\/pages\/13","targetHints":{"allow":["GET"]}}],"collection":[{"href":"https:\/\/blogi.eoppimispalvelut.fi\/marialat2\/wp-json\/wp\/v2\/pages"}],"about":[{"href":"https:\/\/blogi.eoppimispalvelut.fi\/marialat2\/wp-json\/wp\/v2\/types\/page"}],"author":[{"embeddable":true,"href":"https:\/\/blogi.eoppimispalvelut.fi\/marialat2\/wp-json\/wp\/v2\/users\/4223"}],"replies":[{"embeddable":true,"href":"https:\/\/blogi.eoppimispalvelut.fi\/marialat2\/wp-json\/wp\/v2\/comments?post=13"}],"version-history":[{"count":6,"href":"https:\/\/blogi.eoppimispalvelut.fi\/marialat2\/wp-json\/wp\/v2\/pages\/13\/revisions"}],"predecessor-version":[{"id":72,"href":"https:\/\/blogi.eoppimispalvelut.fi\/marialat2\/wp-json\/wp\/v2\/pages\/13\/revisions\/72"}],"wp:attachment":[{"href":"https:\/\/blogi.eoppimispalvelut.fi\/marialat2\/wp-json\/wp\/v2\/media?parent=13"}],"curies":[{"name":"wp","href":"https:\/\/api.w.org\/{rel}","templated":true}]}}