{"id":2,"date":"2021-01-27T11:37:35","date_gmt":"2021-01-27T09:37:35","guid":{"rendered":"https:\/\/blogi.eoppimispalvelut.fi\/marjaanarousu\/?page_id=2"},"modified":"2021-10-12T20:27:09","modified_gmt":"2021-10-12T17:27:09","slug":"esimerkkisivu","status":"publish","type":"page","link":"https:\/\/blogi.eoppimispalvelut.fi\/marjaanarousu\/","title":{"rendered":"Etusivu"},"content":{"rendered":"<p>Tervetuloa!<\/p>\r\n<p>Mahtavaa, ett\u00e4 l\u00f6ysit blogiini!<\/p>\r\n<p>L\u00f6yd\u00e4t t\u00e4\u00e4lt\u00e4 ajankohtaisia artikkeleita digitaalisesta markkinoinnista sek\u00e4 ty\u00f6hyvinvoinnista. Olen liiketalouden tradenomiopiskelija, ja aiheet liittyv\u00e4t p\u00e4\u00e4s\u00e4\u00e4nt\u00f6isesti opinnoissani kohtaamiini asioihin. K\u00e4yth\u00e4n siis vilkaisemassa <a href=\"https:\/\/blogi.eoppimispalvelut.fi\/marjaanarousu\/blogi\/\">blogiartikkelit<\/a>!<\/p>\r\n<p><a href=\"https:\/\/blogi.eoppimispalvelut.fi\/marjaanarousu\/kirjoittaja\/\">Minusta<\/a> &#8211; sivulta l\u00f6yd\u00e4t tarkemmin infoa allekirjoittaneesta, sek\u00e4 <a href=\"https:\/\/blogi.eoppimispalvelut.fi\/marjaanarousu\/tyokokemus\/\">ty\u00f6historia <\/a>&#8211; sivultani taas ty\u00f6kokemuksestani. Mik\u00e4li joku her\u00e4tt\u00e4\u00e4 mielenkiintosi, etsit ty\u00f6ntekij\u00e4\u00e4 tai harjoittelijaa yritykseesi tai haluat vain porista digimarkkinoinnista, <a href=\"https:\/\/blogi.eoppimispalvelut.fi\/marjaanarousu\/ota-yhteytta\/\">ota rohkeasti yhteytt\u00e4<\/a>!<\/p>\r\n<p>&nbsp;<\/p>\r\n<p>&nbsp;<\/p>\r\n","protected":false},"excerpt":{"rendered":"<p>Tervetuloa! Mahtavaa, ett\u00e4 l\u00f6ysit blogiini! L\u00f6yd\u00e4t t\u00e4\u00e4lt\u00e4 ajankohtaisia artikkeleita digitaalisesta markkinoinnista sek\u00e4 ty\u00f6hyvinvoinnista. Olen liiketalouden tradenomiopiskelija, ja aiheet liittyv\u00e4t p\u00e4\u00e4s\u00e4\u00e4nt\u00f6isesti opinnoissani kohtaamiini asioihin. K\u00e4yth\u00e4n siis vilkaisemassa blogiartikkelit! Minusta &#8211; sivulta l\u00f6yd\u00e4t tarkemmin infoa allekirjoittaneesta, sek\u00e4 ty\u00f6historia &#8211; sivultani taas ty\u00f6kokemuksestani. Mik\u00e4li joku her\u00e4tt\u00e4\u00e4 mielenkiintosi, etsit ty\u00f6ntekij\u00e4\u00e4 tai harjoittelijaa yritykseesi tai haluat vain porista digimarkkinoinnista, ota [&hellip;]<\/p>\n","protected":false},"author":3964,"featured_media":0,"parent":0,"menu_order":0,"comment_status":"closed","ping_status":"open","template":"","meta":{"_monsterinsights_skip_tracking":false,"_monsterinsights_sitenote_active":false,"_monsterinsights_sitenote_note":"","_monsterinsights_sitenote_category":0,"footnotes":""},"class_list":["post-2","page","type-page","status-publish","hentry"],"yoast_head":"<!-- This site is optimized with the Yoast SEO plugin v27.1.1 - https:\/\/yoast.com\/product\/yoast-seo-wordpress\/ -->\n<title>Etusivu - Digimarkkinoinnin ammattilaiseksi<\/title>\n<meta name=\"robots\" content=\"index, follow, max-snippet:-1, max-image-preview:large, max-video-preview:-1\" \/>\n<link rel=\"canonical\" href=\"https:\/\/blogi.eoppimispalvelut.fi\/marjaanarousu\/\" \/>\n<meta property=\"og:locale\" content=\"fi_FI\" \/>\n<meta property=\"og:type\" content=\"article\" \/>\n<meta property=\"og:title\" content=\"Etusivu - Digimarkkinoinnin ammattilaiseksi\" \/>\n<meta property=\"og:description\" content=\"Tervetuloa! Mahtavaa, ett\u00e4 l\u00f6ysit blogiini! L\u00f6yd\u00e4t t\u00e4\u00e4lt\u00e4 ajankohtaisia artikkeleita digitaalisesta markkinoinnista sek\u00e4 ty\u00f6hyvinvoinnista. Olen liiketalouden tradenomiopiskelija, ja aiheet liittyv\u00e4t p\u00e4\u00e4s\u00e4\u00e4nt\u00f6isesti opinnoissani kohtaamiini asioihin. K\u00e4yth\u00e4n siis vilkaisemassa blogiartikkelit! Minusta &#8211; sivulta l\u00f6yd\u00e4t tarkemmin infoa allekirjoittaneesta, sek\u00e4 ty\u00f6historia &#8211; sivultani taas ty\u00f6kokemuksestani. Mik\u00e4li joku her\u00e4tt\u00e4\u00e4 mielenkiintosi, etsit ty\u00f6ntekij\u00e4\u00e4 tai harjoittelijaa yritykseesi tai haluat vain porista digimarkkinoinnista, ota [&hellip;]\" \/>\n<meta property=\"og:url\" content=\"https:\/\/blogi.eoppimispalvelut.fi\/marjaanarousu\/\" \/>\n<meta property=\"og:site_name\" content=\"Digimarkkinoinnin ammattilaiseksi\" \/>\n<meta property=\"article:modified_time\" content=\"2021-10-12T17:27:09+00:00\" \/>\n<meta name=\"twitter:card\" content=\"summary_large_image\" \/>\n<meta name=\"twitter:label1\" content=\"Est. reading time\" \/>\n\t<meta name=\"twitter:data1\" content=\"1 minute\" \/>\n<script type=\"application\/ld+json\" class=\"yoast-schema-graph\">{\"@context\":\"https:\/\/schema.org\",\"@graph\":[{\"@type\":\"WebPage\",\"@id\":\"https:\/\/blogi.eoppimispalvelut.fi\/marjaanarousu\/\",\"url\":\"https:\/\/blogi.eoppimispalvelut.fi\/marjaanarousu\/\",\"name\":\"Etusivu - Digimarkkinoinnin ammattilaiseksi\",\"isPartOf\":{\"@id\":\"https:\/\/blogi.eoppimispalvelut.fi\/marjaanarousu\/#website\"},\"datePublished\":\"2021-01-27T09:37:35+00:00\",\"dateModified\":\"2021-10-12T17:27:09+00:00\",\"breadcrumb\":{\"@id\":\"https:\/\/blogi.eoppimispalvelut.fi\/marjaanarousu\/#breadcrumb\"},\"inLanguage\":\"fi\",\"potentialAction\":[{\"@type\":\"ReadAction\",\"target\":[\"https:\/\/blogi.eoppimispalvelut.fi\/marjaanarousu\/\"]}]},{\"@type\":\"BreadcrumbList\",\"@id\":\"https:\/\/blogi.eoppimispalvelut.fi\/marjaanarousu\/#breadcrumb\",\"itemListElement\":[{\"@type\":\"ListItem\",\"position\":1,\"name\":\"Home\",\"item\":\"https:\/\/blogi.eoppimispalvelut.fi\/marjaanarousu\/\"},{\"@type\":\"ListItem\",\"position\":2,\"name\":\"Etusivu\"}]},{\"@type\":\"WebSite\",\"@id\":\"https:\/\/blogi.eoppimispalvelut.fi\/marjaanarousu\/#website\",\"url\":\"https:\/\/blogi.eoppimispalvelut.fi\/marjaanarousu\/\",\"name\":\"Digimarkkinoinnin ammattilaiseksi\",\"description\":\"Sis\u00e4ll\u00f6ntuotanto | Some | SEO | Valokuvaus | Henkil\u00f6st\u00f6hallinto | Ty\u00f6hyvinvointi\",\"potentialAction\":[{\"@type\":\"SearchAction\",\"target\":{\"@type\":\"EntryPoint\",\"urlTemplate\":\"https:\/\/blogi.eoppimispalvelut.fi\/marjaanarousu\/?s={search_term_string}\"},\"query-input\":{\"@type\":\"PropertyValueSpecification\",\"valueRequired\":true,\"valueName\":\"search_term_string\"}}],\"inLanguage\":\"fi\"}]}<\/script>\n<!-- \/ Yoast SEO plugin. -->","yoast_head_json":{"title":"Etusivu - Digimarkkinoinnin ammattilaiseksi","robots":{"index":"index","follow":"follow","max-snippet":"max-snippet:-1","max-image-preview":"max-image-preview:large","max-video-preview":"max-video-preview:-1"},"canonical":"https:\/\/blogi.eoppimispalvelut.fi\/marjaanarousu\/","og_locale":"fi_FI","og_type":"article","og_title":"Etusivu - Digimarkkinoinnin ammattilaiseksi","og_description":"Tervetuloa! Mahtavaa, ett\u00e4 l\u00f6ysit blogiini! L\u00f6yd\u00e4t t\u00e4\u00e4lt\u00e4 ajankohtaisia artikkeleita digitaalisesta markkinoinnista sek\u00e4 ty\u00f6hyvinvoinnista. Olen liiketalouden tradenomiopiskelija, ja aiheet liittyv\u00e4t p\u00e4\u00e4s\u00e4\u00e4nt\u00f6isesti opinnoissani kohtaamiini asioihin. K\u00e4yth\u00e4n siis vilkaisemassa blogiartikkelit! Minusta &#8211; sivulta l\u00f6yd\u00e4t tarkemmin infoa allekirjoittaneesta, sek\u00e4 ty\u00f6historia &#8211; sivultani taas ty\u00f6kokemuksestani. Mik\u00e4li joku her\u00e4tt\u00e4\u00e4 mielenkiintosi, etsit ty\u00f6ntekij\u00e4\u00e4 tai harjoittelijaa yritykseesi tai haluat vain porista digimarkkinoinnista, ota [&hellip;]","og_url":"https:\/\/blogi.eoppimispalvelut.fi\/marjaanarousu\/","og_site_name":"Digimarkkinoinnin ammattilaiseksi","article_modified_time":"2021-10-12T17:27:09+00:00","twitter_card":"summary_large_image","twitter_misc":{"Est. reading time":"1 minute"},"schema":{"@context":"https:\/\/schema.org","@graph":[{"@type":"WebPage","@id":"https:\/\/blogi.eoppimispalvelut.fi\/marjaanarousu\/","url":"https:\/\/blogi.eoppimispalvelut.fi\/marjaanarousu\/","name":"Etusivu - Digimarkkinoinnin ammattilaiseksi","isPartOf":{"@id":"https:\/\/blogi.eoppimispalvelut.fi\/marjaanarousu\/#website"},"datePublished":"2021-01-27T09:37:35+00:00","dateModified":"2021-10-12T17:27:09+00:00","breadcrumb":{"@id":"https:\/\/blogi.eoppimispalvelut.fi\/marjaanarousu\/#breadcrumb"},"inLanguage":"fi","potentialAction":[{"@type":"ReadAction","target":["https:\/\/blogi.eoppimispalvelut.fi\/marjaanarousu\/"]}]},{"@type":"BreadcrumbList","@id":"https:\/\/blogi.eoppimispalvelut.fi\/marjaanarousu\/#breadcrumb","itemListElement":[{"@type":"ListItem","position":1,"name":"Home","item":"https:\/\/blogi.eoppimispalvelut.fi\/marjaanarousu\/"},{"@type":"ListItem","position":2,"name":"Etusivu"}]},{"@type":"WebSite","@id":"https:\/\/blogi.eoppimispalvelut.fi\/marjaanarousu\/#website","url":"https:\/\/blogi.eoppimispalvelut.fi\/marjaanarousu\/","name":"Digimarkkinoinnin ammattilaiseksi","description":"Sis\u00e4ll\u00f6ntuotanto | Some | SEO | Valokuvaus | Henkil\u00f6st\u00f6hallinto | Ty\u00f6hyvinvointi","potentialAction":[{"@type":"SearchAction","target":{"@type":"EntryPoint","urlTemplate":"https:\/\/blogi.eoppimispalvelut.fi\/marjaanarousu\/?s={search_term_string}"},"query-input":{"@type":"PropertyValueSpecification","valueRequired":true,"valueName":"search_term_string"}}],"inLanguage":"fi"}]}},"_links":{"self":[{"href":"https:\/\/blogi.eoppimispalvelut.fi\/marjaanarousu\/wp-json\/wp\/v2\/pages\/2","targetHints":{"allow":["GET"]}}],"collection":[{"href":"https:\/\/blogi.eoppimispalvelut.fi\/marjaanarousu\/wp-json\/wp\/v2\/pages"}],"about":[{"href":"https:\/\/blogi.eoppimispalvelut.fi\/marjaanarousu\/wp-json\/wp\/v2\/types\/page"}],"author":[{"embeddable":true,"href":"https:\/\/blogi.eoppimispalvelut.fi\/marjaanarousu\/wp-json\/wp\/v2\/users\/3964"}],"replies":[{"embeddable":true,"href":"https:\/\/blogi.eoppimispalvelut.fi\/marjaanarousu\/wp-json\/wp\/v2\/comments?post=2"}],"version-history":[{"count":5,"href":"https:\/\/blogi.eoppimispalvelut.fi\/marjaanarousu\/wp-json\/wp\/v2\/pages\/2\/revisions"}],"predecessor-version":[{"id":233,"href":"https:\/\/blogi.eoppimispalvelut.fi\/marjaanarousu\/wp-json\/wp\/v2\/pages\/2\/revisions\/233"}],"wp:attachment":[{"href":"https:\/\/blogi.eoppimispalvelut.fi\/marjaanarousu\/wp-json\/wp\/v2\/media?parent=2"}],"curies":[{"name":"wp","href":"https:\/\/api.w.org\/{rel}","templated":true}]}}