{"id":35,"date":"2021-02-16T09:53:40","date_gmt":"2021-02-16T07:53:40","guid":{"rendered":"https:\/\/blogi.eoppimispalvelut.fi\/marjaanarousu\/?page_id=35"},"modified":"2021-02-26T10:38:22","modified_gmt":"2021-02-26T08:38:22","slug":"kirjoittaja","status":"publish","type":"page","link":"https:\/\/blogi.eoppimispalvelut.fi\/marjaanarousu\/kirjoittaja\/","title":{"rendered":"Minusta"},"content":{"rendered":"<p>Hei!<\/p>\n<h3><img loading=\"lazy\" decoding=\"async\" class=\"alignright wp-image-22 size-thumbnail\" src=\"https:\/\/blogi.eoppimispalvelut.fi\/marjaanarousu\/files\/2021\/02\/1611065372762-110x110.jpg\" alt=\"Writer of the blog\" width=\"110\" height=\"110\" srcset=\"https:\/\/blogi.eoppimispalvelut.fi\/marjaanarousu\/files\/2021\/02\/1611065372762-110x110.jpg 110w, https:\/\/blogi.eoppimispalvelut.fi\/marjaanarousu\/files\/2021\/02\/1611065372762-600x600.jpg 600w, https:\/\/blogi.eoppimispalvelut.fi\/marjaanarousu\/files\/2021\/02\/1611065372762-768x768.jpg 768w, https:\/\/blogi.eoppimispalvelut.fi\/marjaanarousu\/files\/2021\/02\/1611065372762-100x100.jpg 100w, https:\/\/blogi.eoppimispalvelut.fi\/marjaanarousu\/files\/2021\/02\/1611065372762.jpg 800w\" sizes=\"auto, (max-width: 110px) 100vw, 110px\" \/><\/h3>\n<p>Olen Marjaana, toista vuotta liiketalouden tradenomiksi opiskeleva nainen Keminmaasta. Opiskelen Lapin ammattikorkeakoulussa, erikoistuen digitaaliseen markkinointiin.<\/p>\n<p>Perustin t\u00e4m\u00e4n blogin ik\u00e4\u00e4n kuin portfoliokseni. Kuvat, joita t\u00e4\u00e4ll\u00e4 tulen k\u00e4ytt\u00e4m\u00e4\u00e4n, ovat p\u00e4\u00e4s\u00e4\u00e4nt\u00f6isesti itse ottamiani, sek\u00e4 tekstit t\u00e4ysin omaa k\u00e4sialaani.<\/p>\n<p>&nbsp;<\/p>\n<h3>Minusta<\/h3>\n<p>Olen kirjoitushetkell\u00e4 27-vuotias, kahden lapsen \u00e4iti Lapista, pienest\u00e4 Keminmaasta. Harrastan s\u00e4\u00e4nn\u00f6llisen ep\u00e4s\u00e4\u00e4nn\u00f6llisesti liikuntaa, retkeily\u00e4, valokuvausta, lukemista ja neulomista. Harrastuksiini lukeutuu my\u00f6s eritt\u00e4in laaja ja vaihteleva valikoima koiraurheilua, arkilenkkeilyst\u00e4 n\u00e4yttelykehiin.<\/p>\n<p>T\u00e4m\u00e4n harrastuspuolen riitt\u00e4v\u00e4st\u00e4 aktiivisuudesta huolehtii kainkoirani Loki. T\u00e4m\u00e4 pieni assistentti onkin usein kuvissa mukana, kuten h\u00e4n yleens\u00e4 aina mukanani kulkee muutenkin.<img loading=\"lazy\" decoding=\"async\" class=\"wp-image-23 size-medium aligncenter\" src=\"https:\/\/blogi.eoppimispalvelut.fi\/marjaanarousu\/files\/2021\/02\/WhatsApp-Image-2020-12-09-at-11.13.28-600x800.jpeg\" alt=\"Assisting blogger dog\" width=\"600\" height=\"800\" srcset=\"https:\/\/blogi.eoppimispalvelut.fi\/marjaanarousu\/files\/2021\/02\/WhatsApp-Image-2020-12-09-at-11.13.28-600x800.jpeg 600w, https:\/\/blogi.eoppimispalvelut.fi\/marjaanarousu\/files\/2021\/02\/WhatsApp-Image-2020-12-09-at-11.13.28-768x1024.jpeg 768w, https:\/\/blogi.eoppimispalvelut.fi\/marjaanarousu\/files\/2021\/02\/WhatsApp-Image-2020-12-09-at-11.13.28-1152x1536.jpeg 1152w, https:\/\/blogi.eoppimispalvelut.fi\/marjaanarousu\/files\/2021\/02\/WhatsApp-Image-2020-12-09-at-11.13.28.jpeg 1200w\" sizes=\"auto, (max-width: 600px) 100vw, 600px\" \/><\/p>\n<p>Rentoudun luonnossa, pelaamalla lautapelej\u00e4 sek\u00e4 lukemalla hyv\u00e4\u00e4 dekkaria. Olen aina ollut ahkera kirjojen kuluttaja, ja \u00e4\u00e4nikirjapalvelu Bookbeat onkin varmasti k\u00e4ytetyin sovellus puhelimessani. Luen ja kuuntelen paljon dekkareita sek\u00e4 itsens\u00e4 kehitt\u00e4miseen ja &#8211; tuntemiseen liittyvi\u00e4 kirjoja.<\/p>\n<h3>Opintoni<\/h3>\n<p>Opiskelen liiketalouden tradenomiksi Lapin ammattikorkeakoulussa. Valmistun todenn\u00e4k\u00f6isesti joko t\u00e4m\u00e4n vuoden lopulla tai ensi kev\u00e4\u00e4n\u00e4, riippuen ty\u00f6harjoitteluni ajoittumisesta. Erikoistun opinnoissani digitaaliseen markkinointiin, mutta opiskelen my\u00f6s melko paljon hr-puolta ja johtamista. T\u00e4m\u00e4n hetken tulevaisuuden ty\u00f6haaveeni on tehd\u00e4 jotain ty\u00f6hyvinvoinnin kehitt\u00e4misen parissa, tai sitten digimarkkinoinnin saralla.<\/p>\n<p>Ty\u00f6harjoittelupaikkaa etsiskelen paraikaa, joko kes\u00e4ksi tai syksyksi alkavaksi. Toivon tekev\u00e4ni sek\u00e4 perus- ett\u00e4 syvent\u00e4v\u00e4n harjoittelun putkeen samaan paikkaan, uskon, ett\u00e4 n\u00e4in sek\u00e4 min\u00e4, ett\u00e4 yritys saamme parhaan hyy\u00f6dyn harjoittelustani.<\/p>\n<p>Kiva kun olet lukemassa!<\/p>\n","protected":false},"excerpt":{"rendered":"<p>Hei! Olen Marjaana, toista vuotta liiketalouden tradenomiksi opiskeleva nainen Keminmaasta. Opiskelen Lapin ammattikorkeakoulussa, erikoistuen digitaaliseen markkinointiin. Perustin t\u00e4m\u00e4n blogin ik\u00e4\u00e4n kuin portfoliokseni. Kuvat, joita t\u00e4\u00e4ll\u00e4 tulen k\u00e4ytt\u00e4m\u00e4\u00e4n, ovat p\u00e4\u00e4s\u00e4\u00e4nt\u00f6isesti itse ottamiani, sek\u00e4 tekstit t\u00e4ysin omaa k\u00e4sialaani. &nbsp; Minusta Olen kirjoitushetkell\u00e4 27-vuotias, kahden lapsen \u00e4iti Lapista, pienest\u00e4 Keminmaasta. Harrastan s\u00e4\u00e4nn\u00f6llisen ep\u00e4s\u00e4\u00e4nn\u00f6llisesti liikuntaa, retkeily\u00e4, valokuvausta, lukemista ja [&hellip;]<\/p>\n","protected":false},"author":3964,"featured_media":0,"parent":0,"menu_order":0,"comment_status":"closed","ping_status":"closed","template":"","meta":{"_monsterinsights_skip_tracking":false,"_monsterinsights_sitenote_active":false,"_monsterinsights_sitenote_note":"","_monsterinsights_sitenote_category":0,"footnotes":""},"class_list":["post-35","page","type-page","status-publish","hentry"],"yoast_head":"<!-- This site is optimized with the Yoast SEO plugin v27.1.1 - https:\/\/yoast.com\/product\/yoast-seo-wordpress\/ -->\n<title>Minusta - Digimarkkinoinnin ammattilaiseksi<\/title>\n<meta name=\"robots\" content=\"index, follow, max-snippet:-1, max-image-preview:large, max-video-preview:-1\" \/>\n<link rel=\"canonical\" href=\"https:\/\/blogi.eoppimispalvelut.fi\/marjaanarousu\/kirjoittaja\/\" \/>\n<meta property=\"og:locale\" content=\"fi_FI\" \/>\n<meta property=\"og:type\" content=\"article\" \/>\n<meta property=\"og:title\" content=\"Minusta - Digimarkkinoinnin ammattilaiseksi\" \/>\n<meta property=\"og:description\" content=\"Hei! Olen Marjaana, toista vuotta liiketalouden tradenomiksi opiskeleva nainen Keminmaasta. Opiskelen Lapin ammattikorkeakoulussa, erikoistuen digitaaliseen markkinointiin. Perustin t\u00e4m\u00e4n blogin ik\u00e4\u00e4n kuin portfoliokseni. Kuvat, joita t\u00e4\u00e4ll\u00e4 tulen k\u00e4ytt\u00e4m\u00e4\u00e4n, ovat p\u00e4\u00e4s\u00e4\u00e4nt\u00f6isesti itse ottamiani, sek\u00e4 tekstit t\u00e4ysin omaa k\u00e4sialaani. &nbsp; Minusta Olen kirjoitushetkell\u00e4 27-vuotias, kahden lapsen \u00e4iti Lapista, pienest\u00e4 Keminmaasta. Harrastan s\u00e4\u00e4nn\u00f6llisen ep\u00e4s\u00e4\u00e4nn\u00f6llisesti liikuntaa, retkeily\u00e4, valokuvausta, lukemista ja [&hellip;]\" \/>\n<meta property=\"og:url\" content=\"https:\/\/blogi.eoppimispalvelut.fi\/marjaanarousu\/kirjoittaja\/\" \/>\n<meta property=\"og:site_name\" content=\"Digimarkkinoinnin ammattilaiseksi\" \/>\n<meta property=\"article:modified_time\" content=\"2021-02-26T08:38:22+00:00\" \/>\n<meta property=\"og:image\" content=\"https:\/\/blogi.eoppimispalvelut.fi\/marjaanarousu\/files\/2021\/02\/1611065372762-110x110.jpg\" \/>\n<meta name=\"twitter:card\" content=\"summary_large_image\" \/>\n<meta name=\"twitter:label1\" content=\"Est. reading time\" \/>\n\t<meta name=\"twitter:data1\" content=\"2 minutes\" \/>\n<script type=\"application\/ld+json\" class=\"yoast-schema-graph\">{\"@context\":\"https:\/\/schema.org\",\"@graph\":[{\"@type\":\"WebPage\",\"@id\":\"https:\/\/blogi.eoppimispalvelut.fi\/marjaanarousu\/kirjoittaja\/\",\"url\":\"https:\/\/blogi.eoppimispalvelut.fi\/marjaanarousu\/kirjoittaja\/\",\"name\":\"Minusta - Digimarkkinoinnin ammattilaiseksi\",\"isPartOf\":{\"@id\":\"https:\/\/blogi.eoppimispalvelut.fi\/marjaanarousu\/#website\"},\"primaryImageOfPage\":{\"@id\":\"https:\/\/blogi.eoppimispalvelut.fi\/marjaanarousu\/kirjoittaja\/#primaryimage\"},\"image\":{\"@id\":\"https:\/\/blogi.eoppimispalvelut.fi\/marjaanarousu\/kirjoittaja\/#primaryimage\"},\"thumbnailUrl\":\"https:\/\/blogi.eoppimispalvelut.fi\/marjaanarousu\/files\/2021\/02\/1611065372762-110x110.jpg\",\"datePublished\":\"2021-02-16T07:53:40+00:00\",\"dateModified\":\"2021-02-26T08:38:22+00:00\",\"breadcrumb\":{\"@id\":\"https:\/\/blogi.eoppimispalvelut.fi\/marjaanarousu\/kirjoittaja\/#breadcrumb\"},\"inLanguage\":\"fi\",\"potentialAction\":[{\"@type\":\"ReadAction\",\"target\":[\"https:\/\/blogi.eoppimispalvelut.fi\/marjaanarousu\/kirjoittaja\/\"]}]},{\"@type\":\"ImageObject\",\"inLanguage\":\"fi\",\"@id\":\"https:\/\/blogi.eoppimispalvelut.fi\/marjaanarousu\/kirjoittaja\/#primaryimage\",\"url\":\"https:\/\/blogi.eoppimispalvelut.fi\/marjaanarousu\/files\/2021\/02\/1611065372762.jpg\",\"contentUrl\":\"https:\/\/blogi.eoppimispalvelut.fi\/marjaanarousu\/files\/2021\/02\/1611065372762.jpg\",\"width\":800,\"height\":800},{\"@type\":\"BreadcrumbList\",\"@id\":\"https:\/\/blogi.eoppimispalvelut.fi\/marjaanarousu\/kirjoittaja\/#breadcrumb\",\"itemListElement\":[{\"@type\":\"ListItem\",\"position\":1,\"name\":\"Home\",\"item\":\"https:\/\/blogi.eoppimispalvelut.fi\/marjaanarousu\/\"},{\"@type\":\"ListItem\",\"position\":2,\"name\":\"Minusta\"}]},{\"@type\":\"WebSite\",\"@id\":\"https:\/\/blogi.eoppimispalvelut.fi\/marjaanarousu\/#website\",\"url\":\"https:\/\/blogi.eoppimispalvelut.fi\/marjaanarousu\/\",\"name\":\"Digimarkkinoinnin ammattilaiseksi\",\"description\":\"Sis\u00e4ll\u00f6ntuotanto | Some | SEO | Valokuvaus | Henkil\u00f6st\u00f6hallinto | Ty\u00f6hyvinvointi\",\"potentialAction\":[{\"@type\":\"SearchAction\",\"target\":{\"@type\":\"EntryPoint\",\"urlTemplate\":\"https:\/\/blogi.eoppimispalvelut.fi\/marjaanarousu\/?s={search_term_string}\"},\"query-input\":{\"@type\":\"PropertyValueSpecification\",\"valueRequired\":true,\"valueName\":\"search_term_string\"}}],\"inLanguage\":\"fi\"}]}<\/script>\n<!-- \/ Yoast SEO plugin. -->","yoast_head_json":{"title":"Minusta - Digimarkkinoinnin ammattilaiseksi","robots":{"index":"index","follow":"follow","max-snippet":"max-snippet:-1","max-image-preview":"max-image-preview:large","max-video-preview":"max-video-preview:-1"},"canonical":"https:\/\/blogi.eoppimispalvelut.fi\/marjaanarousu\/kirjoittaja\/","og_locale":"fi_FI","og_type":"article","og_title":"Minusta - Digimarkkinoinnin ammattilaiseksi","og_description":"Hei! Olen Marjaana, toista vuotta liiketalouden tradenomiksi opiskeleva nainen Keminmaasta. Opiskelen Lapin ammattikorkeakoulussa, erikoistuen digitaaliseen markkinointiin. Perustin t\u00e4m\u00e4n blogin ik\u00e4\u00e4n kuin portfoliokseni. Kuvat, joita t\u00e4\u00e4ll\u00e4 tulen k\u00e4ytt\u00e4m\u00e4\u00e4n, ovat p\u00e4\u00e4s\u00e4\u00e4nt\u00f6isesti itse ottamiani, sek\u00e4 tekstit t\u00e4ysin omaa k\u00e4sialaani. &nbsp; Minusta Olen kirjoitushetkell\u00e4 27-vuotias, kahden lapsen \u00e4iti Lapista, pienest\u00e4 Keminmaasta. Harrastan s\u00e4\u00e4nn\u00f6llisen ep\u00e4s\u00e4\u00e4nn\u00f6llisesti liikuntaa, retkeily\u00e4, valokuvausta, lukemista ja [&hellip;]","og_url":"https:\/\/blogi.eoppimispalvelut.fi\/marjaanarousu\/kirjoittaja\/","og_site_name":"Digimarkkinoinnin ammattilaiseksi","article_modified_time":"2021-02-26T08:38:22+00:00","og_image":[{"url":"https:\/\/blogi.eoppimispalvelut.fi\/marjaanarousu\/files\/2021\/02\/1611065372762-110x110.jpg","type":"","width":"","height":""}],"twitter_card":"summary_large_image","twitter_misc":{"Est. reading time":"2 minutes"},"schema":{"@context":"https:\/\/schema.org","@graph":[{"@type":"WebPage","@id":"https:\/\/blogi.eoppimispalvelut.fi\/marjaanarousu\/kirjoittaja\/","url":"https:\/\/blogi.eoppimispalvelut.fi\/marjaanarousu\/kirjoittaja\/","name":"Minusta - Digimarkkinoinnin ammattilaiseksi","isPartOf":{"@id":"https:\/\/blogi.eoppimispalvelut.fi\/marjaanarousu\/#website"},"primaryImageOfPage":{"@id":"https:\/\/blogi.eoppimispalvelut.fi\/marjaanarousu\/kirjoittaja\/#primaryimage"},"image":{"@id":"https:\/\/blogi.eoppimispalvelut.fi\/marjaanarousu\/kirjoittaja\/#primaryimage"},"thumbnailUrl":"https:\/\/blogi.eoppimispalvelut.fi\/marjaanarousu\/files\/2021\/02\/1611065372762-110x110.jpg","datePublished":"2021-02-16T07:53:40+00:00","dateModified":"2021-02-26T08:38:22+00:00","breadcrumb":{"@id":"https:\/\/blogi.eoppimispalvelut.fi\/marjaanarousu\/kirjoittaja\/#breadcrumb"},"inLanguage":"fi","potentialAction":[{"@type":"ReadAction","target":["https:\/\/blogi.eoppimispalvelut.fi\/marjaanarousu\/kirjoittaja\/"]}]},{"@type":"ImageObject","inLanguage":"fi","@id":"https:\/\/blogi.eoppimispalvelut.fi\/marjaanarousu\/kirjoittaja\/#primaryimage","url":"https:\/\/blogi.eoppimispalvelut.fi\/marjaanarousu\/files\/2021\/02\/1611065372762.jpg","contentUrl":"https:\/\/blogi.eoppimispalvelut.fi\/marjaanarousu\/files\/2021\/02\/1611065372762.jpg","width":800,"height":800},{"@type":"BreadcrumbList","@id":"https:\/\/blogi.eoppimispalvelut.fi\/marjaanarousu\/kirjoittaja\/#breadcrumb","itemListElement":[{"@type":"ListItem","position":1,"name":"Home","item":"https:\/\/blogi.eoppimispalvelut.fi\/marjaanarousu\/"},{"@type":"ListItem","position":2,"name":"Minusta"}]},{"@type":"WebSite","@id":"https:\/\/blogi.eoppimispalvelut.fi\/marjaanarousu\/#website","url":"https:\/\/blogi.eoppimispalvelut.fi\/marjaanarousu\/","name":"Digimarkkinoinnin ammattilaiseksi","description":"Sis\u00e4ll\u00f6ntuotanto | Some | SEO | Valokuvaus | Henkil\u00f6st\u00f6hallinto | Ty\u00f6hyvinvointi","potentialAction":[{"@type":"SearchAction","target":{"@type":"EntryPoint","urlTemplate":"https:\/\/blogi.eoppimispalvelut.fi\/marjaanarousu\/?s={search_term_string}"},"query-input":{"@type":"PropertyValueSpecification","valueRequired":true,"valueName":"search_term_string"}}],"inLanguage":"fi"}]}},"_links":{"self":[{"href":"https:\/\/blogi.eoppimispalvelut.fi\/marjaanarousu\/wp-json\/wp\/v2\/pages\/35","targetHints":{"allow":["GET"]}}],"collection":[{"href":"https:\/\/blogi.eoppimispalvelut.fi\/marjaanarousu\/wp-json\/wp\/v2\/pages"}],"about":[{"href":"https:\/\/blogi.eoppimispalvelut.fi\/marjaanarousu\/wp-json\/wp\/v2\/types\/page"}],"author":[{"embeddable":true,"href":"https:\/\/blogi.eoppimispalvelut.fi\/marjaanarousu\/wp-json\/wp\/v2\/users\/3964"}],"replies":[{"embeddable":true,"href":"https:\/\/blogi.eoppimispalvelut.fi\/marjaanarousu\/wp-json\/wp\/v2\/comments?post=35"}],"version-history":[{"count":5,"href":"https:\/\/blogi.eoppimispalvelut.fi\/marjaanarousu\/wp-json\/wp\/v2\/pages\/35\/revisions"}],"predecessor-version":[{"id":80,"href":"https:\/\/blogi.eoppimispalvelut.fi\/marjaanarousu\/wp-json\/wp\/v2\/pages\/35\/revisions\/80"}],"wp:attachment":[{"href":"https:\/\/blogi.eoppimispalvelut.fi\/marjaanarousu\/wp-json\/wp\/v2\/media?parent=35"}],"curies":[{"name":"wp","href":"https:\/\/api.w.org\/{rel}","templated":true}]}}