{"id":89,"date":"2021-02-28T13:54:08","date_gmt":"2021-02-28T11:54:08","guid":{"rendered":"https:\/\/blogi.eoppimispalvelut.fi\/marjaanarousu\/?page_id=89"},"modified":"2021-03-02T11:49:44","modified_gmt":"2021-03-02T09:49:44","slug":"tyokokemus","status":"publish","type":"page","link":"https:\/\/blogi.eoppimispalvelut.fi\/marjaanarousu\/tyokokemus\/","title":{"rendered":"Ty\u00f6kokemus"},"content":{"rendered":"<p>Ennen tradenomiopintojani olen ker\u00e4nnyt ty\u00f6kokemusta p\u00e4\u00e4asiassa matkailu- ja ravintola-alalta. Aiemmalta koulutukseltani olen tarjoilija.<\/p>\n<h4>Tarjoilijana ravintolassa, kahvilassa, matkailuyrityksess\u00e4<\/h4>\n<p>Ennen opintojani ty\u00f6skentelin useammassa paikallisessa ravintolassa, kahvilassa ja matkailuyrityksess\u00e4 p\u00e4\u00e4s\u00e4\u00e4nt\u00f6isesti tarjoilijana. T\u00e4m\u00e4 alahan on todella laaja, ja perinteisen ruuan p\u00f6yt\u00e4\u00e4n kantamisen lis\u00e4ksi olen sek\u00e4 valmistanut ruokia, ett\u00e4 suunnitellut s\u00e4\u00e4nn\u00f6llisi\u00e4 tilauksia ja ruokalistan sis\u00e4lt\u00f6\u00e4.<\/p>\n<p>Ravintola-ala on opettanut kiireensietokyky\u00e4, mukautumista tilanteeseen ja asiakaspalvelutaitoja. Parhaaseen sesonkiin on mahtunut 16-tuntisia ty\u00f6p\u00e4ivi\u00e4, joista rauhallisia hetki\u00e4 on ollut vain ennen ja j\u00e4lkeen ravintolan avaamisen, sek\u00e4 hiljaisempia p\u00e4ivi\u00e4, jolloin on saanut keskitty\u00e4 enemm\u00e4n yksitt\u00e4iseen kohtaamiseen sek\u00e4 yll\u00e4pitot\u00f6ihin. Parhaimmillani koen olevani pieness\u00e4 kiireess\u00e4, olen hyv\u00e4 hahmottamaan kokonaiskuvaa enk\u00e4 p\u00e4\u00e4st\u00e4 kiireen tuntua ihoni alle.<\/p>\n<p>Olen ty\u00f6skennellyt miltei kaikissa eri ravintoloiden muodoissa, rennommalla otteella baarissa ja kes\u00e4terassilla, sek\u00e4 hienommin \u00e0 la cartessa, unohtamatta perinteist\u00e4 lounasravintolaa. Urani ravintola-alalla olen aloittanut muistotilaisuuksissa.<\/p>\n<p>Mieleenj\u00e4\u00e4neit\u00e4 tilanteita on ollut muun muaassa matkailuj\u00e4\u00e4nmurtajalla ty\u00f6skentely, kun laivan j\u00e4\u00e4n murtamisen aiheuttamassa t\u00e4rin\u00e4ss\u00e4 tarjoiltiin vadilta ruokaa, ruokailuaika oli hyvin tarkkaan m\u00e4\u00e4ritetty ja tahti todella nopea. Tiimin piti toimia hyvin yhteen, virheisiin tai harha-askeliin ei juuri varaa j\u00e4\u00e4nyt. Tunnelma oli kiireinen, mutta iloinen.<\/p>\n<p>P\u00e4\u00e4llimm\u00e4isen\u00e4 ravintola-alalta onkin j\u00e4\u00e4nyt mieleen hyv\u00e4 yhteishenki.<\/p>\n<h4>Ty\u00f6nteon makuun jo lapsesta<\/h4>\n<p>Aloitin ty\u00f6nteon jo todella nuorena enoni el\u00e4mysmatkailuyrityksess\u00e4. Kasvoimme serkkujeni kanssa lapsista nuoriksi aikuisiksi tuon yrityksen mukana, vastuun kasvaessa i\u00e4n mukana. Se antoi hieman ty\u00f6nteon makua, opetti ottamaan vastuuta ja kyll\u00e4h\u00e4n se itse ansaittu raha tuntui paljon vain saatua paremmalta.<\/p>\n<p>Kyseisess\u00e4 el\u00e4mysmatkailuyrityksess\u00e4 tarjottiin asiakkaille sadunkaltaista el\u00e4myst\u00e4, seikkailua mets\u00e4n keskell\u00e4. Suurin osa asiakkaista oli ulkomaalaisia turisteja, joiden kanssa kommunikoitiin osittain ilman yhteist\u00e4 kielt\u00e4. Ongelmat tulivat silti aina selvitetyiksi, ja ainut mieleen j\u00e4\u00e4nyt kerta, kun asiakkaalle on j\u00e4\u00e4nyt huono mieli, oli kun (lapsi)asiakas ei saanutkaan kotiin viemisiksi yht\u00e4 pienist\u00e4 esiintyjist\u00e4mme \ud83d\ude42<\/p>\n<p>T\u00e4m\u00e4 ty\u00f6kokemus on tuonut varmuutta ihmisten kohtaamiseen, luottamukseen siihen, ett\u00e4 vaikka en puhuisi samaa kielt\u00e4 t\u00e4ydellisesti, pystymme silti saavuttamaan yhteisymm\u00e4rryksen.<\/p>\n<h4>Tulevaisuuden ty\u00f6el\u00e4m\u00e4<\/h4>\n<p>Mit\u00e4 tulevaisuus tuo, on viel\u00e4 auki. Toivon tekev\u00e4ni t\u00f6it\u00e4 henkil\u00f6st\u00f6teht\u00e4viss\u00e4, mutta digimarkkinointiakaan ei ole t\u00e4ysin poissuljettu. Unelmaty\u00f6ni t\u00e4ll\u00e4 hetkell\u00e4 olisi yhdistelm\u00e4 digimarkkinointia, ty\u00f6hyvinvointiin painottuvaa suunnittelua ja asiakaspalvelua.<\/p>\n<p>Mik\u00e4li sinulla olisi minulle unelmaduunia tarjolla, <a href=\"https:\/\/blogi.eoppimispalvelut.fi\/marjaanarousu\/ota-yhteytta\/\">laitahan viesti\u00e4<\/a>!<\/p>\n","protected":false},"excerpt":{"rendered":"<p>Ennen tradenomiopintojani olen ker\u00e4nnyt ty\u00f6kokemusta p\u00e4\u00e4asiassa matkailu- ja ravintola-alalta. Aiemmalta koulutukseltani olen tarjoilija. Tarjoilijana ravintolassa, kahvilassa, matkailuyrityksess\u00e4 Ennen opintojani ty\u00f6skentelin useammassa paikallisessa ravintolassa, kahvilassa ja matkailuyrityksess\u00e4 p\u00e4\u00e4s\u00e4\u00e4nt\u00f6isesti tarjoilijana. T\u00e4m\u00e4 alahan on todella laaja, ja perinteisen ruuan p\u00f6yt\u00e4\u00e4n kantamisen lis\u00e4ksi olen sek\u00e4 valmistanut ruokia, ett\u00e4 suunnitellut s\u00e4\u00e4nn\u00f6llisi\u00e4 tilauksia ja ruokalistan sis\u00e4lt\u00f6\u00e4. Ravintola-ala on opettanut kiireensietokyky\u00e4, mukautumista [&hellip;]<\/p>\n","protected":false},"author":3964,"featured_media":0,"parent":0,"menu_order":0,"comment_status":"closed","ping_status":"closed","template":"","meta":{"_monsterinsights_skip_tracking":false,"_monsterinsights_sitenote_active":false,"_monsterinsights_sitenote_note":"","_monsterinsights_sitenote_category":0,"footnotes":""},"class_list":["post-89","page","type-page","status-publish","hentry"],"yoast_head":"<!-- This site is optimized with the Yoast SEO plugin v27.1.1 - https:\/\/yoast.com\/product\/yoast-seo-wordpress\/ -->\n<title>Ty\u00f6kokemus - Digimarkkinoinnin ammattilaiseksi<\/title>\n<meta name=\"robots\" content=\"index, follow, max-snippet:-1, max-image-preview:large, max-video-preview:-1\" \/>\n<link rel=\"canonical\" href=\"https:\/\/blogi.eoppimispalvelut.fi\/marjaanarousu\/tyokokemus\/\" \/>\n<meta property=\"og:locale\" content=\"fi_FI\" \/>\n<meta property=\"og:type\" content=\"article\" \/>\n<meta property=\"og:title\" content=\"Ty\u00f6kokemus - Digimarkkinoinnin ammattilaiseksi\" \/>\n<meta property=\"og:description\" content=\"Ennen tradenomiopintojani olen ker\u00e4nnyt ty\u00f6kokemusta p\u00e4\u00e4asiassa matkailu- ja ravintola-alalta. Aiemmalta koulutukseltani olen tarjoilija. Tarjoilijana ravintolassa, kahvilassa, matkailuyrityksess\u00e4 Ennen opintojani ty\u00f6skentelin useammassa paikallisessa ravintolassa, kahvilassa ja matkailuyrityksess\u00e4 p\u00e4\u00e4s\u00e4\u00e4nt\u00f6isesti tarjoilijana. T\u00e4m\u00e4 alahan on todella laaja, ja perinteisen ruuan p\u00f6yt\u00e4\u00e4n kantamisen lis\u00e4ksi olen sek\u00e4 valmistanut ruokia, ett\u00e4 suunnitellut s\u00e4\u00e4nn\u00f6llisi\u00e4 tilauksia ja ruokalistan sis\u00e4lt\u00f6\u00e4. Ravintola-ala on opettanut kiireensietokyky\u00e4, mukautumista [&hellip;]\" \/>\n<meta property=\"og:url\" content=\"https:\/\/blogi.eoppimispalvelut.fi\/marjaanarousu\/tyokokemus\/\" \/>\n<meta property=\"og:site_name\" content=\"Digimarkkinoinnin ammattilaiseksi\" \/>\n<meta property=\"article:modified_time\" content=\"2021-03-02T09:49:44+00:00\" \/>\n<meta name=\"twitter:card\" content=\"summary_large_image\" \/>\n<meta name=\"twitter:label1\" content=\"Est. reading time\" \/>\n\t<meta name=\"twitter:data1\" content=\"2 minutes\" \/>\n<script type=\"application\/ld+json\" class=\"yoast-schema-graph\">{\"@context\":\"https:\/\/schema.org\",\"@graph\":[{\"@type\":\"WebPage\",\"@id\":\"https:\/\/blogi.eoppimispalvelut.fi\/marjaanarousu\/tyokokemus\/\",\"url\":\"https:\/\/blogi.eoppimispalvelut.fi\/marjaanarousu\/tyokokemus\/\",\"name\":\"Ty\u00f6kokemus - Digimarkkinoinnin ammattilaiseksi\",\"isPartOf\":{\"@id\":\"https:\/\/blogi.eoppimispalvelut.fi\/marjaanarousu\/#website\"},\"datePublished\":\"2021-02-28T11:54:08+00:00\",\"dateModified\":\"2021-03-02T09:49:44+00:00\",\"breadcrumb\":{\"@id\":\"https:\/\/blogi.eoppimispalvelut.fi\/marjaanarousu\/tyokokemus\/#breadcrumb\"},\"inLanguage\":\"fi\",\"potentialAction\":[{\"@type\":\"ReadAction\",\"target\":[\"https:\/\/blogi.eoppimispalvelut.fi\/marjaanarousu\/tyokokemus\/\"]}]},{\"@type\":\"BreadcrumbList\",\"@id\":\"https:\/\/blogi.eoppimispalvelut.fi\/marjaanarousu\/tyokokemus\/#breadcrumb\",\"itemListElement\":[{\"@type\":\"ListItem\",\"position\":1,\"name\":\"Home\",\"item\":\"https:\/\/blogi.eoppimispalvelut.fi\/marjaanarousu\/\"},{\"@type\":\"ListItem\",\"position\":2,\"name\":\"Ty\u00f6kokemus\"}]},{\"@type\":\"WebSite\",\"@id\":\"https:\/\/blogi.eoppimispalvelut.fi\/marjaanarousu\/#website\",\"url\":\"https:\/\/blogi.eoppimispalvelut.fi\/marjaanarousu\/\",\"name\":\"Digimarkkinoinnin ammattilaiseksi\",\"description\":\"Sis\u00e4ll\u00f6ntuotanto | Some | SEO | Valokuvaus | Henkil\u00f6st\u00f6hallinto | Ty\u00f6hyvinvointi\",\"potentialAction\":[{\"@type\":\"SearchAction\",\"target\":{\"@type\":\"EntryPoint\",\"urlTemplate\":\"https:\/\/blogi.eoppimispalvelut.fi\/marjaanarousu\/?s={search_term_string}\"},\"query-input\":{\"@type\":\"PropertyValueSpecification\",\"valueRequired\":true,\"valueName\":\"search_term_string\"}}],\"inLanguage\":\"fi\"}]}<\/script>\n<!-- \/ Yoast SEO plugin. -->","yoast_head_json":{"title":"Ty\u00f6kokemus - Digimarkkinoinnin ammattilaiseksi","robots":{"index":"index","follow":"follow","max-snippet":"max-snippet:-1","max-image-preview":"max-image-preview:large","max-video-preview":"max-video-preview:-1"},"canonical":"https:\/\/blogi.eoppimispalvelut.fi\/marjaanarousu\/tyokokemus\/","og_locale":"fi_FI","og_type":"article","og_title":"Ty\u00f6kokemus - Digimarkkinoinnin ammattilaiseksi","og_description":"Ennen tradenomiopintojani olen ker\u00e4nnyt ty\u00f6kokemusta p\u00e4\u00e4asiassa matkailu- ja ravintola-alalta. Aiemmalta koulutukseltani olen tarjoilija. Tarjoilijana ravintolassa, kahvilassa, matkailuyrityksess\u00e4 Ennen opintojani ty\u00f6skentelin useammassa paikallisessa ravintolassa, kahvilassa ja matkailuyrityksess\u00e4 p\u00e4\u00e4s\u00e4\u00e4nt\u00f6isesti tarjoilijana. T\u00e4m\u00e4 alahan on todella laaja, ja perinteisen ruuan p\u00f6yt\u00e4\u00e4n kantamisen lis\u00e4ksi olen sek\u00e4 valmistanut ruokia, ett\u00e4 suunnitellut s\u00e4\u00e4nn\u00f6llisi\u00e4 tilauksia ja ruokalistan sis\u00e4lt\u00f6\u00e4. Ravintola-ala on opettanut kiireensietokyky\u00e4, mukautumista [&hellip;]","og_url":"https:\/\/blogi.eoppimispalvelut.fi\/marjaanarousu\/tyokokemus\/","og_site_name":"Digimarkkinoinnin ammattilaiseksi","article_modified_time":"2021-03-02T09:49:44+00:00","twitter_card":"summary_large_image","twitter_misc":{"Est. reading time":"2 minutes"},"schema":{"@context":"https:\/\/schema.org","@graph":[{"@type":"WebPage","@id":"https:\/\/blogi.eoppimispalvelut.fi\/marjaanarousu\/tyokokemus\/","url":"https:\/\/blogi.eoppimispalvelut.fi\/marjaanarousu\/tyokokemus\/","name":"Ty\u00f6kokemus - Digimarkkinoinnin ammattilaiseksi","isPartOf":{"@id":"https:\/\/blogi.eoppimispalvelut.fi\/marjaanarousu\/#website"},"datePublished":"2021-02-28T11:54:08+00:00","dateModified":"2021-03-02T09:49:44+00:00","breadcrumb":{"@id":"https:\/\/blogi.eoppimispalvelut.fi\/marjaanarousu\/tyokokemus\/#breadcrumb"},"inLanguage":"fi","potentialAction":[{"@type":"ReadAction","target":["https:\/\/blogi.eoppimispalvelut.fi\/marjaanarousu\/tyokokemus\/"]}]},{"@type":"BreadcrumbList","@id":"https:\/\/blogi.eoppimispalvelut.fi\/marjaanarousu\/tyokokemus\/#breadcrumb","itemListElement":[{"@type":"ListItem","position":1,"name":"Home","item":"https:\/\/blogi.eoppimispalvelut.fi\/marjaanarousu\/"},{"@type":"ListItem","position":2,"name":"Ty\u00f6kokemus"}]},{"@type":"WebSite","@id":"https:\/\/blogi.eoppimispalvelut.fi\/marjaanarousu\/#website","url":"https:\/\/blogi.eoppimispalvelut.fi\/marjaanarousu\/","name":"Digimarkkinoinnin ammattilaiseksi","description":"Sis\u00e4ll\u00f6ntuotanto | Some | SEO | Valokuvaus | Henkil\u00f6st\u00f6hallinto | Ty\u00f6hyvinvointi","potentialAction":[{"@type":"SearchAction","target":{"@type":"EntryPoint","urlTemplate":"https:\/\/blogi.eoppimispalvelut.fi\/marjaanarousu\/?s={search_term_string}"},"query-input":{"@type":"PropertyValueSpecification","valueRequired":true,"valueName":"search_term_string"}}],"inLanguage":"fi"}]}},"_links":{"self":[{"href":"https:\/\/blogi.eoppimispalvelut.fi\/marjaanarousu\/wp-json\/wp\/v2\/pages\/89","targetHints":{"allow":["GET"]}}],"collection":[{"href":"https:\/\/blogi.eoppimispalvelut.fi\/marjaanarousu\/wp-json\/wp\/v2\/pages"}],"about":[{"href":"https:\/\/blogi.eoppimispalvelut.fi\/marjaanarousu\/wp-json\/wp\/v2\/types\/page"}],"author":[{"embeddable":true,"href":"https:\/\/blogi.eoppimispalvelut.fi\/marjaanarousu\/wp-json\/wp\/v2\/users\/3964"}],"replies":[{"embeddable":true,"href":"https:\/\/blogi.eoppimispalvelut.fi\/marjaanarousu\/wp-json\/wp\/v2\/comments?post=89"}],"version-history":[{"count":5,"href":"https:\/\/blogi.eoppimispalvelut.fi\/marjaanarousu\/wp-json\/wp\/v2\/pages\/89\/revisions"}],"predecessor-version":[{"id":111,"href":"https:\/\/blogi.eoppimispalvelut.fi\/marjaanarousu\/wp-json\/wp\/v2\/pages\/89\/revisions\/111"}],"wp:attachment":[{"href":"https:\/\/blogi.eoppimispalvelut.fi\/marjaanarousu\/wp-json\/wp\/v2\/media?parent=89"}],"curies":[{"name":"wp","href":"https:\/\/api.w.org\/{rel}","templated":true}]}}