{"id":135,"date":"2019-01-26T22:08:12","date_gmt":"2019-01-26T20:08:12","guid":{"rendered":"https:\/\/blogi.eoppimispalvelut.fi\/matkailuelaimet\/?page_id=135"},"modified":"2025-09-12T11:11:03","modified_gmt":"2025-09-12T08:11:03","slug":"videot","status":"publish","type":"page","link":"https:\/\/blogi.eoppimispalvelut.fi\/matkailuelaimet\/videot\/","title":{"rendered":"Videot"},"content":{"rendered":"<h1>Poro<\/h1>\n<p><a href=\"https:\/\/youtu.be\/jUimziD1aM0\" target=\"_blank\" rel=\"noopener\"><img loading=\"lazy\" decoding=\"async\" class=\"alignleft wp-image-178 size-full\" src=\"https:\/\/blogi.eoppimispalvelut.fi\/matkailuelaimet\/files\/2019\/02\/poro_n_300.png\" alt=\"\" width=\"300\" height=\"155\" \/><\/a>Poro on monen lappilaisen ty\u00f6kaveri ja matkailun tukipilari. Hyvien k\u00e4yt\u00e4nteiden kokoaminen ty\u00f6k\u00e4yt\u00f6ss\u00e4 olevien porojen ymp\u00e4rivuotisesta hoidosta turvaa entist\u00e4 paremmin matkailuporojen hyvinvoinnin.<\/p>\n<p>&nbsp;<\/p>\n<p>&nbsp;<\/p>\n<p>&nbsp;<\/p>\n<h1>Rekikoira<\/h1>\n<p><a href=\"https:\/\/youtu.be\/LyEPfAFroqQ\" target=\"_blank\" rel=\"noopener\"><img loading=\"lazy\" decoding=\"async\" class=\"alignleft wp-image-177 size-full\" src=\"https:\/\/blogi.eoppimispalvelut.fi\/matkailuelaimet\/files\/2019\/02\/koira_n_300.png\" alt=\"\" width=\"300\" height=\"155\" \/><\/a>Rekikoiriin liittyvien ohjelmapalveluiden kirjo on laaja, ulottuen aina lyhyist\u00e4\u00a0pikasafareista viikon mittaisiin retkiin. Rekikoirien asianmukainen pitopaikka, henkisest\u00e4 ja fyysisest\u00e4 hyvinvoinnista huolehtiminen, ty\u00f6kunnon yll\u00e4pit\u00e4minen ja el\u00e4imen yksil\u00f6llinen hoito \u2013 kaikki tekij\u00e4t yhdess\u00e4 varmistavat matkailualalla ty\u00f6skentelevien valjakkokoirien hyvinvoinnin.<\/p>\n<p>&nbsp;<\/p>\n<p>&nbsp;<\/p>\n<h1>Hevonen<\/h1>\n<p><a href=\"https:\/\/youtu.be\/AKTywOHRiLs\"><img loading=\"lazy\" decoding=\"async\" class=\"alignleft wp-image-176 size-full\" src=\"https:\/\/blogi.eoppimispalvelut.fi\/matkailuelaimet\/files\/2019\/02\/hevonen_n_300.png\" alt=\"\" width=\"300\" height=\"155\" \/><\/a> Hevosten tarjoamia matkailun ohjelmapalveluita ovat esimerkiksi eripituiset ratsain teht\u00e4v\u00e4t vaellukset ja rekiretket. Hevosrotujen laaja kirjo mahdollistaa monipuolisen hevosmatkailun tarjonnan ymp\u00e4ri Lappia. Yksil\u00f6valinnoilla, kouluttamisella, opettamisella ja ohjelmapalveluiden huolellisella suunnittelulla vaikutetaan palvelun turvallisuuteen ja turvataan matkailun parissa ty\u00f6skentelevien hevosten hyvinvointi.<\/p>\n","protected":false},"excerpt":{"rendered":"<p>Poro Poro on monen lappilaisen ty\u00f6kaveri ja matkailun tukipilari. Hyvien k\u00e4yt\u00e4nteiden kokoaminen ty\u00f6k\u00e4yt\u00f6ss\u00e4 olevien porojen ymp\u00e4rivuotisesta hoidosta turvaa entist\u00e4 paremmin matkailuporojen hyvinvoinnin. &nbsp; &nbsp; &nbsp; Rekikoira Rekikoiriin liittyvien ohjelmapalveluiden kirjo on laaja, ulottuen aina lyhyist\u00e4\u00a0pikasafareista viikon mittaisiin retkiin. Rekikoirien asianmukainen pitopaikka, henkisest\u00e4 ja fyysisest\u00e4 hyvinvoinnista huolehtiminen, ty\u00f6kunnon yll\u00e4pit\u00e4minen ja el\u00e4imen yksil\u00f6llinen hoito \u2013 kaikki tekij\u00e4t [&hellip;]<\/p>\n","protected":false},"author":3135,"featured_media":0,"parent":0,"menu_order":0,"comment_status":"closed","ping_status":"closed","template":"","meta":{"_et_pb_use_builder":"","_et_pb_old_content":"","_et_gb_content_width":"1080","footnotes":""},"class_list":["post-135","page","type-page","status-publish","hentry"],"_links":{"self":[{"href":"https:\/\/blogi.eoppimispalvelut.fi\/matkailuelaimet\/wp-json\/wp\/v2\/pages\/135","targetHints":{"allow":["GET"]}}],"collection":[{"href":"https:\/\/blogi.eoppimispalvelut.fi\/matkailuelaimet\/wp-json\/wp\/v2\/pages"}],"about":[{"href":"https:\/\/blogi.eoppimispalvelut.fi\/matkailuelaimet\/wp-json\/wp\/v2\/types\/page"}],"author":[{"embeddable":true,"href":"https:\/\/blogi.eoppimispalvelut.fi\/matkailuelaimet\/wp-json\/wp\/v2\/users\/3135"}],"replies":[{"embeddable":true,"href":"https:\/\/blogi.eoppimispalvelut.fi\/matkailuelaimet\/wp-json\/wp\/v2\/comments?post=135"}],"version-history":[{"count":17,"href":"https:\/\/blogi.eoppimispalvelut.fi\/matkailuelaimet\/wp-json\/wp\/v2\/pages\/135\/revisions"}],"predecessor-version":[{"id":336,"href":"https:\/\/blogi.eoppimispalvelut.fi\/matkailuelaimet\/wp-json\/wp\/v2\/pages\/135\/revisions\/336"}],"wp:attachment":[{"href":"https:\/\/blogi.eoppimispalvelut.fi\/matkailuelaimet\/wp-json\/wp\/v2\/media?parent=135"}],"curies":[{"name":"wp","href":"https:\/\/api.w.org\/{rel}","templated":true}]}}