{"id":138,"date":"2019-01-26T22:08:30","date_gmt":"2019-01-26T20:08:30","guid":{"rendered":"https:\/\/blogi.eoppimispalvelut.fi\/matkailuelaimet\/?page_id=138"},"modified":"2025-09-12T11:10:52","modified_gmt":"2025-09-12T08:10:52","slug":"pelikortit","status":"publish","type":"page","link":"https:\/\/blogi.eoppimispalvelut.fi\/matkailuelaimet\/pelikortit\/","title":{"rendered":"Pelikortit"},"content":{"rendered":"<p><img loading=\"lazy\" decoding=\"async\" class=\"wp-image-153 alignright\" src=\"https:\/\/blogi.eoppimispalvelut.fi\/matkailuelaimet\/files\/2019\/01\/th2_kortit_fi.png\" alt=\"\" width=\"300\" height=\"276\" \/>Onko asiakaskunnassanne tai perheess\u00e4nne tuleva valjakkoajaja tai vaikka hevosihminen? N\u00e4ill\u00e4 pelikorteilla voi pieni tai v\u00e4h\u00e4n isompikin el\u00e4inten yst\u00e4v\u00e4 testata tietonsa Lapin matkailuel\u00e4imist\u00e4 ja oppia samalla jotain uutta. Kortit on saatavilla <a href=\"https:\/\/blogi.eoppimispalvelut.fi\/matkailuelaimet\/files\/2019\/02\/Pelikortit_Elaintenhyvinvointi_pelikortit_FI_WEB.pdf\" target=\"_blank\" rel=\"noopener\">suomeksi<\/a>,\u00a0<a href=\"https:\/\/blogi.eoppimispalvelut.fi\/matkailuelaimet\/files\/2019\/02\/playcards_en.pdf\" target=\"_blank\" rel=\"noopener\">englanniksi<\/a>, <a href=\"https:\/\/blogi.eoppimispalvelut.fi\/matkailuelaimet\/files\/2019\/02\/Elaintenhyvinvointi_pelikortit_FR_WEB.pdf\" target=\"_blank\" rel=\"noopener\">ranskaksi<\/a>, <a href=\"https:\/\/blogi.eoppimispalvelut.fi\/matkailuelaimet\/files\/2019\/02\/Elaintenhyvinvointi_pelikortit_ES_WEB.pdf\" target=\"_blank\" rel=\"noopener\">espanjaksi<\/a> sek\u00e4 <a href=\"https:\/\/blogi.eoppimispalvelut.fi\/matkailuelaimet\/files\/2019\/02\/Elaintenhyvinvointi_pelikortit_ZH_WEB.pdf\" target=\"_blank\" rel=\"noopener\">kiinaksi<\/a>. Voit tallentaa ja tulostaa niit\u00e4 t\u00e4lt\u00e4 sivustolta k\u00e4ytt\u00f6\u00f6si ilmaiseksi.<\/p>\n<p>Kortit ovat pdf-muodossa.<\/p>\n<p><a href=\"https:\/\/blogi.eoppimispalvelut.fi\/matkailuelaimet\/files\/2019\/02\/Pelikortit_Elaintenhyvinvointi_pelikortit_FI_WEB.pdf\" target=\"_blank\" rel=\"noopener\">Suomeksi<\/a>\u00a0(0,6 MB)<\/p>\n<p><a href=\"https:\/\/blogi.eoppimispalvelut.fi\/matkailuelaimet\/files\/2019\/02\/playcards_en.pdf\" target=\"_blank\" rel=\"noopener\">Englanniksi<\/a>\u00a0(0,4 MB)<\/p>\n<p><a href=\"https:\/\/blogi.eoppimispalvelut.fi\/matkailuelaimet\/files\/2019\/02\/Elaintenhyvinvointi_pelikortit_FR_WEB.pdf\" target=\"_blank\" rel=\"noopener\">Ranskaksi<\/a>\u00a0(0,4 MB)<\/p>\n<p><a href=\"https:\/\/blogi.eoppimispalvelut.fi\/matkailuelaimet\/files\/2019\/02\/Elaintenhyvinvointi_pelikortit_ES_WEB.pdf\" target=\"_blank\" rel=\"noopener\">Espanjaksi<\/a>\u00a0(0,5 MB)<\/p>\n<p><a href=\"https:\/\/blogi.eoppimispalvelut.fi\/matkailuelaimet\/files\/2019\/02\/Elaintenhyvinvointi_pelikortit_ZH_WEB.pdf\" target=\"_blank\" rel=\"noopener\">Kiinaksi<\/a>\u00a0(0,5 MB)<\/p>\n<p>&nbsp;<\/p>\n<p>&nbsp;<\/p>\n<p>&nbsp;<\/p>\n<p>&nbsp;<\/p>\n","protected":false},"excerpt":{"rendered":"<p>Onko asiakaskunnassanne tai perheess\u00e4nne tuleva valjakkoajaja tai vaikka hevosihminen? N\u00e4ill\u00e4 pelikorteilla voi pieni tai v\u00e4h\u00e4n isompikin el\u00e4inten yst\u00e4v\u00e4 testata tietonsa Lapin matkailuel\u00e4imist\u00e4 ja oppia samalla jotain uutta. Kortit on saatavilla suomeksi,\u00a0englanniksi, ranskaksi, espanjaksi sek\u00e4 kiinaksi. Voit tallentaa ja tulostaa niit\u00e4 t\u00e4lt\u00e4 sivustolta k\u00e4ytt\u00f6\u00f6si ilmaiseksi. Kortit ovat pdf-muodossa. Suomeksi\u00a0(0,6 MB) Englanniksi\u00a0(0,4 MB) Ranskaksi\u00a0(0,4 MB) Espanjaksi\u00a0(0,5 MB) [&hellip;]<\/p>\n","protected":false},"author":3135,"featured_media":0,"parent":0,"menu_order":0,"comment_status":"closed","ping_status":"closed","template":"","meta":{"_et_pb_use_builder":"","_et_pb_old_content":"","_et_gb_content_width":"1080","footnotes":""},"class_list":["post-138","page","type-page","status-publish","hentry"],"_links":{"self":[{"href":"https:\/\/blogi.eoppimispalvelut.fi\/matkailuelaimet\/wp-json\/wp\/v2\/pages\/138","targetHints":{"allow":["GET"]}}],"collection":[{"href":"https:\/\/blogi.eoppimispalvelut.fi\/matkailuelaimet\/wp-json\/wp\/v2\/pages"}],"about":[{"href":"https:\/\/blogi.eoppimispalvelut.fi\/matkailuelaimet\/wp-json\/wp\/v2\/types\/page"}],"author":[{"embeddable":true,"href":"https:\/\/blogi.eoppimispalvelut.fi\/matkailuelaimet\/wp-json\/wp\/v2\/users\/3135"}],"replies":[{"embeddable":true,"href":"https:\/\/blogi.eoppimispalvelut.fi\/matkailuelaimet\/wp-json\/wp\/v2\/comments?post=138"}],"version-history":[{"count":11,"href":"https:\/\/blogi.eoppimispalvelut.fi\/matkailuelaimet\/wp-json\/wp\/v2\/pages\/138\/revisions"}],"predecessor-version":[{"id":335,"href":"https:\/\/blogi.eoppimispalvelut.fi\/matkailuelaimet\/wp-json\/wp\/v2\/pages\/138\/revisions\/335"}],"wp:attachment":[{"href":"https:\/\/blogi.eoppimispalvelut.fi\/matkailuelaimet\/wp-json\/wp\/v2\/media?parent=138"}],"curies":[{"name":"wp","href":"https:\/\/api.w.org\/{rel}","templated":true}]}}