{"id":141,"date":"2019-01-26T22:08:55","date_gmt":"2019-01-26T20:08:55","guid":{"rendered":"https:\/\/blogi.eoppimispalvelut.fi\/matkailuelaimet\/?page_id=141"},"modified":"2025-09-12T11:10:41","modified_gmt":"2025-09-12T08:10:41","slug":"infograafit","status":"publish","type":"page","link":"https:\/\/blogi.eoppimispalvelut.fi\/matkailuelaimet\/infograafit\/","title":{"rendered":"Matkailuporon osto-opas"},"content":{"rendered":"<p><a href=\"https:\/\/blogi.eoppimispalvelut.fi\/matkailuelaimet\/files\/2019\/02\/Lapin_AMK_MTI_Ensimma\u0308inen_matkailuporoni.pdf\" target=\"_blank\" rel=\"noopener\"><img loading=\"lazy\" decoding=\"async\" class=\"alignleft wp-image-217\" src=\"https:\/\/blogi.eoppimispalvelut.fi\/matkailuelaimet\/files\/2019\/02\/ostajanopas.png\" alt=\"\" width=\"141\" height=\"200\" \/><\/a>Moni matkailupalveluja tarjoava yritt\u00e4j\u00e4 on porotalouden harjoittaja, jolloin heill\u00e4 on paljon tietoa poron k\u00e4ytt\u00e4ytymisest\u00e4 ja hyvinvoinnista. Joskus poroja hankitaan matkailuk\u00e4ytt\u00f6\u00f6n osaksi ohjelmapalveluja tai jopa kotiel\u00e4imeksi ilman mittavaa kokemusta poronhoidosta. <a href=\"https:\/\/blogi.eoppimispalvelut.fi\/matkailuelaimet\/files\/2019\/02\/Lapin_AMK_MTI_Ensimma\u0308inen_matkailuporoni.pdf\" target=\"_blank\" rel=\"noopener\">Ensimm\u00e4inen matkailuporoni &#8211; tietoa ja ohjeistusta ostop\u00e4\u00e4t\u00f6kseen<\/a>\u00a0 (pdf 0,5 MB) on opaskirja, joka sis\u00e4lt\u00e4\u00e4 tietoa poron k\u00e4ytt\u00e4ytymisest\u00e4 ja hoitamisesta, ja valottaa siten poron hankinnassa huomioitavia asioita.<\/p>\n","protected":false},"excerpt":{"rendered":"<p>Moni matkailupalveluja tarjoava yritt\u00e4j\u00e4 on porotalouden harjoittaja, jolloin heill\u00e4 on paljon tietoa poron k\u00e4ytt\u00e4ytymisest\u00e4 ja hyvinvoinnista. Joskus poroja hankitaan matkailuk\u00e4ytt\u00f6\u00f6n osaksi ohjelmapalveluja tai jopa kotiel\u00e4imeksi ilman mittavaa kokemusta poronhoidosta. Ensimm\u00e4inen matkailuporoni &#8211; tietoa ja ohjeistusta ostop\u00e4\u00e4t\u00f6kseen\u00a0 (pdf 0,5 MB) on opaskirja, joka sis\u00e4lt\u00e4\u00e4 tietoa poron k\u00e4ytt\u00e4ytymisest\u00e4 ja hoitamisesta, ja valottaa siten poron hankinnassa huomioitavia asioita.<\/p>\n","protected":false},"author":3135,"featured_media":0,"parent":0,"menu_order":0,"comment_status":"closed","ping_status":"closed","template":"","meta":{"_et_pb_use_builder":"","_et_pb_old_content":"","_et_gb_content_width":"1080","footnotes":""},"class_list":["post-141","page","type-page","status-publish","hentry"],"_links":{"self":[{"href":"https:\/\/blogi.eoppimispalvelut.fi\/matkailuelaimet\/wp-json\/wp\/v2\/pages\/141","targetHints":{"allow":["GET"]}}],"collection":[{"href":"https:\/\/blogi.eoppimispalvelut.fi\/matkailuelaimet\/wp-json\/wp\/v2\/pages"}],"about":[{"href":"https:\/\/blogi.eoppimispalvelut.fi\/matkailuelaimet\/wp-json\/wp\/v2\/types\/page"}],"author":[{"embeddable":true,"href":"https:\/\/blogi.eoppimispalvelut.fi\/matkailuelaimet\/wp-json\/wp\/v2\/users\/3135"}],"replies":[{"embeddable":true,"href":"https:\/\/blogi.eoppimispalvelut.fi\/matkailuelaimet\/wp-json\/wp\/v2\/comments?post=141"}],"version-history":[{"count":11,"href":"https:\/\/blogi.eoppimispalvelut.fi\/matkailuelaimet\/wp-json\/wp\/v2\/pages\/141\/revisions"}],"predecessor-version":[{"id":334,"href":"https:\/\/blogi.eoppimispalvelut.fi\/matkailuelaimet\/wp-json\/wp\/v2\/pages\/141\/revisions\/334"}],"wp:attachment":[{"href":"https:\/\/blogi.eoppimispalvelut.fi\/matkailuelaimet\/wp-json\/wp\/v2\/media?parent=141"}],"curies":[{"name":"wp","href":"https:\/\/api.w.org\/{rel}","templated":true}]}}