{"id":194,"date":"2019-02-04T15:24:20","date_gmt":"2019-02-04T13:24:20","guid":{"rendered":"https:\/\/blogi.eoppimispalvelut.fi\/matkailuelaimet\/?page_id=194"},"modified":"2025-09-12T11:10:16","modified_gmt":"2025-09-12T08:10:16","slug":"kuvakirja","status":"publish","type":"page","link":"https:\/\/blogi.eoppimispalvelut.fi\/matkailuelaimet\/kuvakirja\/","title":{"rendered":"Kuvakirja"},"content":{"rendered":"<p><a href=\"https:\/\/blogi.eoppimispalvelut.fi\/matkailuelaimet\/files\/2019\/02\/kuvakirja_fi.pdf\" target=\"_blank\" rel=\"noopener\"><img loading=\"lazy\" decoding=\"async\" class=\"alignleft wp-image-199 size-full\" src=\"https:\/\/blogi.eoppimispalvelut.fi\/matkailuelaimet\/files\/2019\/02\/kuvakirja_fi.png\" alt=\"\" width=\"229\" height=\"300\" \/><\/a><a href=\"https:\/\/blogi.eoppimispalvelut.fi\/matkailuelaimet\/files\/2019\/02\/kuvakirja_fi.pdf\" target=\"_blank\" rel=\"noopener\">El\u00e4inten hyvinvointi matkailupalveluissa &#8211; Vinkkej\u00e4 ja hyvi\u00e4 k\u00e4yt\u00e4nt\u00f6j\u00e4 lappilaisten matkailuel\u00e4inten hyvinvointiin<\/a>\u00a0(pdf 4,6 MB).<\/p>\n<p>Kuvakirjassa luodaan katsaus matkailuel\u00e4inten hyvinvointiin, ja syvennyt\u00e4\u00e4n Lapissa yleisimpien matkailuel\u00e4inten &#8211; poron, valjakkokoiran ja hevosen &#8211; k\u00e4ytt\u00e4ytymiseen ja hyvinvointiin.<\/p>\n<p>Halutessasi voit ladata kirjasta vain sinua kiinnostavat osat:<\/p>\n<p><a href=\"https:\/\/blogi.eoppimispalvelut.fi\/matkailuelaimet\/files\/2019\/02\/ELMA_Opaskirja_Suomi_1-2-3_5Poro.pdf\" target=\"_blank\" rel=\"noopener\">Poro<\/a>\u00a0(pdf 1,6 MB)<\/p>\n<p><a href=\"https:\/\/blogi.eoppimispalvelut.fi\/matkailuelaimet\/files\/2019\/02\/ELMA_Opaskirja_Suomi_4_Koira.pdf\" target=\"_blank\" rel=\"noopener\">Koira<\/a>\u00a0(pdf 2,4 MB)<\/p>\n<p><a href=\"https:\/\/blogi.eoppimispalvelut.fi\/matkailuelaimet\/files\/2019\/02\/ELMA_Opaskirja_Suomi_1-2-3_6Hevonen.pdf\" target=\"_blank\" rel=\"noopener\">Hevonen<\/a>\u00a0(pdf 1,9 MB)<\/p>\n","protected":false},"excerpt":{"rendered":"<p>El\u00e4inten hyvinvointi matkailupalveluissa &#8211; Vinkkej\u00e4 ja hyvi\u00e4 k\u00e4yt\u00e4nt\u00f6j\u00e4 lappilaisten matkailuel\u00e4inten hyvinvointiin\u00a0(pdf 4,6 MB). Kuvakirjassa luodaan katsaus matkailuel\u00e4inten hyvinvointiin, ja syvennyt\u00e4\u00e4n Lapissa yleisimpien matkailuel\u00e4inten &#8211; poron, valjakkokoiran ja hevosen &#8211; k\u00e4ytt\u00e4ytymiseen ja hyvinvointiin. Halutessasi voit ladata kirjasta vain sinua kiinnostavat osat: Poro\u00a0(pdf 1,6 MB) Koira\u00a0(pdf 2,4 MB) Hevonen\u00a0(pdf 1,9 MB)<\/p>\n","protected":false},"author":3135,"featured_media":0,"parent":0,"menu_order":0,"comment_status":"closed","ping_status":"closed","template":"","meta":{"_et_pb_use_builder":"","_et_pb_old_content":"","_et_gb_content_width":"1080","footnotes":""},"class_list":["post-194","page","type-page","status-publish","hentry"],"_links":{"self":[{"href":"https:\/\/blogi.eoppimispalvelut.fi\/matkailuelaimet\/wp-json\/wp\/v2\/pages\/194","targetHints":{"allow":["GET"]}}],"collection":[{"href":"https:\/\/blogi.eoppimispalvelut.fi\/matkailuelaimet\/wp-json\/wp\/v2\/pages"}],"about":[{"href":"https:\/\/blogi.eoppimispalvelut.fi\/matkailuelaimet\/wp-json\/wp\/v2\/types\/page"}],"author":[{"embeddable":true,"href":"https:\/\/blogi.eoppimispalvelut.fi\/matkailuelaimet\/wp-json\/wp\/v2\/users\/3135"}],"replies":[{"embeddable":true,"href":"https:\/\/blogi.eoppimispalvelut.fi\/matkailuelaimet\/wp-json\/wp\/v2\/comments?post=194"}],"version-history":[{"count":10,"href":"https:\/\/blogi.eoppimispalvelut.fi\/matkailuelaimet\/wp-json\/wp\/v2\/pages\/194\/revisions"}],"predecessor-version":[{"id":333,"href":"https:\/\/blogi.eoppimispalvelut.fi\/matkailuelaimet\/wp-json\/wp\/v2\/pages\/194\/revisions\/333"}],"wp:attachment":[{"href":"https:\/\/blogi.eoppimispalvelut.fi\/matkailuelaimet\/wp-json\/wp\/v2\/media?parent=194"}],"curies":[{"name":"wp","href":"https:\/\/api.w.org\/{rel}","templated":true}]}}