{"id":237,"date":"2019-02-14T13:17:29","date_gmt":"2019-02-14T11:17:29","guid":{"rendered":"https:\/\/blogi.eoppimispalvelut.fi\/matkailuelaimet\/?page_id=237"},"modified":"2025-09-12T11:10:04","modified_gmt":"2025-09-12T08:10:04","slug":"infograafit-2","status":"publish","type":"page","link":"https:\/\/blogi.eoppimispalvelut.fi\/matkailuelaimet\/infograafit-2\/","title":{"rendered":"Infograafit"},"content":{"rendered":"<p>&nbsp;<\/p>\n<table style=\"width: 700px\" border=\"0\" cellspacing=\"0\" cellpadding=\"0\" align=\"center\">\n<tbody style=\"width: 700px\">\n<tr>\n<td style=\"width: 300px\"><a href=\"https:\/\/blogi.eoppimispalvelut.fi\/matkailuelaimet\/files\/2019\/02\/El\u00e4inmatkailu-Lapissa.pdf\" target=\"_blank\" rel=\"noopener\"><img loading=\"lazy\" decoding=\"async\" class=\"alignnone wp-image-160 size-full\" src=\"https:\/\/blogi.eoppimispalvelut.fi\/matkailuelaimet\/files\/2019\/01\/th_elainmatkailu_fi.png\" alt=\"\" width=\"300\" height=\"212\" \/><\/a><\/td>\n<td style=\"width: 100px\"><\/td>\n<td style=\"width: 300px\"><a href=\"https:\/\/blogi.eoppimispalvelut.fi\/matkailuelaimet\/files\/2019\/02\/Lapin-matkailijoiden-k\u00e4sityksi\u00e4-el\u00e4inmatkailusta.pdf\" target=\"_blank\" rel=\"noopener\"><img loading=\"lazy\" decoding=\"async\" class=\"alignnone size-full wp-image-162\" src=\"https:\/\/blogi.eoppimispalvelut.fi\/matkailuelaimet\/files\/2019\/01\/th_matkailijat_fi.png\" alt=\"\" width=\"300\" height=\"212\" \/><\/a><\/td>\n<\/tr>\n<tr>\n<td style=\"width: 300px\"><a href=\"https:\/\/blogi.eoppimispalvelut.fi\/matkailuelaimet\/files\/2019\/02\/El\u00e4inmatkailu-Lapissa.pdf\" target=\"_blank\" rel=\"noopener\">El\u00e4inmatkailu Lapissa<\/a> (pdf 0,3 MB)<\/p>\n<p>Infograafi perustuu vuonna 2018 tehtyyn raporttiin <a href=\"https:\/\/blogi.eoppimispalvelut.fi\/matkailuelaimet\/files\/2019\/02\/Animal-based-Tourism-Services-in-Lapland_Report_2018.pdf\" target=\"_blank\" rel=\"noopener\">Animal Based Tourism Services in Lapland<\/a> (kieli englanti, pdf 0,4 MB)<\/td>\n<td style=\"width: 100px\"><\/td>\n<td style=\"width: 300px\"><a href=\"https:\/\/blogi.eoppimispalvelut.fi\/matkailuelaimet\/files\/2019\/02\/Lapin-matkailijoiden-k\u00e4sityksi\u00e4-el\u00e4inmatkailusta.pdf\" target=\"_blank\" rel=\"noopener\">Lapin matkailijoiden k\u00e4sityksi\u00e4 el\u00e4inmatkailusta<\/a> (pdf 0,3MB)<\/p>\n<p>Infograafi perustuu vuonna 2018 tehtyyn raporttiin <a href=\"https:\/\/blogi.eoppimispalvelut.fi\/matkailuelaimet\/files\/2019\/02\/Lapin-matkailijoiden-k\u00e4sityksi\u00e4-el\u00e4inmatkailusta-1.pdf\" target=\"_blank\" rel=\"noopener\">Lapin matkailijoiden k\u00e4sityksi\u00e4 el\u00e4inmatkailusta<\/a> (pdf 1,7 MB)<\/td>\n<\/tr>\n<\/tbody>\n<\/table>\n","protected":false},"excerpt":{"rendered":"<p>&nbsp; El\u00e4inmatkailu Lapissa (pdf 0,3 MB) Infograafi perustuu vuonna 2018 tehtyyn raporttiin Animal Based Tourism Services in Lapland (kieli englanti, pdf 0,4 MB) Lapin matkailijoiden k\u00e4sityksi\u00e4 el\u00e4inmatkailusta (pdf 0,3MB) Infograafi perustuu vuonna 2018 tehtyyn raporttiin Lapin matkailijoiden k\u00e4sityksi\u00e4 el\u00e4inmatkailusta (pdf 1,7 MB)<\/p>\n","protected":false},"author":3135,"featured_media":0,"parent":0,"menu_order":0,"comment_status":"closed","ping_status":"closed","template":"","meta":{"_et_pb_use_builder":"","_et_pb_old_content":"","_et_gb_content_width":"1080","footnotes":""},"class_list":["post-237","page","type-page","status-publish","hentry"],"_links":{"self":[{"href":"https:\/\/blogi.eoppimispalvelut.fi\/matkailuelaimet\/wp-json\/wp\/v2\/pages\/237","targetHints":{"allow":["GET"]}}],"collection":[{"href":"https:\/\/blogi.eoppimispalvelut.fi\/matkailuelaimet\/wp-json\/wp\/v2\/pages"}],"about":[{"href":"https:\/\/blogi.eoppimispalvelut.fi\/matkailuelaimet\/wp-json\/wp\/v2\/types\/page"}],"author":[{"embeddable":true,"href":"https:\/\/blogi.eoppimispalvelut.fi\/matkailuelaimet\/wp-json\/wp\/v2\/users\/3135"}],"replies":[{"embeddable":true,"href":"https:\/\/blogi.eoppimispalvelut.fi\/matkailuelaimet\/wp-json\/wp\/v2\/comments?post=237"}],"version-history":[{"count":4,"href":"https:\/\/blogi.eoppimispalvelut.fi\/matkailuelaimet\/wp-json\/wp\/v2\/pages\/237\/revisions"}],"predecessor-version":[{"id":332,"href":"https:\/\/blogi.eoppimispalvelut.fi\/matkailuelaimet\/wp-json\/wp\/v2\/pages\/237\/revisions\/332"}],"wp:attachment":[{"href":"https:\/\/blogi.eoppimispalvelut.fi\/matkailuelaimet\/wp-json\/wp\/v2\/media?parent=237"}],"curies":[{"name":"wp","href":"https:\/\/api.w.org\/{rel}","templated":true}]}}