{"id":135,"date":"2019-09-30T17:37:57","date_gmt":"2019-09-30T14:37:57","guid":{"rendered":"https:\/\/blogi.eoppimispalvelut.fi\/matkailunpunainenlanka\/?page_id=135"},"modified":"2019-09-30T17:38:00","modified_gmt":"2019-09-30T14:38:00","slug":"iina","status":"publish","type":"page","link":"https:\/\/blogi.eoppimispalvelut.fi\/matkailunpunainenlanka\/etusivu\/iina\/","title":{"rendered":"Iina"},"content":{"rendered":"<p>[et_pb_section fb_built=&#8221;1&#8243; _builder_version=&#8221;3.20.2&#8243;][et_pb_row _builder_version=&#8221;3.20.2&#8243;][et_pb_column type=&#8221;4_4&#8243; _builder_version=&#8221;3.20.2&#8243;][et_pb_team_member name=&#8221;Iina &#8221; position=&#8221;Matkailualan restonomiopiskelija&#8221; image_url=&#8221;https:\/\/blogi.eoppimispalvelut.fi\/matkailunpunainenlanka\/files\/2019\/09\/IMG_20190928_120244-1-e1569687120218.jpg&#8221; _builder_version=&#8221;3.20.2&#8243;]<\/p>\n<p><span data-contrast=\"auto\">Matkailualan aikuisopiskelija, kiertolainen ja\u00a0<\/span><span data-contrast=\"auto\">wannabe<\/span><span data-contrast=\"auto\">\u00a0maailmanparantaja, jonka\u00a0<\/span><span data-contrast=\"auto\">base<\/span><span data-contrast=\"auto\">\u00a0camp t\u00e4ll\u00e4 hetkell\u00e4 Rovaniemell\u00e4.\u00a0<\/span><span data-contrast=\"auto\">Parempaa yhteiskuntaa toivon\u00a0<\/span><span data-contrast=\"auto\">tulevaisuudessa rakentavani<\/span><span data-contrast=\"auto\">\u00a0ainakin kehitt\u00e4m\u00e4ll\u00e4 matkailua ekologisesti kest\u00e4v\u00e4\u00e4n ja esteett\u00f6m\u00e4\u00e4n suuntaan ja yhdistelem\u00e4ll\u00e4 viel\u00e4 taiteita t\u00e4h\u00e4n soppaan.\u00a0<\/span><\/p>\n<p><span data-contrast=\"auto\">Rakastan kahvia, mets\u00e4\u00e4 ja brittidekkareita. Onnellisimmillani olen veden<\/span><span data-contrast=\"auto\">\u00a0<\/span><span data-contrast=\"auto\">\u00e4\u00e4rell\u00e4.<\/span><span data-ccp-props=\"{&quot;201341983&quot;:0,&quot;335559739&quot;:160,&quot;335559740&quot;:259}\">\u00a0<\/span><\/p>\n<p>[\/et_pb_team_member][\/et_pb_column][\/et_pb_row][\/et_pb_section]<\/p>\n","protected":false},"excerpt":{"rendered":"<p>Matkailualan aikuisopiskelija, kiertolainen ja\u00a0wannabe\u00a0maailmanparantaja, jonka\u00a0base\u00a0camp t\u00e4ll\u00e4 hetkell\u00e4 Rovaniemell\u00e4.\u00a0Parempaa yhteiskuntaa toivon\u00a0tulevaisuudessa rakentavani\u00a0ainakin kehitt\u00e4m\u00e4ll\u00e4 matkailua ekologisesti kest\u00e4v\u00e4\u00e4n ja esteett\u00f6m\u00e4\u00e4n suuntaan ja yhdistelem\u00e4ll\u00e4 viel\u00e4 taiteita t\u00e4h\u00e4n soppaan.\u00a0 Rakastan kahvia, mets\u00e4\u00e4 ja brittidekkareita. Onnellisimmillani olen veden\u00a0\u00e4\u00e4rell\u00e4.\u00a0<\/p>\n","protected":false},"author":3834,"featured_media":0,"parent":333,"menu_order":2,"comment_status":"closed","ping_status":"closed","template":"","meta":{"_et_pb_use_builder":"on","_et_pb_old_content":"","_et_gb_content_width":"","footnotes":""},"class_list":["post-135","page","type-page","status-publish","hentry"],"_links":{"self":[{"href":"https:\/\/blogi.eoppimispalvelut.fi\/matkailunpunainenlanka\/wp-json\/wp\/v2\/pages\/135","targetHints":{"allow":["GET"]}}],"collection":[{"href":"https:\/\/blogi.eoppimispalvelut.fi\/matkailunpunainenlanka\/wp-json\/wp\/v2\/pages"}],"about":[{"href":"https:\/\/blogi.eoppimispalvelut.fi\/matkailunpunainenlanka\/wp-json\/wp\/v2\/types\/page"}],"author":[{"embeddable":true,"href":"https:\/\/blogi.eoppimispalvelut.fi\/matkailunpunainenlanka\/wp-json\/wp\/v2\/users\/3834"}],"replies":[{"embeddable":true,"href":"https:\/\/blogi.eoppimispalvelut.fi\/matkailunpunainenlanka\/wp-json\/wp\/v2\/comments?post=135"}],"version-history":[{"count":8,"href":"https:\/\/blogi.eoppimispalvelut.fi\/matkailunpunainenlanka\/wp-json\/wp\/v2\/pages\/135\/revisions"}],"predecessor-version":[{"id":476,"href":"https:\/\/blogi.eoppimispalvelut.fi\/matkailunpunainenlanka\/wp-json\/wp\/v2\/pages\/135\/revisions\/476"}],"up":[{"embeddable":true,"href":"https:\/\/blogi.eoppimispalvelut.fi\/matkailunpunainenlanka\/wp-json\/wp\/v2\/pages\/333"}],"wp:attachment":[{"href":"https:\/\/blogi.eoppimispalvelut.fi\/matkailunpunainenlanka\/wp-json\/wp\/v2\/media?parent=135"}],"curies":[{"name":"wp","href":"https:\/\/api.w.org\/{rel}","templated":true}]}}