{"id":143,"date":"2019-09-30T17:42:42","date_gmt":"2019-09-30T14:42:42","guid":{"rendered":"https:\/\/blogi.eoppimispalvelut.fi\/matkailunpunainenlanka\/?page_id=143"},"modified":"2019-09-30T17:42:45","modified_gmt":"2019-09-30T14:42:45","slug":"sonja","status":"publish","type":"page","link":"https:\/\/blogi.eoppimispalvelut.fi\/matkailunpunainenlanka\/etusivu\/sonja\/","title":{"rendered":"Sonja"},"content":{"rendered":"<p>[et_pb_section fb_built=&#8221;1&#8243; _builder_version=&#8221;3.20.2&#8243;][et_pb_row _builder_version=&#8221;3.20.2&#8243;][et_pb_column type=&#8221;4_4&#8243; _builder_version=&#8221;3.20.2&#8243;][et_pb_team_member name=&#8221;Sonja&#8221; position=&#8221;Matkailualan restonomiopiskelija&#8221; image_url=&#8221;https:\/\/blogi.eoppimispalvelut.fi\/matkailunpunainenlanka\/files\/2019\/09\/Sonja-e1569687077222.jpg&#8221; _builder_version=&#8221;3.20.2&#8243;]<\/p>\n<p><span data-contrast=\"auto\" style=\"font-size: 14px\">Olen Sonja, ensimm\u00e4isen vuoden\u00a0<\/span><span data-contrast=\"auto\" style=\"font-size: 14px\">restonomi<\/span><span data-contrast=\"auto\" style=\"font-size: 14px\">opiskelija Oulusta. Matkailua l\u00e4hdin opiskelemaan kiinnostuksesta alaa kohtaan.\u00a0<\/span><\/p>\n<p><span data-contrast=\"auto\">Jo p<\/span><span data-contrast=\"auto\">ienest\u00e4 pit\u00e4en olen<\/span><span data-contrast=\"auto\">\u00a0ollut kiinnostunut kielten opiskelusta, kansainv\u00e4lisyydest\u00e4<\/span><span data-contrast=\"auto\">\u00a0ja eri kulttuureista<\/span><span data-contrast=\"auto\">. H<\/span><span data-contrast=\"auto\">aave matkustamisesta maailman\u00a0<\/span><span data-contrast=\"auto\">joka kolkkaan<\/span><span data-contrast=\"auto\">\u00a0<\/span><span data-contrast=\"auto\">on\u00a0<\/span><span data-contrast=\"auto\">it\u00e4nyt minussa<\/span><span data-contrast=\"auto\">\u00a0suurin piirtein\u00a0<\/span><span data-contrast=\"auto\">esikouluik\u00e4isest\u00e4 asti. Yhden<\/span><span data-contrast=\"auto\">\u00a0<\/span><span data-contrast=\"auto\">haaveistani toteutin, kun\u00a0<\/span><span data-contrast=\"auto\">lukion j\u00e4lkeen l\u00e4hdin vuodeksi<\/span><span data-contrast=\"auto\">\u00a0Lontooseen au pairiksi<\/span><span data-contrast=\"auto\">.<\/span><span data-contrast=\"auto\">\u00a0<\/span><span data-contrast=\"auto\">T<\/span><span data-contrast=\"auto\">uon<\/span><span data-contrast=\"auto\">\u00a0kulttuurien sulatusuunissa vietetyn<\/span><span data-contrast=\"auto\">\u00a0vuoden<\/span><span data-contrast=\"auto\">\u00a0aikana kiinnostu<\/span><span data-contrast=\"auto\">kseni<\/span><span data-contrast=\"auto\">\u00a0matkailua<\/span><span data-contrast=\"auto\">\u00a0ja uusia kulttuureja<\/span><span data-contrast=\"auto\">\u00a0kohtaan kasvoi entisest\u00e4\u00e4n.\u00a0<\/span><span data-ccp-props=\"{&quot;201341983&quot;:0,&quot;335559740&quot;:259}\">\u00a0<\/span><\/p>\n<p><span data-contrast=\"auto\" style=\"font-size: 14px\">Palo n\u00e4hd\u00e4 maailmaa on edelleen suuri, mutta\u00a0<\/span><span data-contrast=\"auto\" style=\"font-size: 14px\">haasteet<\/span><span data-contrast=\"auto\" style=\"font-size: 14px\">\u00a0<\/span><span data-contrast=\"auto\" style=\"font-size: 14px\">ekologisten\u00a0<\/span><span data-contrast=\"auto\" style=\"font-size: 14px\">ja eettis<\/span><span data-contrast=\"auto\" style=\"font-size: 14px\">esti kest\u00e4vien<\/span><span data-contrast=\"auto\" style=\"font-size: 14px\">\u00a0valintojen<\/span><span data-contrast=\"auto\" style=\"font-size: 14px\">\u00a0<\/span><span data-contrast=\"auto\" style=\"font-size: 14px\">suhteen ovat her\u00e4tt\u00e4neet minut pohtimaan<\/span><span data-contrast=\"auto\" style=\"font-size: 14px\">\u00a0<\/span><span data-contrast=\"auto\" style=\"font-size: 14px\">omia kulutustottumuksiani<\/span><span data-ccp-props=\"{&quot;201341983&quot;:0,&quot;335559740&quot;:259}\" style=\"font-size: 14px\">\u00a0niin arjessa, kuin lomallakin.\u00a0<\/span><\/p>\n<p><span data-contrast=\"auto\" style=\"font-size: 14px\">Kest\u00e4v\u00e4 matkailu ja sen kehitt\u00e4minen<\/span><span data-contrast=\"auto\" style=\"font-size: 14px\">\u00a0kiinnostaa minua valtavasti.<\/span><span data-contrast=\"auto\" style=\"font-size: 14px\">\u00a0Sen kautta\u00a0<\/span><span data-contrast=\"auto\" style=\"font-size: 14px\">olen innostunut<\/span><span data-contrast=\"auto\" style=\"font-size: 14px\">\u00a0my\u00f6s<\/span><span data-contrast=\"auto\" style=\"font-size: 14px\">\u00a0<\/span><span data-contrast=\"auto\" style=\"font-size: 14px\">kotimaan matkailu<\/span><span data-contrast=\"auto\" style=\"font-size: 14px\">sta<\/span><span data-contrast=\"auto\" style=\"font-size: 14px\">\u00a0entist\u00e4 enemm\u00e4n. Olen sit\u00e4 mielt\u00e4, ett\u00e4 a<\/span><span data-contrast=\"auto\" style=\"font-size: 14px\">ina ei tarvitse l\u00e4hte\u00e4 niin \u00e4lytt\u00f6m\u00e4n kauas n\u00e4hd\u00e4kseen l\u00e4helle.\u00a0<\/span><span data-contrast=\"auto\" style=\"font-size: 14px\">Ja, koska olen juuriltani lappilainen, kiinnostaa Lapin matkailun tulevaisuus minua paljon<\/span><span data-contrast=\"auto\" style=\"font-size: 14px\">.\u00a0<\/span><span data-contrast=\"auto\" style=\"font-size: 14px\">T\u00e4t\u00e4 teemaa k\u00e4sittelemme my\u00f6s blogissa ja toivon, ett\u00e4 blogi\u00a0<\/span><span data-contrast=\"auto\" style=\"font-size: 14px\">onnistuu her\u00e4tt\u00e4m\u00e4\u00e4n<\/span><span data-contrast=\"auto\" style=\"font-size: 14px\">\u00a0ajatuksia ja keskustelua aiheen ymp\u00e4rill\u00e4.\u00a0<\/span><span data-ccp-props=\"{&quot;201341983&quot;:0,&quot;335559740&quot;:259}\" style=\"font-size: 14px\">\u00a0<\/span><\/p>\n<p>[\/et_pb_team_member][\/et_pb_column][\/et_pb_row][\/et_pb_section]<\/p>\n","protected":false},"excerpt":{"rendered":"<p>Olen Sonja, ensimm\u00e4isen vuoden\u00a0restonomiopiskelija Oulusta. Matkailua l\u00e4hdin opiskelemaan kiinnostuksesta alaa kohtaan.\u00a0 Jo pienest\u00e4 pit\u00e4en olen\u00a0ollut kiinnostunut kielten opiskelusta, kansainv\u00e4lisyydest\u00e4\u00a0ja eri kulttuureista. Haave matkustamisesta maailman\u00a0joka kolkkaan\u00a0on\u00a0it\u00e4nyt minussa\u00a0suurin piirtein\u00a0esikouluik\u00e4isest\u00e4 asti. Yhden\u00a0haaveistani toteutin, kun\u00a0lukion j\u00e4lkeen l\u00e4hdin vuodeksi\u00a0Lontooseen au pairiksi.\u00a0Tuon\u00a0kulttuurien sulatusuunissa vietetyn\u00a0vuoden\u00a0aikana kiinnostukseni\u00a0matkailua\u00a0ja uusia kulttuureja\u00a0kohtaan kasvoi entisest\u00e4\u00e4n.\u00a0\u00a0 Palo n\u00e4hd\u00e4 maailmaa on edelleen suuri, mutta\u00a0haasteet\u00a0ekologisten\u00a0ja eettisesti kest\u00e4vien\u00a0valintojen\u00a0suhteen ovat her\u00e4tt\u00e4neet minut [&hellip;]<\/p>\n","protected":false},"author":3834,"featured_media":0,"parent":333,"menu_order":2,"comment_status":"closed","ping_status":"closed","template":"","meta":{"_et_pb_use_builder":"on","_et_pb_old_content":"","_et_gb_content_width":"","footnotes":""},"class_list":["post-143","page","type-page","status-publish","hentry"],"_links":{"self":[{"href":"https:\/\/blogi.eoppimispalvelut.fi\/matkailunpunainenlanka\/wp-json\/wp\/v2\/pages\/143","targetHints":{"allow":["GET"]}}],"collection":[{"href":"https:\/\/blogi.eoppimispalvelut.fi\/matkailunpunainenlanka\/wp-json\/wp\/v2\/pages"}],"about":[{"href":"https:\/\/blogi.eoppimispalvelut.fi\/matkailunpunainenlanka\/wp-json\/wp\/v2\/types\/page"}],"author":[{"embeddable":true,"href":"https:\/\/blogi.eoppimispalvelut.fi\/matkailunpunainenlanka\/wp-json\/wp\/v2\/users\/3834"}],"replies":[{"embeddable":true,"href":"https:\/\/blogi.eoppimispalvelut.fi\/matkailunpunainenlanka\/wp-json\/wp\/v2\/comments?post=143"}],"version-history":[{"count":8,"href":"https:\/\/blogi.eoppimispalvelut.fi\/matkailunpunainenlanka\/wp-json\/wp\/v2\/pages\/143\/revisions"}],"predecessor-version":[{"id":313,"href":"https:\/\/blogi.eoppimispalvelut.fi\/matkailunpunainenlanka\/wp-json\/wp\/v2\/pages\/143\/revisions\/313"}],"up":[{"embeddable":true,"href":"https:\/\/blogi.eoppimispalvelut.fi\/matkailunpunainenlanka\/wp-json\/wp\/v2\/pages\/333"}],"wp:attachment":[{"href":"https:\/\/blogi.eoppimispalvelut.fi\/matkailunpunainenlanka\/wp-json\/wp\/v2\/media?parent=143"}],"curies":[{"name":"wp","href":"https:\/\/api.w.org\/{rel}","templated":true}]}}