{"id":156,"date":"2019-09-30T17:36:06","date_gmt":"2019-09-30T14:36:06","guid":{"rendered":"https:\/\/blogi.eoppimispalvelut.fi\/matkailunpunainenlanka\/?page_id=156"},"modified":"2019-09-30T17:38:33","modified_gmt":"2019-09-30T14:38:33","slug":"elina","status":"publish","type":"page","link":"https:\/\/blogi.eoppimispalvelut.fi\/matkailunpunainenlanka\/etusivu\/elina\/","title":{"rendered":"Elina"},"content":{"rendered":"<p>[et_pb_section fb_built=&#8221;1&#8243; _builder_version=&#8221;3.20.2&#8243;][et_pb_row _builder_version=&#8221;3.20.2&#8243;][et_pb_column type=&#8221;4_4&#8243; _builder_version=&#8221;3.20.2&#8243;][et_pb_team_member name=&#8221;Elina &#8221; position=&#8221;Matkailualan restonomiopiskelija&#8221; image_url=&#8221;https:\/\/blogi.eoppimispalvelut.fi\/matkailunpunainenlanka\/files\/2019\/09\/IMG_20180814_193727.jpg&#8221; _builder_version=&#8221;3.20.2&#8243;]<\/p>\n<p><span data-contrast=\"auto\" style=\"font-size: 14px\">Olen Elina Oulusta.<\/span><span data-contrast=\"auto\" style=\"font-size: 14px\">\u00a0<\/span><span data-contrast=\"auto\" style=\"font-size: 14px\">Tykk\u00e4\u00e4n matkustella, hankkia erilaisia kokemuksia ja el\u00e4myksi\u00e4.\u00a0\u00a0<\/span><span data-contrast=\"auto\" style=\"font-size: 14px\">Edellisell\u00e4 lomallani<\/span><span data-contrast=\"auto\" style=\"font-size: 14px\">\u00a0<\/span><span data-contrast=\"auto\" style=\"font-size: 14px\">olin purjehtimassa Saaristomerell\u00e4<\/span><span data-contrast=\"auto\" style=\"font-size: 14px\">. Ensikertalaiselle se oli opettavainen ja j\u00e4nnitt\u00e4v\u00e4 kokemus. Harrastan py\u00f6r\u00e4ily\u00e4, rakastan nokipannukahveja ja saatan ik\u00e4v\u00f6id\u00e4 samanaikaisesti Lappiin sek\u00e4 Balille.<\/span><span data-contrast=\"auto\" style=\"font-size: 14px\">\u00a0<\/span><span data-contrast=\"auto\" style=\"font-size: 14px\">Reissukuume on v\u00e4lill\u00e4 todella korkealla!<\/span><span data-ccp-props=\"{&quot;335559739&quot;:240}\" style=\"font-size: 14px\">\u00a0<\/span><\/p>\n<p><span data-contrast=\"auto\">Opiskelen ensim\u00e4ist\u00e4 vuotta matkailualalla. Koulutuksen monipuolisuus kiinnosti minua ja onnekseni p\u00e4\u00e4sin opiskelemaan.\u00a0<\/span><span data-contrast=\"auto\">Tulevaisuudessa toivon l\u00f6yt\u00e4v\u00e4ni ty\u00f6<\/span><span data-contrast=\"auto\">n\u00a0<\/span><span data-contrast=\"auto\">matkailualalta.<\/span><span data-ccp-props=\"{&quot;335559739&quot;:240}\">\u00a0<\/span><\/p>\n<p>[\/et_pb_team_member][\/et_pb_column][\/et_pb_row][\/et_pb_section]<\/p>\n","protected":false},"excerpt":{"rendered":"<p>Olen Elina Oulusta.\u00a0Tykk\u00e4\u00e4n matkustella, hankkia erilaisia kokemuksia ja el\u00e4myksi\u00e4.\u00a0\u00a0Edellisell\u00e4 lomallani\u00a0olin purjehtimassa Saaristomerell\u00e4. Ensikertalaiselle se oli opettavainen ja j\u00e4nnitt\u00e4v\u00e4 kokemus. Harrastan py\u00f6r\u00e4ily\u00e4, rakastan nokipannukahveja ja saatan ik\u00e4v\u00f6id\u00e4 samanaikaisesti Lappiin sek\u00e4 Balille.\u00a0Reissukuume on v\u00e4lill\u00e4 todella korkealla!\u00a0 Opiskelen ensim\u00e4ist\u00e4 vuotta matkailualalla. Koulutuksen monipuolisuus kiinnosti minua ja onnekseni p\u00e4\u00e4sin opiskelemaan.\u00a0Tulevaisuudessa toivon l\u00f6yt\u00e4v\u00e4ni ty\u00f6n\u00a0matkailualalta.\u00a0<\/p>\n","protected":false},"author":3834,"featured_media":0,"parent":333,"menu_order":2,"comment_status":"closed","ping_status":"closed","template":"","meta":{"_et_pb_use_builder":"on","_et_pb_old_content":"","_et_gb_content_width":"","footnotes":""},"class_list":["post-156","page","type-page","status-publish","hentry"],"_links":{"self":[{"href":"https:\/\/blogi.eoppimispalvelut.fi\/matkailunpunainenlanka\/wp-json\/wp\/v2\/pages\/156","targetHints":{"allow":["GET"]}}],"collection":[{"href":"https:\/\/blogi.eoppimispalvelut.fi\/matkailunpunainenlanka\/wp-json\/wp\/v2\/pages"}],"about":[{"href":"https:\/\/blogi.eoppimispalvelut.fi\/matkailunpunainenlanka\/wp-json\/wp\/v2\/types\/page"}],"author":[{"embeddable":true,"href":"https:\/\/blogi.eoppimispalvelut.fi\/matkailunpunainenlanka\/wp-json\/wp\/v2\/users\/3834"}],"replies":[{"embeddable":true,"href":"https:\/\/blogi.eoppimispalvelut.fi\/matkailunpunainenlanka\/wp-json\/wp\/v2\/comments?post=156"}],"version-history":[{"count":6,"href":"https:\/\/blogi.eoppimispalvelut.fi\/matkailunpunainenlanka\/wp-json\/wp\/v2\/pages\/156\/revisions"}],"predecessor-version":[{"id":474,"href":"https:\/\/blogi.eoppimispalvelut.fi\/matkailunpunainenlanka\/wp-json\/wp\/v2\/pages\/156\/revisions\/474"}],"up":[{"embeddable":true,"href":"https:\/\/blogi.eoppimispalvelut.fi\/matkailunpunainenlanka\/wp-json\/wp\/v2\/pages\/333"}],"wp:attachment":[{"href":"https:\/\/blogi.eoppimispalvelut.fi\/matkailunpunainenlanka\/wp-json\/wp\/v2\/media?parent=156"}],"curies":[{"name":"wp","href":"https:\/\/api.w.org\/{rel}","templated":true}]}}