{"id":174,"date":"2019-09-30T17:34:58","date_gmt":"2019-09-30T14:34:58","guid":{"rendered":"https:\/\/blogi.eoppimispalvelut.fi\/matkailunpunainenlanka\/?page_id=174"},"modified":"2019-11-01T12:57:13","modified_gmt":"2019-11-01T10:57:13","slug":"ekaterina","status":"publish","type":"page","link":"https:\/\/blogi.eoppimispalvelut.fi\/matkailunpunainenlanka\/etusivu\/ekaterina\/","title":{"rendered":"Ekaterina"},"content":{"rendered":"<p>[et_pb_section fb_built=&#8221;1&#8243; _builder_version=&#8221;3.20.2&#8243;][et_pb_row _builder_version=&#8221;3.20.2&#8243;][et_pb_column type=&#8221;4_4&#8243; _builder_version=&#8221;3.20.2&#8243;][et_pb_team_member name=&#8221;Ekaterina &#8221; position=&#8221;Matkailualan restonomiopiskelija&#8221; image_url=&#8221;https:\/\/blogi.eoppimispalvelut.fi\/matkailunpunainenlanka\/files\/2019\/09\/ekaterina.jpeg&#8221; _builder_version=&#8221;3.20.2&#8243;]<\/p>\n<p><span class=\"TextRun SCXW18149013 BCX0\" lang=\"FI-FI\" xml:lang=\"FI-FI\" data-contrast=\"auto\"><span class=\"NormalTextRun SCXW18149013 BCX0\">Olen Katharina ja tulin Karjalasta rajan toiselta puolelta, Kostamuksesta. Olen lapsuudesta alkaen useasti matkustannut Suomeen perheen kanssa, v\u00e4h\u00e4n aikan sitten p\u00e4\u00e4tin etta haluaisin opiskella suomen kielt\u00e4 koulussa, mutta koulutaso oli liian helppo ja aloitin oma\u00a0<\/span><\/span><span class=\"TextRun SCXW18149013 BCX0\" lang=\"FI-FI\" xml:lang=\"FI-FI\" data-contrast=\"auto\"><span class=\"NormalTextRun SCXW18149013 BCX0\">kielen opiskelu kotona. Tavoittena oli muutto Suomeen ja opiskelu ammattiopistossa, tietenkin oli vaikkea valittaa ammattia, mutta ensisijaisesti minun plussa olivat kielitaidot, siksi valitsin alan miss\u00e4 voisinnut paremmin hy\u00f6denn\u00e4 omat vahvuudeet. Matkailuopinnot ammattiopistossa oli ihan eri mit\u00e4 min\u00e4 ensin kuvitteli, olimme useasi ulkona, mets\u00e4ss\u00e4 ja opiskelti lintuja ja sienia, joskus toisen oppivuona tuli ymm\u00e4rrys t\u00e4st\u00e4 uudest matkailulajista \u2013 er\u00e4matkailusta. Se oli todellakin mielinkiintoinen opiskelu ja sit\u00e4 on oppinnut, ett\u00e4 matkailu voi olla oikein erilainen, ja ihmiset etsiv\u00e4t aina uutta\u00a0<\/span><\/span><span class=\"TextRun SCXW18149013 BCX0\" lang=\"FI-FI\" xml:lang=\"FI-FI\" data-contrast=\"auto\"><span class=\"NormalTextRun SCXW18149013 BCX0\">kokemusta ja n\u00e4k\u00f6kulma el\u00e4m\u00e4\u00e4lle. Ty\u00f6el\u00e4m\u00e4ni on vienyt minut aika kauan luontomatkailusta ja melkein 5 vuotta hotelli ja ravintolaalalla vahvisti minun toiveet p\u00e4\u00e4sem\u00e4\u00e4n luomaan ihmiselle uutta kokemusta ja olla osana heid\u00e4n matkatarinaa. T\u00e4m\u00e4 el\u00e4m\u00e4nin polku on viennyt minut restonomi opiskelijaksi, ja toivon ett\u00e4 tulevaisuudessa olen osana matkailijoiden kokemusta ja auttan ihmiselle olla avoinna ja n\u00e4hd\u00e4 uutta paikkoja, kulttuuria ja el\u00e4m\u00e4\u00e4.<\/span><\/span><\/p>\n<p>[\/et_pb_team_member][\/et_pb_column][\/et_pb_row][\/et_pb_section]<\/p>\n","protected":false},"excerpt":{"rendered":"<p>Olen Katharina ja tulin Karjalasta rajan toiselta puolelta, Kostamuksesta. Olen lapsuudesta alkaen useasti matkustannut Suomeen perheen kanssa, v\u00e4h\u00e4n aikan sitten p\u00e4\u00e4tin etta haluaisin opiskella suomen kielt\u00e4 koulussa, mutta koulutaso oli liian helppo ja aloitin oma\u00a0kielen opiskelu kotona. Tavoittena oli muutto Suomeen ja opiskelu ammattiopistossa, tietenkin oli vaikkea valittaa ammattia, mutta ensisijaisesti minun plussa olivat kielitaidot, [&hellip;]<\/p>\n","protected":false},"author":3834,"featured_media":0,"parent":333,"menu_order":2,"comment_status":"closed","ping_status":"closed","template":"","meta":{"_et_pb_use_builder":"on","_et_pb_old_content":"","_et_gb_content_width":"","footnotes":""},"class_list":["post-174","page","type-page","status-publish","hentry"],"_links":{"self":[{"href":"https:\/\/blogi.eoppimispalvelut.fi\/matkailunpunainenlanka\/wp-json\/wp\/v2\/pages\/174","targetHints":{"allow":["GET"]}}],"collection":[{"href":"https:\/\/blogi.eoppimispalvelut.fi\/matkailunpunainenlanka\/wp-json\/wp\/v2\/pages"}],"about":[{"href":"https:\/\/blogi.eoppimispalvelut.fi\/matkailunpunainenlanka\/wp-json\/wp\/v2\/types\/page"}],"author":[{"embeddable":true,"href":"https:\/\/blogi.eoppimispalvelut.fi\/matkailunpunainenlanka\/wp-json\/wp\/v2\/users\/3834"}],"replies":[{"embeddable":true,"href":"https:\/\/blogi.eoppimispalvelut.fi\/matkailunpunainenlanka\/wp-json\/wp\/v2\/comments?post=174"}],"version-history":[{"count":11,"href":"https:\/\/blogi.eoppimispalvelut.fi\/matkailunpunainenlanka\/wp-json\/wp\/v2\/pages\/174\/revisions"}],"predecessor-version":[{"id":473,"href":"https:\/\/blogi.eoppimispalvelut.fi\/matkailunpunainenlanka\/wp-json\/wp\/v2\/pages\/174\/revisions\/473"}],"up":[{"embeddable":true,"href":"https:\/\/blogi.eoppimispalvelut.fi\/matkailunpunainenlanka\/wp-json\/wp\/v2\/pages\/333"}],"wp:attachment":[{"href":"https:\/\/blogi.eoppimispalvelut.fi\/matkailunpunainenlanka\/wp-json\/wp\/v2\/media?parent=174"}],"curies":[{"name":"wp","href":"https:\/\/api.w.org\/{rel}","templated":true}]}}