{"id":184,"date":"2019-09-30T17:43:19","date_gmt":"2019-09-30T14:43:19","guid":{"rendered":"https:\/\/blogi.eoppimispalvelut.fi\/matkailunpunainenlanka\/?page_id=184"},"modified":"2019-09-30T17:43:22","modified_gmt":"2019-09-30T14:43:22","slug":"taru","status":"publish","type":"page","link":"https:\/\/blogi.eoppimispalvelut.fi\/matkailunpunainenlanka\/etusivu\/taru\/","title":{"rendered":"Taru"},"content":{"rendered":"<p>[et_pb_section fb_built=&#8221;1&#8243; _builder_version=&#8221;3.20.2&#8243;][et_pb_row _builder_version=&#8221;3.20.2&#8243;][et_pb_column type=&#8221;4_4&#8243; _builder_version=&#8221;3.20.2&#8243;][et_pb_team_member name=&#8221;Taru &#8221; position=&#8221;Matkailualan restonomiopiskelija&#8221; image_url=&#8221;https:\/\/blogi.eoppimispalvelut.fi\/matkailunpunainenlanka\/files\/2019\/09\/omakuva-Taru-e1569746165174.png&#8221; _builder_version=&#8221;3.20.2&#8243;]<\/p>\n<p><span style=\"font-size: 14px\" data-contrast=\"auto\"><\/span><\/p>\n<p><span data-contrast=\"auto\">Olen Taru, matkailua rakastava etel\u00e4n immeinen. Matkakohteina useimmiten pohjoisen pakkaset tai etel\u00e4n tropiikki<\/span><span data-contrast=\"auto\"> &#8211; <\/span><span data-contrast=\"auto\">tosin kaikki muutkin kohteet k\u00e4yv\u00e4t, kunhan vain p\u00e4\u00e4see tutustumaan uusiin maihin ja kulttuureihin. My\u00f6s luonto ja kielet ovat l\u00e4hell\u00e4 syd\u00e4nt\u00e4.<\/span><span data-ccp-props=\"{&quot;201341983&quot;:0,&quot;335559739&quot;:160,&quot;335559740&quot;:259}\">\u00a0<\/span><\/p>\n<p><span data-ccp-props=\"{&quot;201341983&quot;:0,&quot;335559739&quot;:160,&quot;335559740&quot;:259}\">\u00a0<\/span><\/p>\n<p>[\/et_pb_team_member][\/et_pb_column][\/et_pb_row][\/et_pb_section]<\/p>\n","protected":false},"excerpt":{"rendered":"<p>Olen Taru, matkailua rakastava etel\u00e4n immeinen. Matkakohteina useimmiten pohjoisen pakkaset tai etel\u00e4n tropiikki &#8211; tosin kaikki muutkin kohteet k\u00e4yv\u00e4t, kunhan vain p\u00e4\u00e4see tutustumaan uusiin maihin ja kulttuureihin. My\u00f6s luonto ja kielet ovat l\u00e4hell\u00e4 syd\u00e4nt\u00e4.\u00a0 \u00a0<\/p>\n","protected":false},"author":3834,"featured_media":0,"parent":333,"menu_order":2,"comment_status":"closed","ping_status":"closed","template":"","meta":{"_et_pb_use_builder":"on","_et_pb_old_content":"","_et_gb_content_width":"","footnotes":""},"class_list":["post-184","page","type-page","status-publish","hentry"],"_links":{"self":[{"href":"https:\/\/blogi.eoppimispalvelut.fi\/matkailunpunainenlanka\/wp-json\/wp\/v2\/pages\/184","targetHints":{"allow":["GET"]}}],"collection":[{"href":"https:\/\/blogi.eoppimispalvelut.fi\/matkailunpunainenlanka\/wp-json\/wp\/v2\/pages"}],"about":[{"href":"https:\/\/blogi.eoppimispalvelut.fi\/matkailunpunainenlanka\/wp-json\/wp\/v2\/types\/page"}],"author":[{"embeddable":true,"href":"https:\/\/blogi.eoppimispalvelut.fi\/matkailunpunainenlanka\/wp-json\/wp\/v2\/users\/3834"}],"replies":[{"embeddable":true,"href":"https:\/\/blogi.eoppimispalvelut.fi\/matkailunpunainenlanka\/wp-json\/wp\/v2\/comments?post=184"}],"version-history":[{"count":9,"href":"https:\/\/blogi.eoppimispalvelut.fi\/matkailunpunainenlanka\/wp-json\/wp\/v2\/pages\/184\/revisions"}],"predecessor-version":[{"id":479,"href":"https:\/\/blogi.eoppimispalvelut.fi\/matkailunpunainenlanka\/wp-json\/wp\/v2\/pages\/184\/revisions\/479"}],"up":[{"embeddable":true,"href":"https:\/\/blogi.eoppimispalvelut.fi\/matkailunpunainenlanka\/wp-json\/wp\/v2\/pages\/333"}],"wp:attachment":[{"href":"https:\/\/blogi.eoppimispalvelut.fi\/matkailunpunainenlanka\/wp-json\/wp\/v2\/media?parent=184"}],"curies":[{"name":"wp","href":"https:\/\/api.w.org\/{rel}","templated":true}]}}