{"id":190,"date":"2019-09-30T17:36:59","date_gmt":"2019-09-30T14:36:59","guid":{"rendered":"https:\/\/blogi.eoppimispalvelut.fi\/matkailunpunainenlanka\/?page_id=190"},"modified":"2019-09-30T17:37:02","modified_gmt":"2019-09-30T14:37:02","slug":"emilia","status":"publish","type":"page","link":"https:\/\/blogi.eoppimispalvelut.fi\/matkailunpunainenlanka\/etusivu\/emilia\/","title":{"rendered":"Emilia"},"content":{"rendered":"<p>[et_pb_section fb_built=&#8221;1&#8243; _builder_version=&#8221;3.20.2&#8243;][et_pb_row _builder_version=&#8221;3.20.2&#8243;][et_pb_column type=&#8221;4_4&#8243; _builder_version=&#8221;3.20.2&#8243;][et_pb_team_member name=&#8221;Emilia &#8221; position=&#8221;Matkailualan restonomiopiskelija&#8221; image_url=&#8221;https:\/\/blogi.eoppimispalvelut.fi\/matkailunpunainenlanka\/files\/2019\/09\/Emilia.jpg&#8221; _builder_version=&#8221;3.20.2&#8243;]<\/p>\n<p><span data-contrast=\"auto\" class=\"TextRun SCXW266919807 BCX0\" xml:lang=\"FI-FI\" lang=\"FI-FI\"><span class=\"NormalTextRun SCXW266919807 BCX0\">T\u00e4ss\u00e4 min\u00e4 lempimaisemissani, eli reissussa jylhien maisemien keskell\u00e4! Olen 21-vuotias nuori nainen, jolle luonnossa kulkeminen, retkeily, valokuvaus ja ymp\u00e4riins\u00e4 reissaaminen ovat syd\u00e4nt\u00e4 l\u00e4hell\u00e4. Matkailualaa l\u00e4hdin opiskelemaan ihan puhtaasti<span>\u00a0<\/span><\/span><span class=\"SpellingError SCXW266919807 BCX0\">uteliaisuudesta,ja<\/span><span class=\"NormalTextRun SCXW266919807 BCX0\"><span>\u00a0<\/span>yksi t\u00e4rkein haave t\u00e4ll\u00e4 hetkell\u00e4 olisi suorittaa m<\/span><\/span><span data-contrast=\"auto\" class=\"TextRun SCXW266919807 BCX0\" xml:lang=\"FI-FI\" lang=\"FI-FI\"><span class=\"NormalTextRun SCXW266919807 BCX0\">y\u00f6s<span>\u00a0<\/span><\/span><\/span><span data-contrast=\"auto\" class=\"TextRun SCXW266919807 BCX0\" xml:lang=\"FI-FI\" lang=\"FI-FI\"><span class=\"NormalTextRun SCXW266919807 BCX0\">er\u00e4oppaan tutkinto.<\/span><\/span><span data-contrast=\"auto\" class=\"TextRun SCXW266919807 BCX0\" xml:lang=\"FI-FI\" lang=\"FI-FI\"><span class=\"NormalTextRun SCXW266919807 BCX0\">\u00a0<\/span><\/span><span class=\"EOP SCXW266919807 BCX0\" data-ccp-props=\"{&quot;201341983&quot;:0,&quot;335559739&quot;:160,&quot;335559740&quot;:259}\">\u00a0<\/span><\/p>\n<p>[\/et_pb_team_member][\/et_pb_column][\/et_pb_row][\/et_pb_section]<\/p>\n","protected":false},"excerpt":{"rendered":"<p>T\u00e4ss\u00e4 min\u00e4 lempimaisemissani, eli reissussa jylhien maisemien keskell\u00e4! Olen 21-vuotias nuori nainen, jolle luonnossa kulkeminen, retkeily, valokuvaus ja ymp\u00e4riins\u00e4 reissaaminen ovat syd\u00e4nt\u00e4 l\u00e4hell\u00e4. Matkailualaa l\u00e4hdin opiskelemaan ihan puhtaasti\u00a0uteliaisuudesta,ja\u00a0yksi t\u00e4rkein haave t\u00e4ll\u00e4 hetkell\u00e4 olisi suorittaa my\u00f6s\u00a0er\u00e4oppaan tutkinto.\u00a0\u00a0<\/p>\n","protected":false},"author":3834,"featured_media":0,"parent":333,"menu_order":2,"comment_status":"closed","ping_status":"closed","template":"","meta":{"_et_pb_use_builder":"on","_et_pb_old_content":"","_et_gb_content_width":"","footnotes":""},"class_list":["post-190","page","type-page","status-publish","hentry"],"_links":{"self":[{"href":"https:\/\/blogi.eoppimispalvelut.fi\/matkailunpunainenlanka\/wp-json\/wp\/v2\/pages\/190","targetHints":{"allow":["GET"]}}],"collection":[{"href":"https:\/\/blogi.eoppimispalvelut.fi\/matkailunpunainenlanka\/wp-json\/wp\/v2\/pages"}],"about":[{"href":"https:\/\/blogi.eoppimispalvelut.fi\/matkailunpunainenlanka\/wp-json\/wp\/v2\/types\/page"}],"author":[{"embeddable":true,"href":"https:\/\/blogi.eoppimispalvelut.fi\/matkailunpunainenlanka\/wp-json\/wp\/v2\/users\/3834"}],"replies":[{"embeddable":true,"href":"https:\/\/blogi.eoppimispalvelut.fi\/matkailunpunainenlanka\/wp-json\/wp\/v2\/comments?post=190"}],"version-history":[{"count":8,"href":"https:\/\/blogi.eoppimispalvelut.fi\/matkailunpunainenlanka\/wp-json\/wp\/v2\/pages\/190\/revisions"}],"predecessor-version":[{"id":475,"href":"https:\/\/blogi.eoppimispalvelut.fi\/matkailunpunainenlanka\/wp-json\/wp\/v2\/pages\/190\/revisions\/475"}],"up":[{"embeddable":true,"href":"https:\/\/blogi.eoppimispalvelut.fi\/matkailunpunainenlanka\/wp-json\/wp\/v2\/pages\/333"}],"wp:attachment":[{"href":"https:\/\/blogi.eoppimispalvelut.fi\/matkailunpunainenlanka\/wp-json\/wp\/v2\/media?parent=190"}],"curies":[{"name":"wp","href":"https:\/\/api.w.org\/{rel}","templated":true}]}}