{"id":333,"date":"2019-09-30T16:00:52","date_gmt":"2019-09-30T13:00:52","guid":{"rendered":"https:\/\/blogi.eoppimispalvelut.fi\/matkailunpunainenlanka\/?page_id=333"},"modified":"2019-11-01T13:11:36","modified_gmt":"2019-11-01T11:11:36","slug":"etusivu","status":"publish","type":"page","link":"https:\/\/blogi.eoppimispalvelut.fi\/matkailunpunainenlanka\/etusivu\/","title":{"rendered":"Etusivu"},"content":{"rendered":"<p>[et_pb_section fb_built=&#8221;1&#8243; fullwidth=&#8221;on&#8221; admin_label=&#8221;Header&#8221; _builder_version=&#8221;3.20.2&#8243; background_image=&#8221;https:\/\/blogi.eoppimispalvelut.fi\/matkailunpunainenlanka\/files\/2019\/09\/taustakoira2.jpg&#8221; parallax=&#8221;on&#8221; custom_margin=&#8221;|||&#8221; custom_padding=&#8221;0px|0px|34px|0px|false|false&#8221;][et_pb_fullwidth_header title=&#8221;Punaista lankaa etsim\u00e4ss\u00e4&#8221; subhead=&#8221;Matkailu Rovaniemell\u00e4&#8221; content_max_width=&#8221;650px&#8221; content_max_width_tablet=&#8221;480px&#8221; content_max_width_last_edited=&#8221;on|phone&#8221; _builder_version=&#8221;3.20.2&#8243; title_font=&#8221;Abril Fatface||||||||&#8221; title_font_size=&#8221;70px&#8221; title_font_size_tablet=&#8221;50px&#8221; title_font_size_phone=&#8221;32px&#8221; title_font_size_last_edited=&#8221;on|desktop&#8221; title_line_height=&#8221;1.2em&#8221; content_font=&#8221;||||||||&#8221; content_font_size=&#8221;16px&#8221; content_line_height=&#8221;2em&#8221; background_color=&#8221;rgba(255,255,255,0)&#8221; use_background_color_gradient=&#8221;on&#8221; background_color_gradient_start=&#8221;rgba(255,255,255,0)&#8221; background_color_gradient_end=&#8221;#ffffff&#8221; background_color_gradient_type=&#8221;radial&#8221; background_color_gradient_direction_radial=&#8221;right&#8221; background_color_gradient_start_position=&#8221;40%&#8221; background_color_gradient_end_position=&#8221;60%&#8221; background_position=&#8221;center_left&#8221; custom_button_one=&#8221;on&#8221; button_one_text_size=&#8221;16px&#8221; button_one_text_color=&#8221;#ffffff&#8221; button_one_bg_color=&#8221;#ff6d4a&#8221; button_one_border_width=&#8221;15px&#8221; button_one_border_color=&#8221;#ff6d4a&#8221; button_one_border_radius=&#8221;4px&#8221; button_one_letter_spacing=&#8221;3px&#8221; button_one_font=&#8221;Cabin|700||on|||||&#8221; box_shadow_style_button_one=&#8221;preset3&#8243; box_shadow_vertical_button_one=&#8221;20px&#8221; box_shadow_blur_button_one=&#8221;40px&#8221; box_shadow_spread_button_one=&#8221;-7px&#8221; box_shadow_color_button_one=&#8221;rgba(255,109,74,0.5)&#8221; background_layout=&#8221;light&#8221; max_width_tablet=&#8221;100%&#8221; max_width_last_edited=&#8221;off|desktop&#8221; custom_padding=&#8221;10vw||10vw||true&#8221; custom_padding_tablet=&#8221;|||&#8221; custom_padding_phone=&#8221;2vw|0%|2vw||true&#8221; custom_padding_last_edited=&#8221;on|desktop&#8221; animation_style=&#8221;slide&#8221; animation_direction=&#8221;right&#8221; animation_intensity_slide=&#8221;2%&#8221; button_one_border_radius_hover=&#8221;4px&#8221; button_one_letter_spacing_hover=&#8221;3px&#8221; button_one_text_size__hover_enabled=&#8221;off&#8221; button_two_text_size__hover_enabled=&#8221;off&#8221; button_one_text_color__hover_enabled=&#8221;off&#8221; button_two_text_color__hover_enabled=&#8221;off&#8221; button_one_border_width__hover_enabled=&#8221;off&#8221; button_two_border_width__hover_enabled=&#8221;off&#8221; button_one_border_color__hover_enabled=&#8221;off&#8221; button_two_border_color__hover_enabled=&#8221;off&#8221; button_one_border_radius__hover_enabled=&#8221;on&#8221; button_one_border_radius__hover=&#8221;4px&#8221; button_two_border_radius__hover_enabled=&#8221;off&#8221; button_one_letter_spacing__hover_enabled=&#8221;on&#8221; button_one_letter_spacing__hover=&#8221;3px&#8221; button_two_letter_spacing__hover_enabled=&#8221;off&#8221; button_one_bg_color__hover_enabled=&#8221;off&#8221; button_two_bg_color__hover_enabled=&#8221;off&#8221;][\/et_pb_fullwidth_header][\/et_pb_section][et_pb_section fb_built=&#8221;1&#8243; admin_label=&#8221;About&#8221; _builder_version=&#8221;3.20.2&#8243;][et_pb_row _builder_version=&#8221;3.20.2&#8243;][et_pb_column type=&#8221;4_4&#8243; _builder_version=&#8221;3.20.2&#8243;][et_pb_text _builder_version=&#8221;3.20.2&#8243; inline_fonts=&#8221;Abhaya Libre,Allerta&#8221;]<\/p>\n<h2 style=\"text-align: center\"><span style=\"font-family: Abhaya Libre;font-weight: normal\"><span style=\"font-family: Allerta\"><strong>&#8220;Maailma on kirja ja ne, <\/strong><\/span><\/span><\/h2>\n<h2 style=\"text-align: center\"><span style=\"font-family: Abhaya Libre;font-weight: normal\"><span style=\"font-family: Allerta\"><strong>jotka eiv\u00e4t matkusta, <\/strong><\/span><\/span><\/h2>\n<h2 style=\"text-align: center\"><span style=\"font-family: Abhaya Libre;font-weight: normal\"><span style=\"font-family: Allerta\"><strong>lukevat vain yhden sivun&#8221;<\/strong><\/span>\u00a0<\/span><\/h2>\n<p style=\"text-align: center\">-St. Augustine<\/p>\n<p>[\/et_pb_text][\/et_pb_column][\/et_pb_row][\/et_pb_section][et_pb_section fb_built=&#8221;1&#8243; custom_padding_last_edited=&#8221;on|desktop&#8221; admin_label=&#8221;Services&#8221; _builder_version=&#8221;3.20.2&#8243; background_color=&#8221;rgba(58,58,58,0.3)&#8221; use_background_color_gradient=&#8221;on&#8221; background_color_gradient_start=&#8221;rgba(249,249,251,0)&#8221; background_color_gradient_end=&#8221;#f9f9fb&#8221; background_color_gradient_start_position=&#8221;10%&#8221; background_color_gradient_end_position=&#8221;10%&#8221; background_size=&#8221;initial&#8221; background_position=&#8221;top_center&#8221; custom_padding=&#8221;181px||||false|false&#8221; custom_padding_tablet=&#8221;6%|||&#8221;][et_pb_row bg_img_2=&#8221;https:\/\/blogi.eoppimispalvelut.fi\/matkailunpunainenlanka\/files\/2019\/09\/square-bg.png&#8221; padding_top_bottom_link_2=&#8221;false&#8221; background_size_1=&#8221;initial&#8221; background_size_2=&#8221;initial&#8221; background_position_2=&#8221;top_left&#8221; background_repeat_2=&#8221;no-repeat&#8221; padding_top_2=&#8221;10%&#8221; padding_left_2=&#8221;40px&#8221; padding_2_tablet=&#8221;|||&#8221; padding_2_last_edited=&#8221;off|desktop&#8221; _builder_version=&#8221;3.20.2&#8243;][et_pb_column type=&#8221;1_2&#8243; _builder_version=&#8221;3.9&#8243;][et_pb_image src=&#8221;https:\/\/blogi.eoppimispalvelut.fi\/matkailunpunainenlanka\/files\/2019\/09\/DSC_0630.jpg&#8221; _builder_version=&#8221;3.20.2&#8243; border_radii=&#8221;on|4px|4px|4px|4px&#8221; animation_style=&#8221;slide&#8221; animation_direction=&#8221;left&#8221; animation_intensity_slide=&#8221;2%&#8221;][\/et_pb_image][et_pb_text _builder_version=&#8221;3.20.2&#8243;]<\/p>\n<p><span style=\"font-size: small\">Kuva: Emilia Korsulainen<\/span><\/p>\n<p>[\/et_pb_text][\/et_pb_column][et_pb_column type=&#8221;1_2&#8243; _builder_version=&#8221;3.9&#8243;][et_pb_text _builder_version=&#8221;3.11.1&#8243; text_font=&#8221;||||||||&#8221; text_font_size=&#8221;16px&#8221; text_line_height=&#8221;2em&#8221; header_font=&#8221;||||||||&#8221; header_2_font=&#8221;Abril Fatface||||||||&#8221; header_2_font_size=&#8221;60px&#8221; header_2_font_size_tablet=&#8221;50px&#8221; header_2_font_size_phone=&#8221;32px&#8221; header_2_font_size_last_edited=&#8221;on|desktop&#8221; header_2_line_height=&#8221;1.2em&#8221; max_width=&#8221;600px&#8221; locked=&#8221;off&#8221;]<\/p>\n<h2>Blogimme<\/h2>\n<p><span style=\"font-size: medium\">Punaista lankaa etsim\u00e4ss\u00e4 \u2013 matkailu Rovaniemell\u00e4 on matkailuaiheinen blogi, jota kirjoittavat Lapin ammattikorkeakoulun ensimm\u00e4isen vuoden restonomiopiskelijat. Blogi on osa syksyn 2019 opintojamme. Tekstit ideoimme ja kirjoitamme ryhm\u00e4ss\u00e4, johon kuuluu kahdeksan opiskelijaa. Alla p\u00e4\u00e4set tutustumaan meihin tarkemmin.<\/span><\/p>\n<p><span style=\"font-size: medium\">Matkailun tila Lapissa kiinnostaa ja mietitytt\u00e4\u00e4. Mihin suuntaan se on matkalla? Blogin kattoteemana toimii matkailu Rovaniemell\u00e4, mik\u00e4 on jo vuosikymmeni\u00e4 pohjautunut joulun ymp\u00e4rille luotuun mystiikkaan. Jaksaako ainainen joulu kiinnostaa turisteja viel\u00e4 tulevaisuudessakin vai olisiko aika muuttaa suuntaa? <\/span><br \/><span style=\"font-size: medium\">Kirjoituksissa k\u00e4sittelemme eri n\u00e4k\u00f6kulmista mm. matkailun aitoutta, kest\u00e4vyytt\u00e4 ja kannattavuutta. Pohdimme Rovaniemen matkailun nykytilaa ja tulevaisuuden suuntaa tuoreiden matkailualan opiskelijoiden innostunein silmin.<\/span><\/p>\n<p><span style=\"font-size: medium\">L\u00f6yd\u00e4mmek\u00f6 etsim\u00e4mme punaisen langan? Tervetuloa mukaan seuraamaan.<\/span><\/p>\n<p>[\/et_pb_text][et_pb_button button_url=&#8221;https:\/\/blogi.eoppimispalvelut.fi\/matkailunpunainenlanka\/&#8221; button_text=&#8221;Blogiin&#8221; _builder_version=&#8221;3.20.2&#8243; custom_button=&#8221;on&#8221; button_text_color=&#8221;#FFFFFF&#8221; button_bg_color=&#8221;#d3280a&#8221; button_border_width=&#8221;0px&#8221; button_border_radius=&#8221;8px&#8221; button_letter_spacing=&#8221;2px&#8221; button_font=&#8221;ABeeZee|700|||||||&#8221; button_bg_color__hover_enabled=&#8221;on&#8221;][\/et_pb_button][\/et_pb_column][\/et_pb_row][et_pb_row padding_1_last_edited=&#8221;on|phone&#8221; _builder_version=&#8221;3.11.1&#8243;][et_pb_column type=&#8221;4_4&#8243; _builder_version=&#8221;3.9&#8243;][et_pb_text _builder_version=&#8221;3.11.1&#8243; text_font=&#8221;||||||||&#8221; text_font_size=&#8221;16px&#8221; text_line_height=&#8221;2em&#8221; header_font=&#8221;||||||||&#8221; header_2_font=&#8221;Abril Fatface||||||||&#8221; header_2_font_size=&#8221;60px&#8221; header_2_font_size_tablet=&#8221;50px&#8221; header_2_font_size_phone=&#8221;32px&#8221; header_2_font_size_last_edited=&#8221;on|desktop&#8221; header_2_line_height=&#8221;1.2em&#8221; max_width=&#8221;600px&#8221;]<\/p>\n<h2>Keit\u00e4 me ollaan<\/h2>\n<p>Alla kuvaus tekij\u00f6ist\u00e4 lyhyesti. Lis\u00e4tietoa saat klikkaamalla.<\/p>\n<p>[\/et_pb_text][\/et_pb_column][\/et_pb_row][et_pb_row make_equal=&#8221;on&#8221; background_color_1=&#8221;#ffffff&#8221; background_color_2=&#8221;#ffffff&#8221; background_color_3=&#8221;#ffffff&#8221; padding_top_bottom_link_1=&#8221;false&#8221; padding_top_bottom_link_2=&#8221;false&#8221; padding_top_bottom_link_3=&#8221;false&#8221; padding_left_right_link_1=&#8221;true&#8221; padding_left_right_link_2=&#8221;true&#8221; padding_left_right_link_3=&#8221;true&#8221; padding_top_1=&#8221;50px&#8221; padding_top_2=&#8221;50px&#8221; padding_top_3=&#8221;50px&#8221; padding_right_1=&#8221;40px&#8221; padding_right_2=&#8221;40px&#8221; padding_right_3=&#8221;40px&#8221; padding_bottom_1=&#8221;30px&#8221; padding_bottom_2=&#8221;30px&#8221; padding_bottom_3=&#8221;30px&#8221; padding_left_1=&#8221;40px&#8221; padding_left_2=&#8221;40px&#8221; padding_left_3=&#8221;40px&#8221; padding_1_last_edited=&#8221;on|desktop&#8221; _builder_version=&#8221;3.20.2&#8243;][et_pb_column type=&#8221;1_3&#8243; _builder_version=&#8221;3.9&#8243;][et_pb_image src=&#8221;https:\/\/blogi.eoppimispalvelut.fi\/matkailunpunainenlanka\/files\/2019\/09\/Sonja-e1569687077222.jpg&#8221; always_center_on_mobile=&#8221;off&#8221; _builder_version=&#8221;3.20.2&#8243; animation_style=&#8221;slide&#8221; animation_direction=&#8221;right&#8221; animation_intensity_slide=&#8221;2%&#8221;][\/et_pb_image][et_pb_text _builder_version=&#8221;3.11.1&#8243; text_font=&#8221;||||||||&#8221; text_line_height=&#8221;2em&#8221; link_font=&#8221;|600|||||||&#8221; link_text_color=&#8221;#ff6d4a&#8221; header_font=&#8221;||||||||&#8221; header_3_font=&#8221;Abril Fatface||||||||&#8221; header_3_font_size=&#8221;20px&#8221; header_3_font_size_tablet=&#8221;60px&#8221; header_3_font_size_phone=&#8221;35px&#8221; header_3_font_size_last_edited=&#8221;off|desktop&#8221; header_3_line_height=&#8221;1.2em&#8221;]<\/p>\n<h3>Sonja<\/h3>\n<p>Aina utelias ja innokas reissaaja, joka rakastaa hyv\u00e4\u00e4 ruokaa, eik\u00e4 koskaan kyll\u00e4sty ihailemaan auringonlaskua. On kotonaan niin luonnonrauhassa kuin suurkaupungin vilin\u00e4ss\u00e4.<\/p>\n<p><a href=\"\/\/blogi.eoppimispalvelut.fi\/matkailunpunainenlanka\/?page_id=143&amp;preview=true\">Lue lis\u00e4\u00e4<\/a><\/p>\n<p>[\/et_pb_text][\/et_pb_column][et_pb_column type=&#8221;1_3&#8243; _builder_version=&#8221;3.9&#8243;][et_pb_image src=&#8221;https:\/\/blogi.eoppimispalvelut.fi\/matkailunpunainenlanka\/files\/2019\/09\/ekaterina.jpeg&#8221; always_center_on_mobile=&#8221;off&#8221; _builder_version=&#8221;3.20.2&#8243; animation_style=&#8221;slide&#8221; animation_direction=&#8221;right&#8221; animation_intensity_slide=&#8221;2%&#8221;][\/et_pb_image][et_pb_text _builder_version=&#8221;3.11.1&#8243; text_font=&#8221;||||||||&#8221; text_line_height=&#8221;2em&#8221; link_font=&#8221;|600|||||||&#8221; link_text_color=&#8221;#ff6d4a&#8221; header_font=&#8221;||||||||&#8221; header_3_font=&#8221;Abril Fatface||||||||&#8221; header_3_font_size=&#8221;20px&#8221; header_3_font_size_tablet=&#8221;60px&#8221; header_3_font_size_phone=&#8221;35px&#8221; header_3_font_size_last_edited=&#8221;off|desktop&#8221; header_3_line_height=&#8221;1.2em&#8221; locked=&#8221;off&#8221;]<\/p>\n<h3>Ekaterina<\/h3>\n<p>Luonnosta kiinnostunut matkailija, joka matkustaa my\u00f6s kaupunkeihin arkkitehtuurin ja ostosten takia.\u00a0 Tykk\u00e4\u00e4 asua pidemp\u00e4\u00e4n toisessa maassa, oppiakseen sen kulttuuria ja kielt\u00e4. Matkustaminen on mahdollisuus pit\u00e4\u00e4 hauskaa ja tutustua ihmisiin.\u00a0<\/p>\n<p><a href=\"\/\/blogi.eoppimispalvelut.fi\/matkailunpunainenlanka\/?page_id=174&amp;preview=true\">Lue lis\u00e4\u00e4<\/a><\/p>\n<p>[\/et_pb_text][\/et_pb_column][et_pb_column type=&#8221;1_3&#8243; _builder_version=&#8221;3.9&#8243;][et_pb_image src=&#8221;https:\/\/blogi.eoppimispalvelut.fi\/matkailunpunainenlanka\/files\/2019\/09\/Emilia.jpg&#8221; always_center_on_mobile=&#8221;off&#8221; _builder_version=&#8221;3.20.2&#8243; animation_style=&#8221;slide&#8221; animation_direction=&#8221;right&#8221; animation_intensity_slide=&#8221;2%&#8221;][\/et_pb_image][et_pb_text _builder_version=&#8221;3.11.1&#8243; text_font=&#8221;||||||||&#8221; text_line_height=&#8221;2em&#8221; link_font=&#8221;|600|||||||&#8221; link_text_color=&#8221;#ff6d4a&#8221; header_font=&#8221;||||||||&#8221; header_3_font=&#8221;Abril Fatface||||||||&#8221; header_3_font_size=&#8221;20px&#8221; header_3_font_size_tablet=&#8221;60px&#8221; header_3_font_size_phone=&#8221;35px&#8221; header_3_font_size_last_edited=&#8221;off|desktop&#8221; header_3_line_height=&#8221;1.2em&#8221; locked=&#8221;off&#8221;]<\/p>\n<h3>Emilia<\/h3>\n<p>Kauniiden maisemien per\u00e4ss\u00e4 matkaava, jonka tavoitteena on aina p\u00e4\u00e4st\u00e4 kipuamaan jonnekkin korkealle! Sielunmaisemaan kuuluvat vuoret, kirkkaat vedet ja tunturit. Tykk\u00e4\u00e4 toisinaan my\u00f6s kuljeksia pikkukaupunkien kaduila paikallista kulttuuria ihmetellen.<\/p>\n<p><a href=\"https:\/\/blogi.eoppimispalvelut.fi\/matkailunpunainenlanka\/?page_id=190&amp;preview=true\">Lue lis\u00e4\u00e4<\/a><\/p>\n<p>[\/et_pb_text][\/et_pb_column][\/et_pb_row][et_pb_row make_equal=&#8221;on&#8221; background_color_1=&#8221;#ffffff&#8221; background_color_2=&#8221;#ffffff&#8221; background_color_3=&#8221;#ffffff&#8221; padding_top_bottom_link_1=&#8221;false&#8221; padding_top_bottom_link_2=&#8221;false&#8221; padding_top_bottom_link_3=&#8221;false&#8221; padding_left_right_link_1=&#8221;true&#8221; padding_left_right_link_2=&#8221;true&#8221; padding_left_right_link_3=&#8221;true&#8221; padding_top_1=&#8221;50px&#8221; padding_top_2=&#8221;50px&#8221; padding_top_3=&#8221;50px&#8221; padding_right_1=&#8221;40px&#8221; padding_right_2=&#8221;40px&#8221; padding_right_3=&#8221;40px&#8221; padding_bottom_1=&#8221;30px&#8221; padding_bottom_2=&#8221;30px&#8221; padding_bottom_3=&#8221;30px&#8221; padding_left_1=&#8221;40px&#8221; padding_left_2=&#8221;40px&#8221; padding_left_3=&#8221;40px&#8221; padding_1_last_edited=&#8221;on|desktop&#8221; _builder_version=&#8221;3.20.2&#8243;][et_pb_column type=&#8221;1_3&#8243; _builder_version=&#8221;3.9&#8243;][et_pb_image src=&#8221;https:\/\/blogi.eoppimispalvelut.fi\/matkailunpunainenlanka\/files\/2019\/09\/IMG_20190928_120244-1-e1569687120218.jpg&#8221; always_center_on_mobile=&#8221;off&#8221; _builder_version=&#8221;3.20.2&#8243; animation_style=&#8221;slide&#8221; animation_direction=&#8221;right&#8221; animation_intensity_slide=&#8221;2%&#8221;][\/et_pb_image][et_pb_text _builder_version=&#8221;3.11.1&#8243; text_font=&#8221;||||||||&#8221; text_line_height=&#8221;2em&#8221; link_font=&#8221;|600|||||||&#8221; link_text_color=&#8221;#ff6d4a&#8221; header_font=&#8221;||||||||&#8221; header_3_font=&#8221;Abril Fatface||||||||&#8221; header_3_font_size=&#8221;20px&#8221; header_3_font_size_tablet=&#8221;60px&#8221; header_3_font_size_phone=&#8221;35px&#8221; header_3_font_size_last_edited=&#8221;off|desktop&#8221; header_3_line_height=&#8221;1.2em&#8221;]<\/p>\n<h3>Iina<\/h3>\n<p>Museoita rakastava mett\u00e4l\u00e4inen, jota kiinnostaa yht\u00e4lailla ecuadorilaiset kutistetut p\u00e4\u00e4t kuin Turnerin pilvet. Hakeutuu ensimm\u00e4iseksi kahvilan ikkunapaikalle ja ruokakauppaan tutkimaan paikallista el\u00e4m\u00e4\u00e4.<\/p>\n<p><a href=\"\/\/blogi.eoppimispalvelut.fi\/matkailunpunainenlanka\/?page_id=135&amp;preview=true\">Lue lis\u00e4\u00e4<\/a><\/p>\n<p>[\/et_pb_text][\/et_pb_column][et_pb_column type=&#8221;1_3&#8243; _builder_version=&#8221;3.9&#8243;][et_pb_image always_center_on_mobile=&#8221;off&#8221; _builder_version=&#8221;3.20.2&#8243; custom_padding=&#8221;||55px&#8221; animation_style=&#8221;slide&#8221; animation_direction=&#8221;right&#8221; animation_intensity_slide=&#8221;2%&#8221;][\/et_pb_image][et_pb_text _builder_version=&#8221;3.20.2&#8243; text_font=&#8221;||||||||&#8221; text_line_height=&#8221;2em&#8221; link_font=&#8221;|600|||||||&#8221; link_text_color=&#8221;#ff6d4a&#8221; header_font=&#8221;||||||||&#8221; header_3_font=&#8221;Abril Fatface||||||||&#8221; header_3_font_size=&#8221;20px&#8221; header_3_font_size_tablet=&#8221;60px&#8221; header_3_font_size_phone=&#8221;35px&#8221; header_3_font_size_last_edited=&#8221;off|desktop&#8221; header_3_line_height=&#8221;1.2em&#8221; custom_padding=&#8221;0px||&#8221; locked=&#8221;off&#8221;]<\/p>\n<blockquote>\n<h3 style=\"text-align: center\"><span style=\"font-size: x-large\">\u201cMatkailu \u2013 se j\u00e4tt\u00e4\u00e4 ensin sanattomaksi, ja tekee sinusta sitten tarinankertojan.\u201d<\/span><\/h3>\n<h3 style=\"text-align: center\"> \u2013 Ibn Battuta<\/h3>\n<\/blockquote>\n<p>[\/et_pb_text][\/et_pb_column][et_pb_column type=&#8221;1_3&#8243; _builder_version=&#8221;3.9&#8243;][et_pb_image src=&#8221;https:\/\/blogi.eoppimispalvelut.fi\/matkailunpunainenlanka\/files\/2019\/09\/522.jpg&#8221; always_center_on_mobile=&#8221;off&#8221; _builder_version=&#8221;3.20.2&#8243; animation_style=&#8221;slide&#8221; animation_direction=&#8221;right&#8221; animation_intensity_slide=&#8221;2%&#8221;][\/et_pb_image][et_pb_text _builder_version=&#8221;3.11.1&#8243; text_font=&#8221;||||||||&#8221; text_line_height=&#8221;2em&#8221; link_font=&#8221;|600|||||||&#8221; link_text_color=&#8221;#ff6d4a&#8221; header_font=&#8221;||||||||&#8221; header_3_font=&#8221;Abril Fatface||||||||&#8221; header_3_font_size=&#8221;20px&#8221; header_3_font_size_tablet=&#8221;60px&#8221; header_3_font_size_phone=&#8221;35px&#8221; header_3_font_size_last_edited=&#8221;off|desktop&#8221; header_3_line_height=&#8221;1.2em&#8221; locked=&#8221;off&#8221;]<\/p>\n<h3>Maria<\/h3>\n<p>Yleens\u00e4 perheen kanssa matkustava el\u00e4mysten etsij\u00e4, joka tarkkailee omia matkailutottumuksia kest\u00e4v\u00e4 matkailu mieless\u00e4. Ei matkusta mihink\u00e4\u00e4n selvitt\u00e4m\u00e4tt\u00e4 ensin paikallista ruokakulttuuria.\u00a0<\/p>\n<p><a href=\"\/\/blogi.eoppimispalvelut.fi\/matkailunpunainenlanka\/?page_id=148&amp;preview=true\">Lue lis\u00e4\u00e4<\/a><\/p>\n<p>[\/et_pb_text][\/et_pb_column][\/et_pb_row][et_pb_row make_equal=&#8221;on&#8221; background_color_1=&#8221;#ffffff&#8221; background_color_2=&#8221;#ffffff&#8221; background_color_3=&#8221;#ffffff&#8221; padding_top_bottom_link_1=&#8221;false&#8221; padding_top_bottom_link_2=&#8221;false&#8221; padding_top_bottom_link_3=&#8221;false&#8221; padding_left_right_link_1=&#8221;true&#8221; padding_left_right_link_2=&#8221;true&#8221; padding_left_right_link_3=&#8221;true&#8221; padding_top_1=&#8221;50px&#8221; padding_top_2=&#8221;50px&#8221; padding_top_3=&#8221;50px&#8221; padding_right_1=&#8221;40px&#8221; padding_right_2=&#8221;40px&#8221; padding_right_3=&#8221;40px&#8221; padding_bottom_1=&#8221;30px&#8221; padding_bottom_2=&#8221;30px&#8221; padding_bottom_3=&#8221;30px&#8221; padding_left_1=&#8221;40px&#8221; padding_left_2=&#8221;40px&#8221; padding_left_3=&#8221;40px&#8221; padding_1_last_edited=&#8221;on|desktop&#8221; _builder_version=&#8221;3.11.1&#8243;][et_pb_column type=&#8221;1_3&#8243; _builder_version=&#8221;3.9&#8243;][et_pb_image src=&#8221;https:\/\/blogi.eoppimispalvelut.fi\/matkailunpunainenlanka\/files\/2019\/10\/DSC_0420.jpg&#8221; always_center_on_mobile=&#8221;off&#8221; _builder_version=&#8221;3.20.2&#8243; animation_style=&#8221;slide&#8221; animation_direction=&#8221;right&#8221; animation_intensity_slide=&#8221;2%&#8221;][\/et_pb_image][et_pb_text _builder_version=&#8221;3.11.1&#8243; text_font=&#8221;||||||||&#8221; text_line_height=&#8221;2em&#8221; link_font=&#8221;|600|||||||&#8221; link_text_color=&#8221;#ff6d4a&#8221; header_font=&#8221;||||||||&#8221; header_3_font=&#8221;Abril Fatface||||||||&#8221; header_3_font_size=&#8221;20px&#8221; header_3_font_size_tablet=&#8221;60px&#8221; header_3_font_size_phone=&#8221;35px&#8221; header_3_font_size_last_edited=&#8221;off|desktop&#8221; header_3_line_height=&#8221;1.2em&#8221;]<\/p>\n<h3>Katja<\/h3>\n<p>\u00a0El\u00e4myksi\u00e4 hakeva kotimaanmatkaaja. Innostuu pienist\u00e4kin asioista. Matkan pituudella ei ole v\u00e4li\u00e4 vaan l\u00f6yt\u00e4misen ilo saa haltioitumaan. Hyv\u00e4 seurakin voi tehd\u00e4 el\u00e4myksen.<\/p>\n<p><a href=\"\/\/blogi.eoppimispalvelut.fi\/matkailunpunainenlanka\/?page_id=160&amp;preview=true\">Lue lis\u00e4\u00e4<\/a><\/p>\n<p>[\/et_pb_text][\/et_pb_column][et_pb_column type=&#8221;1_3&#8243; _builder_version=&#8221;3.9&#8243;][et_pb_image src=&#8221;https:\/\/blogi.eoppimispalvelut.fi\/matkailunpunainenlanka\/files\/2019\/09\/IMG_20180814_193727.jpg&#8221; always_center_on_mobile=&#8221;off&#8221; _builder_version=&#8221;3.20.2&#8243; animation_style=&#8221;slide&#8221; animation_direction=&#8221;right&#8221; animation_intensity_slide=&#8221;2%&#8221;][\/et_pb_image][et_pb_text _builder_version=&#8221;3.11.1&#8243; text_font=&#8221;||||||||&#8221; text_line_height=&#8221;2em&#8221; link_font=&#8221;|600|||||||&#8221; link_text_color=&#8221;#ff6d4a&#8221; header_font=&#8221;||||||||&#8221; header_3_font=&#8221;Abril Fatface||||||||&#8221; header_3_font_size=&#8221;20px&#8221; header_3_font_size_tablet=&#8221;60px&#8221; header_3_font_size_phone=&#8221;35px&#8221; header_3_font_size_last_edited=&#8221;off|desktop&#8221; header_3_line_height=&#8221;1.2em&#8221; locked=&#8221;off&#8221;]<\/p>\n<h3>Elina<\/h3>\n<p>Erilaisista kulttuureista kiinnostunut matkailija, joka rakastaa hyv\u00e4\u00e4 ruokaa. Nauttii valmismatkoista ja niiden helppoudesta. On my\u00f6s valmis reppureissulle uusia seikkailuja kokemaan. Reissaaminen on ihanaa, mutta kotiinpaluu v\u00e4hint\u00e4\u00e4n yht\u00e4 ihanaa.\u00a0<\/p>\n<p><a href=\"\/\/blogi.eoppimispalvelut.fi\/matkailunpunainenlanka\/?page_id=156&amp;preview=true\">Lue lis\u00e4\u00e4<\/a><\/p>\n<p>[\/et_pb_text][\/et_pb_column][et_pb_column type=&#8221;1_3&#8243; _builder_version=&#8221;3.9&#8243;][et_pb_image src=&#8221;https:\/\/blogi.eoppimispalvelut.fi\/matkailunpunainenlanka\/files\/2019\/09\/omakuva-Taru-e1569746165174.png&#8221; always_center_on_mobile=&#8221;off&#8221; _builder_version=&#8221;3.20.2&#8243; animation_style=&#8221;slide&#8221; animation_direction=&#8221;right&#8221; animation_intensity_slide=&#8221;2%&#8221;][\/et_pb_image][et_pb_text _builder_version=&#8221;3.11.1&#8243; text_font=&#8221;||||||||&#8221; text_line_height=&#8221;2em&#8221; link_font=&#8221;|600|||||||&#8221; link_text_color=&#8221;#ff6d4a&#8221; header_font=&#8221;||||||||&#8221; header_3_font=&#8221;Abril Fatface||||||||&#8221; header_3_font_size=&#8221;20px&#8221; header_3_font_size_tablet=&#8221;60px&#8221; header_3_font_size_phone=&#8221;35px&#8221; header_3_font_size_last_edited=&#8221;off|desktop&#8221; header_3_line_height=&#8221;1.2em&#8221; locked=&#8221;off&#8221;]<\/p>\n<h3>Taru<\/h3>\n<p>Matkailua rakastava etel\u00e4n immeinen. Matkakohteina useimmiten pohjoisen pakkaset tai etel\u00e4n tropiikki \u2013 tosin kaikki muutkin kohteet k\u00e4yv\u00e4t, kunhan vain p\u00e4\u00e4see tutustumaan uusiin maihin ja kulttuureihin. My\u00f6s luonto ja kielet ovat l\u00e4hell\u00e4 syd\u00e4nt\u00e4.\u00a0<\/p>\n<p><a href=\"\/\/blogi.eoppimispalvelut.fi\/matkailunpunainenlanka\/?page_id=184&amp;preview=true\">Lue lis\u00e4\u00e4<\/a><\/p>\n<p>[\/et_pb_text][\/et_pb_column][\/et_pb_row][et_pb_row _builder_version=&#8221;3.20.2&#8243;][et_pb_column type=&#8221;1_2&#8243; _builder_version=&#8221;3.20.2&#8243;][et_pb_blog include_categories=&#8221;all&#8221; _builder_version=&#8221;3.20.2&#8243;][\/et_pb_blog][\/et_pb_column][et_pb_column type=&#8221;1_2&#8243; _builder_version=&#8221;3.20.2&#8243;][\/et_pb_column][\/et_pb_row][\/et_pb_section]<\/p>\n","protected":false},"excerpt":{"rendered":"<p>&#8220;Maailma on kirja ja ne, jotka eiv\u00e4t matkusta, lukevat vain yhden sivun&#8221;\u00a0 -St. AugustineKuva: Emilia KorsulainenBlogimme Punaista lankaa etsim\u00e4ss\u00e4 \u2013 matkailu Rovaniemell\u00e4 on matkailuaiheinen blogi, jota kirjoittavat Lapin ammattikorkeakoulun ensimm\u00e4isen vuoden restonomiopiskelijat. Blogi on osa syksyn 2019 opintojamme. Tekstit ideoimme ja kirjoitamme ryhm\u00e4ss\u00e4, johon kuuluu kahdeksan opiskelijaa. Alla p\u00e4\u00e4set tutustumaan meihin tarkemmin. Matkailun tila Lapissa [&hellip;]<\/p>\n","protected":false},"author":3826,"featured_media":0,"parent":0,"menu_order":1,"comment_status":"closed","ping_status":"closed","template":"","meta":{"_et_pb_use_builder":"on","_et_pb_old_content":"","_et_gb_content_width":"","footnotes":""},"class_list":["post-333","page","type-page","status-publish","hentry"],"_links":{"self":[{"href":"https:\/\/blogi.eoppimispalvelut.fi\/matkailunpunainenlanka\/wp-json\/wp\/v2\/pages\/333","targetHints":{"allow":["GET"]}}],"collection":[{"href":"https:\/\/blogi.eoppimispalvelut.fi\/matkailunpunainenlanka\/wp-json\/wp\/v2\/pages"}],"about":[{"href":"https:\/\/blogi.eoppimispalvelut.fi\/matkailunpunainenlanka\/wp-json\/wp\/v2\/types\/page"}],"author":[{"embeddable":true,"href":"https:\/\/blogi.eoppimispalvelut.fi\/matkailunpunainenlanka\/wp-json\/wp\/v2\/users\/3826"}],"replies":[{"embeddable":true,"href":"https:\/\/blogi.eoppimispalvelut.fi\/matkailunpunainenlanka\/wp-json\/wp\/v2\/comments?post=333"}],"version-history":[{"count":36,"href":"https:\/\/blogi.eoppimispalvelut.fi\/matkailunpunainenlanka\/wp-json\/wp\/v2\/pages\/333\/revisions"}],"predecessor-version":[{"id":737,"href":"https:\/\/blogi.eoppimispalvelut.fi\/matkailunpunainenlanka\/wp-json\/wp\/v2\/pages\/333\/revisions\/737"}],"wp:attachment":[{"href":"https:\/\/blogi.eoppimispalvelut.fi\/matkailunpunainenlanka\/wp-json\/wp\/v2\/media?parent=333"}],"curies":[{"name":"wp","href":"https:\/\/api.w.org\/{rel}","templated":true}]}}