{"id":35,"date":"2020-11-16T12:23:03","date_gmt":"2020-11-16T10:23:03","guid":{"rendered":"https:\/\/blogi.eoppimispalvelut.fi\/matkailuntki\/?page_id=35"},"modified":"2024-11-01T06:37:31","modified_gmt":"2024-11-01T04:37:31","slug":"kehittamishankkeita","status":"publish","type":"page","link":"https:\/\/blogi.eoppimispalvelut.fi\/matkailuntki\/kehittamishankkeita\/","title":{"rendered":"Kehitt\u00e4mishankkeita"},"content":{"rendered":"<p>[et_pb_section fb_built=&#8221;1&#8243; fullwidth=&#8221;on&#8221; _builder_version=&#8221;4.16&#8243; _module_preset=&#8221;default&#8221; global_colors_info=&#8221;{}&#8221;][et_pb_fullwidth_menu menu_id=&#8221;none&#8221; dropdown_menu_line_color=&#8221;#d1d2d4&#8243; _builder_version=&#8221;4.16&#8243; _module_preset=&#8221;default&#8221; menu_font=&#8221;Overpass|800|||||||&#8221; menu_font_size=&#8221;15px&#8221; custom_margin=&#8221;|||0px|false|false&#8221; border_width_all=&#8221;1px&#8221; border_color_all=&#8221;#d1d2d4&#8243; global_colors_info=&#8221;{}&#8221;][\/et_pb_fullwidth_menu][\/et_pb_section][et_pb_section fb_built=&#8221;1&#8243; fullwidth=&#8221;on&#8221; _builder_version=&#8221;4.16&#8243; _module_preset=&#8221;default&#8221; global_colors_info=&#8221;{}&#8221;][et_pb_fullwidth_slider _builder_version=&#8221;4.17.4&#8243; _module_preset=&#8221;default&#8221; header_font_size=&#8221;60px&#8221; global_colors_info=&#8221;{}&#8221;][et_pb_slide heading=&#8221;MATKAILUN KEHITT\u00c4MISHANKKEITA&#8221; _builder_version=&#8221;4.17.4&#8243; _module_preset=&#8221;default&#8221; header_level=&#8221;h1&#8243; header_font=&#8221;|700|||||||&#8221; background_image=&#8221;https:\/\/blogi.eoppimispalvelut.fi\/matkailuntki\/files\/2022\/04\/MTI_koulutuskuvia_2019_Juho_Uutela-62-scaled.jpg&#8221; background_enable_image=&#8221;on&#8221; header_text_shadow_style=&#8221;preset1&#8243; global_colors_info=&#8221;{}&#8221; sticky_transition=&#8221;on&#8221;][\/et_pb_slide][\/et_pb_fullwidth_slider][\/et_pb_section][et_pb_section fb_built=&#8221;1&#8243; _builder_version=&#8221;4.16&#8243; _module_preset=&#8221;default&#8221; background_color=&#8221;#f4f4f4&#8243; box_shadow_style=&#8221;preset1&#8243; box_shadow_blur=&#8221;19px&#8221; box_shadow_spread=&#8221;-6px&#8221; global_colors_info=&#8221;{}&#8221;][et_pb_row _builder_version=&#8221;4.16&#8243; _module_preset=&#8221;default&#8221; global_colors_info=&#8221;{}&#8221;][et_pb_column type=&#8221;4_4&#8243; _builder_version=&#8221;4.16&#8243; _module_preset=&#8221;default&#8221; global_colors_info=&#8221;{}&#8221;][et_pb_text _builder_version=&#8221;4.27.2&#8243; _module_preset=&#8221;default&#8221; hover_enabled=&#8221;0&#8243; global_colors_info=&#8221;{}&#8221; text_font=&#8221;Overpass||||||||&#8221; sticky_enabled=&#8221;0&#8243;]<\/p>\n<h1 style=\"text-align: center\"><strong>MATKAILUN TKI-TOIMINNAN PAINOPISTEET<\/strong><\/h1>\n<p><strong><\/strong><\/p>\n<h4><\/h4>\n<p><strong><\/strong><\/p>\n<p>[\/et_pb_text][\/et_pb_column][\/et_pb_row][et_pb_row column_structure=&#8221;1_3,2_3&#8243; _builder_version=&#8221;4.17.4&#8243; _module_preset=&#8221;default&#8221; global_colors_info=&#8221;{}&#8221;][et_pb_column type=&#8221;1_3&#8243; _builder_version=&#8221;4.17.4&#8243; _module_preset=&#8221;default&#8221; global_colors_info=&#8221;{}&#8221;][et_pb_text _builder_version=&#8221;4.27.2&#8243; _module_preset=&#8221;default&#8221; text_font=&#8221;Overpass|100|||||||&#8221; header_2_line_height=&#8221;1.5em&#8221; header_3_text_align=&#8221;justify&#8221; header_3_line_height=&#8221;1.5em&#8221; header_4_text_align=&#8221;justify&#8221; header_4_line_height=&#8221;1.5em&#8221; hover_enabled=&#8221;0&#8243; global_colors_info=&#8221;{}&#8221; sticky_enabled=&#8221;0&#8243;]<\/p>\n<h4><span style=\"font-size: 18px;color: #333333\">Hanketoimintamme tukee vahvasti LUC-konsernin kest\u00e4v\u00e4n matkailun strategista valintaa.<\/span><span><\/span><\/h4>\n<h4><span>Lapin ammattikorkeakoulun kest\u00e4v\u00e4n matkailun ja osaamisen kehitt\u00e4misen painopisteeksi on valittu <strong><em>l<\/em><\/strong><\/span><strong><em>uovat, el\u00e4mykselliset ja \u00e4lykk\u00e4\u00e4t ratkaisut matkailussa.<\/em><\/strong><\/h4>\n<p><strong><em><\/em><\/strong><\/p>\n<h4>Erityisosaamistamme on<strong><em> Uusi Luksus matkailun muuttuvissa toiminta-ymp\u00e4rist\u00f6iss\u00e4.<\/em><\/strong><strong><em><\/em><\/strong><strong><em><\/em><\/strong><\/h4>\n<h4 style=\"text-align: left\"><\/h4>\n<h6 style=\"text-align: left\">Lue lis\u00e4\u00e4 kest\u00e4v\u00e4n matkailun strategisesta valinnasta<a href=\"https:\/\/www.lapinamk.fi\/fi\/Esittely\/Strategia\/Kestava-matkailu\" target=\"_blank\" rel=\"noopener\"> Lapin ammattikorkeakoulun sivuilta.<\/a><\/h6>\n<p>[\/et_pb_text][\/et_pb_column][et_pb_column type=&#8221;2_3&#8243; _builder_version=&#8221;4.17.4&#8243; _module_preset=&#8221;default&#8221; global_colors_info=&#8221;{}&#8221;][et_pb_image src=&#8221;https:\/\/blogi.eoppimispalvelut.fi\/matkailuntki\/files\/2024\/11\/Kestava-matkailu-LapinAMK-strateginen-valinta-2024.png&#8221; title_text=&#8221;Kest\u00e4v\u00e4 matkailu LapinAMK strateginen valinta 2024&#8243; show_in_lightbox=&#8221;on&#8221; _builder_version=&#8221;4.27.2&#8243; _module_preset=&#8221;default&#8221; background_image=&#8221;https:\/\/blogi.eoppimispalvelut.fi\/matkailuntki\/files\/2022\/07\/Lapin-amk-strategiset-valinnat-2022-kestava-matkailu-slide-size.png&#8221; global_colors_info=&#8221;{}&#8221;][\/et_pb_image][\/et_pb_column][\/et_pb_row][\/et_pb_section][et_pb_section fb_built=&#8221;1&#8243; admin_label=&#8221;section&#8221; _builder_version=&#8221;4.16&#8243; global_colors_info=&#8221;{}&#8221;][et_pb_row admin_label=&#8221;row&#8221; _builder_version=&#8221;4.16&#8243; background_size=&#8221;initial&#8221; background_position=&#8221;top_left&#8221; background_repeat=&#8221;repeat&#8221; global_colors_info=&#8221;{}&#8221;][et_pb_column type=&#8221;4_4&#8243; _builder_version=&#8221;4.16&#8243; custom_padding=&#8221;|||&#8221; global_colors_info=&#8221;{}&#8221; custom_padding__hover=&#8221;|||&#8221;][et_pb_text _builder_version=&#8221;4.27.2&#8243; _module_preset=&#8221;default&#8221; text_font=&#8221;Overpass||||||||&#8221; global_colors_info=&#8221;{}&#8221;]<\/p>\n<h1 style=\"text-align: center\"><strong>Tutustu hankkeisiimme<\/strong><\/h1>\n<p>[\/et_pb_text][et_pb_text admin_label=&#8221;Text&#8221; _builder_version=&#8221;4.27.2&#8243; text_font=&#8221;Overpass||||||||&#8221; header_2_font=&#8221;Overpass||||||||&#8221; header_2_text_color=&#8221;#57585a&#8221; header_2_font_size=&#8221;41px&#8221; header_4_line_height=&#8221;1.5em&#8221; background_size=&#8221;initial&#8221; background_position=&#8221;top_left&#8221; background_repeat=&#8221;repeat&#8221; global_colors_info=&#8221;{}&#8221;]<\/p>\n<p>&nbsp;<\/p>\n<h4>Kehitt\u00e4mishankkeita-sivultamme l\u00f6yd\u00e4t sek\u00e4 parhaillaan k\u00e4ynniss\u00e4 olevat ett\u00e4 jo p\u00e4\u00e4ttyneet kansalliset ja kansainv\u00e4liset hankkeemme. Ilmoitamme hankkeista perustiedot, kuten rahoitusinstrumentin sek\u00e4 hankkeen tavoitteet, mutta jos tahdot lis\u00e4tietoja hankkeesta, ota rohkeasti yhteytt\u00e4 sen projektip\u00e4\u00e4llikk\u00f6\u00f6n!<\/h4>\n<h3><\/h3>\n<p>[\/et_pb_text][\/et_pb_column][\/et_pb_row][et_pb_row column_structure=&#8221;1_2,1_2&#8243; _builder_version=&#8221;4.17.4&#8243; _module_preset=&#8221;default&#8221; global_colors_info=&#8221;{}&#8221;][et_pb_column type=&#8221;1_2&#8243; _builder_version=&#8221;4.17.4&#8243; _module_preset=&#8221;default&#8221; global_colors_info=&#8221;{}&#8221;][et_pb_text _builder_version=&#8221;4.27.2&#8243; _module_preset=&#8221;default&#8221; text_font=&#8221;Overpass||||||||&#8221; text_text_color=&#8221;#000000&#8243; header_text_color=&#8221;#000000&#8243; global_colors_info=&#8221;{}&#8221;]<\/p>\n<h3 style=\"text-align: center\"><strong>Kansalliset hankkeet<\/strong><\/h3>\n<p>[\/et_pb_text][et_pb_button button_url=&#8221;https:\/\/blogi.eoppimispalvelut.fi\/matkailuntki\/kansalliset-hankkeet\/&#8221; button_text=&#8221;K\u00e4ynniss\u00e4 olevat&#8221; button_alignment=&#8221;center&#8221; _builder_version=&#8221;4.27.2&#8243; _module_preset=&#8221;default&#8221; custom_button=&#8221;on&#8221; button_text_color=&#8221;#000000&#8243; button_border_color=&#8221;#1ebeb4&#8243; box_shadow_style=&#8221;preset1&#8243; box_shadow_blur=&#8221;16px&#8221; box_shadow_spread=&#8221;-3px&#8221; global_colors_info=&#8221;{}&#8221;][\/et_pb_button][et_pb_button button_url=&#8221;https:\/\/blogi.eoppimispalvelut.fi\/matkailuntki\/paattyneet-kansalliset-hankkeet\/&#8221; button_text=&#8221;P\u00e4\u00e4ttyneet&#8221; button_alignment=&#8221;center&#8221; _builder_version=&#8221;4.27.2&#8243; _module_preset=&#8221;default&#8221; custom_button=&#8221;on&#8221; button_text_color=&#8221;#000000&#8243; button_border_color=&#8221;#9e9e9e&#8221; box_shadow_style=&#8221;preset1&#8243; box_shadow_blur=&#8221;16px&#8221; box_shadow_spread=&#8221;-3px&#8221; locked=&#8221;off&#8221; global_colors_info=&#8221;{}&#8221;][\/et_pb_button][\/et_pb_column][et_pb_column type=&#8221;1_2&#8243; _builder_version=&#8221;4.16&#8243; _module_preset=&#8221;default&#8221; global_colors_info=&#8221;{}&#8221;][et_pb_text _builder_version=&#8221;4.27.2&#8243; _module_preset=&#8221;default&#8221; text_font=&#8221;Overpass||||||||&#8221; locked=&#8221;off&#8221; global_colors_info=&#8221;{}&#8221;]<\/p>\n<h3 style=\"text-align: center\"><strong>Kansainv\u00e4liset hankkeet<\/strong><\/h3>\n<p>[\/et_pb_text][et_pb_button button_url=&#8221;https:\/\/blogi.eoppimispalvelut.fi\/matkailuntki\/kansainvaliset-hankkeet\/&#8221; button_text=&#8221;K\u00e4ynniss\u00e4 olevat&#8221; button_alignment=&#8221;center&#8221; _builder_version=&#8221;4.27.2&#8243; _module_preset=&#8221;default&#8221; custom_button=&#8221;on&#8221; button_text_color=&#8221;#000000&#8243; button_border_color=&#8221;#1ebeb4&#8243; box_shadow_style=&#8221;preset1&#8243; box_shadow_blur=&#8221;16px&#8221; box_shadow_spread=&#8221;-3px&#8221; locked=&#8221;off&#8221; global_colors_info=&#8221;{}&#8221;][\/et_pb_button][et_pb_button button_url=&#8221;https:\/\/blogi.eoppimispalvelut.fi\/matkailuntki\/paattyneet-kansainvaliset-hankkeet\/&#8221; button_text=&#8221;P\u00e4\u00e4ttyneet&#8221; button_alignment=&#8221;center&#8221; _builder_version=&#8221;4.27.2&#8243; _module_preset=&#8221;default&#8221; custom_button=&#8221;on&#8221; button_text_color=&#8221;#000000&#8243; button_border_color=&#8221;#9e9e9e&#8221; box_shadow_style=&#8221;preset1&#8243; box_shadow_blur=&#8221;16px&#8221; box_shadow_spread=&#8221;-3px&#8221; locked=&#8221;off&#8221; global_colors_info=&#8221;{}&#8221;][\/et_pb_button][\/et_pb_column][\/et_pb_row][\/et_pb_section]<\/p>\n","protected":false},"excerpt":{"rendered":"<p>MATKAILUN TKI-TOIMINNAN PAINOPISTEET Hanketoimintamme tukee vahvasti LUC-konsernin kest\u00e4v\u00e4n matkailun strategista valintaa. Lapin ammattikorkeakoulun kest\u00e4v\u00e4n matkailun ja osaamisen kehitt\u00e4misen painopisteeksi on valittu luovat, el\u00e4mykselliset ja \u00e4lykk\u00e4\u00e4t ratkaisut matkailussa. Erityisosaamistamme on Uusi Luksus matkailun muuttuvissa toiminta-ymp\u00e4rist\u00f6iss\u00e4. Lue lis\u00e4\u00e4 kest\u00e4v\u00e4n matkailun strategisesta valinnasta Lapin ammattikorkeakoulun sivuilta.Tutustu hankkeisiimme&nbsp; Kehitt\u00e4mishankkeita-sivultamme l\u00f6yd\u00e4t sek\u00e4 parhaillaan k\u00e4ynniss\u00e4 olevat ett\u00e4 jo p\u00e4\u00e4ttyneet kansalliset ja [&hellip;]<\/p>\n","protected":false},"author":1613,"featured_media":0,"parent":0,"menu_order":0,"comment_status":"closed","ping_status":"closed","template":"","meta":{"_et_pb_use_builder":"on","_et_pb_old_content":"Meneill\u00e4\u00e4n, menneet? Milt\u00e4 ajalta, jaetaanko jotenkin?\r\n\r\nLyhyt kuvaus ja lis\u00e4tiedot -yhteyshenkil\u00f6<img class=\"alignnone size-medium wp-image-319\" src=\"https:\/\/blogi.eoppimispalvelut.fi\/matkailuntki\/files\/2021\/04\/Kissankellot-copy-600x230.png\" alt=\"\" width=\"600\" height=\"230\" \/>","_et_gb_content_width":"","footnotes":""},"class_list":["post-35","page","type-page","status-publish","hentry"],"yoast_head":"<!-- This site is optimized with the Yoast SEO plugin v27.1.1 - https:\/\/yoast.com\/product\/yoast-seo-wordpress\/ -->\n<title>Kehitt\u00e4mishankkeita -<\/title>\n<meta name=\"robots\" content=\"index, follow, max-snippet:-1, max-image-preview:large, max-video-preview:-1\" \/>\n<link rel=\"canonical\" href=\"https:\/\/blogi.eoppimispalvelut.fi\/matkailuntki\/kehittamishankkeita\/\" \/>\n<meta property=\"og:locale\" content=\"fi_FI\" \/>\n<meta property=\"og:type\" content=\"article\" \/>\n<meta property=\"og:title\" content=\"Kehitt\u00e4mishankkeita -\" \/>\n<meta property=\"og:description\" content=\"MATKAILUN TKI-TOIMINNAN PAINOPISTEET Hanketoimintamme tukee vahvasti LUC-konsernin kest\u00e4v\u00e4n matkailun strategista valintaa. Lapin ammattikorkeakoulun kest\u00e4v\u00e4n matkailun ja osaamisen kehitt\u00e4misen painopisteeksi on valittu luovat, el\u00e4mykselliset ja \u00e4lykk\u00e4\u00e4t ratkaisut matkailussa. Erityisosaamistamme on Uusi Luksus matkailun muuttuvissa toiminta-ymp\u00e4rist\u00f6iss\u00e4. Lue lis\u00e4\u00e4 kest\u00e4v\u00e4n matkailun strategisesta valinnasta Lapin ammattikorkeakoulun sivuilta.Tutustu hankkeisiimme&nbsp; Kehitt\u00e4mishankkeita-sivultamme l\u00f6yd\u00e4t sek\u00e4 parhaillaan k\u00e4ynniss\u00e4 olevat ett\u00e4 jo p\u00e4\u00e4ttyneet kansalliset ja [&hellip;]\" \/>\n<meta property=\"og:url\" content=\"https:\/\/blogi.eoppimispalvelut.fi\/matkailuntki\/kehittamishankkeita\/\" \/>\n<meta property=\"article:modified_time\" content=\"2024-11-01T04:37:31+00:00\" \/>\n<meta name=\"twitter:card\" content=\"summary_large_image\" \/>\n<meta name=\"twitter:label1\" content=\"Est. reading time\" \/>\n\t<meta name=\"twitter:data1\" content=\"4 minutes\" \/>\n<script type=\"application\/ld+json\" class=\"yoast-schema-graph\">{\"@context\":\"https:\/\/schema.org\",\"@graph\":[{\"@type\":\"WebPage\",\"@id\":\"https:\/\/blogi.eoppimispalvelut.fi\/matkailuntki\/kehittamishankkeita\/\",\"url\":\"https:\/\/blogi.eoppimispalvelut.fi\/matkailuntki\/kehittamishankkeita\/\",\"name\":\"Kehitt\u00e4mishankkeita -\",\"isPartOf\":{\"@id\":\"https:\/\/blogi.eoppimispalvelut.fi\/matkailuntki\/#website\"},\"datePublished\":\"2020-11-16T10:23:03+00:00\",\"dateModified\":\"2024-11-01T04:37:31+00:00\",\"breadcrumb\":{\"@id\":\"https:\/\/blogi.eoppimispalvelut.fi\/matkailuntki\/kehittamishankkeita\/#breadcrumb\"},\"inLanguage\":\"fi\",\"potentialAction\":[{\"@type\":\"ReadAction\",\"target\":[\"https:\/\/blogi.eoppimispalvelut.fi\/matkailuntki\/kehittamishankkeita\/\"]}]},{\"@type\":\"BreadcrumbList\",\"@id\":\"https:\/\/blogi.eoppimispalvelut.fi\/matkailuntki\/kehittamishankkeita\/#breadcrumb\",\"itemListElement\":[{\"@type\":\"ListItem\",\"position\":1,\"name\":\"Home\",\"item\":\"https:\/\/blogi.eoppimispalvelut.fi\/matkailuntki\/\"},{\"@type\":\"ListItem\",\"position\":2,\"name\":\"Kehitt\u00e4mishankkeita\"}]},{\"@type\":\"WebSite\",\"@id\":\"https:\/\/blogi.eoppimispalvelut.fi\/matkailuntki\/#website\",\"url\":\"https:\/\/blogi.eoppimispalvelut.fi\/matkailuntki\/\",\"name\":\"\",\"description\":\"\",\"potentialAction\":[{\"@type\":\"SearchAction\",\"target\":{\"@type\":\"EntryPoint\",\"urlTemplate\":\"https:\/\/blogi.eoppimispalvelut.fi\/matkailuntki\/?s={search_term_string}\"},\"query-input\":{\"@type\":\"PropertyValueSpecification\",\"valueRequired\":true,\"valueName\":\"search_term_string\"}}],\"inLanguage\":\"fi\"}]}<\/script>\n<!-- \/ Yoast SEO plugin. -->","yoast_head_json":{"title":"Kehitt\u00e4mishankkeita -","robots":{"index":"index","follow":"follow","max-snippet":"max-snippet:-1","max-image-preview":"max-image-preview:large","max-video-preview":"max-video-preview:-1"},"canonical":"https:\/\/blogi.eoppimispalvelut.fi\/matkailuntki\/kehittamishankkeita\/","og_locale":"fi_FI","og_type":"article","og_title":"Kehitt\u00e4mishankkeita -","og_description":"MATKAILUN TKI-TOIMINNAN PAINOPISTEET Hanketoimintamme tukee vahvasti LUC-konsernin kest\u00e4v\u00e4n matkailun strategista valintaa. Lapin ammattikorkeakoulun kest\u00e4v\u00e4n matkailun ja osaamisen kehitt\u00e4misen painopisteeksi on valittu luovat, el\u00e4mykselliset ja \u00e4lykk\u00e4\u00e4t ratkaisut matkailussa. Erityisosaamistamme on Uusi Luksus matkailun muuttuvissa toiminta-ymp\u00e4rist\u00f6iss\u00e4. Lue lis\u00e4\u00e4 kest\u00e4v\u00e4n matkailun strategisesta valinnasta Lapin ammattikorkeakoulun sivuilta.Tutustu hankkeisiimme&nbsp; Kehitt\u00e4mishankkeita-sivultamme l\u00f6yd\u00e4t sek\u00e4 parhaillaan k\u00e4ynniss\u00e4 olevat ett\u00e4 jo p\u00e4\u00e4ttyneet kansalliset ja [&hellip;]","og_url":"https:\/\/blogi.eoppimispalvelut.fi\/matkailuntki\/kehittamishankkeita\/","article_modified_time":"2024-11-01T04:37:31+00:00","twitter_card":"summary_large_image","twitter_misc":{"Est. reading time":"4 minutes"},"schema":{"@context":"https:\/\/schema.org","@graph":[{"@type":"WebPage","@id":"https:\/\/blogi.eoppimispalvelut.fi\/matkailuntki\/kehittamishankkeita\/","url":"https:\/\/blogi.eoppimispalvelut.fi\/matkailuntki\/kehittamishankkeita\/","name":"Kehitt\u00e4mishankkeita -","isPartOf":{"@id":"https:\/\/blogi.eoppimispalvelut.fi\/matkailuntki\/#website"},"datePublished":"2020-11-16T10:23:03+00:00","dateModified":"2024-11-01T04:37:31+00:00","breadcrumb":{"@id":"https:\/\/blogi.eoppimispalvelut.fi\/matkailuntki\/kehittamishankkeita\/#breadcrumb"},"inLanguage":"fi","potentialAction":[{"@type":"ReadAction","target":["https:\/\/blogi.eoppimispalvelut.fi\/matkailuntki\/kehittamishankkeita\/"]}]},{"@type":"BreadcrumbList","@id":"https:\/\/blogi.eoppimispalvelut.fi\/matkailuntki\/kehittamishankkeita\/#breadcrumb","itemListElement":[{"@type":"ListItem","position":1,"name":"Home","item":"https:\/\/blogi.eoppimispalvelut.fi\/matkailuntki\/"},{"@type":"ListItem","position":2,"name":"Kehitt\u00e4mishankkeita"}]},{"@type":"WebSite","@id":"https:\/\/blogi.eoppimispalvelut.fi\/matkailuntki\/#website","url":"https:\/\/blogi.eoppimispalvelut.fi\/matkailuntki\/","name":"","description":"","potentialAction":[{"@type":"SearchAction","target":{"@type":"EntryPoint","urlTemplate":"https:\/\/blogi.eoppimispalvelut.fi\/matkailuntki\/?s={search_term_string}"},"query-input":{"@type":"PropertyValueSpecification","valueRequired":true,"valueName":"search_term_string"}}],"inLanguage":"fi"}]}},"jetpack_sharing_enabled":true,"_links":{"self":[{"href":"https:\/\/blogi.eoppimispalvelut.fi\/matkailuntki\/wp-json\/wp\/v2\/pages\/35","targetHints":{"allow":["GET"]}}],"collection":[{"href":"https:\/\/blogi.eoppimispalvelut.fi\/matkailuntki\/wp-json\/wp\/v2\/pages"}],"about":[{"href":"https:\/\/blogi.eoppimispalvelut.fi\/matkailuntki\/wp-json\/wp\/v2\/types\/page"}],"author":[{"embeddable":true,"href":"https:\/\/blogi.eoppimispalvelut.fi\/matkailuntki\/wp-json\/wp\/v2\/users\/1613"}],"replies":[{"embeddable":true,"href":"https:\/\/blogi.eoppimispalvelut.fi\/matkailuntki\/wp-json\/wp\/v2\/comments?post=35"}],"version-history":[{"count":43,"href":"https:\/\/blogi.eoppimispalvelut.fi\/matkailuntki\/wp-json\/wp\/v2\/pages\/35\/revisions"}],"predecessor-version":[{"id":1519,"href":"https:\/\/blogi.eoppimispalvelut.fi\/matkailuntki\/wp-json\/wp\/v2\/pages\/35\/revisions\/1519"}],"wp:attachment":[{"href":"https:\/\/blogi.eoppimispalvelut.fi\/matkailuntki\/wp-json\/wp\/v2\/media?parent=35"}],"curies":[{"name":"wp","href":"https:\/\/api.w.org\/{rel}","templated":true}]}}